{"id":236,"date":"2023-11-28T19:20:17","date_gmt":"2023-11-28T16:20:17","guid":{"rendered":"https:\/\/tammetorubbq.ee\/?post_type=product&#038;p=236"},"modified":"2026-04-26T15:00:12","modified_gmt":"2026-04-26T12:00:12","slug":"saldziuju-kaulu-uzpakaliuku-itrinti-prieskoniu-misinys","status":"publish","type":"product","link":"https:\/\/tammetorubbq.ee\/lt\/produktas\/saldziuju-kaulu-uzpakaliuku-itrinti-prieskoniu-misinys\/","title":{"rendered":"A&amp;O Sweet Bones &amp; Butts Rub 200g"},"content":{"rendered":"<p>Sudedamosios dalys:<br \/>\nDruska, cukrus, paprika, juodieji pipirai, salier\u0173 druska, aitriosios paprikos, muskato rie\u0161utas, svog\u016bn\u0173 granul\u0117s, \u010desnakai, ciber\u017eol\u0117, burok\u0117li\u0173 milteliai, cinamonas, silicio dioksidas (&lt;2%), E621, E631.<\/p>","protected":false},"excerpt":{"rendered":"<p>Puikiai tinka kiaulienai, kiaulienos \u0161onkauliukams, vi\u0161tienos sparneliams ir vi\u0161tienos \u0161launel\u0117ms.<\/p>\n<p>Be glitimo<\/p>","protected":false},"featured_media":257,"comment_status":"open","ping_status":"closed","template":"","meta":{"_uf_show_specific_survey":0,"_uf_disable_surveys":false},"pwb-brand":[],"product_brand":[],"product_cat":[20,21],"product_tag":[],"class_list":{"0":"post-236","1":"product","2":"type-product","3":"status-publish","4":"has-post-thumbnail","6":"product_cat-kampaania","7":"product_cat-maitseainesegud","9":"first","10":"outofstock","11":"sale","12":"taxable","13":"shipping-taxable","14":"purchasable","15":"product-type-simple"},"brands":[],"_links":{"self":[{"href":"https:\/\/tammetorubbq.ee\/lt\/wp-json\/wp\/v2\/product\/236","targetHints":{"allow":["GET"]}}],"collection":[{"href":"https:\/\/tammetorubbq.ee\/lt\/wp-json\/wp\/v2\/product"}],"about":[{"href":"https:\/\/tammetorubbq.ee\/lt\/wp-json\/wp\/v2\/types\/product"}],"replies":[{"embeddable":true,"href":"https:\/\/tammetorubbq.ee\/lt\/wp-json\/wp\/v2\/comments?post=236"}],"wp:featuredmedia":[{"embeddable":true,"href":"https:\/\/tammetorubbq.ee\/lt\/wp-json\/wp\/v2\/media\/257"}],"wp:attachment":[{"href":"https:\/\/tammetorubbq.ee\/lt\/wp-json\/wp\/v2\/media?parent=236"}],"wp:term":[{"taxonomy":"pwb-brand","embeddable":true,"href":"https:\/\/tammetorubbq.ee\/lt\/wp-json\/wp\/v2\/pwb-brand?post=236"},{"taxonomy":"product_brand","embeddable":true,"href":"https:\/\/tammetorubbq.ee\/lt\/wp-json\/wp\/v2\/product_brand?post=236"},{"taxonomy":"product_cat","embeddable":true,"href":"https:\/\/tammetorubbq.ee\/lt\/wp-json\/wp\/v2\/product_cat?post=236"},{"taxonomy":"product_tag","embeddable":true,"href":"https:\/\/tammetorubbq.ee\/lt\/wp-json\/wp\/v2\/product_tag?post=236"}],"curies":[{"name":"wp","href":"https:\/\/api.w.org\/{rel}","templated":true}]}}