{"id":237,"date":"2023-11-28T19:20:17","date_gmt":"2023-11-28T16:20:17","guid":{"rendered":"https:\/\/tammetorubbq.ee\/?post_type=product&#038;p=237"},"modified":"2026-04-16T20:00:07","modified_gmt":"2026-04-16T17:00:07","slug":"piri-piri-prieskoniu-misinys","status":"publish","type":"product","link":"https:\/\/tammetorubbq.ee\/lt\/produktas\/piri-piri-prieskoniu-misinys\/","title":{"rendered":"A&amp;O Piri Piri Rub 220g"},"content":{"rendered":"<p>Sud\u0117tis: druska, cukrus, juodieji pipirai, svog\u016bnai, r\u016bkyta paprika, raudon\u0117liai, kmynai, apelsin\u0173 granul\u0117s, pomidor\u0173 granul\u0117s, aitriosios paprikos, \u010desnakai, salier\u0173 druska, E621, E631.<\/p>","protected":false},"excerpt":{"rendered":"<p>Tinka kepti ant groteli\u0173, skrudinti ir l\u0117tai virti kiaulien\u0105, vi\u0161tien\u0105, \u017euv\u012f, krevetes ir dar\u017eoves.<\/p>\n<p>Be glitimo<br \/>\nDraugi\u0161kas veganams<\/p>","protected":false},"featured_media":258,"comment_status":"open","ping_status":"closed","template":"","meta":{"_uf_show_specific_survey":0,"_uf_disable_surveys":false},"pwb-brand":[105],"product_brand":[],"product_cat":[20,21],"product_tag":[],"class_list":{"0":"post-237","1":"product","2":"type-product","3":"status-publish","4":"has-post-thumbnail","6":"pwb-brand-angus-oink","7":"product_cat-kampaania","8":"product_cat-maitseainesegud","10":"first","11":"instock","12":"sale","13":"taxable","14":"shipping-taxable","15":"purchasable","16":"product-type-simple"},"brands":[{"id":105,"name":"Angus &amp; Oink","slug":"angus-oink"}],"_links":{"self":[{"href":"https:\/\/tammetorubbq.ee\/lt\/wp-json\/wp\/v2\/product\/237","targetHints":{"allow":["GET"]}}],"collection":[{"href":"https:\/\/tammetorubbq.ee\/lt\/wp-json\/wp\/v2\/product"}],"about":[{"href":"https:\/\/tammetorubbq.ee\/lt\/wp-json\/wp\/v2\/types\/product"}],"replies":[{"embeddable":true,"href":"https:\/\/tammetorubbq.ee\/lt\/wp-json\/wp\/v2\/comments?post=237"}],"wp:featuredmedia":[{"embeddable":true,"href":"https:\/\/tammetorubbq.ee\/lt\/wp-json\/wp\/v2\/media\/258"}],"wp:attachment":[{"href":"https:\/\/tammetorubbq.ee\/lt\/wp-json\/wp\/v2\/media?parent=237"}],"wp:term":[{"taxonomy":"pwb-brand","embeddable":true,"href":"https:\/\/tammetorubbq.ee\/lt\/wp-json\/wp\/v2\/pwb-brand?post=237"},{"taxonomy":"product_brand","embeddable":true,"href":"https:\/\/tammetorubbq.ee\/lt\/wp-json\/wp\/v2\/product_brand?post=237"},{"taxonomy":"product_cat","embeddable":true,"href":"https:\/\/tammetorubbq.ee\/lt\/wp-json\/wp\/v2\/product_cat?post=237"},{"taxonomy":"product_tag","embeddable":true,"href":"https:\/\/tammetorubbq.ee\/lt\/wp-json\/wp\/v2\/product_tag?post=237"}],"curies":[{"name":"wp","href":"https:\/\/api.w.org\/{rel}","templated":true}]}}