{"id":2398,"date":"2025-01-15T18:57:47","date_gmt":"2025-01-15T16:57:47","guid":{"rendered":"https:\/\/tammetorubbq.ee\/?post_type=product&#038;p=2398"},"modified":"2026-04-29T19:00:11","modified_gmt":"2026-04-29T16:00:11","slug":"heath-riles-cajun-creole-cesnakinis-sviestas-326g","status":"publish","type":"product","link":"https:\/\/tammetorubbq.ee\/lt\/toode\/heath-riles-cajun-creole-garlic-butter-rub-326g\/","title":{"rendered":"Heath Riles Cajun Creole \u010desnakinis sviestas 326g"},"content":{"rendered":"<p><strong>Sudedamosios dalys<\/strong>: druska, prieskoniai, cukrus, dehidratuoti \u010desnakai, dehidratuoti svog\u016bnai, nat\u016brali sviesto kvapioji med\u017eiaga (i\u0161r\u016bg\u0173 sausoji med\u017eiaga, fermentais modifikuotas sviestas, maltodekstrinas, dehidratuotas sviestas, guaro derva, ciber\u017eol\u0117), paprika, dehidratuotos petra\u017eol\u0117s, dehidratuoti raudonieji pipirai, jalapeno milteliai, soj\u0173 pupeli\u0173 aliejus, beta karotenas, anato ekstraktas ir ma\u017eiau nei 2% kalcio silikato, prid\u0117ta siekiant i\u0161vengti sukepimo.<\/p>\n<p><strong>Sud\u0117tyje yra<\/strong>: pienas ir soja.<\/p>","protected":false},"excerpt":{"rendered":"<p>\"Heath Riles\" \"Cajun Creole\" \u010desnakinis sviestas - tai gardus prieskoni\u0173 mi\u0161inys, kuriame susipina \"Cajun\" ir kreol\u0173 virtuv\u0117s prieskoniai su garsiuoju \"Heath Riles\" \u010desnakiniu sviestu.<\/p>\n<p>\u0160is mi\u0161inys \u012fvairiems patiekalams suteikia a\u0161traus piet\u0173 skonio.<\/p>\n<p>\"Cajun Creole\" \u010desnakinis sviestas puikiai tinka j\u016bros g\u0117ryb\u0117ms, \u017euviai, vi\u0161tienai, kepsniams, m\u0117sainiams, dar\u017eov\u0117ms ar bet kam kitam, nes suteikia ypating\u0105 \"Cajun\" skon\u012f, i\u0161laikydamas sodr\u0173 sviesto skon\u012f, d\u0117l kurio taip m\u0117gstamas originalus \u010desnakinis sviestas.<\/p>\n<p><img loading=\"lazy\" decoding=\"async\" class=\"alignnone  wp-image-5481\" src=\"https:\/\/tammetorubbq.ee\/wp-content\/uploads\/2024\/02\/Heath-Riles-Logo-SQ-300x300.png\" alt=\"\" width=\"166\" height=\"166\" srcset=\"https:\/\/tammetorubbq.ee\/wp-content\/uploads\/2024\/02\/Heath-Riles-Logo-SQ-300x300.png 300w, https:\/\/tammetorubbq.ee\/wp-content\/uploads\/2024\/02\/Heath-Riles-Logo-SQ-150x150.png 150w, https:\/\/tammetorubbq.ee\/wp-content\/uploads\/2024\/02\/Heath-Riles-Logo-SQ-768x768.png 768w, https:\/\/tammetorubbq.ee\/wp-content\/uploads\/2024\/02\/Heath-Riles-Logo-SQ-12x12.png 12w, https:\/\/tammetorubbq.ee\/wp-content\/uploads\/2024\/02\/Heath-Riles-Logo-SQ-600x600.png 600w, https:\/\/tammetorubbq.ee\/wp-content\/uploads\/2024\/02\/Heath-Riles-Logo-SQ-64x64.png 64w, https:\/\/tammetorubbq.ee\/wp-content\/uploads\/2024\/02\/Heath-Riles-Logo-SQ.png 1000w\" sizes=\"auto, (max-width: 166px) 100vw, 166px\" \/><\/p>","protected":false},"featured_media":2709,"comment_status":"open","ping_status":"closed","template":"","meta":{"_uf_show_specific_survey":0,"_uf_disable_surveys":false},"pwb-brand":[84],"product_brand":[],"product_cat":[21],"product_tag":[347],"class_list":{"0":"post-2398","1":"product","2":"type-product","3":"status-publish","4":"has-post-thumbnail","6":"pwb-brand-heath-riles","7":"product_cat-maitseainesegud","8":"product_tag-heath-riles","10":"first","11":"outofstock","12":"taxable","13":"shipping-taxable","14":"purchasable","15":"product-type-simple"},"brands":[{"id":84,"name":"Heath Riles","slug":"heath-riles"}],"_links":{"self":[{"href":"https:\/\/tammetorubbq.ee\/lt\/wp-json\/wp\/v2\/product\/2398","targetHints":{"allow":["GET"]}}],"collection":[{"href":"https:\/\/tammetorubbq.ee\/lt\/wp-json\/wp\/v2\/product"}],"about":[{"href":"https:\/\/tammetorubbq.ee\/lt\/wp-json\/wp\/v2\/types\/product"}],"replies":[{"embeddable":true,"href":"https:\/\/tammetorubbq.ee\/lt\/wp-json\/wp\/v2\/comments?post=2398"}],"wp:featuredmedia":[{"embeddable":true,"href":"https:\/\/tammetorubbq.ee\/lt\/wp-json\/wp\/v2\/media\/2709"}],"wp:attachment":[{"href":"https:\/\/tammetorubbq.ee\/lt\/wp-json\/wp\/v2\/media?parent=2398"}],"wp:term":[{"taxonomy":"pwb-brand","embeddable":true,"href":"https:\/\/tammetorubbq.ee\/lt\/wp-json\/wp\/v2\/pwb-brand?post=2398"},{"taxonomy":"product_brand","embeddable":true,"href":"https:\/\/tammetorubbq.ee\/lt\/wp-json\/wp\/v2\/product_brand?post=2398"},{"taxonomy":"product_cat","embeddable":true,"href":"https:\/\/tammetorubbq.ee\/lt\/wp-json\/wp\/v2\/product_cat?post=2398"},{"taxonomy":"product_tag","embeddable":true,"href":"https:\/\/tammetorubbq.ee\/lt\/wp-json\/wp\/v2\/product_tag?post=2398"}],"curies":[{"name":"wp","href":"https:\/\/api.w.org\/{rel}","templated":true}]}}