{"id":2402,"date":"2025-01-15T19:46:00","date_gmt":"2025-01-15T17:46:00","guid":{"rendered":"https:\/\/tammetorubbq.ee\/?post_type=product&#038;p=2402"},"modified":"2026-04-15T02:00:14","modified_gmt":"2026-04-14T23:00:14","slug":"big-poppa-little-louies-cesnakinis-pipiru-itrinti-411g","status":"publish","type":"product","link":"https:\/\/tammetorubbq.ee\/lt\/produktas\/big-poppa-little-louies-cesnakinis-pipiru-itrinti-411g\/","title":{"rendered":"Big Poppa Little Louies \u010desnakinis pipir\u0173 \u012ftrinimas 411g"},"content":{"rendered":"<p><strong>Sudedamosios dalys<\/strong>: druska, cukrus, dehidratuoti \u010desnakai ir svog\u016bnai, juodieji pipirai, paprika (da\u017eiklis), salier\u0173 ekstraktai, prieskoniai, kukur\u016bz\u0173 krakmolas, ciber\u017eol\u0117 (da\u017eiklis), paprik\u0173 ekstraktai (da\u017eiklis) ir ne daugiau kaip 2% trikalcio fosfato, prid\u0117ta siekiant i\u0161vengti sukepimo.<\/p>","protected":false},"excerpt":{"rendered":"<p><strong>\"Big Poppa Little Louie`s Garlic Pepper\" tinka viskam. <\/strong><\/p>\n<p><span style=\"color: #ff0000;\"><strong>Rimtai!<\/strong><\/span><\/p>\n<p>\"Little Louie's\" yra patobulinta \u012fprastos \u010desnakin\u0117s druskos versija \"Big Poppa`s\" suk\u016br\u0117 \u0161\u012f produkt\u0105 pagal klasikin\u012f \u0161onkauliuk\u0173 recept\u0105.<\/p>\n<p>\u010cesnakai, druska ir pipirai arba <strong>SPG<\/strong>! Tai vienas geriausi\u0173 pagrindini\u0173 prieskoni\u0173 rinkoje ir puikus universalus prieskonis.<\/p>\n<p>\"Little Louie's SPG\" atskleid\u017eia gryn\u0105 kiaulienos, \u0161onkauliuk\u0173, vi\u0161tienos ir jautienos skon\u012f.<\/p>\n<p>\"Little Louie's SPG\" - tai subalansuotas ir skanus vis\u0173 jums \u017einom\u0173 ir m\u0117gstam\u0173 klasikini\u0173 ingredient\u0173 - druskos, pipir\u0173 ir \u010desnak\u0173 - mi\u0161inys.<\/p>\n<p>Kartu \u0161ie prieskoniai pagerina bet kokio maisto skon\u012f.<\/p>\n<p>Universalus skonis - tai prie\u017eastis, d\u0117l kurios BBQ profesionalai, kiemo BBQ meistrai ir vir\u0117jai atsisak\u0117 \u010desnakin\u0117s druskos ir j\u0105 pakeit\u0117 \"Little Louie's\" prieskoniais.<\/p>\n<p><img loading=\"lazy\" decoding=\"async\" class=\"wp-image-1557\" src=\"http:\/\/tammetorubbq.ee\/wp-content\/uploads\/2024\/03\/Big-Poppa-Smokers-Logo-Vector-300x225.webp\" alt=\"&quot;Big Poppa Smokers\" width=\"197\" height=\"148\" srcset=\"https:\/\/tammetorubbq.ee\/wp-content\/uploads\/2024\/03\/Big-Poppa-Smokers-Logo-Vector-300x225.webp 300w, https:\/\/tammetorubbq.ee\/wp-content\/uploads\/2024\/03\/Big-Poppa-Smokers-Logo-Vector-768x576.webp 768w, https:\/\/tammetorubbq.ee\/wp-content\/uploads\/2024\/03\/Big-Poppa-Smokers-Logo-Vector-16x12.webp 16w, https:\/\/tammetorubbq.ee\/wp-content\/uploads\/2024\/03\/Big-Poppa-Smokers-Logo-Vector-600x450.webp 600w, https:\/\/tammetorubbq.ee\/wp-content\/uploads\/2024\/03\/Big-Poppa-Smokers-Logo-Vector-64x48.webp 64w, https:\/\/tammetorubbq.ee\/wp-content\/uploads\/2024\/03\/Big-Poppa-Smokers-Logo-Vector.webp 866w\" sizes=\"auto, (max-width: 197px) 100vw, 197px\" \/><\/p>\n<p>&nbsp;<\/p>","protected":false},"featured_media":2404,"comment_status":"open","ping_status":"closed","template":"","meta":{"_uf_show_specific_survey":0,"_uf_disable_surveys":false},"pwb-brand":[80],"product_brand":[],"product_cat":[21],"product_tag":[],"class_list":{"0":"post-2402","1":"product","2":"type-product","3":"status-publish","4":"has-post-thumbnail","6":"pwb-brand-big-poppas","7":"product_cat-maitseainesegud","9":"first","10":"outofstock","11":"taxable","12":"shipping-taxable","13":"purchasable","14":"product-type-simple"},"brands":[{"id":80,"name":"Big Poppa's","slug":"big-poppas"}],"_links":{"self":[{"href":"https:\/\/tammetorubbq.ee\/lt\/wp-json\/wp\/v2\/product\/2402","targetHints":{"allow":["GET"]}}],"collection":[{"href":"https:\/\/tammetorubbq.ee\/lt\/wp-json\/wp\/v2\/product"}],"about":[{"href":"https:\/\/tammetorubbq.ee\/lt\/wp-json\/wp\/v2\/types\/product"}],"replies":[{"embeddable":true,"href":"https:\/\/tammetorubbq.ee\/lt\/wp-json\/wp\/v2\/comments?post=2402"}],"wp:featuredmedia":[{"embeddable":true,"href":"https:\/\/tammetorubbq.ee\/lt\/wp-json\/wp\/v2\/media\/2404"}],"wp:attachment":[{"href":"https:\/\/tammetorubbq.ee\/lt\/wp-json\/wp\/v2\/media?parent=2402"}],"wp:term":[{"taxonomy":"pwb-brand","embeddable":true,"href":"https:\/\/tammetorubbq.ee\/lt\/wp-json\/wp\/v2\/pwb-brand?post=2402"},{"taxonomy":"product_brand","embeddable":true,"href":"https:\/\/tammetorubbq.ee\/lt\/wp-json\/wp\/v2\/product_brand?post=2402"},{"taxonomy":"product_cat","embeddable":true,"href":"https:\/\/tammetorubbq.ee\/lt\/wp-json\/wp\/v2\/product_cat?post=2402"},{"taxonomy":"product_tag","embeddable":true,"href":"https:\/\/tammetorubbq.ee\/lt\/wp-json\/wp\/v2\/product_tag?post=2402"}],"curies":[{"name":"wp","href":"https:\/\/api.w.org\/{rel}","templated":true}]}}