{"id":2413,"date":"2025-01-17T12:28:29","date_gmt":"2025-01-17T10:28:29","guid":{"rendered":"https:\/\/tammetorubbq.ee\/?post_type=product&#038;p=2413"},"modified":"2026-04-14T22:00:05","modified_gmt":"2026-04-14T19:00:05","slug":"frankys-pork-prank-bbq-rub-750g","status":"publish","type":"product","link":"https:\/\/tammetorubbq.ee\/lt\/produktas\/frankys-pork-prank-bbq-rub-750g\/","title":{"rendered":"Franky's Pork Prank BBQ Rub 750g"},"content":{"rendered":"<p><strong>Sudedamosios dalys<\/strong>: cukrus, druska, \u017eolel\u0117s ir (arba) prieskoniai (pipirai, kmynai, raudon\u0117lis, paprika, cinamonas, lauro lapai, aitriosios paprikos, petra\u017eol\u0117s), d\u017eiovintos dar\u017eov\u0117s (\u010desnakai, svog\u016bnai), augalinis aliejus (saul\u0117gr\u0105\u017e\u0173), kvapioji med\u017eiaga, skonio stipriklis E621, da\u017eiklis E160c, lipnum\u0105 reguliuojanti med\u017eiaga E551.<\/p>","protected":false},"excerpt":{"rendered":"<p>\"Franky's Pork Prank\" yra puikus kiaulienos \u012ftrinimas - malonus, saldus ir a\u0161trus (su nedideliu kajeno pipir\u0173 prieskoniu).<\/p>\n<p>Idealiai tinka kiaulienos \u0161onkauliukams ar kiaulienai, bet taip pat puikiai tinka vi\u0161tienai, keptoms bulvyt\u0117ms - trumpai tariant, viskam, nes tai universalus prieskonis.<\/p>\n<p><span style=\"color: #0000ff;\"><strong>Apdovanojimus peln\u0119s universalus prieskonis kiaulienai!<\/strong><\/span><\/p>\n<p>\"Franky's Pork Prank\" yra \"Bughouse Smokers\" komandos nario ir \"BBQ-ON\" \u012fk\u016br\u0117jo Franko Klijno sumanymas.<\/p>\n<p><img loading=\"lazy\" decoding=\"async\" class=\"wp-image-2415\" src=\"http:\/\/www.tammetorubbq.ee\/wp-content\/uploads\/2025\/01\/Frankys-Pork-Prank-BBQ-On-229x300.webp\" alt=\"Franky&#039;s Kiaulienos pok\u0161tas (BBQ-On)\" width=\"154\" height=\"202\" srcset=\"https:\/\/tammetorubbq.ee\/wp-content\/uploads\/2025\/01\/Frankys-Pork-Prank-BBQ-On-229x300.webp 229w, https:\/\/tammetorubbq.ee\/wp-content\/uploads\/2025\/01\/Frankys-Pork-Prank-BBQ-On-9x12.webp 9w, https:\/\/tammetorubbq.ee\/wp-content\/uploads\/2025\/01\/Frankys-Pork-Prank-BBQ-On-600x786.webp 600w, https:\/\/tammetorubbq.ee\/wp-content\/uploads\/2025\/01\/Frankys-Pork-Prank-BBQ-On-64x84.webp 64w, https:\/\/tammetorubbq.ee\/wp-content\/uploads\/2025\/01\/Frankys-Pork-Prank-BBQ-On.webp 720w\" sizes=\"auto, (max-width: 154px) 100vw, 154px\" \/><\/p>","protected":false},"featured_media":2414,"comment_status":"open","ping_status":"closed","template":"","meta":{"_uf_show_specific_survey":0,"_uf_disable_surveys":false},"pwb-brand":[],"product_brand":[],"product_cat":[21],"product_tag":[],"class_list":{"0":"post-2413","1":"product","2":"type-product","3":"status-publish","4":"has-post-thumbnail","6":"product_cat-maitseainesegud","8":"first","9":"instock","10":"taxable","11":"shipping-taxable","12":"purchasable","13":"product-type-simple"},"brands":[],"_links":{"self":[{"href":"https:\/\/tammetorubbq.ee\/lt\/wp-json\/wp\/v2\/product\/2413","targetHints":{"allow":["GET"]}}],"collection":[{"href":"https:\/\/tammetorubbq.ee\/lt\/wp-json\/wp\/v2\/product"}],"about":[{"href":"https:\/\/tammetorubbq.ee\/lt\/wp-json\/wp\/v2\/types\/product"}],"replies":[{"embeddable":true,"href":"https:\/\/tammetorubbq.ee\/lt\/wp-json\/wp\/v2\/comments?post=2413"}],"wp:featuredmedia":[{"embeddable":true,"href":"https:\/\/tammetorubbq.ee\/lt\/wp-json\/wp\/v2\/media\/2414"}],"wp:attachment":[{"href":"https:\/\/tammetorubbq.ee\/lt\/wp-json\/wp\/v2\/media?parent=2413"}],"wp:term":[{"taxonomy":"pwb-brand","embeddable":true,"href":"https:\/\/tammetorubbq.ee\/lt\/wp-json\/wp\/v2\/pwb-brand?post=2413"},{"taxonomy":"product_brand","embeddable":true,"href":"https:\/\/tammetorubbq.ee\/lt\/wp-json\/wp\/v2\/product_brand?post=2413"},{"taxonomy":"product_cat","embeddable":true,"href":"https:\/\/tammetorubbq.ee\/lt\/wp-json\/wp\/v2\/product_cat?post=2413"},{"taxonomy":"product_tag","embeddable":true,"href":"https:\/\/tammetorubbq.ee\/lt\/wp-json\/wp\/v2\/product_tag?post=2413"}],"curies":[{"name":"wp","href":"https:\/\/api.w.org\/{rel}","templated":true}]}}