{"id":2417,"date":"2025-01-17T12:56:10","date_gmt":"2025-01-17T10:56:10","guid":{"rendered":"https:\/\/tammetorubbq.ee\/?post_type=product&#038;p=2417"},"modified":"2026-04-17T02:00:12","modified_gmt":"2026-04-16T23:00:12","slug":"southern-dutch-original-bbq-padazas-500ml","status":"publish","type":"product","link":"https:\/\/tammetorubbq.ee\/lt\/produktas\/southern-dutch-original-bbq-padazas-500ml\/","title":{"rendered":"Southern Dutch Original BBQ pada\u017eas 500ml"},"content":{"rendered":"<p><strong>Sudedamosios dalys<\/strong>: cukraus pudra, vanduo, dar\u017eov\u0117s (pomidor\u0173 tyr\u0117, \u010desnak\u0173 milteliai, svog\u016bn\u0173 milteliai, paprika), cukrus, dekstroz\u0117, sidro actas (sud\u0117tyje yra sulfit\u0173), druska, melasa, \u017eolel\u0117s\/prieskoniai (juodieji pipirai, paprika), aitriosios paprikos, cinamonas, petra\u017eol\u0117s, gvazdik\u0117liai, pankolis), actas, r\u016bg\u0161tis (E325, E270), modifikuotas krakmolas (kukur\u016bz\u0173), tir\u0161tiklis (E412), konservantas, r\u016bkomasis cukrus, nat\u016brali kvapioji med\u017eiaga, kvapioji med\u017eiaga.<\/p>\n<p>&nbsp;<\/p>\n<p><strong>Kes apie piet\u0173 oland\u0173 BBQ<\/strong><\/p>\n<p class=\"\" data-start=\"24\" data-end=\"609\">\"Southern Dutch BBQ\" yra bendras Tomo Raeso ir Dorine van Geffen projektas. \u0160is stiprus tandemas savo kelion\u0119 prad\u0117jo 2012 m. nuo tinklara\u0161\u010dio, kuriame dalijosi su pasauliu savo BBQ nuotykiais. Noras su\u017einoti visk\u0105 apie amerikieti\u0161k\u0105 barbekiu juos atved\u0117 \u012f KCBS (Kansas City Barbeque Society) konkurs\u0105. 2013 m. jie dalyvavo pirmajame konkurse - ir tai tapo l\u016b\u017eio ta\u0161ku. Nuo to laiko jie pasin\u0117r\u0117 \u012f var\u017eyb\u0173 barbekiu pasaul\u012f ir dalyvauja var\u017eybose visame pasaulyje, visada stengdamiesi pateikti geriausi\u0105 ir skaniausi\u0105 pasirinkim\u0105 tiek teis\u0117jams, tiek savo geriems draugams.<\/p>\n<p class=\"\" data-start=\"611\" data-end=\"748\"><em>D\u0117l noro kasdien tobul\u0117ti Tomui ir Dorinei vadovavo vieni geriausi\u0173 JAV BBQ meistr\u0173, tokie kaip Tuffy Stone'as ir Travisas Clarkas.<\/em><\/p>\n<p class=\"\" data-start=\"750\" data-end=\"1093\">\u0160iandien j\u0173 misija - kiekvien\u0105 dien\u0105 gyventi ir kv\u0117puoti BBQ kepsniais, skleisti savo aistr\u0105 ir \u017einias visiems, kurie domisi \u0161ia kult\u016bra, sportu ar tiesiog puikiu maistu. Barbekiu kepimas ir var\u017eybos jiems n\u0117ra tik hobis - tai gyvenimo b\u016bdas. BBQ juos nuved\u0117 ten, kur jie niekada neb\u016bt\u0173 nuvyk\u0119, ir suk\u016br\u0117 draugyst\u0119 visam gyvenimui.<\/p>","protected":false},"excerpt":{"rendered":"<p class=\"\" data-start=\"0\" data-end=\"43\"><strong data-start=\"0\" data-end=\"43\">\"Southern Dutch BBQ\" \"Originalus BBQ pada\u017eas\"<\/strong><\/p>\n<p class=\"\" data-start=\"45\" data-end=\"357\"><strong><em>Klasikinis sodraus skonio BBQ pada\u017eas<\/em><\/strong>, kuri\u0105 remia visame pasaulyje garsi komanda, rengianti konkurs\u0105. <strong data-start=\"136\" data-end=\"158\">Piet\u0173 oland\u0173 BBQ<\/strong>. Originalus BBQ pada\u017eas sujungia <em>subalansuotas saldumas, \u0161iek tiek d\u016bmo ir subtilus a\u0161trumas, tod\u0117l puikiai tinka prie bet kokios m\u0117sos.<\/em> - ar tai b\u016bt\u0173 \u0161onkauliukai, vi\u0161tiena, m\u0117sainiai, ar kiauliena.<\/p>\n<p class=\"\" data-start=\"359\" data-end=\"541\">\u0160is pada\u017eas sukurtas vadovaujantis tais pa\u010diais principais, d\u0117l kuri\u0173 Tomas Raesas ir Dorine van Geffen s\u0117kmingai dalyvavo BBQ var\u017eybose visame pasaulyje - autenti\u0161kas skonis, s\u0105\u017einingi ingredientai ir aistra kepti ant groteli\u0173.<\/p>\n<ul data-start=\"557\" data-end=\"808\">\n<li class=\"\" data-start=\"557\" data-end=\"615\">\n<p class=\"\" data-start=\"559\" data-end=\"615\">Klasikinis BBQ skonis su sald\u017eiu ir d\u016bm\u0173 balansu<\/p>\n<\/li>\n<li class=\"\" data-start=\"616\" data-end=\"697\">\n<p class=\"\" data-start=\"618\" data-end=\"697\">Puikiai tinka su kiauliena, vi\u0161tiena, jautiena ir ant groteli\u0173 keptomis dar\u017eov\u0117mis.<\/p>\n<\/li>\n<li class=\"\" data-start=\"698\" data-end=\"754\">\n<p class=\"\" data-start=\"700\" data-end=\"754\">Var\u017eyb\u0173 kokyb\u0117, taip pat tinka bet kuriam nam\u0173 kepsnin\u0117s entuziastui<\/p>\n<\/li>\n<li class=\"\" data-start=\"755\" data-end=\"808\">\n<p class=\"\" data-start=\"757\" data-end=\"808\">Pagaminta i\u0161 meil\u0117s Amerikos BBQ kult\u016brai<\/p>\n<\/li>\n<\/ul>\n<p>Puikiai dera su \"Southern Dutch\" prieskoni\u0173 mi\u0161iniais, pvz., \"<strong><a href=\"https:\/\/tammetorubbq.ee\/lt\/produktas\/southern-dutch-bbq-a-pinch-of-heat-rub-275g\/\">\u017diupsnelis \u0161ilumos<\/a><\/strong>\" taip \"<strong><a href=\"https:\/\/tammetorubbq.ee\/lt\/produktas\/southern-dutch-bbq-a-touch-of-sweet-rub-290g\/\">Saldus prisilietimas<\/a><\/strong>&#8220;.<\/p>\n<p><strong>Papildykite savo BBQ arsenal\u0105 \"Southern Dutch Original\" pada\u017eu, nes tikra patirtis prasideda nuo gero pada\u017eo!<\/strong><\/p>\n<p><em><strong>\"Southern Dutch\" yra s\u0117kmingiausia pastar\u0173j\u0173 met\u0173 BBQ komanda Europoje.<\/strong><\/em><\/p>\n<p><img loading=\"lazy\" decoding=\"async\" class=\"alignnone wp-image-2012\" src=\"http:\/\/tammetorubbq.ee\/wp-content\/uploads\/2024\/11\/southern-dutch-bbq.svg\" alt=\"Piet\u0173 oland\u0173 BBQ\" width=\"150\" height=\"54\" \/><\/p>","protected":false},"featured_media":2418,"comment_status":"open","ping_status":"closed","template":"","meta":{"_uf_show_specific_survey":0,"_uf_disable_surveys":false},"pwb-brand":[174],"product_brand":[],"product_cat":[22],"product_tag":[138,118,166,114,122],"class_list":{"0":"post-2417","1":"product","2":"type-product","3":"status-publish","4":"has-post-thumbnail","6":"pwb-brand-southern-dutch-bbq","7":"product_cat-kastmed-ja-marinaadid","8":"product_tag-burger","9":"product_tag-kanaliha","10":"product_tag-rebitudliha","11":"product_tag-sealiha","12":"product_tag-searibi","14":"first","15":"outofstock","16":"taxable","17":"shipping-taxable","18":"purchasable","19":"product-type-simple"},"brands":[{"id":174,"name":"Piet\u0173 oland\u0173 BBQ","slug":"southern-dutch-bbq"}],"_links":{"self":[{"href":"https:\/\/tammetorubbq.ee\/lt\/wp-json\/wp\/v2\/product\/2417","targetHints":{"allow":["GET"]}}],"collection":[{"href":"https:\/\/tammetorubbq.ee\/lt\/wp-json\/wp\/v2\/product"}],"about":[{"href":"https:\/\/tammetorubbq.ee\/lt\/wp-json\/wp\/v2\/types\/product"}],"replies":[{"embeddable":true,"href":"https:\/\/tammetorubbq.ee\/lt\/wp-json\/wp\/v2\/comments?post=2417"}],"wp:featuredmedia":[{"embeddable":true,"href":"https:\/\/tammetorubbq.ee\/lt\/wp-json\/wp\/v2\/media\/2418"}],"wp:attachment":[{"href":"https:\/\/tammetorubbq.ee\/lt\/wp-json\/wp\/v2\/media?parent=2417"}],"wp:term":[{"taxonomy":"pwb-brand","embeddable":true,"href":"https:\/\/tammetorubbq.ee\/lt\/wp-json\/wp\/v2\/pwb-brand?post=2417"},{"taxonomy":"product_brand","embeddable":true,"href":"https:\/\/tammetorubbq.ee\/lt\/wp-json\/wp\/v2\/product_brand?post=2417"},{"taxonomy":"product_cat","embeddable":true,"href":"https:\/\/tammetorubbq.ee\/lt\/wp-json\/wp\/v2\/product_cat?post=2417"},{"taxonomy":"product_tag","embeddable":true,"href":"https:\/\/tammetorubbq.ee\/lt\/wp-json\/wp\/v2\/product_tag?post=2417"}],"curies":[{"name":"wp","href":"https:\/\/api.w.org\/{rel}","templated":true}]}}