{"id":242,"date":"2023-11-28T19:20:17","date_gmt":"2023-11-28T16:20:17","guid":{"rendered":"https:\/\/tammetorubbq.ee\/?post_type=product&#038;p=242"},"modified":"2026-04-20T02:00:38","modified_gmt":"2026-04-19T23:00:38","slug":"general-tex-mex-bbq-prieskoniu-misinys","status":"publish","type":"product","link":"https:\/\/tammetorubbq.ee\/lt\/produktas\/general-tex-mex-bbq-prieskoniu-misinys\/","title":{"rendered":"A&amp;O The General Rub 200g"},"content":{"rendered":"<p>Sudedamosios dalys:<br \/>\nCukrus, druska, d\u017eiovintos aitriosios paprikos, r\u016bkyta paprika, paprikos, juodieji pipirai, svog\u016bn\u0173 milteliai, d\u017eiovinti \u010desnakai, pankolio s\u0117klos, kalendros milteliai, prieskonin\u0117s \u017eolel\u0117s, raudon\u0117lis, lauro lapai.<\/p>","protected":false},"excerpt":{"rendered":"<p>Generalinis gali b\u016bti j\u016bs\u0173 m\u0117gstamiausias kepsni\u0173 ar net paprast\u0173 m\u0117saini\u0173 pagardas.<br \/>\nJis taip pat puikiai tinka \u0161onkauliukams ir kiaulienai.<\/p>\n<p>Puikiai tinka jautienai, kiaulienai, avienai, vi\u0161tienai ir dar\u017eov\u0117ms.<\/p>\n<p>Be glitimo<br \/>\nTinka veganams<\/p>\n<p>Sud\u0117tyje n\u0117ra dirbtini\u0173 da\u017eikli\u0173, dirbtini\u0173 kvapi\u0173j\u0173 med\u017eiag\u0173, sukepusi\u0173 med\u017eiag\u0173 ir konservant\u0173.<\/p>","protected":false},"featured_media":263,"comment_status":"open","ping_status":"closed","template":"","meta":{"_uf_show_specific_survey":0,"_uf_disable_surveys":false},"pwb-brand":[105],"product_brand":[],"product_cat":[20,21],"product_tag":[118,121,114,122,123,119,165],"class_list":{"0":"post-242","1":"product","2":"type-product","3":"status-publish","4":"has-post-thumbnail","6":"pwb-brand-angus-oink","7":"product_cat-kampaania","8":"product_cat-maitseainesegud","9":"product_tag-kanaliha","10":"product_tag-koogiviljad","11":"product_tag-sealiha","12":"product_tag-searibi","13":"product_tag-steik","14":"product_tag-veiseliha","15":"product_tag-veiseribi","17":"first","18":"instock","19":"sale","20":"taxable","21":"shipping-taxable","22":"purchasable","23":"product-type-simple"},"brands":[{"id":105,"name":"Angus &amp; Oink","slug":"angus-oink"}],"_links":{"self":[{"href":"https:\/\/tammetorubbq.ee\/lt\/wp-json\/wp\/v2\/product\/242","targetHints":{"allow":["GET"]}}],"collection":[{"href":"https:\/\/tammetorubbq.ee\/lt\/wp-json\/wp\/v2\/product"}],"about":[{"href":"https:\/\/tammetorubbq.ee\/lt\/wp-json\/wp\/v2\/types\/product"}],"replies":[{"embeddable":true,"href":"https:\/\/tammetorubbq.ee\/lt\/wp-json\/wp\/v2\/comments?post=242"}],"wp:featuredmedia":[{"embeddable":true,"href":"https:\/\/tammetorubbq.ee\/lt\/wp-json\/wp\/v2\/media\/263"}],"wp:attachment":[{"href":"https:\/\/tammetorubbq.ee\/lt\/wp-json\/wp\/v2\/media?parent=242"}],"wp:term":[{"taxonomy":"pwb-brand","embeddable":true,"href":"https:\/\/tammetorubbq.ee\/lt\/wp-json\/wp\/v2\/pwb-brand?post=242"},{"taxonomy":"product_brand","embeddable":true,"href":"https:\/\/tammetorubbq.ee\/lt\/wp-json\/wp\/v2\/product_brand?post=242"},{"taxonomy":"product_cat","embeddable":true,"href":"https:\/\/tammetorubbq.ee\/lt\/wp-json\/wp\/v2\/product_cat?post=242"},{"taxonomy":"product_tag","embeddable":true,"href":"https:\/\/tammetorubbq.ee\/lt\/wp-json\/wp\/v2\/product_tag?post=242"}],"curies":[{"name":"wp","href":"https:\/\/api.w.org\/{rel}","templated":true}]}}