{"id":2430,"date":"2025-02-06T13:07:57","date_gmt":"2025-02-06T11:07:57","guid":{"rendered":"https:\/\/tammetorubbq.ee\/?post_type=product&#038;p=2430"},"modified":"2026-04-17T00:00:03","modified_gmt":"2026-04-16T21:00:03","slug":"kamado-joe-prijungtas-big-joe","status":"publish","type":"product","link":"https:\/\/tammetorubbq.ee\/lt\/produktas\/kamado-joe-prijungtas-big-joe\/","title":{"rendered":"\"Kamado Joe\" prijungtas \"Big Joe"},"content":{"rendered":"<h2>KEPIMO ANT GROTELI\u0172 ATEITIS - \"KONNECTED JOE\u2122\" SKAITMENINIS KERAMIKINIS ANGLI\u0172 GRILIS IR R\u016aKYKLA VIENAME!<\/h2>\n<p>Patirkite nauj\u0105 keramini\u0173 grili\u0173 er\u0105 su \"Kamado Joe Konnected Joe\u2122\" skaitmeniniu med\u017eio angli\u0173 griliu. \"Konnected Joe\u2122\" leid\u017eia lengvai \u012fkaitinti kepsnin\u0119. Tiesiog paspauskite automatin\u0117s ugnies paleidimo (AFS\u2122) mygtuk\u0105, kad u\u017edegtum\u0117te anglis. Nustatykite norim\u0105 kepimo temperat\u016br\u0105 naudodami skaitmenin\u0119 \"Kontrol Board\u2122\" arba \"Kamado Joe\" program\u0117l\u0119 ir leiskite \"Kontrol Fan\u2122\" atlikti likus\u012f darb\u0105. Tur\u0117damas daugyb\u0119 kepimo funkcij\u0173, \"Konnected Joe\u2122\" leid\u017eia m\u0117gautis geriausiu \"Kamado\" kepimu. Automatinis kepimo re\u017eimas si\u016blo visi\u0161k\u0105 skaitmenin\u012f valdym\u0105 arba i\u0161bandykite klasikin\u012f re\u017eim\u0105 be automatikos, kad gal\u0117tum\u0117te m\u0117gautis tradicine \"Kamado\" kepimo patirtimi.<\/p>\n<h2>PILNA FUNKCIJ\u0172!<\/h2>\n<ul>\n<li>Keraminis grilis su \"WiFi<\/li>\n<li>AFS (automatinio ugnies paleidimo) mygtukas, kuriuo galima akimirksniu u\u017edegti anglis.<\/li>\n<li>Skaitmeninis valdymo skydelis, kuriame rodomos temperat\u016bros diagramos, \u012fsp\u0117jimai ir keli kepimo re\u017eimai<\/li>\n<li>Naudodamiesi \"Kamado Joe\" program\u0117le nustatykite temperat\u016br\u0105 ir laik\u0105, steb\u0117kite m\u0117sos savybes ir atraskite nauj\u0173 recept\u0173.<\/li>\n<li>\"Kontrol Fan\" automati\u0161kai palaiko norim\u0105 temperat\u016br\u0105 nuo 107 \u00b0C iki 370 \u00b0C.<\/li>\n<li>Automatinis kepimo re\u017eimas, kai kepama naudojant skaitmenin\u012f ry\u0161\u012f, arba rankinis kepimo re\u017eimas, kai kepama tradici\u0161kai ant kamado groteli\u0173.<\/li>\n<li>\"Kontrol Tower\u2122\" vir\u0161utinis ventiliatorius u\u017etikrina tolyg\u0173 oro sraut\u0105 atidarant ir u\u017edarant dangt\u012f<\/li>\n<li>Yra k\u0117limo rankenos, kad kepsnin\u0119 b\u016bt\u0173 galima lengvai ir saugiai pakelti<\/li>\n<li>\"Air Lift\u2122\" vyriai gerokai suma\u017eina kupolo, t. y. kepsnin\u0117s dang\u010dio, svor\u012f<\/li>\n<li>2 lygi\u0173 \"Divide &amp; Conquer\" daugiafunkcin\u0117 kepimo sistema, skirta skirtingiems maisto produktams kepti skirtingose temperat\u016brose<\/li>\n<li>Sunkus ir tvirtas milteliniu b\u016bdu dengtas plieninis groteli\u0173 r\u0117mas su rakinamais ratukais<\/li>\n<li>Kitos \u012ftrauktos funkcijos ir priedai: ner\u016bdijan\u010diojo plieno dang\u010dio kam\u0161tis, pa\u017eangus daugiapakopis (AMP) ugniakuras, ner\u016bdijan\u010diojo plieno kepimo lentynos, sulankstomos aliuminio \u0161onin\u0117s lentynos, grilio lentynos pak\u0117l\u0117jas arba \u017enypl\u0117s grilio lentynai pakelti, pelenin\u0117, kar\u0161\u010dio deflektoriai (pusm\u0117nulio formos akmens plok\u0161t\u0117s), pried\u0173 rit\u0117 ir 1 m\u0117sos zondas.<\/li>\n<li>\"Konnected Joe\u2122\" yra suderinama su lauko virtuv\u0117mis, t. y. j\u0105 galima naudoti ir vadinamosiose \"lauko virtuv\u0117se\".\u00a0<em>Atskirai<\/em>\"na. Daugiau informacijos rasite naudotojo vadove.<\/li>\n<li>Suderinamas su \"Classic\/Big Joe\u2122\" dang\u010diais ir priedais, bet ne su med\u017eio anglies krep\u0161iu.<\/li>\n<\/ul>\n<p>Temperat\u016bros diapazonas: nuo 100 \u00b0C iki 400 \u00b0C<\/p>\n<p><strong>Garantii<\/strong> &#8211; Kamado Joe keraamilistele osadele kehtib piiratud eluaegne garantii (garantiitingimused: <strong><a href=\"https:\/\/tammetorubbq.ee\/wp-content\/uploads\/2026\/02\/Kamado_Joe_garantii.pdf\">\u017er. \u010dia<\/a><\/strong>); \u012fskaitant keramines plyteles, \u0161ilumos at\u0161vaitus ir sandarinimo plyteles - 3 metai; metal\u0105 ir ket\u0173 - 5 metai; termometr\u0105 ir tarpines - 1 metai.<\/p>\n<p>&nbsp;<\/p>\n<div style=\"width: 1920px;\" class=\"wp-video\"><video class=\"wp-video-shortcode\" id=\"video-2430-1\" width=\"1920\" height=\"1080\" preload=\"metadata\" controls=\"controls\"><source type=\"video\/mp4\" src=\"http:\/\/tammetorubbq.ee\/wp-content\/uploads\/2025\/02\/Kamado-Joe-\u00ae-KONNECTED-BIG-JOE\u2122_1.mp4?_=1\" \/><a href=\"http:\/\/tammetorubbq.ee\/wp-content\/uploads\/2025\/02\/Kamado-Joe-\u00ae-KONNECTED-BIG-JOE\u2122_1.mp4\">http:\/\/tammetorubbq.ee\/wp-content\/uploads\/2025\/02\/Kamado-Joe-\u00ae-KONNECTED-BIG-JOE\u2122_1.mp4<\/a><\/video><\/div>\n<p>&nbsp;<\/p>\n<div style=\"width: 1920px;\" class=\"wp-video\"><video class=\"wp-video-shortcode\" id=\"video-2430-2\" width=\"1920\" height=\"1080\" preload=\"metadata\" controls=\"controls\"><source type=\"video\/mp4\" src=\"http:\/\/tammetorubbq.ee\/wp-content\/uploads\/2025\/02\/Kamado-Joe-\u00ae-KONNECTED-BIG-JOE\u2122.mp4?_=2\" \/><a href=\"http:\/\/tammetorubbq.ee\/wp-content\/uploads\/2025\/02\/Kamado-Joe-\u00ae-KONNECTED-BIG-JOE\u2122.mp4\">http:\/\/tammetorubbq.ee\/wp-content\/uploads\/2025\/02\/Kamado-Joe-\u00ae-KONNECTED-BIG-JOE\u2122.mp4<\/a><\/video><\/div>\n<p>&nbsp;<\/p>","protected":false},"excerpt":{"rendered":"<h4>Kaasa kingitus + TASUTA tarne.<\/h4>\n<h3><strong>Kamado Joe \u00ae KONNECTED BIG JOE\u2122 - Skaitmenin\u0117 keramin\u0117 grilio krosnel\u0117\u00a0<\/strong><\/h3>\n<ul>\n<li>BIG JOE KONNECTED - daugiau t\u016brio, daugiau maisto, daugiau \u017emoni\u0173, daugiau nuotyki\u0173!<\/li>\n<li>Iki \u0161iol j\u016bs\u0173 m\u0117gstamiausias buvo \"Konnected Joe Classic\" - dabar at\u0117jo laikas pereiti \u012f kit\u0105 lyg\u012f. Pristatome \"Konnected Big Joe\", kuriame ta pati i\u0161manioji kepimo ant groteli\u0173 technologija pritaikyta dar didesniam mastui. Padid\u0117jusi kepimo talpa suteikia laisv\u0119 dominuoti bet kokioje situacijoje - nuo priva\u010di\u0173 vakarieni\u0173 iki epini\u0173 sodo vakar\u0117li\u0173.<\/li>\n<li>B\u016bkite vieni pirm\u0173j\u0173, kurie i\u0161bandys nauj\u0105 maisto gaminimo lauke dimensij\u0105!<\/li>\n<li>NAUJAS naujovi\u0161kas unikalus \"Kamado Big Joe\" skaitmeninis keraminis grilis:\n<ul>\n<li>Auk\u0161\u010diausia kokyb\u0117 pasaulyje! Geriausias kainos ir kokyb\u0117s santykis!<\/li>\n<li>Geriausias keramini\u0173 kepsnini\u0173 pasirinkimas!<\/li>\n<li>Med\u017eio anglies u\u017edegimas nuo mygtuko!<\/li>\n<li>Prisijungimas prie program\u0117l\u0117s!<\/li>\n<li>Skaitmeninis valdymo skydelis!<\/li>\n<li>Grafinis temperat\u016bros valdymo tablo!<\/li>\n<\/ul>\n<\/li>\n<\/ul>\n<p>Kindlasti soovitame ka juurde osta\u00a0<a href=\"https:\/\/tammetorubbq.ee\/lt\/produktas\/kamado-joe-big-ilmastikukindel-grillikate\/\"><strong>ilmastikukindla grillikatte<\/strong><\/a>\u00a0mis pakub usaldusv\u00e4\u00e4rset kaitset vihma, lume, p\u00e4ikese ja mustuse eest, pikendades grilli eluiga ning hoides selle puhtana j\u00e4rgmiseks kasutuskorraks.<\/p>\n<p><span style=\"color: #000000;\"><strong>Oleme tootja Kamado Joe ametlik esindaja, edasim\u00fc\u00fcja Eestis!<\/strong><\/span><\/p>\n<p><img loading=\"lazy\" decoding=\"async\" class=\"wp-image-1531\" src=\"http:\/\/tammetorubbq.ee\/wp-content\/uploads\/2024\/03\/kamado-joe-logo-300x40.webp\" alt=\"Kamado Joe logotipas\" width=\"218\" height=\"29\" srcset=\"https:\/\/tammetorubbq.ee\/wp-content\/uploads\/2024\/03\/kamado-joe-logo-300x40.webp 300w, https:\/\/tammetorubbq.ee\/wp-content\/uploads\/2024\/03\/kamado-joe-logo-768x104.webp 768w, https:\/\/tammetorubbq.ee\/wp-content\/uploads\/2024\/03\/kamado-joe-logo-18x2.webp 18w, https:\/\/tammetorubbq.ee\/wp-content\/uploads\/2024\/03\/kamado-joe-logo-600x81.webp 600w, https:\/\/tammetorubbq.ee\/wp-content\/uploads\/2024\/03\/kamado-joe-logo-64x9.webp 64w, https:\/\/tammetorubbq.ee\/wp-content\/uploads\/2024\/03\/kamado-joe-logo.webp 1024w\" sizes=\"auto, (max-width: 218px) 100vw, 218px\" \/><\/p>\n<p><a href=\"https:\/\/tammetorubbq.ee\/lt\/sumoketi-veliau\/\"><strong>PIRKITE DABAR, MOK\u0116KITE V\u0116LIAU<\/strong><\/a>\u00a0- be pal\u016bkan\u0173!<\/p>\n<p><img loading=\"lazy\" decoding=\"async\" class=\"alignnone wp-image-2646\" src=\"http:\/\/tammetorubbq.ee\/wp-content\/uploads\/2023\/12\/inbank-wordmark.png\" alt=\"Inbank\" width=\"167\" height=\"75\" srcset=\"https:\/\/tammetorubbq.ee\/wp-content\/uploads\/2023\/12\/inbank-wordmark.png 300w, https:\/\/tammetorubbq.ee\/wp-content\/uploads\/2023\/12\/inbank-wordmark-18x8.png 18w, https:\/\/tammetorubbq.ee\/wp-content\/uploads\/2023\/12\/inbank-wordmark-64x29.png 64w\" sizes=\"auto, (max-width: 167px) 100vw, 167px\" \/><\/p>\n<p>Taip pat si\u016blome galimyb\u0119 sumok\u0117ti v\u0117liau - viena, dviem arba trimis lygiomis dalimis be joki\u0173 pal\u016bkan\u0173 ar papildom\u0173 mokes\u010di\u0173.<\/p>\n<p>M\u016bs\u0173 pirkini\u0173 krep\u0161elyje rasite \u012fvairi\u0173 mok\u0117jimo b\u016bd\u0173 pasirinkim\u0105.<\/p>\n<h5><\/h5>","protected":false},"featured_media":2432,"comment_status":"open","ping_status":"closed","template":"","meta":{"_uf_show_specific_survey":0,"_uf_disable_surveys":false},"pwb-brand":[69],"product_brand":[],"product_cat":[55],"product_tag":[126,326,316,127,346,78],"class_list":{"0":"post-2430","1":"product","2":"type-product","3":"status-publish","4":"has-post-thumbnail","6":"pwb-brand-kamado-joe","7":"product_cat-keraamilised-grillid","8":"product_tag-kamado-joe","9":"product_tag-kamado-joe-big-joe","10":"product_tag-kamado-joe-keraamiline-grill","11":"product_tag-keraamilised-grillid","12":"product_tag-konnected-joe","13":"product_tag-soegrill","15":"first","16":"instock","17":"taxable","18":"shipping-taxable","19":"purchasable","20":"product-type-simple"},"brands":[{"id":69,"name":"Kamado Joe","slug":"kamado-joe"}],"_links":{"self":[{"href":"https:\/\/tammetorubbq.ee\/lt\/wp-json\/wp\/v2\/product\/2430","targetHints":{"allow":["GET"]}}],"collection":[{"href":"https:\/\/tammetorubbq.ee\/lt\/wp-json\/wp\/v2\/product"}],"about":[{"href":"https:\/\/tammetorubbq.ee\/lt\/wp-json\/wp\/v2\/types\/product"}],"replies":[{"embeddable":true,"href":"https:\/\/tammetorubbq.ee\/lt\/wp-json\/wp\/v2\/comments?post=2430"}],"wp:featuredmedia":[{"embeddable":true,"href":"https:\/\/tammetorubbq.ee\/lt\/wp-json\/wp\/v2\/media\/2432"}],"wp:attachment":[{"href":"https:\/\/tammetorubbq.ee\/lt\/wp-json\/wp\/v2\/media?parent=2430"}],"wp:term":[{"taxonomy":"pwb-brand","embeddable":true,"href":"https:\/\/tammetorubbq.ee\/lt\/wp-json\/wp\/v2\/pwb-brand?post=2430"},{"taxonomy":"product_brand","embeddable":true,"href":"https:\/\/tammetorubbq.ee\/lt\/wp-json\/wp\/v2\/product_brand?post=2430"},{"taxonomy":"product_cat","embeddable":true,"href":"https:\/\/tammetorubbq.ee\/lt\/wp-json\/wp\/v2\/product_cat?post=2430"},{"taxonomy":"product_tag","embeddable":true,"href":"https:\/\/tammetorubbq.ee\/lt\/wp-json\/wp\/v2\/product_tag?post=2430"}],"curies":[{"name":"wp","href":"https:\/\/api.w.org\/{rel}","templated":true}]}}