{"id":244,"date":"2023-11-28T19:20:17","date_gmt":"2023-11-28T16:20:17","guid":{"rendered":"https:\/\/tammetorubbq.ee\/?post_type=product&#038;p=244"},"modified":"2026-04-20T00:00:40","modified_gmt":"2026-04-19T21:00:40","slug":"texas-ultimate-steak-rub-prieskoniu-misinys","status":"publish","type":"product","link":"https:\/\/tammetorubbq.ee\/lt\/produktas\/texas-ultimate-steak-rub-prieskoniu-misinys\/","title":{"rendered":"A&amp;O Texas Steak Rub 250g"},"content":{"rendered":"<p>Sudedamosios dalys:<br \/>\nPipirai, druska, salier\u0173 druska, cukrus, \u010desnakai, svog\u016bnai, raudon\u0117liai, lauro lapai, kmynai, hidrolizuoti augaliniai baltymai, soja, E621 ir E631.<\/p>","protected":false},"excerpt":{"rendered":"<p>Pakelkite maisto gaminimo lyg\u012f.<br \/>\nKad m\u0117sa nesuangl\u0117t\u0173, prieskonius d\u0117kite paskutiniu kepimo etapu, kad m\u0117sos \u0161iluma sugert\u0173 aromatus. Geriausias patarimas - m\u0117s\u0105 pagardinti prie\u0161 pjaustant.<\/p>","protected":false},"featured_media":265,"comment_status":"open","ping_status":"closed","template":"","meta":{"_uf_show_specific_survey":0,"_uf_disable_surveys":false},"pwb-brand":[],"product_brand":[],"product_cat":[21],"product_tag":[123,119,165],"class_list":{"0":"post-244","1":"product","2":"type-product","3":"status-publish","4":"has-post-thumbnail","6":"product_cat-maitseainesegud","7":"product_tag-steik","8":"product_tag-veiseliha","9":"product_tag-veiseribi","11":"first","12":"instock","13":"featured","14":"taxable","15":"shipping-taxable","16":"purchasable","17":"product-type-simple"},"brands":[],"_links":{"self":[{"href":"https:\/\/tammetorubbq.ee\/lt\/wp-json\/wp\/v2\/product\/244","targetHints":{"allow":["GET"]}}],"collection":[{"href":"https:\/\/tammetorubbq.ee\/lt\/wp-json\/wp\/v2\/product"}],"about":[{"href":"https:\/\/tammetorubbq.ee\/lt\/wp-json\/wp\/v2\/types\/product"}],"replies":[{"embeddable":true,"href":"https:\/\/tammetorubbq.ee\/lt\/wp-json\/wp\/v2\/comments?post=244"}],"wp:featuredmedia":[{"embeddable":true,"href":"https:\/\/tammetorubbq.ee\/lt\/wp-json\/wp\/v2\/media\/265"}],"wp:attachment":[{"href":"https:\/\/tammetorubbq.ee\/lt\/wp-json\/wp\/v2\/media?parent=244"}],"wp:term":[{"taxonomy":"pwb-brand","embeddable":true,"href":"https:\/\/tammetorubbq.ee\/lt\/wp-json\/wp\/v2\/pwb-brand?post=244"},{"taxonomy":"product_brand","embeddable":true,"href":"https:\/\/tammetorubbq.ee\/lt\/wp-json\/wp\/v2\/product_brand?post=244"},{"taxonomy":"product_cat","embeddable":true,"href":"https:\/\/tammetorubbq.ee\/lt\/wp-json\/wp\/v2\/product_cat?post=244"},{"taxonomy":"product_tag","embeddable":true,"href":"https:\/\/tammetorubbq.ee\/lt\/wp-json\/wp\/v2\/product_tag?post=244"}],"curies":[{"name":"wp","href":"https:\/\/api.w.org\/{rel}","templated":true}]}}