{"id":2494,"date":"2025-02-20T11:20:15","date_gmt":"2025-02-20T09:20:15","guid":{"rendered":"https:\/\/tammetorubbq.ee\/?post_type=product&#038;p=2494"},"modified":"2026-04-14T22:00:22","modified_gmt":"2026-04-14T19:00:22","slug":"kosmos-q-purvinas-paukstis-vistienos-karstas-itrinimas-311g","status":"publish","type":"product","link":"https:\/\/tammetorubbq.ee\/lt\/produktas\/kosmos-q-purvinas-paukstis-vistienos-karstas-itrinimas-311g\/","title":{"rendered":"Kosmo's Q Dirty Bird Chicken HOT Rub 311g"},"content":{"rendered":"<p>Sudedamosios dalys: druska, cukrus, aitriosios paprikos ir kiti prieskoniai, rudasis cukrus, paprika, \u010desnak\u0173 milteliai, dehidratuoti svog\u016bnai, dinatrio inozinatas ir dinatrio guanilatas, ne daugiau kaip 2% trikalcio fosfato, kad nesulipt\u0173.<\/p>","protected":false},"excerpt":{"rendered":"<p><strong>Ne\u0161varus pauk\u0161tis - TAIP PAT SKAITYKITE!<\/strong><\/p>\n<p>\"Kosmos Q Dirty Bird Hot\" - tai a\u0161tresn\u0117 \"Dirty Bird\" mi\u0161inio versija.<\/p>\n<p>Tai pasiekiama padidinus aitriosios paprikos ir keleto kit\u0173 prieskoni\u0173 kiek\u012f.<\/p>\n<p><span style=\"color: #ff0000;\"><strong>\u0160ioje rubrikoje \"ne\u0161varus pauk\u0161tis\" yra ypa\u010d \"ne\u0161varus\".<\/strong><\/span><\/p>\n<p>&nbsp;<\/p>\n<p><img loading=\"lazy\" decoding=\"async\" class=\"wp-image-1698\" src=\"http:\/\/tammetorubbq.ee\/wp-content\/uploads\/2024\/05\/Kosmos-Q-logo.avif\" alt=\"Kosmo Q\" width=\"144\" height=\"108\" srcset=\"https:\/\/tammetorubbq.ee\/wp-content\/uploads\/2024\/05\/Kosmos-Q-logo.avif 258w, https:\/\/tammetorubbq.ee\/wp-content\/uploads\/2024\/05\/Kosmos-Q-logo-16x12.avif 16w, https:\/\/tammetorubbq.ee\/wp-content\/uploads\/2024\/05\/Kosmos-Q-logo-64x48.avif 64w\" sizes=\"auto, (max-width: 144px) 100vw, 144px\" \/><\/p>\n<p>&nbsp;<\/p>","protected":false},"featured_media":6622,"comment_status":"open","ping_status":"closed","template":"","meta":{"_uf_show_specific_survey":0,"_uf_disable_surveys":false},"pwb-brand":[81],"product_brand":[],"product_cat":[21],"product_tag":[],"class_list":{"0":"post-2494","1":"product","2":"type-product","3":"status-publish","4":"has-post-thumbnail","6":"pwb-brand-kosmos-q","7":"product_cat-maitseainesegud","9":"first","10":"instock","11":"taxable","12":"shipping-taxable","13":"purchasable","14":"product-type-simple"},"brands":[{"id":81,"name":"Kosmo's Q","slug":"kosmos-q"}],"_links":{"self":[{"href":"https:\/\/tammetorubbq.ee\/lt\/wp-json\/wp\/v2\/product\/2494","targetHints":{"allow":["GET"]}}],"collection":[{"href":"https:\/\/tammetorubbq.ee\/lt\/wp-json\/wp\/v2\/product"}],"about":[{"href":"https:\/\/tammetorubbq.ee\/lt\/wp-json\/wp\/v2\/types\/product"}],"replies":[{"embeddable":true,"href":"https:\/\/tammetorubbq.ee\/lt\/wp-json\/wp\/v2\/comments?post=2494"}],"wp:featuredmedia":[{"embeddable":true,"href":"https:\/\/tammetorubbq.ee\/lt\/wp-json\/wp\/v2\/media\/6622"}],"wp:attachment":[{"href":"https:\/\/tammetorubbq.ee\/lt\/wp-json\/wp\/v2\/media?parent=2494"}],"wp:term":[{"taxonomy":"pwb-brand","embeddable":true,"href":"https:\/\/tammetorubbq.ee\/lt\/wp-json\/wp\/v2\/pwb-brand?post=2494"},{"taxonomy":"product_brand","embeddable":true,"href":"https:\/\/tammetorubbq.ee\/lt\/wp-json\/wp\/v2\/product_brand?post=2494"},{"taxonomy":"product_cat","embeddable":true,"href":"https:\/\/tammetorubbq.ee\/lt\/wp-json\/wp\/v2\/product_cat?post=2494"},{"taxonomy":"product_tag","embeddable":true,"href":"https:\/\/tammetorubbq.ee\/lt\/wp-json\/wp\/v2\/product_tag?post=2494"}],"curies":[{"name":"wp","href":"https:\/\/api.w.org\/{rel}","templated":true}]}}