{"id":2520,"date":"2025-03-14T12:02:13","date_gmt":"2025-03-14T10:02:13","guid":{"rendered":"https:\/\/tammetorubbq.ee\/?post_type=product&#038;p=2520"},"modified":"2026-04-15T00:00:08","modified_gmt":"2026-04-14T21:00:08","slug":"roosters-championship-sweet-heat-rub-323g","status":"publish","type":"product","link":"https:\/\/tammetorubbq.ee\/lt\/produktas\/roosters-championship-sweet-heat-rub-323g\/","title":{"rendered":"\"Roosters Championship Sweet Heat Rub\" 323g"},"content":{"rendered":"<p>Sud\u0117tis: rudasis cukrus, prieskoniai, \u012fskaitant aitri\u0105sias paprikas, druska, svog\u016bnai, \u010desnakai ir ne daugiau kaip 2% trikalcio fosfato, kad nesulipt\u0173.<\/p>","protected":false},"excerpt":{"rendered":"<p><span style=\"color: #0000ff;\"><strong>Saldus ir a\u0161trus!<\/strong><\/span><\/p>\n<p>\"The Roosters\" yra m\u016bs\u0173 naujokas. Visi j\u0173 turimi rubinai yra labai skan\u016bs, bet tai vadinamieji. Ta\u010diau tai yra \"viskas viename\" trintukas, tod\u0117l u\u017etepkite jo ant m\u0117sos ir gausite daugiau, o tai rei\u0161kia, kad visi ingredient\u0173 santykiai yra pagal j\u0173 skon\u012f... \u012fskaitant a\u0161trum\u0105 - su juo b\u016bkite atsarg\u016bs.<\/p>\n<p>Tinka vi\u0161tienai ir kiaulienai.<\/p>\n<p><img loading=\"lazy\" decoding=\"async\" class=\"size-full wp-image-2521\" src=\"http:\/\/tammetorubbq.ee\/wp-content\/uploads\/2025\/03\/Roosters-Logo.png\" alt=\"Gaid\u017eiai BBQ\" width=\"162\" height=\"172\" srcset=\"https:\/\/tammetorubbq.ee\/wp-content\/uploads\/2025\/03\/Roosters-Logo.png 162w, https:\/\/tammetorubbq.ee\/wp-content\/uploads\/2025\/03\/Roosters-Logo-11x12.png 11w, https:\/\/tammetorubbq.ee\/wp-content\/uploads\/2025\/03\/Roosters-Logo-64x68.png 64w\" sizes=\"auto, (max-width: 162px) 100vw, 162px\" \/><\/p>\n<p>&nbsp;<\/p>","protected":false},"featured_media":2552,"comment_status":"open","ping_status":"closed","template":"","meta":{"_uf_show_specific_survey":0,"_uf_disable_surveys":false},"pwb-brand":[104],"product_brand":[],"product_cat":[21,20],"product_tag":[],"class_list":{"0":"post-2520","1":"product","2":"type-product","3":"status-publish","4":"has-post-thumbnail","6":"pwb-brand-roosters","7":"product_cat-maitseainesegud","8":"product_cat-kampaania","10":"first","11":"instock","12":"sale","13":"taxable","14":"shipping-taxable","15":"purchasable","16":"product-type-simple"},"brands":[{"id":104,"name":"Gaid\u017eiai","slug":"roosters"}],"_links":{"self":[{"href":"https:\/\/tammetorubbq.ee\/lt\/wp-json\/wp\/v2\/product\/2520","targetHints":{"allow":["GET"]}}],"collection":[{"href":"https:\/\/tammetorubbq.ee\/lt\/wp-json\/wp\/v2\/product"}],"about":[{"href":"https:\/\/tammetorubbq.ee\/lt\/wp-json\/wp\/v2\/types\/product"}],"replies":[{"embeddable":true,"href":"https:\/\/tammetorubbq.ee\/lt\/wp-json\/wp\/v2\/comments?post=2520"}],"wp:featuredmedia":[{"embeddable":true,"href":"https:\/\/tammetorubbq.ee\/lt\/wp-json\/wp\/v2\/media\/2552"}],"wp:attachment":[{"href":"https:\/\/tammetorubbq.ee\/lt\/wp-json\/wp\/v2\/media?parent=2520"}],"wp:term":[{"taxonomy":"pwb-brand","embeddable":true,"href":"https:\/\/tammetorubbq.ee\/lt\/wp-json\/wp\/v2\/pwb-brand?post=2520"},{"taxonomy":"product_brand","embeddable":true,"href":"https:\/\/tammetorubbq.ee\/lt\/wp-json\/wp\/v2\/product_brand?post=2520"},{"taxonomy":"product_cat","embeddable":true,"href":"https:\/\/tammetorubbq.ee\/lt\/wp-json\/wp\/v2\/product_cat?post=2520"},{"taxonomy":"product_tag","embeddable":true,"href":"https:\/\/tammetorubbq.ee\/lt\/wp-json\/wp\/v2\/product_tag?post=2520"}],"curies":[{"name":"wp","href":"https:\/\/api.w.org\/{rel}","templated":true}]}}