{"id":253,"date":"2023-11-29T08:31:15","date_gmt":"2023-11-29T05:31:15","guid":{"rendered":"https:\/\/tammetorubbq.ee\/?post_type=product&#038;p=253"},"modified":"2026-04-19T19:00:48","modified_gmt":"2026-04-19T16:00:48","slug":"hella-nashty-nashville-hot-seasoning-prieskoniu-misinys","status":"publish","type":"product","link":"https:\/\/tammetorubbq.ee\/lt\/produktas\/hella-nashty-nashville-hot-seasoning-prieskoniu-misinys\/","title":{"rendered":"A&amp;O Hella Nashty Nashville Hot Rub 200g"},"content":{"rendered":"<p>Sudedamosios dalys: cukrus, druska, paprika, juodieji pipirai, salier\u0173 druska, aitriosios paprikos, svog\u016bnai, \u010desnakai, citrinos, ciber\u017eol\u0117s, citrinos r\u016bg\u0161tis, bazilikai, raudon\u0117liai, kmynai, natrio glutamatas, dinatrio inozinatas, silicio dioksidas.<\/p>\n<p>&nbsp;<\/p>\n<div class=\"x11i5rnm xat24cr x1mh8g0r x1vvkbs xtlvy1s x126k92a\">\n<div dir=\"auto\"><strong>Ne\u0161vilio kar\u0161ti vi\u0161tienos sparneliai - Angus &amp; Oink Hella Nashty stilius \ud83d\udd25<\/strong><\/div>\n<\/div>\n<div class=\"x11i5rnm xat24cr x1mh8g0r x1vvkbs xtlvy1s x126k92a\">\n<div dir=\"auto\"><\/div>\n<div dir=\"auto\"><strong>Sudedamosios dalys<\/strong>:<\/div>\n<div dir=\"auto\">-1 kg vi\u0161tienos sparneli\u0173 (arba vi\u0161tienos blauzdeli\u0173, jei norite)<\/div>\n<div dir=\"auto\">-2-3 spl Angus &amp; Oink Hella Nashty Nashville Hot rubs<\/div>\n<div dir=\"auto\">-1 valgomasis \u0161auk\u0161tas alyvuogi\u0173 aliejaus<\/div>\n<div dir=\"auto\">-1 arbatinis \u0161auk\u0161telis druskos (neprivaloma - \u012ftrinti jau yra gana skanu)<\/div>\n<div dir=\"auto\">-Patiekti su sviestu: marinuotais agurkais, bangini\u0173 grietin\u0117l\u0117s pada\u017eu arba brioche bandel\u0117mis.<\/div>\n<\/div>\n<div class=\"x11i5rnm xat24cr x1mh8g0r x1vvkbs xtlvy1s x126k92a\">\n<div dir=\"auto\"><\/div>\n<div dir=\"auto\"><strong>Paruo\u0161imas<\/strong>:<\/div>\n<div dir=\"auto\"><em><strong>1.<\/strong> <strong>Pasiruo\u0161imas<\/strong><\/em>:<\/div>\n<div dir=\"auto\">-Vi\u0161tienos sparnelius nusausinkite buitiniu popieriumi.<\/div>\n<div dir=\"auto\">-Sparnelius sud\u0117kite \u012f duben\u012f, u\u017epilkite alyvuogi\u0173 aliejumi ir \"Hella Nashty\" trintuvu. Tolygiai \u012fmasa\u017euokite.<\/div>\n<div dir=\"auto\">-Vi\u0161tienos sparnelius palikite marinuotis bent 1 valand\u0105 (arba per nakt\u012f \u0161aldytuve, kad skonis tikrai \u012fsigert\u0173).<\/div>\n<\/div>\n<div class=\"x11i5rnm xat24cr x1mh8g0r x1vvkbs xtlvy1s x126k92a\">\n<div dir=\"auto\"><strong><em>2. Kepimas (ant groteli\u0173 arba orkait\u0117je)<\/em><\/strong>:<\/div>\n<div dir=\"auto\">-Griliaus kepsnin\u0117je: kepkite netiesiogin\u0117je 180-200 \u00b0C temperat\u016broje apie 30-35 minutes, kol vidin\u0117 temperat\u016bra bus ne \u017eemesn\u0117 kaip 75 \u00b0C. Pabaigoje galite trumpam pakelti sparnelius tiesiai vir\u0161 ugnies, kad oda apskrust\u0173.<\/div>\n<div dir=\"auto\">-Orkait\u0117je: kepkite iki 200 \u00b0C \u012fkaitintoje orkait\u0117je 35-40 minu\u010di\u0173, kol sparneliai taps tra\u0161k\u016bs ir i\u0161keps. Jei norite, pabaigoje galite kelias minutes pakepinti ant groteli\u0173.<\/div>\n<\/div>\n<div class=\"x11i5rnm xat24cr x1mh8g0r x1vvkbs xtlvy1s x126k92a\">\n<div dir=\"auto\"><strong><em>3. Patiekimas<\/em><\/strong>:<\/div>\n<div dir=\"auto\">-Paruo\u0161tus sparnelius sud\u0117kite ant serviravimo pad\u0117klo.<\/div>\n<div dir=\"auto\">-Patiekite su marinuotais agurkais ir v\u0117sinan\u010diu pada\u017eu (pvz., grietin\u0117s, majonezo, krap\u0173 ir citrinos pada\u017eu) arba \u012fd\u0117kite brio\u0161in\u0119 bandel\u0119 ir pasigaminkite savo Ne\u0161vilio kar\u0161to vi\u0161tienos m\u0117sainio versij\u0105.<\/div>\n<div dir=\"auto\"><\/div>\n<\/div>\n<div class=\"x11i5rnm xat24cr x1mh8g0r x1vvkbs xtlvy1s x126k92a\">\n<div dir=\"auto\"><\/div>\n<\/div>","protected":false},"excerpt":{"rendered":"<p class=\"\" data-start=\"143\" data-end=\"386\">\"Angus &amp; Oink\" sukurtas a\u0161trus skoni\u0173 mi\u0161inys, \u012fkv\u0117ptas garsiosios Ne\u0161vilio kar\u0161tosios vi\u0161tienos.<br data-start=\"253\" data-end=\"256\" \/>\u0160iame mi\u0161inyje atsiskleid\u017eia autenti\u0161ki Amerikos piet\u0173 regiono skoniai, kuriuose harmoningai dera saldus, s\u016brus ir a\u0161trus skoniai.<\/p>\n<p class=\"\" data-start=\"388\" data-end=\"731\">\"Hella Nashty\" puikiai tinka vi\u0161tienai, kiaulienai ir kitiems ant groteli\u0173 keptiems patiekalams pagardinti. J\u012f galima naudoti kaip saus\u0105 marinat\u0105 arba mai\u0161yti su aliejumi, kad gautum\u0117te past\u0105 ar skyst\u0105 marinat\u0105. Kepant vi\u0161tien\u0105, rekomenduojama prieskonius sumai\u0161yti su miltais santykiu 80:20 arba paruo\u0161ti a\u0161tr\u0173 aliej\u0173, kuriame prie\u0161 patiekiant vi\u0161tien\u0105 pamirkyti.<\/p>\n<p class=\"\" data-start=\"733\" data-end=\"840\">Rezultatas - intensyvus ir a\u0161trus patiekalas - idealus pasirinkimas tiems, kurie vertina stiprius ir dr\u0105sius skonius.<\/p>\n<p data-start=\"733\" data-end=\"840\"><img loading=\"lazy\" decoding=\"async\" class=\"alignnone wp-image-279\" src=\"http:\/\/www.tammetorubbq.ee\/wp-content\/uploads\/2023\/11\/Angus-Oink.png\" alt=\"\" width=\"143\" height=\"143\" srcset=\"https:\/\/tammetorubbq.ee\/wp-content\/uploads\/2023\/11\/Angus-Oink.png 225w, https:\/\/tammetorubbq.ee\/wp-content\/uploads\/2023\/11\/Angus-Oink-150x150.png 150w, https:\/\/tammetorubbq.ee\/wp-content\/uploads\/2023\/11\/Angus-Oink-12x12.png 12w, https:\/\/tammetorubbq.ee\/wp-content\/uploads\/2023\/11\/Angus-Oink-64x64.png 64w\" sizes=\"auto, (max-width: 143px) 100vw, 143px\" \/><\/p>","protected":false},"featured_media":271,"comment_status":"open","ping_status":"closed","template":"","meta":{"_uf_show_specific_survey":0,"_uf_disable_surveys":false},"pwb-brand":[105],"product_brand":[],"product_cat":[21],"product_tag":[118,159,121,114],"class_list":{"0":"post-253","1":"product","2":"type-product","3":"status-publish","4":"has-post-thumbnail","6":"pwb-brand-angus-oink","7":"product_cat-maitseainesegud","8":"product_tag-kanaliha","9":"product_tag-kanatiivad","10":"product_tag-koogiviljad","11":"product_tag-sealiha","13":"first","14":"outofstock","15":"taxable","16":"shipping-taxable","17":"purchasable","18":"product-type-simple"},"brands":[{"id":105,"name":"Angus &amp; Oink","slug":"angus-oink"}],"_links":{"self":[{"href":"https:\/\/tammetorubbq.ee\/lt\/wp-json\/wp\/v2\/product\/253","targetHints":{"allow":["GET"]}}],"collection":[{"href":"https:\/\/tammetorubbq.ee\/lt\/wp-json\/wp\/v2\/product"}],"about":[{"href":"https:\/\/tammetorubbq.ee\/lt\/wp-json\/wp\/v2\/types\/product"}],"replies":[{"embeddable":true,"href":"https:\/\/tammetorubbq.ee\/lt\/wp-json\/wp\/v2\/comments?post=253"}],"wp:featuredmedia":[{"embeddable":true,"href":"https:\/\/tammetorubbq.ee\/lt\/wp-json\/wp\/v2\/media\/271"}],"wp:attachment":[{"href":"https:\/\/tammetorubbq.ee\/lt\/wp-json\/wp\/v2\/media?parent=253"}],"wp:term":[{"taxonomy":"pwb-brand","embeddable":true,"href":"https:\/\/tammetorubbq.ee\/lt\/wp-json\/wp\/v2\/pwb-brand?post=253"},{"taxonomy":"product_brand","embeddable":true,"href":"https:\/\/tammetorubbq.ee\/lt\/wp-json\/wp\/v2\/product_brand?post=253"},{"taxonomy":"product_cat","embeddable":true,"href":"https:\/\/tammetorubbq.ee\/lt\/wp-json\/wp\/v2\/product_cat?post=253"},{"taxonomy":"product_tag","embeddable":true,"href":"https:\/\/tammetorubbq.ee\/lt\/wp-json\/wp\/v2\/product_tag?post=253"}],"curies":[{"name":"wp","href":"https:\/\/api.w.org\/{rel}","templated":true}]}}