{"id":2566,"date":"2025-03-27T10:16:13","date_gmt":"2025-03-27T08:16:13","guid":{"rendered":"https:\/\/tammetorubbq.ee\/?post_type=product&#038;p=2566"},"modified":"2026-04-29T17:00:20","modified_gmt":"2026-04-29T14:00:20","slug":"inkbird-ibt-2x-2-zondai-skaitmeninis-termometras","status":"publish","type":"product","link":"https:\/\/tammetorubbq.ee\/lt\/toode\/inkbird-ibt-2x-2-sondiga-digitaalne-termomeeter\/","title":{"rendered":"Skaitmeninis termometras \"Inkbird IBT-2X\" su 2 zondais"},"content":{"rendered":"<p><strong data-start=\"531\" data-end=\"545\">Produkto pavadinimas:<\/strong> \"Inkbird IBT-2X<br data-start=\"560\" data-end=\"563\" \/><strong data-start=\"563\" data-end=\"572\">Tipas:<\/strong> Skaitmeninis maisto termometras<br data-start=\"600\" data-end=\"603\" \/><strong data-start=\"603\" data-end=\"614\">Zondai:<\/strong> 2 ner\u016bdijan\u010dio plieno zondai<br data-start=\"644\" data-end=\"647\" \/><strong data-start=\"647\" data-end=\"671\">Temperat\u016bros diapazonas:<\/strong> 0-300\u00b0C<br data-start=\"679\" data-end=\"682\" \/><strong data-start=\"682\" data-end=\"694\">Bendruomen\u0117:<\/strong> \"Bluetooth 4.0\", iki 50 m atstumas<br data-start=\"728\" data-end=\"731\" data-is-only-node=\"\" \/><strong data-start=\"731\" data-end=\"754\">Veikia su program\u0117le:<\/strong> \"Inkbird BBQ Go\" (iOS \/ Android)<br data-start=\"783\" data-end=\"786\" \/><strong data-start=\"786\" data-end=\"796\">Maitinimo \u0161altinis:<\/strong> 2 \u00d7 AAA baterijos (ne\u012ftrauktos \u012f komplekt\u0105)<br data-start=\"834\" data-end=\"837\" \/><strong data-start=\"837\" data-end=\"848\">Ekranas:<\/strong> LED<br data-start=\"852\" data-end=\"855\" \/><strong data-start=\"855\" data-end=\"868\">Patvirtinimas:<\/strong> Magnetinis tvirtinimas prie metalini\u0173 pavir\u0161i\u0173<br data-start=\"899\" data-end=\"902\" \/><strong data-start=\"902\" data-end=\"913\">Matmenys:<\/strong> 64 \u00d7 85 \u00d7 25 mm<br data-start=\"929\" data-end=\"932\" \/><strong data-start=\"932\" data-end=\"941\">Svoris:<\/strong> apie 170 g<br data-start=\"950\" data-end=\"953\" \/><strong data-start=\"953\" data-end=\"963\">Tinka:<\/strong> Skirtas kepti ant groteli\u0173, orkait\u0117je, r\u016bkyti ir naudoti grilyje<\/p>","protected":false},"excerpt":{"rendered":"<p>\"INKBIRD IBR-2X Smart\" yra i\u0161manusis belaidis skaitmeninis termometras, leid\u017eiantis steb\u0117ti maisto produkt\u0173 temperat\u016br\u0105 ne tik termometre, bet ir i\u0161maniajame telefone ar kompiuteryje. Tiesiog pasirinkite ruo\u0161iam\u0105 maist\u0105, nustatykite temperat\u016br\u0105 ir termometras prane\u0161, kada maistas bus paruo\u0161tas.<\/p>\n<p>- Labai patogu ilgai ar \u0161altuoju met\u0173 laiku gaminti maist\u0105 lauke, nes nereikia stov\u0117ti prie kepsnin\u0117s ir steb\u0117ti maisto vidaus temperat\u016bros.<\/p>\n<p>- Termometras suderinamas su telefonu per \"Bluetooth\".<\/p>\n<p>- IBT-2X i\u0161manusis termometras turi LED ekran\u0105, du ner\u016bdijan\u010dio plieno zondus ir vien\u0105 zondo laikikl\u012f.<\/p>\n<p>- Termometr\u0105 galite steb\u0117ti savo i\u0161maniajame \u012frenginyje atsisi\u0173sdami nemokam\u0105 program\u0117l\u0119 \"BBQ GO\" su temperat\u016bros vadovais. Galite nustatyti individuali\u0105 temperat\u016br\u0105 savo maistui. Be kit\u0173 funkcij\u0173, termometras turi laikmat\u012f ir ALARMO funkcij\u0105, jei temperat\u016bra netik\u0117tai pakilt\u0173 (- Temperat\u016bros diapazonas: 0-300 \u00b0C, galimas skirtumas +-1 \u00b0C).<\/p>\n<p>- Termometras turi b\u016bti apsaugotas nuo lietaus, tod\u0117l nepalikite jo be apsaugos.<\/p>\n<p><strong>Svarbu:<\/strong> Termometras skirtas naudoti tik ruo\u0161iant maist\u0105 netiesiogin\u0117je \u0161ilumoje. Laikykite zondo kabelius ir zondus atokiau nuo tiesioginio kar\u0161\u010dio.<\/p>\n<p>Idealiai tinka kepsnin\u0117ms, pvz.\u00a0<a href=\"https:\/\/tammetorubbq.ee\/lt\/kategorija\/kepsnines\/keramines-groteles\/\">Kamado Joe<\/a>, , <a href=\"https:\/\/tammetorubbq.ee\/lt\/?s=Napoleon&amp;post_type=product&amp;dgwt_wcas=1\">Napoleonas<\/a>, <a href=\"https:\/\/tammetorubbq.ee\/lt\/?s=Char-Griller&amp;post_type=product&amp;dgwt_wcas=1\">Char-Griller<\/a>, <a href=\"https:\/\/tammetorubbq.ee\/lt\/?s=Traeger+&amp;post_type=product&amp;dgwt_wcas=1\">Traeger<\/a> , <a href=\"https:\/\/tammetorubbq.ee\/lt\/?s=Ahja+Smoker&amp;post_type=product&amp;dgwt_wcas=1\">Ahja R\u016bkykl\u0117<\/a> ir t. t.<\/p>\n<p><img loading=\"lazy\" decoding=\"async\" class=\"alignnone wp-image-3250\" src=\"http:\/\/tammetorubbq.ee\/wp-content\/uploads\/2025\/05\/Inkbird-logo-PNG-300x85.png\" alt=\"\" width=\"176\" height=\"50\" srcset=\"https:\/\/tammetorubbq.ee\/wp-content\/uploads\/2025\/05\/Inkbird-logo-PNG-300x85.png 300w, https:\/\/tammetorubbq.ee\/wp-content\/uploads\/2025\/05\/Inkbird-logo-PNG-1024x290.png 1024w, https:\/\/tammetorubbq.ee\/wp-content\/uploads\/2025\/05\/Inkbird-logo-PNG-768x218.png 768w, https:\/\/tammetorubbq.ee\/wp-content\/uploads\/2025\/05\/Inkbird-logo-PNG-18x5.png 18w, https:\/\/tammetorubbq.ee\/wp-content\/uploads\/2025\/05\/Inkbird-logo-PNG-600x170.png 600w, https:\/\/tammetorubbq.ee\/wp-content\/uploads\/2025\/05\/Inkbird-logo-PNG-64x18.png 64w, https:\/\/tammetorubbq.ee\/wp-content\/uploads\/2025\/05\/Inkbird-logo-PNG.png 1192w\" sizes=\"auto, (max-width: 176px) 100vw, 176px\" \/><\/p>","protected":false},"featured_media":2567,"comment_status":"open","ping_status":"closed","template":"","meta":{"_uf_show_specific_survey":0,"_uf_disable_surveys":false},"pwb-brand":[67],"product_brand":[],"product_cat":[66,30],"product_tag":[134,116,115],"class_list":{"0":"post-2566","1":"product","2":"type-product","3":"status-publish","4":"has-post-thumbnail","6":"pwb-brand-inkbird","7":"product_cat-termomeetrid","8":"product_cat-grillimise-tarvikud","9":"product_tag-grillimise-tarvikud","10":"product_tag-inkbird","11":"product_tag-termomeeter","13":"first","14":"outofstock","15":"taxable","16":"shipping-taxable","17":"purchasable","18":"product-type-simple"},"brands":[{"id":67,"name":"Inkbird","slug":"inkbird"}],"_links":{"self":[{"href":"https:\/\/tammetorubbq.ee\/lt\/wp-json\/wp\/v2\/product\/2566","targetHints":{"allow":["GET"]}}],"collection":[{"href":"https:\/\/tammetorubbq.ee\/lt\/wp-json\/wp\/v2\/product"}],"about":[{"href":"https:\/\/tammetorubbq.ee\/lt\/wp-json\/wp\/v2\/types\/product"}],"replies":[{"embeddable":true,"href":"https:\/\/tammetorubbq.ee\/lt\/wp-json\/wp\/v2\/comments?post=2566"}],"wp:featuredmedia":[{"embeddable":true,"href":"https:\/\/tammetorubbq.ee\/lt\/wp-json\/wp\/v2\/media\/2567"}],"wp:attachment":[{"href":"https:\/\/tammetorubbq.ee\/lt\/wp-json\/wp\/v2\/media?parent=2566"}],"wp:term":[{"taxonomy":"pwb-brand","embeddable":true,"href":"https:\/\/tammetorubbq.ee\/lt\/wp-json\/wp\/v2\/pwb-brand?post=2566"},{"taxonomy":"product_brand","embeddable":true,"href":"https:\/\/tammetorubbq.ee\/lt\/wp-json\/wp\/v2\/product_brand?post=2566"},{"taxonomy":"product_cat","embeddable":true,"href":"https:\/\/tammetorubbq.ee\/lt\/wp-json\/wp\/v2\/product_cat?post=2566"},{"taxonomy":"product_tag","embeddable":true,"href":"https:\/\/tammetorubbq.ee\/lt\/wp-json\/wp\/v2\/product_tag?post=2566"}],"curies":[{"name":"wp","href":"https:\/\/api.w.org\/{rel}","templated":true}]}}