{"id":2572,"date":"2025-03-27T10:35:00","date_gmt":"2025-03-27T08:35:00","guid":{"rendered":"https:\/\/tammetorubbq.ee\/?post_type=product&#038;p=2572"},"modified":"2026-04-15T03:00:18","modified_gmt":"2026-04-15T00:00:18","slug":"ao-savarmos-itrinimas-210g","status":"publish","type":"product","link":"https:\/\/tammetorubbq.ee\/lt\/produktas\/ao-savarmos-itrinimas-210g\/","title":{"rendered":"A&amp;O Shawarma Rub 210g"},"content":{"rendered":"<p><strong>Sudedamosios dalys<\/strong>: druska, cukrus, juodieji pipirai, gvazdik\u0117liai, kardamonas, pankolio s\u0117klos, kmyn\u0173 milteliai, kumino s\u0117klos, \u017evaig\u017edinis any\u017eius, o\u017erag\u0117s milteliai, cinamonas, citrinos milteliai, bazilikas, ciber\u017eol\u0117, ispani\u0161ka sald\u017eioji paprika, petra\u017eol\u0117s.<\/p>\n<p>Svoris: 210 g<\/p>","protected":false},"excerpt":{"rendered":"<p>\"Angus &amp; Oink\" su ypa\u010d stipriu aromatu. I\u0161 Indijos, \u0160iaur\u0117s Afrikos ir Europos kil\u0119 prieskoniai dera tarpusavyje ir sukuria burnoje tirpstant\u012f skon\u012f.<\/p>\n<p>Subalansuotas prieskoni\u0173 mi\u0161inys, puikiai tinkantis avienai, vi\u0161tienai ir kebabams.<\/p>\n<p><img loading=\"lazy\" decoding=\"async\" class=\"alignnone wp-image-279\" src=\"http:\/\/tammetorubbq.ee\/wp-content\/uploads\/2023\/11\/Angus-Oink.png\" alt=\"\" width=\"137\" height=\"137\" srcset=\"https:\/\/tammetorubbq.ee\/wp-content\/uploads\/2023\/11\/Angus-Oink.png 225w, https:\/\/tammetorubbq.ee\/wp-content\/uploads\/2023\/11\/Angus-Oink-150x150.png 150w, https:\/\/tammetorubbq.ee\/wp-content\/uploads\/2023\/11\/Angus-Oink-12x12.png 12w, https:\/\/tammetorubbq.ee\/wp-content\/uploads\/2023\/11\/Angus-Oink-64x64.png 64w\" sizes=\"auto, (max-width: 137px) 100vw, 137px\" \/><\/p>","protected":false},"featured_media":2573,"comment_status":"open","ping_status":"closed","template":"","meta":{"_uf_show_specific_survey":0,"_uf_disable_surveys":false},"pwb-brand":[105],"product_brand":[],"product_cat":[21,20],"product_tag":[112,111],"class_list":{"0":"post-2572","1":"product","2":"type-product","3":"status-publish","4":"has-post-thumbnail","6":"pwb-brand-angus-oink","7":"product_cat-maitseainesegud","8":"product_cat-kampaania","9":"product_tag-lambaliha","10":"product_tag-maitseainesegu","12":"first","13":"instock","14":"sale","15":"taxable","16":"shipping-taxable","17":"purchasable","18":"product-type-simple"},"brands":[{"id":105,"name":"Angus &amp; Oink","slug":"angus-oink"}],"_links":{"self":[{"href":"https:\/\/tammetorubbq.ee\/lt\/wp-json\/wp\/v2\/product\/2572","targetHints":{"allow":["GET"]}}],"collection":[{"href":"https:\/\/tammetorubbq.ee\/lt\/wp-json\/wp\/v2\/product"}],"about":[{"href":"https:\/\/tammetorubbq.ee\/lt\/wp-json\/wp\/v2\/types\/product"}],"replies":[{"embeddable":true,"href":"https:\/\/tammetorubbq.ee\/lt\/wp-json\/wp\/v2\/comments?post=2572"}],"wp:featuredmedia":[{"embeddable":true,"href":"https:\/\/tammetorubbq.ee\/lt\/wp-json\/wp\/v2\/media\/2573"}],"wp:attachment":[{"href":"https:\/\/tammetorubbq.ee\/lt\/wp-json\/wp\/v2\/media?parent=2572"}],"wp:term":[{"taxonomy":"pwb-brand","embeddable":true,"href":"https:\/\/tammetorubbq.ee\/lt\/wp-json\/wp\/v2\/pwb-brand?post=2572"},{"taxonomy":"product_brand","embeddable":true,"href":"https:\/\/tammetorubbq.ee\/lt\/wp-json\/wp\/v2\/product_brand?post=2572"},{"taxonomy":"product_cat","embeddable":true,"href":"https:\/\/tammetorubbq.ee\/lt\/wp-json\/wp\/v2\/product_cat?post=2572"},{"taxonomy":"product_tag","embeddable":true,"href":"https:\/\/tammetorubbq.ee\/lt\/wp-json\/wp\/v2\/product_tag?post=2572"}],"curies":[{"name":"wp","href":"https:\/\/api.w.org\/{rel}","templated":true}]}}