{"id":2579,"date":"2025-03-27T10:56:48","date_gmt":"2025-03-27T08:56:48","guid":{"rendered":"https:\/\/tammetorubbq.ee\/?post_type=product&#038;p=2579"},"modified":"2026-04-15T01:00:15","modified_gmt":"2026-04-14T22:00:15","slug":"ao-red-house-bbq-glazura-300ml","status":"publish","type":"product","link":"https:\/\/tammetorubbq.ee\/lt\/produktas\/ao-red-house-bbq-glazura-300ml\/","title":{"rendered":"A&amp;O Red House BBQ glaz\u016bros pada\u017eas 300ml"},"content":{"rendered":"<p><strong>Sudedamosios dalys<\/strong>: cukrus, ke\u010dupas (fruktoz\u0117s sirupas, pomidor\u0173 pasta, actas, cukrus, druska, konservantas (kalio sorbatas), prieskoni\u0173 ir \u017eoleli\u0173 mi\u0161inys (PELENAS), obuoli\u0173 sidro actas, cukraus sirupas, obuoli\u0173 ir ananas\u0173 sultys, druska, paprika, aitriosios paprikos, juodieji pipirai, \u010desnakai, imbieras, vanil\u0117s ekstraktas, kmynai, kvapioji r\u016bkymo med\u017eiaga, tamarindas, cinamonas, \u010diobreliai, karamel\u0117, apelsin\u0173 esencija.<\/p>","protected":false},"excerpt":{"rendered":"<p>\"Angus &amp; Oink Red House\" pada\u017eas - tai saldus d\u016bminis BBQ glajus kiaulienai ir vi\u0161tienai.<\/p>\n<p>\u0160i\u0105 glaz\u016br\u0105 puikiai \u012fvertino profesional\u016bs BBQ ir grilio meistrai.<\/p>\n<p>Tinka prie \u0161onkauliuk\u0173, \u0161onin\u0117s, vi\u0161tienos, jautienos ir m\u0117saini\u0173.<\/p>\n<p>\ud83d\udca1 Patarimas profesionalams: jei norite pada\u017e\u0105 \u0161iek tiek suskystinti glaz\u016brai, trumpai pa\u0161ildykite j\u012f puode su \u0161auk\u0161tu vandens arba medaus.<\/p>\n<p><img loading=\"lazy\" decoding=\"async\" class=\"alignnone wp-image-279\" src=\"http:\/\/tammetorubbq.ee\/wp-content\/uploads\/2023\/11\/Angus-Oink.png\" alt=\"\" width=\"130\" height=\"130\" srcset=\"https:\/\/tammetorubbq.ee\/wp-content\/uploads\/2023\/11\/Angus-Oink.png 225w, https:\/\/tammetorubbq.ee\/wp-content\/uploads\/2023\/11\/Angus-Oink-150x150.png 150w, https:\/\/tammetorubbq.ee\/wp-content\/uploads\/2023\/11\/Angus-Oink-12x12.png 12w, https:\/\/tammetorubbq.ee\/wp-content\/uploads\/2023\/11\/Angus-Oink-64x64.png 64w\" sizes=\"auto, (max-width: 130px) 100vw, 130px\" \/><\/p>","protected":false},"featured_media":2580,"comment_status":"open","ping_status":"closed","template":"","meta":{"_uf_show_specific_survey":0,"_uf_disable_surveys":false},"pwb-brand":[105],"product_brand":[],"product_cat":[22,20],"product_tag":[118,159,114,122],"class_list":{"0":"post-2579","1":"product","2":"type-product","3":"status-publish","4":"has-post-thumbnail","6":"pwb-brand-angus-oink","7":"product_cat-kastmed-ja-marinaadid","8":"product_cat-kampaania","9":"product_tag-kanaliha","10":"product_tag-kanatiivad","11":"product_tag-sealiha","12":"product_tag-searibi","14":"first","15":"outofstock","16":"sale","17":"taxable","18":"shipping-taxable","19":"purchasable","20":"product-type-simple"},"brands":[{"id":105,"name":"Angus &amp; Oink","slug":"angus-oink"}],"_links":{"self":[{"href":"https:\/\/tammetorubbq.ee\/lt\/wp-json\/wp\/v2\/product\/2579","targetHints":{"allow":["GET"]}}],"collection":[{"href":"https:\/\/tammetorubbq.ee\/lt\/wp-json\/wp\/v2\/product"}],"about":[{"href":"https:\/\/tammetorubbq.ee\/lt\/wp-json\/wp\/v2\/types\/product"}],"replies":[{"embeddable":true,"href":"https:\/\/tammetorubbq.ee\/lt\/wp-json\/wp\/v2\/comments?post=2579"}],"wp:featuredmedia":[{"embeddable":true,"href":"https:\/\/tammetorubbq.ee\/lt\/wp-json\/wp\/v2\/media\/2580"}],"wp:attachment":[{"href":"https:\/\/tammetorubbq.ee\/lt\/wp-json\/wp\/v2\/media?parent=2579"}],"wp:term":[{"taxonomy":"pwb-brand","embeddable":true,"href":"https:\/\/tammetorubbq.ee\/lt\/wp-json\/wp\/v2\/pwb-brand?post=2579"},{"taxonomy":"product_brand","embeddable":true,"href":"https:\/\/tammetorubbq.ee\/lt\/wp-json\/wp\/v2\/product_brand?post=2579"},{"taxonomy":"product_cat","embeddable":true,"href":"https:\/\/tammetorubbq.ee\/lt\/wp-json\/wp\/v2\/product_cat?post=2579"},{"taxonomy":"product_tag","embeddable":true,"href":"https:\/\/tammetorubbq.ee\/lt\/wp-json\/wp\/v2\/product_tag?post=2579"}],"curies":[{"name":"wp","href":"https:\/\/api.w.org\/{rel}","templated":true}]}}