{"id":2654,"date":"2025-03-31T22:12:04","date_gmt":"2025-03-31T19:12:04","guid":{"rendered":"https:\/\/tammetorubbq.ee\/?post_type=product&#038;p=2654"},"modified":"2026-04-19T20:00:41","modified_gmt":"2026-04-19T17:00:41","slug":"hunsaker-vortex-drum-pro-rukykla","status":"publish","type":"product","link":"https:\/\/tammetorubbq.ee\/lt\/produktas\/hunsaker-vortex-drum-pro-rukykla\/","title":{"rendered":"\"Hunsaker Vortex Drum Pro Smoker"},"content":{"rendered":"<h3 data-start=\"0\" data-end=\"63\"><strong data-start=\"0\" data-end=\"61\">\"Hunsaker Smokers\" - naujov\u0117s ir kokyb\u0117 BBQ pasaulyje!<\/strong><\/h3>\n<p>\"Hunsaker Smokers\" yra amerikie\u010di\u0173 gamintojas, kurio specializacija - auk\u0161tos kokyb\u0117s r\u016bkyklos ir BBQ priedai. Naujovi\u0161ka \"Vortex\" technologija u\u017etikrina geresn\u012f oro sraut\u0105, tolygesn\u0119 temperat\u016br\u0105 ir puik\u0173 d\u016bm\u0173 skon\u012f. \"Hunsaker\" gaminiai skirti tiek profesionalams, tiek rimtiems BBQ entuziastams, pasi\u017eymi patvaria konstrukcija ir puikiu naudojimo patogumu.<\/p>\n<p data-start=\"309\" data-end=\"333\"><strong>Pagrindin\u0117s orkait\u0117s savyb\u0117s:<\/strong><\/p>\n<ul data-start=\"334\" data-end=\"1194\">\n<li data-start=\"334\" data-end=\"413\">\"Vortex\" angli\u0173 gaubtas u\u017etikrina tolyg\u0173 oro sraut\u0105 ir palaiko stabili\u0105 temperat\u016br\u0105.<\/li>\n<li data-start=\"510\" data-end=\"590\">D\u0117l u\u017erakinamo pasukamo rato r\u016bkykl\u0105 galima lengvai perkelti bet kuria kryptimi.<\/li>\n<li data-start=\"591\" data-end=\"684\">D\u0117l dideli\u0173 8\" galini\u0173 ratuk\u0173 orkait\u0119 lengva transportuoti net ant nelygaus pavir\u0161iaus.<\/li>\n<li data-start=\"685\" data-end=\"795\">Reguliuojama grilio stov\u0173 sistema leid\u017eia nustatyti norim\u0105 kepimo auk\u0161t\u012f (telpa iki 5 stov\u0173).<\/li>\n<li data-start=\"796\" data-end=\"879\">Stiprus grilio stovas u\u017etikrina patvarum\u0105 net ir kepant didesnius m\u0117sos gabalus.<\/li>\n<li data-start=\"880\" data-end=\"973\">D\u0117l atlenkiamo dang\u010dio sistemos dangtis atidaromas be jokios papildomos atramos ir tiksliai u\u017edaromas.<\/li>\n<li data-start=\"974\" data-end=\"1111\">Prie kamino pritvirtintas termometras leid\u017eia tiksliai steb\u0117ti temperat\u016br\u0105 ir yra \u012frengtas taip, kad b\u016bt\u0173 kuo ma\u017eesn\u0117 \u017ealos rizika.<\/li>\n<li>Reguliuojamos oro sklend\u0117s tiksliai reguliuoja temperat\u016br\u0105.<\/li>\n<li data-start=\"1112\" data-end=\"1194\">Visi\u0161kai surinktas - paruo\u0161tas naudoti i\u0161 karto po pristatymo.<\/li>\n<li data-start=\"1112\" data-end=\"1194\">Lengva valyti ir pri\u017ei\u016br\u0117ti.<\/li>\n<\/ul>","protected":false},"excerpt":{"rendered":"<p data-start=\"37\" data-end=\"297\">\"Hunsaker Vortex Pro Smoke Oven\" (113,5 l) - tai profesionali cilindro formos r\u016bkymo krosnel\u0117, kurioje u\u017etikrinama tolygi temperat\u016bra ir maksimalus r\u016bkymo skonis. Naujovi\u0161ka \"Vortex\" technologija pagerina oro sraut\u0105 ir \u0161ilumos paskirstym\u0105, tod\u0117l m\u0117sa i\u0161kepa grei\u010diau ir tolygiau.<\/p>\n<p data-start=\"37\" data-end=\"297\">Viena s\u0117kmingiausi\u0173 Estijos BBQ komand\u0173 \"BBQ Symphony\" gamina su \u0161ia r\u016bkykla.<\/p>\n<p data-start=\"37\" data-end=\"297\">Be \"Hunsaker Vortex Pro Smoker\" r\u016bkyklos, rinkinyje yra grilio stovas , pakabinamas stovas su \u0161e\u0161iais kabliais ir oro s\u0105lygoms atsparus grilio dangtis.<\/p>\n<p data-start=\"37\" data-end=\"297\">Puikiai tinka \u0161onkauliukams, kr\u016btininei, vi\u0161tienai ir kitai BBQ m\u0117sai, suteikia autenti\u0161k\u0105 d\u016bmo skon\u012f ir aromat\u0105.<\/p>\n<p data-start=\"37\" data-end=\"297\"><img loading=\"lazy\" decoding=\"async\" class=\"alignnone wp-image-2655\" src=\"http:\/\/tammetorubbq.ee\/wp-content\/uploads\/2025\/03\/Hunsaker-Vortex-300x149.webp\" alt=\"Hunsakerio s\u016bkurys\" width=\"169\" height=\"84\" srcset=\"https:\/\/tammetorubbq.ee\/wp-content\/uploads\/2025\/03\/Hunsaker-Vortex-300x149.webp 300w, https:\/\/tammetorubbq.ee\/wp-content\/uploads\/2025\/03\/Hunsaker-Vortex-768x382.webp 768w, https:\/\/tammetorubbq.ee\/wp-content\/uploads\/2025\/03\/Hunsaker-Vortex-18x9.webp 18w, https:\/\/tammetorubbq.ee\/wp-content\/uploads\/2025\/03\/Hunsaker-Vortex-600x298.webp 600w, https:\/\/tammetorubbq.ee\/wp-content\/uploads\/2025\/03\/Hunsaker-Vortex-64x32.webp 64w, https:\/\/tammetorubbq.ee\/wp-content\/uploads\/2025\/03\/Hunsaker-Vortex.webp 780w\" sizes=\"auto, (max-width: 169px) 100vw, 169px\" \/><\/p>\n<p><a href=\"https:\/\/tammetorubbq.ee\/lt\/sumoketi-veliau\/\"><strong>PIRKITE DABAR, MOK\u0116KITE V\u0116LIAU<\/strong><\/a>\u00a0- be pal\u016bkan\u0173!<\/p>\n<p><img loading=\"lazy\" decoding=\"async\" class=\"alignnone wp-image-2646\" src=\"http:\/\/tammetorubbq.ee\/wp-content\/uploads\/2023\/12\/inbank-wordmark.png\" alt=\"Inbank\" width=\"169\" height=\"76\" srcset=\"https:\/\/tammetorubbq.ee\/wp-content\/uploads\/2023\/12\/inbank-wordmark.png 300w, https:\/\/tammetorubbq.ee\/wp-content\/uploads\/2023\/12\/inbank-wordmark-18x8.png 18w, https:\/\/tammetorubbq.ee\/wp-content\/uploads\/2023\/12\/inbank-wordmark-64x29.png 64w\" sizes=\"auto, (max-width: 169px) 100vw, 169px\" \/><\/p>\n<p>Taip pat si\u016blome galimyb\u0119 sumok\u0117ti v\u0117liau - viena, dviem arba trimis lygiomis dalimis be joki\u0173 pal\u016bkan\u0173 ar papildom\u0173 mokes\u010di\u0173.<\/p>\n<p>M\u016bs\u0173 pirkini\u0173 krep\u0161elyje rasite \u012fvairi\u0173 mok\u0117jimo b\u016bd\u0173 pasirinkim\u0105.<\/p>","protected":false},"featured_media":2656,"comment_status":"open","ping_status":"closed","template":"","meta":{"_uf_show_specific_survey":0,"_uf_disable_surveys":false},"pwb-brand":[107],"product_brand":[],"product_cat":[57],"product_tag":[77,143,76],"class_list":{"0":"post-2654","1":"product","2":"type-product","3":"status-publish","4":"has-post-thumbnail","6":"pwb-brand-hunsaker-smokers","7":"product_cat-bbq-suitsuahjud","8":"product_tag-bbq-ahi","9":"product_tag-hunsaker-vortex","10":"product_tag-suitsuahi","12":"first","13":"instock","14":"taxable","15":"shipping-taxable","16":"purchasable","17":"product-type-simple"},"brands":[{"id":107,"name":"\"Hunsaker\" r\u016bkyklos","slug":"hunsaker-smokers"}],"_links":{"self":[{"href":"https:\/\/tammetorubbq.ee\/lt\/wp-json\/wp\/v2\/product\/2654","targetHints":{"allow":["GET"]}}],"collection":[{"href":"https:\/\/tammetorubbq.ee\/lt\/wp-json\/wp\/v2\/product"}],"about":[{"href":"https:\/\/tammetorubbq.ee\/lt\/wp-json\/wp\/v2\/types\/product"}],"replies":[{"embeddable":true,"href":"https:\/\/tammetorubbq.ee\/lt\/wp-json\/wp\/v2\/comments?post=2654"}],"wp:featuredmedia":[{"embeddable":true,"href":"https:\/\/tammetorubbq.ee\/lt\/wp-json\/wp\/v2\/media\/2656"}],"wp:attachment":[{"href":"https:\/\/tammetorubbq.ee\/lt\/wp-json\/wp\/v2\/media?parent=2654"}],"wp:term":[{"taxonomy":"pwb-brand","embeddable":true,"href":"https:\/\/tammetorubbq.ee\/lt\/wp-json\/wp\/v2\/pwb-brand?post=2654"},{"taxonomy":"product_brand","embeddable":true,"href":"https:\/\/tammetorubbq.ee\/lt\/wp-json\/wp\/v2\/product_brand?post=2654"},{"taxonomy":"product_cat","embeddable":true,"href":"https:\/\/tammetorubbq.ee\/lt\/wp-json\/wp\/v2\/product_cat?post=2654"},{"taxonomy":"product_tag","embeddable":true,"href":"https:\/\/tammetorubbq.ee\/lt\/wp-json\/wp\/v2\/product_tag?post=2654"}],"curies":[{"name":"wp","href":"https:\/\/api.w.org\/{rel}","templated":true}]}}