{"id":2660,"date":"2025-03-31T22:45:55","date_gmt":"2025-03-31T19:45:55","guid":{"rendered":"https:\/\/tammetorubbq.ee\/?post_type=product&#038;p=2660"},"modified":"2026-04-17T00:00:05","modified_gmt":"2026-04-16T21:00:05","slug":"napoleon-rogue-eq-365-ismanioji-elektrine-kepsnine-su-bluetooth-ir-wi-fi-rysiu","status":"publish","type":"product","link":"https:\/\/tammetorubbq.ee\/lt\/produktas\/napoleon-rogue-eq-365-ismanioji-elektrine-kepsnine-su-bluetooth-ir-wi-fi-rysiu\/","title":{"rendered":"I\u0161manioji elektrin\u0117 kepsnin\u0117 \"Napoleon Rogue EQ 365"},"content":{"rendered":"<h3 data-start=\"0\" data-end=\"31\"><strong data-start=\"0\" data-end=\"31\">Kod\u0117l verta rinktis \"Napoleon\" kepsnin\u0119?<\/strong><\/h3>\n<p class=\"\" data-start=\"33\" data-end=\"253\">\"Napoleon\" yra Kanados \u0161eimos \u012fmon\u0117, kuri jau de\u0161imtme\u010dius daugiausia d\u0117mesio skiria auk\u0161tos kokyb\u0117s kepsnini\u0173 ir lauko maisto gaminimo sprendim\u0173 k\u016brimui. \u0160is prek\u0117s \u017eenklas visame pasaulyje \u017einomas d\u0117l patikimumo, naujovi\u0173 ir ilgaam\u017ei\u0161kumo.<\/p>\n<p class=\"\" data-start=\"255\" data-end=\"629\">Kiekviena \"Napoleon\" kepsnin\u0117 suprojektuota taip, kad u\u017etikrint\u0173 tiksli\u0105 kaitros kontrol\u0119, tvirt\u0105 konstrukcij\u0105 ir paprast\u0105 naudojim\u0105. Nesvarbu, ar tai b\u016bt\u0173 angli\u0173, duj\u0173, ar granuli\u0173 kepsnin\u0117, \"Napoleon\" derina modern\u0173 dizain\u0105 su prakti\u0161kais sprendimais: ner\u016bdijan\u010dio plieno degikliai, ketaus grotel\u0117s, JETFIRE\u2122 u\u017edegimo sistema, ACCU-PROBE\u2122 termometras ir \u012fmantr\u016bs laikymo sprendimai - tai tik keli pavyzd\u017eiai.<\/p>\n<p class=\"\" data-start=\"631\" data-end=\"859\">\"Napoleon\" asortimentas patenkina visus poreikius - nuo ne\u0161iojam\u0173j\u0173 modeli\u0173 iki visapusi\u0161k\u0173 lauko virtuvi\u0173. Jei vertinate patikimum\u0105, funkcionalum\u0105 ir galimyb\u0119 kepti ant groteli\u0173 i\u0161tisus metus, \"Napoleon\" yra tinkamas pasirinkimas.<\/p>\n<p class=\"\" data-start=\"750\" data-end=\"772\"><strong data-start=\"750\" data-end=\"772\">Pagrindin\u0117s kepsnin\u0117s savyb\u0117s:<\/strong><\/p>\n<ul data-start=\"773\" data-end=\"1286\">\n<li class=\"\" data-start=\"773\" data-end=\"795\">\n<p class=\"\" data-start=\"775\" data-end=\"795\">iki 700 \u00b0C kar\u0161\u010dio<\/p>\n<\/li>\n<li class=\"\" data-start=\"796\" data-end=\"827\">\n<p class=\"\" data-start=\"798\" data-end=\"827\">maitinimas: 220 V i\u0161 elektros tinklo<\/p>\n<\/li>\n<li class=\"\" data-start=\"828\" data-end=\"867\">\n<p class=\"\" data-start=\"830\" data-end=\"867\">3 nepriklausomai valdomos \u0161ildymo zonos<\/p>\n<\/li>\n<li class=\"\" data-start=\"868\" data-end=\"903\">\n<p class=\"\" data-start=\"870\" data-end=\"903\">\u012fmontuotas raumen\u0173 zondo prijungimas<\/p>\n<\/li>\n<li class=\"\" data-start=\"904\" data-end=\"973\">\n<p class=\"\" data-start=\"906\" data-end=\"973\">valdymas i\u0161 \u012frenginio skydelio arba i\u0161maniojo telefono (Bluetooth ir Wi-Fi)<\/p>\n<\/li>\n<li class=\"\" data-start=\"974\" data-end=\"1027\">\n<p class=\"\" data-start=\"976\" data-end=\"1027\">54 \u00d7 37 cm kepimo plotas (tinka iki 13 \u017emoni\u0173)<\/p>\n<\/li>\n<li class=\"\" data-start=\"1028\" data-end=\"1090\">\n<p class=\"\" data-start=\"1030\" data-end=\"1090\">integruotas termometras ir automatinis temperat\u016bros valdymas<\/p>\n<\/li>\n<li class=\"\" data-start=\"1091\" data-end=\"1131\">\n<p class=\"\" data-start=\"1093\" data-end=\"1131\">ap\u0161viesti valdikliai ir jutiklinis ekranas<\/p>\n<\/li>\n<li class=\"\" data-start=\"1132\" data-end=\"1211\">\n<p class=\"\" data-start=\"1134\" data-end=\"1211\">riebal\u0173 ir la\u0161\u0173 pad\u0117kliukai lengvai i\u0161imami ir tinkami plauti indaplov\u0117je.<\/p>\n<\/li>\n<li class=\"\" data-start=\"1212\" data-end=\"1286\">\n<p class=\"\" data-start=\"1214\" data-end=\"1286\">tinka balkonams, terasoms arba vietoms, kuriose draud\u017eiama naudoti atvir\u0105 ugn\u012f.<\/p>\n<\/li>\n<\/ul>","protected":false},"excerpt":{"rendered":"<p class=\"\" data-start=\"192\" data-end=\"415\">\"Napoleon Rogue EQ 365\" yra i\u0161mani elektrin\u0117 kepsnin\u0117 su \"Bluetooth\" ir \"Wi-Fi\" ry\u0161iu, taip pat pirmoji elektrin\u0117 kepsnin\u0117, kurios galingumas ir patirtis yra tokie pat kaip dujin\u0117s ar med\u017eio anglimi k\u016brenamos kepsnin\u0117s.<\/p>\n<p class=\"\" data-start=\"192\" data-end=\"415\"><strong>Jis skirtas kepti balkone, terasoje ar sode - visur, kur negalima naudoti duj\u0173 ar atviros ugnies.<\/strong><\/p>\n<p data-start=\"192\" data-end=\"415\">Grilis maitinamas i\u0161 220 V elektros tinklo ir \u012fkaista iki 700 \u00b0C, tod\u0117l puikiai tinka m\u0117sai apkepti ir tra\u0161kiems ant groteli\u0173 keptiems patiekalams ruo\u0161ti. Grilio galingum\u0105 ir temperat\u016br\u0105 valdo i\u0161manioji valdymo sistema, kuri\u0105 galima valdyti i\u0161 valdymo skydelio arba naudojant \"Napoleon\" program\u0117l\u0119 - naudojant \"Bluetooth\" ir \"Wi-Fi\" ry\u0161\u012f.<\/p>\n<p><img loading=\"lazy\" decoding=\"async\" class=\"wp-image-2098\" src=\"http:\/\/tammetorubbq.ee\/wp-content\/uploads\/2024\/11\/napoleon-gas-grills-logo-vector-1-300x124.png\" alt=\"&quot;Napoleon&quot; dujin\u0117s kepsnin\u0117s logotipas vektorius\" width=\"157\" height=\"65\" srcset=\"https:\/\/tammetorubbq.ee\/wp-content\/uploads\/2024\/11\/napoleon-gas-grills-logo-vector-1-300x124.png 300w, https:\/\/tammetorubbq.ee\/wp-content\/uploads\/2024\/11\/napoleon-gas-grills-logo-vector-1-768x317.png 768w, https:\/\/tammetorubbq.ee\/wp-content\/uploads\/2024\/11\/napoleon-gas-grills-logo-vector-1-18x7.png 18w, https:\/\/tammetorubbq.ee\/wp-content\/uploads\/2024\/11\/napoleon-gas-grills-logo-vector-1-600x248.png 600w, https:\/\/tammetorubbq.ee\/wp-content\/uploads\/2024\/11\/napoleon-gas-grills-logo-vector-1-64x26.png 64w, https:\/\/tammetorubbq.ee\/wp-content\/uploads\/2024\/11\/napoleon-gas-grills-logo-vector-1.png 847w\" sizes=\"auto, (max-width: 157px) 100vw, 157px\" \/><\/p>\n<p><a href=\"https:\/\/tammetorubbq.ee\/lt\/sumoketi-veliau\/\"><strong>PIRKITE DABAR, MOK\u0116KITE V\u0116LIAU<\/strong><\/a>\u00a0- be pal\u016bkan\u0173!<\/p>\n<p><img loading=\"lazy\" decoding=\"async\" class=\"alignnone wp-image-2646\" src=\"http:\/\/tammetorubbq.ee\/wp-content\/uploads\/2023\/12\/inbank-wordmark.png\" alt=\"Inbank\" width=\"169\" height=\"76\" srcset=\"https:\/\/tammetorubbq.ee\/wp-content\/uploads\/2023\/12\/inbank-wordmark.png 300w, https:\/\/tammetorubbq.ee\/wp-content\/uploads\/2023\/12\/inbank-wordmark-18x8.png 18w, https:\/\/tammetorubbq.ee\/wp-content\/uploads\/2023\/12\/inbank-wordmark-64x29.png 64w\" sizes=\"auto, (max-width: 169px) 100vw, 169px\" \/><\/p>\n<p>Taip pat si\u016blome galimyb\u0119 sumok\u0117ti v\u0117liau - viena, dviem arba trimis lygiomis dalimis be joki\u0173 pal\u016bkan\u0173 ar papildom\u0173 mokes\u010di\u0173.<\/p>\n<p>M\u016bs\u0173 pirkini\u0173 krep\u0161elyje rasite \u012fvairi\u0173 mok\u0117jimo b\u016bd\u0173 pasirinkim\u0105.<\/p>","protected":false},"featured_media":2661,"comment_status":"open","ping_status":"closed","template":"","meta":{"_uf_show_specific_survey":0,"_uf_disable_surveys":false},"pwb-brand":[101],"product_brand":[],"product_cat":[108],"product_tag":[109,148],"class_list":{"0":"post-2660","1":"product","2":"type-product","3":"status-publish","4":"has-post-thumbnail","6":"pwb-brand-napoleon","7":"product_cat-elektrigrillid","8":"product_tag-elektrigrill","9":"product_tag-napoleon","11":"first","12":"instock","13":"taxable","14":"shipping-taxable","15":"purchasable","16":"product-type-simple"},"brands":[{"id":101,"name":"Napoleonas","slug":"napoleonas"}],"_links":{"self":[{"href":"https:\/\/tammetorubbq.ee\/lt\/wp-json\/wp\/v2\/product\/2660","targetHints":{"allow":["GET"]}}],"collection":[{"href":"https:\/\/tammetorubbq.ee\/lt\/wp-json\/wp\/v2\/product"}],"about":[{"href":"https:\/\/tammetorubbq.ee\/lt\/wp-json\/wp\/v2\/types\/product"}],"replies":[{"embeddable":true,"href":"https:\/\/tammetorubbq.ee\/lt\/wp-json\/wp\/v2\/comments?post=2660"}],"wp:featuredmedia":[{"embeddable":true,"href":"https:\/\/tammetorubbq.ee\/lt\/wp-json\/wp\/v2\/media\/2661"}],"wp:attachment":[{"href":"https:\/\/tammetorubbq.ee\/lt\/wp-json\/wp\/v2\/media?parent=2660"}],"wp:term":[{"taxonomy":"pwb-brand","embeddable":true,"href":"https:\/\/tammetorubbq.ee\/lt\/wp-json\/wp\/v2\/pwb-brand?post=2660"},{"taxonomy":"product_brand","embeddable":true,"href":"https:\/\/tammetorubbq.ee\/lt\/wp-json\/wp\/v2\/product_brand?post=2660"},{"taxonomy":"product_cat","embeddable":true,"href":"https:\/\/tammetorubbq.ee\/lt\/wp-json\/wp\/v2\/product_cat?post=2660"},{"taxonomy":"product_tag","embeddable":true,"href":"https:\/\/tammetorubbq.ee\/lt\/wp-json\/wp\/v2\/product_tag?post=2660"}],"curies":[{"name":"wp","href":"https:\/\/api.w.org\/{rel}","templated":true}]}}