{"id":2675,"date":"2025-04-02T10:15:52","date_gmt":"2025-04-02T07:15:52","guid":{"rendered":"https:\/\/tammetorubbq.ee\/?post_type=product&#038;p=2675"},"modified":"2026-04-15T00:00:04","modified_gmt":"2026-04-14T21:00:04","slug":"napoleon-travelq-pro285x-nesiojamas-dujinis-grilis","status":"publish","type":"product","link":"https:\/\/tammetorubbq.ee\/lt\/produktas\/napoleon-travelq-pro285x-nesiojamas-dujinis-grilis\/","title":{"rendered":"\"Napoleon TravelQ PRO285X\" ne\u0161iojamas dujinis grilis"},"content":{"rendered":"<h3 data-start=\"0\" data-end=\"31\"><strong data-start=\"0\" data-end=\"31\">Kod\u0117l verta rinktis \"Napoleon\" kepsnin\u0119?<\/strong><\/h3>\n<p class=\"\" data-start=\"33\" data-end=\"253\">\"Napoleon\" yra Kanados \u0161eimos \u012fmon\u0117, kuri jau de\u0161imtme\u010dius daugiausia d\u0117mesio skiria auk\u0161tos kokyb\u0117s kepsnini\u0173 ir lauko maisto gaminimo sprendim\u0173 k\u016brimui. \u0160is prek\u0117s \u017eenklas visame pasaulyje \u017einomas d\u0117l patikimumo, naujovi\u0173 ir ilgaam\u017ei\u0161kumo.<\/p>\n<p class=\"\" data-start=\"255\" data-end=\"629\">Kiekviena \"Napoleon\" kepsnin\u0117 suprojektuota taip, kad u\u017etikrint\u0173 tiksli\u0105 kaitros kontrol\u0119, tvirt\u0105 konstrukcij\u0105 ir paprast\u0105 naudojim\u0105. Nesvarbu, ar tai b\u016bt\u0173 angli\u0173, duj\u0173, ar granuli\u0173 kepsnin\u0117, \"Napoleon\" derina modern\u0173 dizain\u0105 su prakti\u0161kais sprendimais: ner\u016bdijan\u010dio plieno degikliai, ketaus grotel\u0117s, JETFIRE\u2122 u\u017edegimo sistema, ACCU-PROBE\u2122 termometras ir \u012fmantr\u016bs laikymo sprendimai - tai tik keli pavyzd\u017eiai.<\/p>\n<p class=\"\" data-start=\"631\" data-end=\"859\">\"Napoleon\" asortimentas patenkina visus poreikius - nuo ne\u0161iojam\u0173j\u0173 modeli\u0173 iki visapusi\u0161k\u0173 lauko virtuvi\u0173. Jei vertinate patikimum\u0105, funkcionalum\u0105 ir galimyb\u0119 kepti ant groteli\u0173 i\u0161tisus metus, \"Napoleon\" yra tinkamas pasirinkimas.<\/p>\n<p class=\"\" data-start=\"74\" data-end=\"166\"><strong data-start=\"74\" data-end=\"166\">Funkcijos ir techniniai duomenys \u00a0<\/strong><\/p>\n<ul data-start=\"168\" data-end=\"731\" data-is-last-node=\"\" data-is-only-node=\"\">\n<li class=\"\" data-start=\"168\" data-end=\"186\">\n<p class=\"\" data-start=\"170\" data-end=\"186\">kuras: propanas<\/p>\n<\/li>\n<li class=\"\" data-start=\"187\" data-end=\"206\">\n<p class=\"\" data-start=\"189\" data-end=\"206\">galia: 4,1 kW<\/p>\n<\/li>\n<li class=\"\" data-start=\"207\" data-end=\"242\">\n<p class=\"\" data-start=\"209\" data-end=\"242\">2 ner\u016bdijan\u010dio plieno degikliai<\/p>\n<\/li>\n<li class=\"\" data-start=\"243\" data-end=\"305\">\n<p class=\"\" data-start=\"245\" data-end=\"305\">pagrindinis kepimo plotas: 54 \u00d7 37 cm<\/p>\n<\/li>\n<li class=\"\" data-start=\"306\" data-end=\"339\">\n<p class=\"\" data-start=\"308\" data-end=\"339\">bendras kepimo pavir\u0161ius: 1 840 cm\u00b2<\/p>\n<\/li>\n<li class=\"\" data-start=\"340\" data-end=\"382\">\n<p class=\"\" data-start=\"342\" data-end=\"382\">patvarus lieto aliuminio dangtis<\/p>\n<\/li>\n<li class=\"\" data-start=\"383\" data-end=\"424\">\n<p class=\"\" data-start=\"385\" data-end=\"424\">sulankstomas pagrindo r\u0117mas su dideliais ratais<\/p>\n<\/li>\n<li class=\"\" data-start=\"425\" data-end=\"473\">\n<p class=\"\" data-start=\"427\" data-end=\"473\">\u0161onin\u0117s lentynos su rank\u0161luos\u010di\u0173 ir pried\u0173 kabliukais<\/p>\n<\/li>\n<li class=\"\" data-start=\"474\" data-end=\"502\">\n<p class=\"\" data-start=\"476\" data-end=\"502\">ergonomi\u0161ki valdikliai<\/p>\n<\/li>\n<li class=\"\" data-start=\"503\" data-end=\"528\">\n<p class=\"\" data-start=\"505\" data-end=\"528\">JETFIRE\u2122 u\u017edegimo sistema<\/p>\n<\/li>\n<li class=\"\" data-start=\"529\" data-end=\"556\">\n<p class=\"\" data-start=\"531\" data-end=\"556\">\"Accu-Probe\u2122\" termometras<\/p>\n<\/li>\n<li class=\"\" data-start=\"557\" data-end=\"590\">\n<p class=\"\" data-start=\"559\" data-end=\"590\">lengvai valomas riebal\u0173 d\u0117klas<\/p>\n<\/li>\n<li class=\"\" data-start=\"591\" data-end=\"631\">\n<p class=\"\" data-start=\"593\" data-end=\"631\">sukimo strypas: nepateikiamas<\/p>\n<\/li>\n<li class=\"\" data-start=\"632\" data-end=\"667\">\n<p class=\"\" data-start=\"634\" data-end=\"667\">auk\u0161tis: 101 cm (131 cm atidarytas)<\/p>\n<\/li>\n<li class=\"\" data-start=\"668\" data-end=\"714\">\n<p class=\"\" data-start=\"670\" data-end=\"714\">plotis: 112 cm (108 cm nuleistos lentynos)<\/p>\n<\/li>\n<li class=\"\" data-start=\"715\" data-end=\"731\">\n<p class=\"\" data-start=\"717\" data-end=\"731\">gylis: 51 cm<\/p>\n<\/li>\n<\/ul>\n<p>&nbsp;<\/p>\n<p>Svoris: 24,3 kg<br \/>\nMatmenys: 43,2 \u00d7 54,6 \u00d7 110 cm<\/p>\n<p>&nbsp;<\/p>\n<p class=\"\" data-start=\"0\" data-end=\"53\"><em><strong data-start=\"0\" data-end=\"53\">\"TravelQ PRO285X\" ir \"Phantom PRO285X\" skirtumai<\/strong><\/em><\/p>\n<p class=\"\" data-start=\"55\" data-end=\"287\"><em>\"Phantom\" turi prabangi\u0105 matin\u0119 juod\u0105 apdail\u0105 (\u012fskaitant rankenas ir lentyn\u0117les) ir atlenkiam\u0105 pa\u0161ildymo lentyn\u0105, kad b\u016bt\u0173 galima geriau pasiekti kepsnin\u0119. Standartinis PRO285X modelis turi paprast\u0105 juod\u0105 apdail\u0105 ir neturi \u0161ios papildomos funkcijos.<\/em><\/p>","protected":false},"excerpt":{"rendered":"<p><strong>Ne\u0161iojamoji dujin\u0117 kepsnin\u0117 su sulankstomu r\u0117mu, 2 degikliai.<\/strong><\/p>\n<p class=\"\" data-start=\"95\" data-end=\"353\">\"Napoleon Phantom TravelQ PRO285X\" yra kompakti\u0161ka, ta\u010diau galinga dujin\u0117 kepsnin\u0117, puikiai tinkanti tiems, kurie vertina mobilum\u0105, stili\u0173 ir funkcionalum\u0105. Prabangi matin\u0117 juoda apdaila t\u0119siasi nuo kepsnin\u0117s dang\u010dio iki r\u0117mo, sukurdama vientis\u0105 ir i\u0161skirtin\u0119 i\u0161vaizd\u0105.<\/p>\n<p class=\"\" data-start=\"355\" data-end=\"616\">Du ner\u016bdijan\u010dio plieno degikliai, auk\u0161tas dang\u010dio kupolas ir kepimo zona su ketaus grotel\u0117mis leid\u017eia vienu metu i\u0161kepti iki 20 m\u0117saini\u0173 arba i\u0161kepti vis\u0105 vi\u0161tien\u0105, kalakut\u0105 ar jautienos kepsn\u012f. I\u0161traukiamas pa\u0161ildymo stovas susilanksto, kad prireikus atlaisvint\u0173 vis\u0105 kepimo pavir\u0161i\u0173.<\/p>\n<p class=\"\" data-start=\"618\" data-end=\"838\">D\u0117l sulankstomo r\u0117mo su dideliais ratais kepsnin\u0119 lengva perkelti \u012f bet koki\u0105 aplink\u0105. Patogus laikymas, greitas paruo\u0161imas ir saugus prijungimas prie duj\u0173 baliono paver\u010dia \u0161i\u0105 kepsnin\u0119 prakti\u0161ka ir mobilia kepsnine.<\/p>\n<p data-start=\"618\" data-end=\"838\">\u017dr. bro\u0161i\u016br\u0105\u00a0<a href=\"https:\/\/www.youtube.com\/watch?v=15P296JW2rs&amp;t=52s&amp;ab_channel=NapoleonProductsEurope\">vaizdo \u012fra\u0161ai<\/a>!<\/p>\n<p><img loading=\"lazy\" decoding=\"async\" class=\"wp-image-2098\" src=\"http:\/\/tammetorubbq.ee\/wp-content\/uploads\/2024\/11\/napoleon-gas-grills-logo-vector-1-300x124.png\" alt=\"&quot;Napoleon&quot; dujin\u0117s kepsnin\u0117s logotipas vektorius\" width=\"174\" height=\"72\" srcset=\"https:\/\/tammetorubbq.ee\/wp-content\/uploads\/2024\/11\/napoleon-gas-grills-logo-vector-1-300x124.png 300w, https:\/\/tammetorubbq.ee\/wp-content\/uploads\/2024\/11\/napoleon-gas-grills-logo-vector-1-768x317.png 768w, https:\/\/tammetorubbq.ee\/wp-content\/uploads\/2024\/11\/napoleon-gas-grills-logo-vector-1-18x7.png 18w, https:\/\/tammetorubbq.ee\/wp-content\/uploads\/2024\/11\/napoleon-gas-grills-logo-vector-1-600x248.png 600w, https:\/\/tammetorubbq.ee\/wp-content\/uploads\/2024\/11\/napoleon-gas-grills-logo-vector-1-64x26.png 64w, https:\/\/tammetorubbq.ee\/wp-content\/uploads\/2024\/11\/napoleon-gas-grills-logo-vector-1.png 847w\" sizes=\"auto, (max-width: 174px) 100vw, 174px\" \/><\/p>\n<p><a href=\"https:\/\/tammetorubbq.ee\/lt\/sumoketi-veliau\/\"><strong>PIRKITE DABAR, MOK\u0116KITE V\u0116LIAU<\/strong><\/a>\u00a0- be pal\u016bkan\u0173!<\/p>\n<p><img loading=\"lazy\" decoding=\"async\" class=\"alignnone wp-image-2646\" src=\"http:\/\/tammetorubbq.ee\/wp-content\/uploads\/2023\/12\/inbank-wordmark.png\" alt=\"Inbank\" width=\"164\" height=\"74\" srcset=\"https:\/\/tammetorubbq.ee\/wp-content\/uploads\/2023\/12\/inbank-wordmark.png 300w, https:\/\/tammetorubbq.ee\/wp-content\/uploads\/2023\/12\/inbank-wordmark-18x8.png 18w, https:\/\/tammetorubbq.ee\/wp-content\/uploads\/2023\/12\/inbank-wordmark-64x29.png 64w\" sizes=\"auto, (max-width: 164px) 100vw, 164px\" \/><\/p>\n<p>Taip pat si\u016blome galimyb\u0119 sumok\u0117ti v\u0117liau - viena, dviem arba trimis lygiomis dalimis be joki\u0173 pal\u016bkan\u0173 ar papildom\u0173 mokes\u010di\u0173.<\/p>\n<p>M\u016bs\u0173 pirkini\u0173 krep\u0161elyje rasite \u012fvairi\u0173 mok\u0117jimo b\u016bd\u0173 pasirinkim\u0105.<\/p>","protected":false},"featured_media":2676,"comment_status":"open","ping_status":"closed","template":"","meta":{"_uf_show_specific_survey":0,"_uf_disable_surveys":false},"pwb-brand":[101],"product_brand":[389],"product_cat":[100],"product_tag":[110,365,148,390],"class_list":{"0":"post-2675","1":"product","2":"type-product","3":"status-publish","4":"has-post-thumbnail","6":"pwb-brand-napoleon","7":"product_brand-napoleon","8":"product_cat-gaasigrillid","9":"product_tag-gaasigrill","10":"product_tag-napoleo-gaasigrill","11":"product_tag-napoleon","12":"product_tag-napoleon-travelq","14":"first","15":"instock","16":"taxable","17":"shipping-taxable","18":"purchasable","19":"product-type-simple"},"brands":[{"id":101,"name":"Napoleonas","slug":"napoleonas"}],"_links":{"self":[{"href":"https:\/\/tammetorubbq.ee\/lt\/wp-json\/wp\/v2\/product\/2675","targetHints":{"allow":["GET"]}}],"collection":[{"href":"https:\/\/tammetorubbq.ee\/lt\/wp-json\/wp\/v2\/product"}],"about":[{"href":"https:\/\/tammetorubbq.ee\/lt\/wp-json\/wp\/v2\/types\/product"}],"replies":[{"embeddable":true,"href":"https:\/\/tammetorubbq.ee\/lt\/wp-json\/wp\/v2\/comments?post=2675"}],"wp:featuredmedia":[{"embeddable":true,"href":"https:\/\/tammetorubbq.ee\/lt\/wp-json\/wp\/v2\/media\/2676"}],"wp:attachment":[{"href":"https:\/\/tammetorubbq.ee\/lt\/wp-json\/wp\/v2\/media?parent=2675"}],"wp:term":[{"taxonomy":"pwb-brand","embeddable":true,"href":"https:\/\/tammetorubbq.ee\/lt\/wp-json\/wp\/v2\/pwb-brand?post=2675"},{"taxonomy":"product_brand","embeddable":true,"href":"https:\/\/tammetorubbq.ee\/lt\/wp-json\/wp\/v2\/product_brand?post=2675"},{"taxonomy":"product_cat","embeddable":true,"href":"https:\/\/tammetorubbq.ee\/lt\/wp-json\/wp\/v2\/product_cat?post=2675"},{"taxonomy":"product_tag","embeddable":true,"href":"https:\/\/tammetorubbq.ee\/lt\/wp-json\/wp\/v2\/product_tag?post=2675"}],"curies":[{"name":"wp","href":"https:\/\/api.w.org\/{rel}","templated":true}]}}