{"id":2694,"date":"2025-04-02T13:39:02","date_gmt":"2025-04-02T10:39:02","guid":{"rendered":"https:\/\/tammetorubbq.ee\/?post_type=product&#038;p=2694"},"modified":"2026-04-15T06:00:03","modified_gmt":"2026-04-15T03:00:03","slug":"roosters-championship-sonkauliu-itrinimas-328g","status":"publish","type":"product","link":"https:\/\/tammetorubbq.ee\/lt\/produktas\/roosters-championship-sonkauliu-itrinimas-328g\/","title":{"rendered":"\"Roosters Championship Rib Rub\" 328g"},"content":{"rendered":"<p>Sudedamosios dalys:\u00a0<span class=\"Y2IQFc\" lang=\"et\">cukrus, druska, rudasis cukrus, paprika, prieskoniai, \u012fskaitant aitri\u0105sias paprikas, svog\u016bnus, \u010desnakus, ir ne daugiau kaip 2% trikalcio fosfato, kad nesulipt\u0173.<\/span><\/p>","protected":false},"excerpt":{"rendered":"<div class=\"x11i5rnm xat24cr x1mh8g0r x1vvkbs xtlvy1s x126k92a\">\n<h6 dir=\"auto\">\"Roosters Championship Rib Rub\" tikrai skamba kaip ka\u017ekas ypatingo! Atrodo, kad jie sutelk\u0117 d\u0117mes\u012f \u012f tai, kad m\u0117sos m\u0117g\u0117jams suteikt\u0173 visapusi\u0161k\u0105 ir subalansuot\u0105 skon\u012f.<\/h6>\n<\/div>\n<p dir=\"auto\">\"Viskas viename\" trintuve, kuriame jau yra visi b\u016btini ingredientai - druska, pipirai, cukrus ir prieskoni\u0173 mi\u0161inys - su \u0161iuo mi\u0161iniu dirbti labai paprasta ir greita.<\/p>\n<p dir=\"auto\">\u0160onkauliukams, kuri\u0173 m\u0117sa jau ir taip yra skani ir sultinga, \u0161is \u012ftrinimas neabejotinai suteiks dar daugiau skonio ir gilumo.<\/p>\n<p dir=\"auto\">A\u0161trumas, kuris i\u0161 prad\u017ei\u0173 gali atrodyti stiprus, bet m\u0117sai kepant susilpn\u0117ja ir tampa saldesnis, yra b\u016btent tai, ko daugelis m\u0117sos m\u0117g\u0117j\u0173 ie\u0161ko - subalansuoto ir ne per a\u0161traus skonio.<\/p>\n<p dir=\"auto\">Taip gal\u0117site m\u0117gautis gardumu, bet jo nepersistengsite. O kai j\u012f patvirtino Europos KCBS \u010dempionas, akivaizdu, kad kokyb\u0117s ir skonio po\u017ei\u016briu tai yra rimta produkcija!<\/p>\n<p dir=\"auto\">Ar band\u0117te \u0161\u012f \u012ftrinti \u0161onkauliukus?<\/p>\n<h5><img loading=\"lazy\" decoding=\"async\" class=\"wp-image-2521\" src=\"http:\/\/tammetorubbq.ee\/wp-content\/uploads\/2025\/03\/Roosters-Logo.png\" alt=\"Gaid\u017eiai BBQ\" width=\"117\" height=\"124\" srcset=\"https:\/\/tammetorubbq.ee\/wp-content\/uploads\/2025\/03\/Roosters-Logo.png 162w, https:\/\/tammetorubbq.ee\/wp-content\/uploads\/2025\/03\/Roosters-Logo-11x12.png 11w, https:\/\/tammetorubbq.ee\/wp-content\/uploads\/2025\/03\/Roosters-Logo-64x68.png 64w\" sizes=\"auto, (max-width: 117px) 100vw, 117px\" \/><\/h5>","protected":false},"featured_media":2696,"comment_status":"open","ping_status":"closed","template":"","meta":{"_uf_show_specific_survey":0,"_uf_disable_surveys":false},"pwb-brand":[104],"product_brand":[],"product_cat":[21,20],"product_tag":[113,114],"class_list":{"0":"post-2694","1":"product","2":"type-product","3":"status-publish","4":"has-post-thumbnail","6":"pwb-brand-roosters","7":"product_cat-maitseainesegud","8":"product_cat-kampaania","9":"product_tag-ribi","10":"product_tag-sealiha","12":"first","13":"instock","14":"sale","15":"taxable","16":"shipping-taxable","17":"purchasable","18":"product-type-simple"},"brands":[{"id":104,"name":"Gaid\u017eiai","slug":"roosters"}],"_links":{"self":[{"href":"https:\/\/tammetorubbq.ee\/lt\/wp-json\/wp\/v2\/product\/2694","targetHints":{"allow":["GET"]}}],"collection":[{"href":"https:\/\/tammetorubbq.ee\/lt\/wp-json\/wp\/v2\/product"}],"about":[{"href":"https:\/\/tammetorubbq.ee\/lt\/wp-json\/wp\/v2\/types\/product"}],"replies":[{"embeddable":true,"href":"https:\/\/tammetorubbq.ee\/lt\/wp-json\/wp\/v2\/comments?post=2694"}],"wp:featuredmedia":[{"embeddable":true,"href":"https:\/\/tammetorubbq.ee\/lt\/wp-json\/wp\/v2\/media\/2696"}],"wp:attachment":[{"href":"https:\/\/tammetorubbq.ee\/lt\/wp-json\/wp\/v2\/media?parent=2694"}],"wp:term":[{"taxonomy":"pwb-brand","embeddable":true,"href":"https:\/\/tammetorubbq.ee\/lt\/wp-json\/wp\/v2\/pwb-brand?post=2694"},{"taxonomy":"product_brand","embeddable":true,"href":"https:\/\/tammetorubbq.ee\/lt\/wp-json\/wp\/v2\/product_brand?post=2694"},{"taxonomy":"product_cat","embeddable":true,"href":"https:\/\/tammetorubbq.ee\/lt\/wp-json\/wp\/v2\/product_cat?post=2694"},{"taxonomy":"product_tag","embeddable":true,"href":"https:\/\/tammetorubbq.ee\/lt\/wp-json\/wp\/v2\/product_tag?post=2694"}],"curies":[{"name":"wp","href":"https:\/\/api.w.org\/{rel}","templated":true}]}}