{"id":2712,"date":"2025-04-03T19:40:21","date_gmt":"2025-04-03T16:40:21","guid":{"rendered":"https:\/\/tammetorubbq.ee\/?post_type=product&#038;p=2712"},"modified":"2026-04-15T03:00:22","modified_gmt":"2026-04-15T00:00:22","slug":"inkbird-zondo-tvirtinimas-2-vnt-vnt","status":"publish","type":"product","link":"https:\/\/tammetorubbq.ee\/lt\/produktas\/inkbird-zondo-tvirtinimas-2-vnt-vnt\/","title":{"rendered":"\"Inkbird\" universalus zondo laikiklis"},"content":{"rendered":"","protected":false},"excerpt":{"rendered":"<p>Universal\u016bs ner\u016bdijan\u010diojo plieno grilio stovo spaustuvai, skirti zondams ir temperat\u016bros jutikliams tvirtinti prie stovo.<\/p>\n<p>Tiekiama su 1 tvirtinimo \u012ftaisu.<\/p>\n<p>Skyli\u0173 skersmuo 2,8 mm, 4,0 mm, 4,5 mm.<\/p>\n<p><img loading=\"lazy\" decoding=\"async\" class=\"alignnone wp-image-949\" src=\"http:\/\/tammetorubbq.ee\/wp-content\/uploads\/2023\/11\/Inkbird-300x300.jpg\" alt=\"\" width=\"171\" height=\"171\" srcset=\"https:\/\/tammetorubbq.ee\/wp-content\/uploads\/2023\/11\/Inkbird-300x300.jpg 300w, https:\/\/tammetorubbq.ee\/wp-content\/uploads\/2023\/11\/Inkbird-150x150.jpg 150w, https:\/\/tammetorubbq.ee\/wp-content\/uploads\/2023\/11\/Inkbird-12x12.jpg 12w, https:\/\/tammetorubbq.ee\/wp-content\/uploads\/2023\/11\/Inkbird-64x64.jpg 64w, https:\/\/tammetorubbq.ee\/wp-content\/uploads\/2023\/11\/Inkbird.jpg 400w\" sizes=\"auto, (max-width: 171px) 100vw, 171px\" \/><\/p>","protected":false},"featured_media":2713,"comment_status":"open","ping_status":"closed","template":"","meta":{"_uf_show_specific_survey":0,"_uf_disable_surveys":false},"pwb-brand":[67],"product_brand":[],"product_cat":[66,30],"product_tag":[116,115],"class_list":{"0":"post-2712","1":"product","2":"type-product","3":"status-publish","4":"has-post-thumbnail","6":"pwb-brand-inkbird","7":"product_cat-termomeetrid","8":"product_cat-grillimise-tarvikud","9":"product_tag-inkbird","10":"product_tag-termomeeter","12":"first","13":"instock","14":"taxable","15":"shipping-taxable","16":"purchasable","17":"product-type-simple"},"brands":[{"id":67,"name":"Inkbird","slug":"inkbird"}],"_links":{"self":[{"href":"https:\/\/tammetorubbq.ee\/lt\/wp-json\/wp\/v2\/product\/2712","targetHints":{"allow":["GET"]}}],"collection":[{"href":"https:\/\/tammetorubbq.ee\/lt\/wp-json\/wp\/v2\/product"}],"about":[{"href":"https:\/\/tammetorubbq.ee\/lt\/wp-json\/wp\/v2\/types\/product"}],"replies":[{"embeddable":true,"href":"https:\/\/tammetorubbq.ee\/lt\/wp-json\/wp\/v2\/comments?post=2712"}],"wp:featuredmedia":[{"embeddable":true,"href":"https:\/\/tammetorubbq.ee\/lt\/wp-json\/wp\/v2\/media\/2713"}],"wp:attachment":[{"href":"https:\/\/tammetorubbq.ee\/lt\/wp-json\/wp\/v2\/media?parent=2712"}],"wp:term":[{"taxonomy":"pwb-brand","embeddable":true,"href":"https:\/\/tammetorubbq.ee\/lt\/wp-json\/wp\/v2\/pwb-brand?post=2712"},{"taxonomy":"product_brand","embeddable":true,"href":"https:\/\/tammetorubbq.ee\/lt\/wp-json\/wp\/v2\/product_brand?post=2712"},{"taxonomy":"product_cat","embeddable":true,"href":"https:\/\/tammetorubbq.ee\/lt\/wp-json\/wp\/v2\/product_cat?post=2712"},{"taxonomy":"product_tag","embeddable":true,"href":"https:\/\/tammetorubbq.ee\/lt\/wp-json\/wp\/v2\/product_tag?post=2712"}],"curies":[{"name":"wp","href":"https:\/\/api.w.org\/{rel}","templated":true}]}}