{"id":2725,"date":"2025-04-03T21:08:37","date_gmt":"2025-04-03T18:08:37","guid":{"rendered":"https:\/\/tammetorubbq.ee\/?post_type=product&#038;p=2725"},"modified":"2026-04-15T04:00:15","modified_gmt":"2026-04-15T01:00:15","slug":"turnpike-bbq-ridiculous-chicken-rub-700g","status":"publish","type":"product","link":"https:\/\/tammetorubbq.ee\/lt\/produktas\/turnpike-bbq-ridiculous-chicken-rub-700g\/","title":{"rendered":"Turnpike BBQ Ridiculous Chicken Rub 700g"},"content":{"rendered":"<p>Sudedamosios dalys: druska, ry\u017ei\u0173 miltai, \u017eolel\u0117s\/prieskoniai (paprika, kalendra, baltieji pipirai, ciber\u017eol\u0117, kmynai, imbieras, pankolis, garsty\u010di\u0173 s\u0117klos, aitriosios paprikos), kvietiniai miltai, prieskoniai, E621, da\u017eiklis, E160C, gali b\u016bti pieno ir glitimo p\u0117dsak\u0173.<\/p>","protected":false},"excerpt":{"rendered":"<p>\"Turnpike Smokers\" \"Ridiculous Chicken\" \u012ftrinimas yra ne\u012ftik\u0117tinas pauk\u0161tienos skonis.<\/p>\n<p>Ar esate pasireng\u0119 gaminti geriausius vi\u0161tienos sparnelius, vi\u0161tienos \u0161launeles, vi\u0161tienos kr\u016btin\u0117l\u0117s gabal\u0117lius ir dar daugiau?<\/p>\n<p>I\u0161bandykite ir nenusivilsite!<\/p>\n<p>&nbsp;<\/p>\n<p><img loading=\"lazy\" decoding=\"async\" class=\"wp-image-2719\" src=\"http:\/\/tammetorubbq.ee\/wp-content\/uploads\/2025\/04\/Turnpike-BBQ-logo-300x300.webp\" alt=\"&quot;Turnpike BBQ&quot; logotipas\" width=\"190\" height=\"190\" srcset=\"https:\/\/tammetorubbq.ee\/wp-content\/uploads\/2025\/04\/Turnpike-BBQ-logo-300x300.webp 300w, https:\/\/tammetorubbq.ee\/wp-content\/uploads\/2025\/04\/Turnpike-BBQ-logo-150x150.webp 150w, https:\/\/tammetorubbq.ee\/wp-content\/uploads\/2025\/04\/Turnpike-BBQ-logo-12x12.webp 12w, https:\/\/tammetorubbq.ee\/wp-content\/uploads\/2025\/04\/Turnpike-BBQ-logo-600x600.webp 600w, https:\/\/tammetorubbq.ee\/wp-content\/uploads\/2025\/04\/Turnpike-BBQ-logo-64x64.webp 64w, https:\/\/tammetorubbq.ee\/wp-content\/uploads\/2025\/04\/Turnpike-BBQ-logo.webp 720w\" sizes=\"auto, (max-width: 190px) 100vw, 190px\" \/><\/p>","protected":false},"featured_media":2726,"comment_status":"open","ping_status":"closed","template":"","meta":{"_uf_show_specific_survey":0,"_uf_disable_surveys":false},"pwb-brand":[117],"product_brand":[],"product_cat":[21],"product_tag":[118],"class_list":{"0":"post-2725","1":"product","2":"type-product","3":"status-publish","4":"has-post-thumbnail","6":"pwb-brand-turnpike-bbq","7":"product_cat-maitseainesegud","8":"product_tag-kanaliha","10":"first","11":"outofstock","12":"taxable","13":"shipping-taxable","14":"purchasable","15":"product-type-simple"},"brands":[{"id":117,"name":"\"Turnpike BBQ","slug":"turnpike-bbq"}],"_links":{"self":[{"href":"https:\/\/tammetorubbq.ee\/lt\/wp-json\/wp\/v2\/product\/2725","targetHints":{"allow":["GET"]}}],"collection":[{"href":"https:\/\/tammetorubbq.ee\/lt\/wp-json\/wp\/v2\/product"}],"about":[{"href":"https:\/\/tammetorubbq.ee\/lt\/wp-json\/wp\/v2\/types\/product"}],"replies":[{"embeddable":true,"href":"https:\/\/tammetorubbq.ee\/lt\/wp-json\/wp\/v2\/comments?post=2725"}],"wp:featuredmedia":[{"embeddable":true,"href":"https:\/\/tammetorubbq.ee\/lt\/wp-json\/wp\/v2\/media\/2726"}],"wp:attachment":[{"href":"https:\/\/tammetorubbq.ee\/lt\/wp-json\/wp\/v2\/media?parent=2725"}],"wp:term":[{"taxonomy":"pwb-brand","embeddable":true,"href":"https:\/\/tammetorubbq.ee\/lt\/wp-json\/wp\/v2\/pwb-brand?post=2725"},{"taxonomy":"product_brand","embeddable":true,"href":"https:\/\/tammetorubbq.ee\/lt\/wp-json\/wp\/v2\/product_brand?post=2725"},{"taxonomy":"product_cat","embeddable":true,"href":"https:\/\/tammetorubbq.ee\/lt\/wp-json\/wp\/v2\/product_cat?post=2725"},{"taxonomy":"product_tag","embeddable":true,"href":"https:\/\/tammetorubbq.ee\/lt\/wp-json\/wp\/v2\/product_tag?post=2725"}],"curies":[{"name":"wp","href":"https:\/\/api.w.org\/{rel}","templated":true}]}}