{"id":2729,"date":"2025-04-03T21:27:25","date_gmt":"2025-04-03T18:27:25","guid":{"rendered":"https:\/\/tammetorubbq.ee\/?post_type=product&#038;p=2729"},"modified":"2026-04-15T00:00:05","modified_gmt":"2026-04-14T21:00:05","slug":"turnpike-bbq-rich-rib-rub-235g","status":"publish","type":"product","link":"https:\/\/tammetorubbq.ee\/lt\/produktas\/turnpike-bbq-rich-rib-rub-235g\/","title":{"rendered":"Turnpike BBQ Rich Rib Rub 235g"},"content":{"rendered":"<p>Sudedamosios dalys: cukrus, dar\u017eov\u0117s (\u010desnakai, svog\u016bn\u0173 milteliai, paprikos), druska, prieskoniai (paprik\u0173 milteliai, juodieji pipirai, aitriosios paprikos), prieskoniai (E621), da\u017eiklis (E160c), r\u016bkytas maltodekstrinas, lipnum\u0105 reguliuojanti med\u017eiaga (E551), gali b\u016bti pieno ir glitimo p\u0117dsak\u0173.<\/p>","protected":false},"excerpt":{"rendered":"<p>\"Turnpike BBQ Rich Rib Rub\" - tai viskas ir dar daugiau, kad kiaulienos \u0161onkauliukai b\u016bt\u0173 skaniai i\u0161kepti - tiesiog tod\u0117l, kad jis toks geras!<\/p>\n<p>Puikiai tinka prie kiaulienos ir vi\u0161tienos.<\/p>\n<p>Tiesiog m\u0117gaukit\u0117s!<\/p>\n<p>&nbsp;<\/p>\n<p><img loading=\"lazy\" decoding=\"async\" class=\"wp-image-2719\" src=\"http:\/\/tammetorubbq.ee\/wp-content\/uploads\/2025\/04\/Turnpike-BBQ-logo-300x300.webp\" alt=\"&quot;Turnpike BBQ&quot; logotipas\" width=\"184\" height=\"184\" srcset=\"https:\/\/tammetorubbq.ee\/wp-content\/uploads\/2025\/04\/Turnpike-BBQ-logo-300x300.webp 300w, https:\/\/tammetorubbq.ee\/wp-content\/uploads\/2025\/04\/Turnpike-BBQ-logo-150x150.webp 150w, https:\/\/tammetorubbq.ee\/wp-content\/uploads\/2025\/04\/Turnpike-BBQ-logo-12x12.webp 12w, https:\/\/tammetorubbq.ee\/wp-content\/uploads\/2025\/04\/Turnpike-BBQ-logo-600x600.webp 600w, https:\/\/tammetorubbq.ee\/wp-content\/uploads\/2025\/04\/Turnpike-BBQ-logo-64x64.webp 64w, https:\/\/tammetorubbq.ee\/wp-content\/uploads\/2025\/04\/Turnpike-BBQ-logo.webp 720w\" sizes=\"auto, (max-width: 184px) 100vw, 184px\" \/><\/p>","protected":false},"featured_media":2730,"comment_status":"open","ping_status":"closed","template":"","meta":{"_uf_show_specific_survey":0,"_uf_disable_surveys":false},"pwb-brand":[117],"product_brand":[],"product_cat":[21],"product_tag":[118,113,114,122],"class_list":{"0":"post-2729","1":"product","2":"type-product","3":"status-publish","4":"has-post-thumbnail","6":"pwb-brand-turnpike-bbq","7":"product_cat-maitseainesegud","8":"product_tag-kanaliha","9":"product_tag-ribi","10":"product_tag-sealiha","11":"product_tag-searibi","13":"first","14":"instock","15":"taxable","16":"shipping-taxable","17":"purchasable","18":"product-type-simple"},"brands":[{"id":117,"name":"\"Turnpike BBQ","slug":"turnpike-bbq"}],"_links":{"self":[{"href":"https:\/\/tammetorubbq.ee\/lt\/wp-json\/wp\/v2\/product\/2729","targetHints":{"allow":["GET"]}}],"collection":[{"href":"https:\/\/tammetorubbq.ee\/lt\/wp-json\/wp\/v2\/product"}],"about":[{"href":"https:\/\/tammetorubbq.ee\/lt\/wp-json\/wp\/v2\/types\/product"}],"replies":[{"embeddable":true,"href":"https:\/\/tammetorubbq.ee\/lt\/wp-json\/wp\/v2\/comments?post=2729"}],"wp:featuredmedia":[{"embeddable":true,"href":"https:\/\/tammetorubbq.ee\/lt\/wp-json\/wp\/v2\/media\/2730"}],"wp:attachment":[{"href":"https:\/\/tammetorubbq.ee\/lt\/wp-json\/wp\/v2\/media?parent=2729"}],"wp:term":[{"taxonomy":"pwb-brand","embeddable":true,"href":"https:\/\/tammetorubbq.ee\/lt\/wp-json\/wp\/v2\/pwb-brand?post=2729"},{"taxonomy":"product_brand","embeddable":true,"href":"https:\/\/tammetorubbq.ee\/lt\/wp-json\/wp\/v2\/product_brand?post=2729"},{"taxonomy":"product_cat","embeddable":true,"href":"https:\/\/tammetorubbq.ee\/lt\/wp-json\/wp\/v2\/product_cat?post=2729"},{"taxonomy":"product_tag","embeddable":true,"href":"https:\/\/tammetorubbq.ee\/lt\/wp-json\/wp\/v2\/product_tag?post=2729"}],"curies":[{"name":"wp","href":"https:\/\/api.w.org\/{rel}","templated":true}]}}