{"id":2736,"date":"2025-04-03T22:15:33","date_gmt":"2025-04-03T19:15:33","guid":{"rendered":"https:\/\/tammetorubbq.ee\/?post_type=product&#038;p=2736"},"modified":"2026-04-27T01:00:17","modified_gmt":"2026-04-26T22:00:17","slug":"turnpike-bbq-vysnines-medienos-dumu-blokas-25-kg","status":"publish","type":"product","link":"https:\/\/tammetorubbq.ee\/lt\/produktas\/turnpike-bbq-vysnines-medienos-dumu-blokas-25-kg\/","title":{"rendered":"Turnpike BBQ suitsuklots &#8211; kirsipuust 2,5kg"},"content":{"rendered":"<p>Pakuot\u0117 2,5 kg, 8 litrai<\/p>","protected":false},"excerpt":{"rendered":"<p>Vy\u0161nios suteikia sald\u0173, vaisin\u012f ir patraukl\u0173 skon\u012f visiems m\u0117gstamiausiems m\u0117sos ir dar\u017eovi\u0173 patiekalams.<\/p>\n<p>Be to, d\u016bmai yra \u0161veln\u016bs ir vaisiniai, tod\u0117l puikiai tinka mai\u0161yti su kitomis kietmed\u017eio r\u016b\u0161imis, pavyzd\u017eiui, hikorio ar \u0105\u017euolo.<\/p>\n<p>Abu skoniai papildo vienas kit\u0105, tod\u0117l gaunamas puikus skonis ir spalva.<\/p>\n<p>Vy\u0161ni\u0173 gabaliukai greitai gamina d\u016bmus, dega gana ilgai ir sukuria nema\u017eai d\u016bm\u0173, tod\u0117l per ilg\u0105 r\u016bkymo proces\u0105 nereikia da\u017enai prid\u0117ti d\u016bm\u0173.<\/p>\n<p>Idealiai tinka naudoti, kai reikia \u012fpilti kuro \u012f ugn\u012f <a href=\"https:\/\/tammetorubbq.ee\/lt\/kategorija\/kepsnines\/keramines-groteles\/\">Kamado Joe<\/a>-s arba <a href=\"https:\/\/tammetorubbq.ee\/lt\/kategorija\/kepsnines\/bbq-dumu-krosneles\/\">BBQ krosnel\u0117<\/a>.<\/p>\n<p><img loading=\"lazy\" decoding=\"async\" class=\"wp-image-2719\" src=\"http:\/\/tammetorubbq.ee\/wp-content\/uploads\/2025\/04\/Turnpike-BBQ-logo-300x300.webp\" alt=\"&quot;Turnpike BBQ&quot; logotipas\" width=\"172\" height=\"172\" srcset=\"https:\/\/tammetorubbq.ee\/wp-content\/uploads\/2025\/04\/Turnpike-BBQ-logo-300x300.webp 300w, https:\/\/tammetorubbq.ee\/wp-content\/uploads\/2025\/04\/Turnpike-BBQ-logo-150x150.webp 150w, https:\/\/tammetorubbq.ee\/wp-content\/uploads\/2025\/04\/Turnpike-BBQ-logo-12x12.webp 12w, https:\/\/tammetorubbq.ee\/wp-content\/uploads\/2025\/04\/Turnpike-BBQ-logo-600x600.webp 600w, https:\/\/tammetorubbq.ee\/wp-content\/uploads\/2025\/04\/Turnpike-BBQ-logo-64x64.webp 64w, https:\/\/tammetorubbq.ee\/wp-content\/uploads\/2025\/04\/Turnpike-BBQ-logo.webp 720w\" sizes=\"auto, (max-width: 172px) 100vw, 172px\" \/><\/p>","protected":false},"featured_media":2737,"comment_status":"open","ping_status":"closed","template":"","meta":{"_uf_show_specific_survey":0,"_uf_disable_surveys":false},"pwb-brand":[117],"product_brand":[391],"product_cat":[28,59],"product_tag":[163,118,114,124],"class_list":{"0":"post-2736","1":"product","2":"type-product","3":"status-publish","4":"has-post-thumbnail","6":"pwb-brand-turnpike-bbq","7":"product_brand-turnpike-bbq","8":"product_cat-grillsusi","9":"product_cat-suitsuklotsid","10":"product_tag-kala","11":"product_tag-kanaliha","12":"product_tag-sealiha","13":"product_tag-suitsuklots","15":"first","16":"outofstock","17":"taxable","18":"shipping-taxable","19":"purchasable","20":"product-type-simple"},"brands":[{"id":117,"name":"\"Turnpike BBQ","slug":"turnpike-bbq"}],"_links":{"self":[{"href":"https:\/\/tammetorubbq.ee\/lt\/wp-json\/wp\/v2\/product\/2736","targetHints":{"allow":["GET"]}}],"collection":[{"href":"https:\/\/tammetorubbq.ee\/lt\/wp-json\/wp\/v2\/product"}],"about":[{"href":"https:\/\/tammetorubbq.ee\/lt\/wp-json\/wp\/v2\/types\/product"}],"replies":[{"embeddable":true,"href":"https:\/\/tammetorubbq.ee\/lt\/wp-json\/wp\/v2\/comments?post=2736"}],"wp:featuredmedia":[{"embeddable":true,"href":"https:\/\/tammetorubbq.ee\/lt\/wp-json\/wp\/v2\/media\/2737"}],"wp:attachment":[{"href":"https:\/\/tammetorubbq.ee\/lt\/wp-json\/wp\/v2\/media?parent=2736"}],"wp:term":[{"taxonomy":"pwb-brand","embeddable":true,"href":"https:\/\/tammetorubbq.ee\/lt\/wp-json\/wp\/v2\/pwb-brand?post=2736"},{"taxonomy":"product_brand","embeddable":true,"href":"https:\/\/tammetorubbq.ee\/lt\/wp-json\/wp\/v2\/product_brand?post=2736"},{"taxonomy":"product_cat","embeddable":true,"href":"https:\/\/tammetorubbq.ee\/lt\/wp-json\/wp\/v2\/product_cat?post=2736"},{"taxonomy":"product_tag","embeddable":true,"href":"https:\/\/tammetorubbq.ee\/lt\/wp-json\/wp\/v2\/product_tag?post=2736"}],"curies":[{"name":"wp","href":"https:\/\/api.w.org\/{rel}","templated":true}]}}