{"id":2740,"date":"2025-04-03T22:38:51","date_gmt":"2025-04-03T19:38:51","guid":{"rendered":"https:\/\/tammetorubbq.ee\/?post_type=product&#038;p=2740"},"modified":"2026-04-15T00:00:04","modified_gmt":"2026-04-14T21:00:04","slug":"turnpike-bbq-dumu-blokas-is-pelkiu-medienos-25kg","status":"publish","type":"product","link":"https:\/\/tammetorubbq.ee\/lt\/produktas\/turnpike-bbq-dumu-blokas-is-pelkiu-medienos-25kg\/","title":{"rendered":"Turnpike BBQ suitsuklots &#8211; p\u00f6\u00f6gipuust 2,5kg"},"content":{"rendered":"<p><strong>Pakuot\u0117:<\/strong> 2,5 kg, 8 litrai<\/p>","protected":false},"excerpt":{"rendered":"<p>Bukas i\u0161 vis\u0173 med\u017ei\u0173 skleid\u017eia pikanti\u0161kiausi\u0105 d\u016bm\u0105. Jei esate \u012fprat\u0119 prie hikorio ar pekano rie\u0161ut\u0173, tikrai verta i\u0161bandyti buko d\u016bmus!<\/p>\n<p>Tai strukt\u016bri\u0161kai tvir\u010diausias rie\u0161utmedis - kuo tankesn\u0117 mediena, tuo daugiau ir ilgiau r\u016bksta. Taip pat daugiau skonio!<\/p>\n<p>Jautiena idealiai tinka jautienai, kiaulienai, pauk\u0161tienai ir \u017euviai.<\/p>\n<p>Buko malk\u0173 gabaliukai greitai gamina d\u016bmus, ilgai dega ir suteikia didel\u012f d\u016bm\u0173 kiek\u012f, tod\u0117l ilgai r\u016bkant nereikia da\u017enai prid\u0117ti d\u016bm\u0173.<\/p>\n<p>Idealiai tinka naudoti, kai reikia \u012fpilti kuro \u012f ugn\u012f\u00a0<a href=\"https:\/\/tammetorubbq.ee\/lt\/kategorija\/kepsnines\/keramines-groteles\/\">Kamado Joe<\/a>-s arba\u00a0<a href=\"https:\/\/tammetorubbq.ee\/lt\/kategorija\/kepsnines\/bbq-dumu-krosneles\/\">BBQ krosnel\u0117<\/a>.<\/p>\n<p>&nbsp;<\/p>\n<p><img loading=\"lazy\" decoding=\"async\" class=\"wp-image-2719\" src=\"http:\/\/tammetorubbq.ee\/wp-content\/uploads\/2025\/04\/Turnpike-BBQ-logo-300x300.webp\" alt=\"&quot;Turnpike BBQ&quot; logotipas\" width=\"185\" height=\"185\" srcset=\"https:\/\/tammetorubbq.ee\/wp-content\/uploads\/2025\/04\/Turnpike-BBQ-logo-300x300.webp 300w, https:\/\/tammetorubbq.ee\/wp-content\/uploads\/2025\/04\/Turnpike-BBQ-logo-150x150.webp 150w, https:\/\/tammetorubbq.ee\/wp-content\/uploads\/2025\/04\/Turnpike-BBQ-logo-12x12.webp 12w, https:\/\/tammetorubbq.ee\/wp-content\/uploads\/2025\/04\/Turnpike-BBQ-logo-600x600.webp 600w, https:\/\/tammetorubbq.ee\/wp-content\/uploads\/2025\/04\/Turnpike-BBQ-logo-64x64.webp 64w, https:\/\/tammetorubbq.ee\/wp-content\/uploads\/2025\/04\/Turnpike-BBQ-logo.webp 720w\" sizes=\"auto, (max-width: 185px) 100vw, 185px\" \/><\/p>\n<p>&nbsp;<\/p>","protected":false},"featured_media":2741,"comment_status":"open","ping_status":"closed","template":"","meta":{"_uf_show_specific_survey":0,"_uf_disable_surveys":false},"pwb-brand":[117],"product_brand":[391],"product_cat":[28,59],"product_tag":[163,118,114,124,119],"class_list":{"0":"post-2740","1":"product","2":"type-product","3":"status-publish","4":"has-post-thumbnail","6":"pwb-brand-turnpike-bbq","7":"product_brand-turnpike-bbq","8":"product_cat-grillsusi","9":"product_cat-suitsuklotsid","10":"product_tag-kala","11":"product_tag-kanaliha","12":"product_tag-sealiha","13":"product_tag-suitsuklots","14":"product_tag-veiseliha","16":"first","17":"instock","18":"taxable","19":"shipping-taxable","20":"purchasable","21":"product-type-simple"},"brands":[{"id":117,"name":"\"Turnpike BBQ","slug":"turnpike-bbq"}],"_links":{"self":[{"href":"https:\/\/tammetorubbq.ee\/lt\/wp-json\/wp\/v2\/product\/2740","targetHints":{"allow":["GET"]}}],"collection":[{"href":"https:\/\/tammetorubbq.ee\/lt\/wp-json\/wp\/v2\/product"}],"about":[{"href":"https:\/\/tammetorubbq.ee\/lt\/wp-json\/wp\/v2\/types\/product"}],"replies":[{"embeddable":true,"href":"https:\/\/tammetorubbq.ee\/lt\/wp-json\/wp\/v2\/comments?post=2740"}],"wp:featuredmedia":[{"embeddable":true,"href":"https:\/\/tammetorubbq.ee\/lt\/wp-json\/wp\/v2\/media\/2741"}],"wp:attachment":[{"href":"https:\/\/tammetorubbq.ee\/lt\/wp-json\/wp\/v2\/media?parent=2740"}],"wp:term":[{"taxonomy":"pwb-brand","embeddable":true,"href":"https:\/\/tammetorubbq.ee\/lt\/wp-json\/wp\/v2\/pwb-brand?post=2740"},{"taxonomy":"product_brand","embeddable":true,"href":"https:\/\/tammetorubbq.ee\/lt\/wp-json\/wp\/v2\/product_brand?post=2740"},{"taxonomy":"product_cat","embeddable":true,"href":"https:\/\/tammetorubbq.ee\/lt\/wp-json\/wp\/v2\/product_cat?post=2740"},{"taxonomy":"product_tag","embeddable":true,"href":"https:\/\/tammetorubbq.ee\/lt\/wp-json\/wp\/v2\/product_tag?post=2740"}],"curies":[{"name":"wp","href":"https:\/\/api.w.org\/{rel}","templated":true}]}}