{"id":2771,"date":"2025-04-05T09:35:05","date_gmt":"2025-04-05T06:35:05","guid":{"rendered":"https:\/\/tammetorubbq.ee\/?post_type=product&#038;p=2771"},"modified":"2026-04-15T03:00:02","modified_gmt":"2026-04-15T00:00:02","slug":"napoleon-nerudijancio-plieno-dumu-deze-medzio-drozlems","status":"publish","type":"product","link":"https:\/\/tammetorubbq.ee\/lt\/produktas\/napoleon-nerudijancio-plieno-dumu-deze-medzio-drozlems\/","title":{"rendered":"\"Napoleon\" ner\u016bdijan\u010dio plieno d\u016bm\u0173 d\u0117\u017eut\u0117 med\u017eio dro\u017el\u0117ms"},"content":{"rendered":"<p class=\"\" data-start=\"0\" data-end=\"326\">Taip, b\u016btent taip! \"Napoleon\" ner\u016bdijan\u010dio plieno r\u016bkykla yra tikrai puikus pasirinkimas, jei norite suteikti d\u016bm\u0173 skonio ant groteli\u0173 kepamam maistui nenaudodami atskiro d\u016bm\u0173 generatoriaus. \u0160i r\u016bkykla si\u016blo patog\u0173 ir paprast\u0105 sprendim\u0105 m\u0117gautis r\u016bkymu, leid\u017eiant\u012f greitai ir lengvai r\u016bkyti maist\u0105 ant kepsnin\u0117s.<\/p>\n<p class=\"\" data-start=\"328\" data-end=\"346\"><strong data-start=\"328\" data-end=\"346\">Kai kurie privalumai:<\/strong><\/p>\n<ul data-start=\"347\" data-end=\"858\">\n<li class=\"\" data-start=\"347\" data-end=\"528\">\n<p class=\"\" data-start=\"349\" data-end=\"528\"><strong data-start=\"349\" data-end=\"369\">Lengva naudoti:<\/strong> Nereikia r\u016bpintis, ar pirkti ar montuoti atskir\u0105 d\u016bm\u0173 generatori\u0173. Tiesiog pripildykite d\u016bm\u0173 d\u0117\u017eut\u0119 dr\u0117kintu <a href=\"https:\/\/tammetorubbq.ee\/lt\/produktas\/turnpike-bbq-rukytos-azuolo-malkos-15kg\/\">su kietmed\u017eio dro\u017el\u0117mis<\/a> ir pritvirtinkite j\u012f prie kepsnin\u0117s.<\/p>\n<\/li>\n<li class=\"\" data-start=\"529\" data-end=\"690\">\n<p class=\"\" data-start=\"531\" data-end=\"690\"><strong data-start=\"531\" data-end=\"551\">\u012etraukti d\u016bm\u0173:<\/strong> Jei kepate m\u0117s\u0105 ar \u017euv\u012f, d\u016bm\u0173 aromato galite suteikti vos keliais paprastais veiksmais, ne\u012frengdami sud\u0117tingos \u012frangos ir nenaudodami jos.<\/p>\n<\/li>\n<li class=\"\" data-start=\"691\" data-end=\"858\">\n<p class=\"\" data-start=\"693\" data-end=\"858\"><strong data-start=\"693\" data-end=\"712\">Puikiai tinka d\u016bmams<\/strong>: Kadangi r\u016bkykl\u0117 veikia tiksliai su \"Napoleon\" kepimo sistema, ji u\u017etikrina tolyg\u0173 d\u016bm\u0173 kiek\u012f ir temperat\u016br\u0105, tod\u0117l kiekvienas patiekalas \u012fgauna tobul\u0105 d\u016bmo skon\u012f.<\/p>\n<\/li>\n<\/ul>\n<p class=\"\" data-start=\"860\" data-end=\"1039\">Apskritai, jei norite d\u016bmo skonio be jokios papildomos \u012frangos ir sud\u0117ting\u0173 proced\u016br\u0173, \u0161i r\u016bkykla yra puikus pasirinkimas, kad kiekvienas kepsnys b\u016bt\u0173 ypatingas ir suteikt\u0173 d\u016bmo skon\u012f!<\/p>\n<p><strong data-start=\"611\" data-end=\"622\">Matmenys:<\/strong><br data-start=\"622\" data-end=\"625\" \/>Plotis: 7 cm<br data-start=\"636\" data-end=\"639\" \/>Gylis: 16,5 cm<br data-start=\"655\" data-end=\"658\" \/>Auk\u0161tis: 7 cm<\/p>\n<h3 data-start=\"0\" data-end=\"222\">Kod\u0117l verta rinktis d\u016bm\u0173 d\u0117\u017e\u0119.<\/h3>\n<p class=\"\" data-start=\"0\" data-end=\"222\">D\u016bmin\u0117s d\u0117\u017e\u0117s turi nema\u017eai privalum\u0173, palyginti su d\u016bm\u0173 vamzd\u017ei\u0173 sistemomis, ypa\u010d kai reikia prat\u0119sti kepimo proces\u0105 ir kontroliuoti d\u016bm\u0173 kiek\u012f. \u010cia pateikiama i\u0161samesn\u0117 d\u016bm\u0173 d\u0117\u017e\u0117s privalum\u0173 ap\u017evalga:<\/p>\n<p data-start=\"224\" data-end=\"274\"><strong data-start=\"228\" data-end=\"274\">Forma: \u017eema ir plati d\u0117\u017e\u0117, da\u017enai su dang\u010diu<\/strong><\/p>\n<p data-start=\"224\" data-end=\"274\">D\u016bmtraukis paprastai yra \u017eemesnis ir platesnis u\u017e d\u016bmtrauk\u012f, tod\u0117l \u012f j\u012f galima d\u0117ti didesn\u012f d\u016bm\u0173 ar granuli\u0173 plot\u0105 ir daugiau vietos d\u016bmams gaminti. D\u0117\u017e\u0117 da\u017enai turi dangt\u012f, padedant\u012f sulaikyti ir kontroliuoti d\u016bmus, kad d\u016bmai vis\u0105 laik\u0105 likt\u0173 kepsnin\u0117je ir greitai nei\u0161nykt\u0173.<\/p>\n<p data-start=\"588\" data-end=\"674\"><strong data-start=\"592\" data-end=\"674\">Vieta ant groteli\u0173: paprastai dedama vir\u0161 degikli\u0173, vietoj kepimo plok\u0161t\u0117s.<\/strong><\/p>\n<p class=\"\" data-start=\"680\" data-end=\"993\">D\u016bm\u0173 d\u0117\u017e\u0117 paprastai statoma tokioje kepsnin\u0117s vietoje, kad j\u0105 gal\u0117t\u0173 veikti kar\u0161tis ir kad d\u016bmai veiksmingai padengt\u0173 vis\u0105 kepsnin\u0117s plot\u0105. Kadangi ji yra ar\u010diau kar\u0161\u010dio, daug lengviau reguliuoti d\u016bm\u0173 kiek\u012f ir vis\u0105 laik\u0105 palaikoma tinkama d\u016bm\u0173 temperat\u016bra, kad r\u016bkymas b\u016bt\u0173 tolygus.<\/p>\n<p data-start=\"995\" data-end=\"1058\"><strong data-start=\"999\" data-end=\"1058\">Talpa: telpa daugiau d\u016bm\u0173 arba granuli\u0173<\/strong><\/p>\n<p class=\"\" data-start=\"1064\" data-end=\"1408\">R\u016bkykl\u0117s talpa yra didel\u0117, tod\u0117l vienu metu galite \u012fd\u0117ti daugiau d\u016bm\u0173 arba granuli\u0173. Tai ypa\u010d svarbu r\u016bkant didesnius m\u0117sos gabalus, nes d\u016bm\u0173 kiekis turi b\u016bti pakankamai didelis, kad b\u016bt\u0173 u\u017etikrintas tolygus d\u016bm\u0173 skonis. Be to, didesn\u0117 talpa rei\u0161kia, kad d\u016bmus galima gaminti ilgesn\u012f laik\u0105.<\/p>\n<p data-start=\"1410\" data-end=\"1488\"><strong data-start=\"1414\" data-end=\"1488\">Tinka ilgai r\u016bkyti, pavyzd\u017eiui, didesnius m\u0117sos gabalus.<\/strong><\/p>\n<p class=\"\" data-start=\"1494\" data-end=\"1797\">Kadangi r\u016bkykloje galima laikyti daugiau d\u016bm\u0173 arba granuli\u0173, ji idealiai tinka ilgalaikiam r\u016bkymui. Jei kepate didelius m\u0117sos gabalus, pavyzd\u017eiui, kr\u016btin\u0117l\u0119 ar vis\u0105 vi\u0161tien\u0105, r\u016bkykla u\u017etikrins ilgalaik\u012f d\u016bm\u0105, tod\u0117l maistas bus geriau ir giliau i\u0161r\u016bkytas.<\/p>\n<p data-start=\"1801\" data-end=\"1863\"><strong data-start=\"1805\" data-end=\"1863\">Ilgiau tarnauja ir vienu metu sukuria daugiau d\u016bm\u0173<\/strong><\/p>\n<p class=\"\" data-start=\"1869\" data-end=\"2230\">D\u016bmin\u0117s d\u0117\u017e\u0117s sukurtos taip, kad ilgiau tarnaut\u0173 ir ilg\u0105 laik\u0105 tolygiai skleist\u0173 d\u016bmus. Tai leid\u017eia r\u016bkyti ilgiau ir nereikia nuolat pilti daugiau d\u016bm\u0173, nes r\u016bkykl\u0117 vis\u0105 laik\u0105 i\u0161laiko d\u016bmus kepsnin\u0117je. Palyginti su d\u016bmtraukiu, kur\u012f gali tekti da\u017eniau papildyti, r\u016bkykl\u0117 suteikia daugiau patogumo ir ma\u017eiau mai\u0161ymo kepant.<\/p>\n<p class=\"\" data-start=\"2256\" data-end=\"2635\">Apibendrinant galima teigti, kad r\u016bkykla yra puikus pasirinkimas, jei norite ilgiau r\u016bkyti didesnius m\u0117sos gabalus, nes ji yra talpesn\u0117, vienu metu gali pagaminti daugiau d\u016bm\u0173 ir d\u016bmai tolygiai pasiskirsto ant groteli\u0173. Be to, j\u0105 lengviau valdyti ir jai reikia ma\u017eiau nuolatinio \u012fsiki\u0161imo, palyginti su d\u016bm\u0173 vamzd\u017ei\u0173 sistemomis, tod\u0117l ji suteikia daugiau patogumo ir geresn\u012f r\u016bkymo rezultat\u0173 pastovum\u0105.<\/p>","protected":false},"excerpt":{"rendered":"<p class=\"\" data-start=\"0\" data-end=\"193\">\u0160i \"Napoleon\" patvari ner\u016bdijan\u010dio plieno r\u016bkykla yra puikus pasirinkimas visiems kepimo ant groteli\u0173 entuziastams, kurie nori i\u0161laikyti savo <a href=\"https:\/\/tammetorubbq.ee\/lt\/kategorija\/kepsnines\/dujines-kepsnines\/?orderby=price\">dujos<\/a>- ir <a href=\"https:\/\/tammetorubbq.ee\/lt\/kategorija\/kepsnines\/elektriniai-akiniai\/\">electrigrillidel<\/a> r\u016bkymo patirtis. Tai turi kelet\u0105 privalum\u0173:<\/p>\n<h3 class=\"\" data-start=\"195\" data-end=\"212\"><strong data-start=\"199\" data-end=\"212\">Funkcijos:<\/strong><\/h3>\n<p class=\"\" data-start=\"215\" data-end=\"332\"><strong data-start=\"215\" data-end=\"228\">Med\u017eiaga i\u0161<\/strong> - Pagamintas i\u0161 tvirto ner\u016bdijan\u010dio plieno, kad b\u016bt\u0173 ilgaam\u017eis ir atsparus korozijai.<\/p>\n<p class=\"\" data-start=\"335\" data-end=\"489\"><strong data-start=\"335\" data-end=\"354\">Didel\u0117 talpa <\/strong>- Didel\u0117je d\u016bm\u0173 d\u0117\u017e\u0117je telpa pakankamai <a href=\"https:\/\/tammetorubbq.ee\/lt\/produktas\/turnpike-bbq-rukytos-azuolo-malkos-15kg\/\">kietmed\u017eio mediena<\/a>i\u0161gaunamas intensyvus r\u016bkymo skonis, idealiai tinkantis net dideliems kiekiams.<\/p>\n<p class=\"\" data-start=\"492\" data-end=\"642\"><strong data-start=\"492\" data-end=\"513\">Lengvas montavimas <\/strong>- \"Napoleon\" kepsnin\u0117se d\u016bm\u0173 d\u0117\u017e\u0119 lengva sumontuoti vietoj \u012fkaitinimo plok\u0161t\u0117s, tod\u0117l ji puikiai telpa po kepsnin\u0117mis.<\/p>\n<p class=\"\" data-start=\"645\" data-end=\"823\"><strong data-start=\"645\" data-end=\"678\">Tinka \u012fvairiems modeliams <\/strong>- Tinka \"Napoleon <strong data-start=\"685\" data-end=\"720\"><a href=\"https:\/\/tammetorubbq.ee\/lt\/?s=Prestige+PRO&amp;post_type=product&amp;dgwt_wcas=1\">\"Prestige PRO<\/a>, <a href=\"https:\/\/tammetorubbq.ee\/lt\/?s=Prestige&amp;post_type=product&amp;dgwt_wcas=1\">Presti\u017eas<\/a><\/strong> ir <a href=\"https:\/\/tammetorubbq.ee\/lt\/?s=Rogue&amp;post_type=product&amp;dgwt_wcas=1\"><strong data-start=\"724\" data-end=\"733\">Rogue<\/strong><\/a> dujini\u0173 kepsnini\u0173 serijos ir <strong><a href=\"https:\/\/tammetorubbq.ee\/lt\/produktas\/napoleon-rogue-eq-365-ismanioji-elektrine-kepsnine-su-bluetooth-ir-wi-fi-rysiu\/\">Rogue<\/a> <\/strong>serijos elektrin\u0117s kepsnin\u0117s, tod\u0117l \"Napoleon\" kepsnini\u0173 savininkai j\u0105 renkasi itin da\u017enai.<\/p>\n<h3 class=\"\" data-start=\"825\" data-end=\"844\"><strong data-start=\"829\" data-end=\"844\">Naudojimas:<\/strong><\/h3>\n<p class=\"\" data-start=\"848\" data-end=\"980\"><strong data-start=\"848\" data-end=\"878\">U\u017ed\u0117kite r\u016bkykl\u0105 ant kepsnin\u0117s <\/strong>- Pad\u0117kite d\u016bm\u0173 d\u0117\u017e\u0119 po kepimo grotel\u0117mis ir \u012fsitikinkite, kad ji yra tinkamoje pad\u0117tyje, atsi\u017evelgiant \u012f liepsnos sklidimo profil\u012f.<\/p>\n<p class=\"\" data-start=\"984\" data-end=\"1104\"><strong data-start=\"984\" data-end=\"1017\">\u012ed\u0117kite sudr\u0117kint\u0173 kietmed\u017eio dro\u017eli\u0173 <\/strong>- \u012e r\u016bkykl\u0105 \u012fd\u0117kite i\u0161 anksto sudr\u0117kintas kietmed\u017eio dro\u017eles ir prad\u0117kite r\u016bkyti.<\/p>\n<p class=\"\" data-start=\"1108\" data-end=\"1181\"><strong data-start=\"1108\" data-end=\"1126\">Prad\u0117kite kepti ant groteli\u0173 <\/strong>- \u012ejunkite kepsnin\u0119 ir palaukite, kol prad\u0117s r\u016bkti.<\/p>\n<p class=\"\" data-start=\"1185\" data-end=\"1292\"><strong data-start=\"1185\" data-end=\"1201\">Temperat\u016bra <\/strong>- Kad pasiektum\u0117te geriausi\u0173 r\u016bkymo rezultat\u0173, kepsnin\u0117s temperat\u016br\u0105 nustatykite nuo 100 \u00b0C iki 120 \u00b0C.<\/p>\n<h3 class=\"\" data-start=\"1294\" data-end=\"1329\"><strong data-start=\"1298\" data-end=\"1329\">Kod\u0117l verta rinktis \u0161i\u0105 d\u016bm\u0173 d\u0117\u017e\u0119?<\/strong><\/h3>\n<p class=\"\" data-start=\"1332\" data-end=\"1458\"><strong data-start=\"1332\" data-end=\"1364\">Prakti\u0161kas ir patikimas <\/strong>- Didel\u0117s talpos ir tvirtos konstrukcijos r\u016bkykla idealiai tinka da\u017enam naudojimui.<\/p>\n<p class=\"\" data-start=\"1461\" data-end=\"1623\"><strong data-start=\"1461\" data-end=\"1481\">Skonio gerinimo priemon\u0117 <\/strong>- Jei m\u0117gstate r\u016bkytus patiekalus, \u0161i r\u016bkykla suteiks tikro d\u016bmo skonio bet kokiam kepsniui, kad patiekalai b\u016bt\u0173 gardesni ir sotesni.<\/p>\n<p class=\"\" data-start=\"1461\" data-end=\"1623\"><strong data-start=\"1626\" data-end=\"1646\">Lengva pri\u017ei\u016br\u0117ti<\/strong> - Ner\u016bdijan\u010dio plieno konstrukcij\u0105 lengva valyti, o tai ypa\u010d svarbu, jei r\u016bkykl\u0105 naudojate da\u017enai.<\/p>\n<p class=\"\" data-start=\"1774\" data-end=\"1955\"><strong>Apskritai \u0161i \"Napoleon\" r\u016bkykla yra puikus grilio \u012frangos priedas, jei ie\u0161kote paprasto ir veiksmingo b\u016bdo r\u016bkytiems patiekalams gaminti \"Napoleon\" dujin\u0117je kepsnin\u0117je.<\/strong><\/p>\n<p><img loading=\"lazy\" decoding=\"async\" class=\"wp-image-2098\" src=\"http:\/\/tammetorubbq.ee\/wp-content\/uploads\/2024\/11\/napoleon-gas-grills-logo-vector-1-300x124.png\" alt=\"&quot;Napoleon&quot; dujin\u0117s kepsnin\u0117s logotipas vektorius\" width=\"177\" height=\"73\" srcset=\"https:\/\/tammetorubbq.ee\/wp-content\/uploads\/2024\/11\/napoleon-gas-grills-logo-vector-1-300x124.png 300w, https:\/\/tammetorubbq.ee\/wp-content\/uploads\/2024\/11\/napoleon-gas-grills-logo-vector-1-768x317.png 768w, https:\/\/tammetorubbq.ee\/wp-content\/uploads\/2024\/11\/napoleon-gas-grills-logo-vector-1-18x7.png 18w, https:\/\/tammetorubbq.ee\/wp-content\/uploads\/2024\/11\/napoleon-gas-grills-logo-vector-1-600x248.png 600w, https:\/\/tammetorubbq.ee\/wp-content\/uploads\/2024\/11\/napoleon-gas-grills-logo-vector-1-64x26.png 64w, https:\/\/tammetorubbq.ee\/wp-content\/uploads\/2024\/11\/napoleon-gas-grills-logo-vector-1.png 847w\" sizes=\"auto, (max-width: 177px) 100vw, 177px\" \/><\/p>","protected":false},"featured_media":2772,"comment_status":"open","ping_status":"closed","template":"","meta":{"_uf_show_specific_survey":0,"_uf_disable_surveys":false},"pwb-brand":[101],"product_brand":[],"product_cat":[30],"product_tag":[109,110,128],"class_list":{"0":"post-2771","1":"product","2":"type-product","3":"status-publish","4":"has-post-thumbnail","6":"pwb-brand-napoleon","7":"product_cat-grillimise-tarvikud","8":"product_tag-elektrigrill","9":"product_tag-gaasigrill","10":"product_tag-suitsukarp","12":"first","13":"instock","14":"taxable","15":"shipping-taxable","16":"purchasable","17":"product-type-simple"},"brands":[{"id":101,"name":"Napoleonas","slug":"napoleonas"}],"_links":{"self":[{"href":"https:\/\/tammetorubbq.ee\/lt\/wp-json\/wp\/v2\/product\/2771","targetHints":{"allow":["GET"]}}],"collection":[{"href":"https:\/\/tammetorubbq.ee\/lt\/wp-json\/wp\/v2\/product"}],"about":[{"href":"https:\/\/tammetorubbq.ee\/lt\/wp-json\/wp\/v2\/types\/product"}],"replies":[{"embeddable":true,"href":"https:\/\/tammetorubbq.ee\/lt\/wp-json\/wp\/v2\/comments?post=2771"}],"wp:featuredmedia":[{"embeddable":true,"href":"https:\/\/tammetorubbq.ee\/lt\/wp-json\/wp\/v2\/media\/2772"}],"wp:attachment":[{"href":"https:\/\/tammetorubbq.ee\/lt\/wp-json\/wp\/v2\/media?parent=2771"}],"wp:term":[{"taxonomy":"pwb-brand","embeddable":true,"href":"https:\/\/tammetorubbq.ee\/lt\/wp-json\/wp\/v2\/pwb-brand?post=2771"},{"taxonomy":"product_brand","embeddable":true,"href":"https:\/\/tammetorubbq.ee\/lt\/wp-json\/wp\/v2\/product_brand?post=2771"},{"taxonomy":"product_cat","embeddable":true,"href":"https:\/\/tammetorubbq.ee\/lt\/wp-json\/wp\/v2\/product_cat?post=2771"},{"taxonomy":"product_tag","embeddable":true,"href":"https:\/\/tammetorubbq.ee\/lt\/wp-json\/wp\/v2\/product_tag?post=2771"}],"curies":[{"name":"wp","href":"https:\/\/api.w.org\/{rel}","templated":true}]}}