{"id":2785,"date":"2025-04-05T11:40:15","date_gmt":"2025-04-05T08:40:15","guid":{"rendered":"https:\/\/tammetorubbq.ee\/?post_type=product&#038;p=2785"},"modified":"2026-04-16T23:00:27","modified_gmt":"2026-04-16T20:00:27","slug":"everdure-kiln-2-dujine-picu-krosnele-cream-beez","status":"publish","type":"product","link":"https:\/\/tammetorubbq.ee\/lt\/produktas\/everdure-kiln-2-dujine-picu-krosnele-cream-beez\/","title":{"rendered":"\"Everdure KILN 2\" dujin\u0117 pic\u0173 krosnel\u0117 (sm\u0117lio spalvos)"},"content":{"rendered":"<h5 data-start=\"0\" data-end=\"18\"><strong>Veikia naudojant balionines dujas.<\/strong><\/h5>\n<h5 data-start=\"0\" data-end=\"18\">Rinkin\u012f sudaro:<\/h5>\n<p class=\"\" data-start=\"21\" data-end=\"47\">1 x KILN R serijos pic\u0173 krosnel\u0117<\/p>\n<p class=\"\" data-start=\"50\" data-end=\"85\">1 x 40 cm apvalus n\u0117rini\u0173 akmuo<\/p>\n<p class=\"\" data-start=\"88\" data-end=\"110\">1 x n\u0117rini\u0173 akmuo<\/p>\n<p class=\"\" data-start=\"113\" data-end=\"129\">1 x maitinimo adapteris<\/p>\n<p class=\"\" data-start=\"132\" data-end=\"145\">1 x naudotojo vadovas<\/p>\n<p data-start=\"132\" data-end=\"145\">** 5 x AA tipo baterijos (4 x sukamajam n\u0117rini\u0173 akmeniui, 1 x elektriniam u\u017edegimui) - <strong>baterijos ne\u012ftrauktos<\/strong>.<\/p>\n<h5 data-start=\"0\" data-end=\"23\">Specifikacijos:<\/h5>\n<p class=\"\" data-start=\"26\" data-end=\"53\">25 450 BTU 2 degikli\u0173 galia<\/p>\n<p class=\"\" data-start=\"56\" data-end=\"76\">Duj\u0173 sl\u0117gis: 2,75 kPa<\/p>\n<p class=\"\" data-start=\"80\" data-end=\"110\">Grynasis svoris: 29,2 kg<\/p>\n<p class=\"\" data-start=\"113\" data-end=\"142\">Bendrasis svoris: 35 kg<\/p>\n<h5 data-start=\"12\" data-end=\"29\"><strong data-start=\"12\" data-end=\"29\">Produkto matmenys:<\/strong><\/h5>\n<p class=\"\" data-start=\"32\" data-end=\"59\">Plotis: 660 mm<\/p>\n<p class=\"\" data-start=\"62\" data-end=\"90\">Gylis: 740 mm<\/p>\n<p class=\"\" data-start=\"93\" data-end=\"121\">Auk\u0161tis: 380 mm<\/p>\n<h5 data-start=\"123\" data-end=\"142\"><strong data-start=\"123\" data-end=\"142\">Pakuot\u0117s matmenys:<\/strong><\/h5>\n<p class=\"\" data-start=\"145\" data-end=\"172\">Plotis: 820 mm<\/p>\n<p class=\"\" data-start=\"175\" data-end=\"204\">Gylis: 740 mm<\/p>\n<p class=\"\" data-start=\"207\" data-end=\"235\">Auk\u0161tis: 435 mm<\/p>\n<h5 data-start=\"0\" data-end=\"18\">Prie\u017ei\u016bros vadovas<\/h5>\n<p class=\"\" data-start=\"20\" data-end=\"399\">Atv\u0117sus pic\u0173 krosnelei arba prie\u0161 prad\u0117dami kepti pic\u0173 krosnel\u0117je, naudokite. <a href=\"https:\/\/tammetorubbq.ee\/lt\/produktas\/everdure-krosniu-valymo-sepetys\/\"><strong data-start=\"121\" data-end=\"148\">\"Everdure\" pic\u0173 krosnies \u0161epetys<\/strong><\/a>i\u0161valyti picos akmen\u012f, degikl\u012f ir vidin\u012f korpus\u0105 nuo bet koki\u0173 liku\u010di\u0173, kurie gal\u0117jo susikaupti kepant orkait\u0117je. Naudokite <a href=\"https:\/\/tammetorubbq.ee\/lt\/produktas\/everdure-oro-salygoms-atsparus-dangtis-picu-krosniai\/\"><strong data-start=\"282\" data-end=\"309\">\"Everdure\" pic\u0173 krosnies dangtis<\/strong><\/a>kai pic\u0173 krosnel\u0117 nenaudojama, kad ji neb\u016bt\u0173 dulk\u0117ta ar ne\u0161vari.<\/p>\n<div style=\"width: 1920px;\" class=\"wp-video\"><video class=\"wp-video-shortcode\" id=\"video-2785-1\" width=\"1920\" height=\"1080\" preload=\"metadata\" controls=\"controls\"><source type=\"video\/mp4\" src=\"http:\/\/tammetorubbq.ee\/wp-content\/uploads\/2025\/04\/c6552e8778b5452583821469d2945d44.HD-1080p-2.5Mbps-41793897.mp4?_=1\" \/><a href=\"http:\/\/tammetorubbq.ee\/wp-content\/uploads\/2025\/04\/c6552e8778b5452583821469d2945d44.HD-1080p-2.5Mbps-41793897.mp4\">http:\/\/tammetorubbq.ee\/wp-content\/uploads\/2025\/04\/c6552e8778b5452583821469d2945d44.HD-1080p-2.5Mbps-41793897.mp4<\/a><\/video><\/div>\n<p class=\"\" data-start=\"0\" data-end=\"75\"><strong data-start=\"0\" data-end=\"75\">\"Everdure by Heston Blumenthal\" - puikus dizaino ir technologij\u0173 derinys!<\/strong><\/p>\n<p class=\"\" data-start=\"77\" data-end=\"327\"><strong data-start=\"77\" data-end=\"110\">Hestono Blumenthalio \"Everdure<\/strong> produktai yra unikal\u016bs ir i\u0161skirtiniai. Kartu su dizaineriais ir in\u017einieriais \"Heston Blumenthal\" siekia kurti gaminius, kuriuose kruop\u0161\u010diai apgalvota kiekviena detal\u0117, derinant pa\u017eangiausias technologijas ir gra\u017e\u0173 dizain\u0105.<\/p>","protected":false},"excerpt":{"rendered":"<p data-start=\"0\" data-end=\"37\"><strong data-start=\"0\" data-end=\"75\">\"Everdure by Heston Blumenthal\" - puikus dizaino ir technologij\u0173 derinys!<\/strong><\/p>\n<p class=\"\" data-start=\"0\" data-end=\"37\"><em><strong>Tradicin\u0117 pica su nauju prieskoniu!<\/strong><\/em><\/p>\n<p class=\"\" data-start=\"39\" data-end=\"279\">\"Everdure KILN R\" serijos propano pic\u0173 krosnel\u0117 yra unikaliai suprojektuota taip, kad namuose gal\u0117tum\u0117te m\u0117gautis autenti\u0161kais patiekalais be joki\u0173 pastang\u0173. D\u0117l savo universali\u0173 funkcij\u0173 KILN krosnel\u0117 gali i\u0161kepti didel\u0119 pic\u0105 per ma\u017eiau nei 2 minutes ir kepti ar skrudinti \u012fvairius patiekalus.<\/p>\n<p class=\"\" data-start=\"281\" data-end=\"594\">D\u0117l besisukan\u010dio KILN picos akmens ir U formos degiklio nereikia rankiniu b\u016bdu apversti picos ir kiekvien\u0105 kart\u0105 u\u017etikrinamas tolygus kepimas.<\/p>\n<p class=\"\" data-start=\"281\" data-end=\"594\">KILN R serijos virykles lengva \u012frengti, gaminti, valyti ir laikyti - jos puikiai papildys j\u016bs\u0173 lauko virtuv\u0119.<\/p>\n<p class=\"\" data-start=\"281\" data-end=\"594\">M\u0117gaukit\u0117s tradicine pica, bet su nauju prieskoniu.<\/p>\n<h5 data-start=\"0\" data-end=\"21\">Pagrindin\u0117s funkcijos<\/h5>\n<p class=\"\" data-start=\"25\" data-end=\"93\"><strong data-start=\"25\" data-end=\"52\">Daugiafunkcin\u0117 orkait\u0117<\/strong> - tinka \u012fvairiems patiekalams gaminti.<\/p>\n<p class=\"\" data-start=\"96\" data-end=\"127\"><strong data-start=\"96\" data-end=\"126\">Gra\u017eus ir modernus dizainas<\/strong>.<\/p>\n<p class=\"\" data-start=\"130\" data-end=\"188\"><strong data-start=\"130\" data-end=\"160\">Akumuliatoriaus veikimo trukm\u0117 iki 50 valand\u0173<\/strong> besisukan\u010diam n\u0117rini\u0173 akmeniui.<\/p>\n<p class=\"\" data-start=\"191\" data-end=\"276\"><strong data-start=\"191\" data-end=\"222\">Dvigubai izoliuotas korpusas<\/strong>, kuris padidina vidaus izoliacijos energin\u012f efektyvum\u0105.<\/p>\n<p class=\"\" data-start=\"279\" data-end=\"367\"><strong>Kepimo skardoje telpa iki 40 cm<\/strong> picos ar \u012fvairi\u0173 maisto gaminimo ir kepimo reikmen\u0173.<\/p>\n<p class=\"\" data-start=\"370\" data-end=\"424\"><strong data-start=\"370\" data-end=\"423\">I\u0161kepa iki 400 \u00b0C temperat\u016bros per ma\u017eiau nei 15 minu\u010di\u0173<\/strong>.<\/p>\n<p class=\"\" data-start=\"427\" data-end=\"472\"><strong data-start=\"427\" data-end=\"471\">I\u0161kepa puiki\u0105 pic\u0105 per ma\u017eiau nei 2 minutes<\/strong>.<\/p>\n<p class=\"\" data-start=\"475\" data-end=\"517\"><strong data-start=\"475\" data-end=\"516\">Ranken\u0117l\u0117 besisukan\u010diam n\u0117rini\u0173 akmeniui valdyti<\/strong>.<\/p>\n<p class=\"\" data-start=\"520\" data-end=\"637\"><strong data-start=\"520\" data-end=\"591\">Besisukanti n\u0117rini\u0173 plyta, maitinama akumuliatoriumi arba prie elektros tinklo prijungtu maitinimo \u0161altiniu<\/strong>, tod\u0117l picos nebereikia apversti rankomis.<\/p>\n<p class=\"\" data-start=\"640\" data-end=\"689\"><strong data-start=\"640\" data-end=\"665\">Nuimamas grindinio akmuo<\/strong> kad b\u016bt\u0173 lengva valyti.<\/p>\n<p class=\"\" data-start=\"640\" data-end=\"689\"><strong data-start=\"692\" data-end=\"745\">Sukurta taip, kad tikt\u0173 standartini\u0173 dyd\u017ei\u0173 stalvir\u0161iams<\/strong>.<\/p>\n<p class=\"\" data-start=\"749\" data-end=\"823\"><strong data-start=\"749\" data-end=\"774\">Degiklis po n\u0117riniais<\/strong>kad kiekvien\u0105 kart\u0105 b\u016bt\u0173 u\u017etikrintas tobulai i\u0161keptas dugnas.<\/p>\n<p class=\"\" data-start=\"826\" data-end=\"891\"><strong data-start=\"826\" data-end=\"847\">U formos degiklis<\/strong> u\u017etikrina tolyg\u0173 \u0161ilumos paskirstym\u0105 kepant.<\/p>\n<p><img loading=\"lazy\" decoding=\"async\" class=\"wp-image-1517\" src=\"http:\/\/tammetorubbq.ee\/wp-content\/uploads\/2024\/03\/Everdure-by-Heston-Blumenthal-logo-300x58.png\" alt=\"&quot;Everdure by Heston Blumenthal&quot; logotipas\" width=\"228\" height=\"44\" srcset=\"https:\/\/tammetorubbq.ee\/wp-content\/uploads\/2024\/03\/Everdure-by-Heston-Blumenthal-logo-300x58.png 300w, https:\/\/tammetorubbq.ee\/wp-content\/uploads\/2024\/03\/Everdure-by-Heston-Blumenthal-logo-768x147.png 768w, https:\/\/tammetorubbq.ee\/wp-content\/uploads\/2024\/03\/Everdure-by-Heston-Blumenthal-logo-18x3.png 18w, https:\/\/tammetorubbq.ee\/wp-content\/uploads\/2024\/03\/Everdure-by-Heston-Blumenthal-logo-600x115.png 600w, https:\/\/tammetorubbq.ee\/wp-content\/uploads\/2024\/03\/Everdure-by-Heston-Blumenthal-logo-64x12.png 64w, https:\/\/tammetorubbq.ee\/wp-content\/uploads\/2024\/03\/Everdure-by-Heston-Blumenthal-logo.png 1000w\" sizes=\"auto, (max-width: 228px) 100vw, 228px\" \/><\/p>\n<p>&nbsp;<\/p>\n<p><a href=\"https:\/\/tammetorubbq.ee\/lt\/sumoketi-veliau\/\"><strong>PIRKITE DABAR, MOK\u0116KITE V\u0116LIAU<\/strong><\/a>\u00a0- be pal\u016bkan\u0173!<\/p>\n<p><img loading=\"lazy\" decoding=\"async\" class=\"alignnone wp-image-2646\" src=\"http:\/\/tammetorubbq.ee\/wp-content\/uploads\/2023\/12\/inbank-wordmark.png\" alt=\"Inbank\" width=\"169\" height=\"76\" srcset=\"https:\/\/tammetorubbq.ee\/wp-content\/uploads\/2023\/12\/inbank-wordmark.png 300w, https:\/\/tammetorubbq.ee\/wp-content\/uploads\/2023\/12\/inbank-wordmark-18x8.png 18w, https:\/\/tammetorubbq.ee\/wp-content\/uploads\/2023\/12\/inbank-wordmark-64x29.png 64w\" sizes=\"auto, (max-width: 169px) 100vw, 169px\" \/><\/p>\n<p>Taip pat si\u016blome galimyb\u0119 sumok\u0117ti v\u0117liau - viena, dviem arba trimis lygiomis dalimis be joki\u0173 pal\u016bkan\u0173 ar papildom\u0173 mokes\u010di\u0173.<\/p>\n<p>M\u016bs\u0173 pirkini\u0173 krep\u0161elyje rasite \u012fvairi\u0173 mok\u0117jimo b\u016bd\u0173 pasirinkim\u0105.<\/p>","protected":false},"featured_media":2796,"comment_status":"open","ping_status":"closed","template":"","meta":{"_uf_show_specific_survey":0,"_uf_disable_surveys":false},"pwb-brand":[132],"product_brand":[],"product_cat":[131],"product_tag":[149,133],"class_list":{"0":"post-2785","1":"product","2":"type-product","3":"status-publish","4":"has-post-thumbnail","6":"pwb-brand-everdure","7":"product_cat-pizzaahjud","8":"product_tag-everdure","9":"product_tag-pizzaahi","11":"first","12":"instock","13":"taxable","14":"shipping-taxable","15":"purchasable","16":"product-type-simple"},"brands":[{"id":132,"name":"Everdure","slug":"everdure"}],"_links":{"self":[{"href":"https:\/\/tammetorubbq.ee\/lt\/wp-json\/wp\/v2\/product\/2785","targetHints":{"allow":["GET"]}}],"collection":[{"href":"https:\/\/tammetorubbq.ee\/lt\/wp-json\/wp\/v2\/product"}],"about":[{"href":"https:\/\/tammetorubbq.ee\/lt\/wp-json\/wp\/v2\/types\/product"}],"replies":[{"embeddable":true,"href":"https:\/\/tammetorubbq.ee\/lt\/wp-json\/wp\/v2\/comments?post=2785"}],"wp:featuredmedia":[{"embeddable":true,"href":"https:\/\/tammetorubbq.ee\/lt\/wp-json\/wp\/v2\/media\/2796"}],"wp:attachment":[{"href":"https:\/\/tammetorubbq.ee\/lt\/wp-json\/wp\/v2\/media?parent=2785"}],"wp:term":[{"taxonomy":"pwb-brand","embeddable":true,"href":"https:\/\/tammetorubbq.ee\/lt\/wp-json\/wp\/v2\/pwb-brand?post=2785"},{"taxonomy":"product_brand","embeddable":true,"href":"https:\/\/tammetorubbq.ee\/lt\/wp-json\/wp\/v2\/product_brand?post=2785"},{"taxonomy":"product_cat","embeddable":true,"href":"https:\/\/tammetorubbq.ee\/lt\/wp-json\/wp\/v2\/product_cat?post=2785"},{"taxonomy":"product_tag","embeddable":true,"href":"https:\/\/tammetorubbq.ee\/lt\/wp-json\/wp\/v2\/product_tag?post=2785"}],"curies":[{"name":"wp","href":"https:\/\/api.w.org\/{rel}","templated":true}]}}