{"id":2822,"date":"2025-04-05T13:20:42","date_gmt":"2025-04-05T10:20:42","guid":{"rendered":"https:\/\/tammetorubbq.ee\/?post_type=product&#038;p=2822"},"modified":"2026-04-17T08:00:01","modified_gmt":"2026-04-17T05:00:01","slug":"napoleonas-picos-myletojas-picos-pristatymo-rinkinys","status":"publish","type":"product","link":"https:\/\/tammetorubbq.ee\/lt\/produktas\/napoleonas-picos-myletojas-picos-pristatymo-rinkinys\/","title":{"rendered":"\"Napoleon Pizza Lover\" picos reikmen\u0173 rinkinys"},"content":{"rendered":"<h5 data-start=\"812\" data-end=\"825\"><strong data-start=\"812\" data-end=\"823\">Matmenys:<\/strong><\/h5>\n<p class=\"\" data-start=\"828\" data-end=\"858\">Picos akmens \u012fstri\u017eain\u0117s ilgis: 30 cm<\/p>","protected":false},"excerpt":{"rendered":"<p class=\"\" data-start=\"0\" data-end=\"227\">\"Napoleon Pizza Lover\" rinkinyje yra viskas, ko reikia norint namuose pasigaminti picerijos stiliaus picas - tereikia prid\u0117ti m\u0117gstam\u0173 ingredient\u0173.<\/p>\n<p class=\"\" data-start=\"0\" data-end=\"227\"><strong>Rinkin\u012f sudaro picos akmuo, picos pjaustykl\u0117, mentel\u0117 ir mentel\u0117 su tarka.<\/strong><\/p>\n<p class=\"\" data-start=\"229\" data-end=\"454\">Por\u0117tas picos akmens pavir\u0161ius sugeria dr\u0117gm\u0117s pertekli\u0173 i\u0161 te\u0161los, tod\u0117l apatin\u0117 pluta i\u0161kepa iki gra\u017eios tra\u0161kios plutel\u0117s. Akmen\u012f taip pat galima naudoti duonai ar sausainiams kepti, o su kiekvienu naudojimu jis tampa vis geresnis, kaip ir ketaus akmuo.<\/p>\n<p class=\"\" data-start=\"746\" data-end=\"810\">Picos akmen\u012f galima plauti rankomis (be muilo ar abrazyvini\u0173 valikli\u0173).<\/p>\n<p data-start=\"746\" data-end=\"810\">Tinka naudoti <strong><a href=\"https:\/\/tammetorubbq.ee\/lt\/kategorija\/kepsnines\/dujines-kepsnines\/\">dujos<\/a><\/strong>- ir <strong><a href=\"https:\/\/tammetorubbq.ee\/lt\/kategorija\/kepsnines\/elektriniai-akiniai\/\">electrigrill<\/a><\/strong>, akmens anglis <a href=\"https:\/\/tammetorubbq.ee\/lt\/kategorija\/kepsnines\/keramines-groteles\/\"><strong>ant keraminio grilio<\/strong><\/a>, <strong><a href=\"https:\/\/tammetorubbq.ee\/lt\/kategorija\/kepsnines\/granuliu-kepsnines\/\">ant granuli\u0173 kepsnin\u0117s<\/a><\/strong> ir, \u017einoma. <strong><a href=\"https:\/\/tammetorubbq.ee\/lt\/?s=pizzaahi&amp;post_type=product&amp;dgwt_wcas=1\">pic\u0173 kepimo krosnis<\/a><\/strong>.<\/p>\n<p><img loading=\"lazy\" decoding=\"async\" class=\"wp-image-2098\" src=\"http:\/\/tammetorubbq.ee\/wp-content\/uploads\/2024\/11\/napoleon-gas-grills-logo-vector-1-300x124.png\" alt=\"&quot;Napoleon&quot; dujin\u0117s kepsnin\u0117s logotipas vektorius\" width=\"184\" height=\"76\" srcset=\"https:\/\/tammetorubbq.ee\/wp-content\/uploads\/2024\/11\/napoleon-gas-grills-logo-vector-1-300x124.png 300w, https:\/\/tammetorubbq.ee\/wp-content\/uploads\/2024\/11\/napoleon-gas-grills-logo-vector-1-768x317.png 768w, https:\/\/tammetorubbq.ee\/wp-content\/uploads\/2024\/11\/napoleon-gas-grills-logo-vector-1-18x7.png 18w, https:\/\/tammetorubbq.ee\/wp-content\/uploads\/2024\/11\/napoleon-gas-grills-logo-vector-1-600x248.png 600w, https:\/\/tammetorubbq.ee\/wp-content\/uploads\/2024\/11\/napoleon-gas-grills-logo-vector-1-64x26.png 64w, https:\/\/tammetorubbq.ee\/wp-content\/uploads\/2024\/11\/napoleon-gas-grills-logo-vector-1.png 847w\" sizes=\"auto, (max-width: 184px) 100vw, 184px\" \/><\/p>","protected":false},"featured_media":2824,"comment_status":"open","ping_status":"closed","template":"","meta":{"_uf_show_specific_survey":0,"_uf_disable_surveys":false},"pwb-brand":[101],"product_brand":[],"product_cat":[30],"product_tag":[134,133],"class_list":{"0":"post-2822","1":"product","2":"type-product","3":"status-publish","4":"has-post-thumbnail","6":"pwb-brand-napoleon","7":"product_cat-grillimise-tarvikud","8":"product_tag-grillimise-tarvikud","9":"product_tag-pizzaahi","11":"first","12":"instock","13":"taxable","14":"shipping-taxable","15":"purchasable","16":"product-type-simple"},"brands":[{"id":101,"name":"Napoleonas","slug":"napoleonas"}],"_links":{"self":[{"href":"https:\/\/tammetorubbq.ee\/lt\/wp-json\/wp\/v2\/product\/2822","targetHints":{"allow":["GET"]}}],"collection":[{"href":"https:\/\/tammetorubbq.ee\/lt\/wp-json\/wp\/v2\/product"}],"about":[{"href":"https:\/\/tammetorubbq.ee\/lt\/wp-json\/wp\/v2\/types\/product"}],"replies":[{"embeddable":true,"href":"https:\/\/tammetorubbq.ee\/lt\/wp-json\/wp\/v2\/comments?post=2822"}],"wp:featuredmedia":[{"embeddable":true,"href":"https:\/\/tammetorubbq.ee\/lt\/wp-json\/wp\/v2\/media\/2824"}],"wp:attachment":[{"href":"https:\/\/tammetorubbq.ee\/lt\/wp-json\/wp\/v2\/media?parent=2822"}],"wp:term":[{"taxonomy":"pwb-brand","embeddable":true,"href":"https:\/\/tammetorubbq.ee\/lt\/wp-json\/wp\/v2\/pwb-brand?post=2822"},{"taxonomy":"product_brand","embeddable":true,"href":"https:\/\/tammetorubbq.ee\/lt\/wp-json\/wp\/v2\/product_brand?post=2822"},{"taxonomy":"product_cat","embeddable":true,"href":"https:\/\/tammetorubbq.ee\/lt\/wp-json\/wp\/v2\/product_cat?post=2822"},{"taxonomy":"product_tag","embeddable":true,"href":"https:\/\/tammetorubbq.ee\/lt\/wp-json\/wp\/v2\/product_tag?post=2822"}],"curies":[{"name":"wp","href":"https:\/\/api.w.org\/{rel}","templated":true}]}}