{"id":2851,"date":"2025-04-05T14:16:13","date_gmt":"2025-04-05T11:16:13","guid":{"rendered":"https:\/\/tammetorubbq.ee\/?post_type=product&#038;p=2851"},"modified":"2026-04-19T23:00:43","modified_gmt":"2026-04-19T20:00:43","slug":"kamado-joe-pica-kopersistemos-kopersistema-dojoe-classic","status":"publish","type":"product","link":"https:\/\/tammetorubbq.ee\/lt\/produktas\/kamado-joe-pica-kopersistemos-kopersistema-dojoe-classic\/","title":{"rendered":"\"Kamado Joe\" pic\u0173 kepimo sistema \"DoJoe Classic"},"content":{"rendered":"<p class=\"\" data-start=\"0\" data-end=\"324\"><a href=\"https:\/\/tammetorubbq.ee\/lt\/?s=kamado+joe&amp;post_type=product&amp;dgwt_wcas=1\"><strong data-start=\"0\" data-end=\"27\">Kamado Joe <\/strong><\/a>Priedai sukurti taip, kad papildyt\u0173 ir i\u0161pl\u0117st\u0173 \"Kamado Joe\" kepsnini\u0173 funkcijas, u\u017etikrint\u0173 didesn\u012f patogum\u0105, \u012fvairesn\u0119 kepimo patirt\u012f ir geresnius rezultatus. Su \"Kamado Joe\" priedais gal\u0117site profesionaliai kepti ant groteli\u0173, r\u016bkyti, kepti ir ruo\u0161ti \u012fvairius patiekalus.<\/p>\n<p class=\"\" data-start=\"326\" data-end=\"748\">Vienas i\u0161 speciali\u0173 pried\u0173 - \"Kamado Joe\" picos kepimo sistema (DoJoe), kuri \"Kamado Joe\" kepsnin\u0119 paver\u010dia autenti\u0161ka pic\u0173 kepimo krosnimi. Naudodami \u0161i\u0105 sistem\u0105 galite i\u0161kepti tobulas picas, pasiekti puiki\u0105 \u0161ilumos ir oro cirkuliacij\u0105, kad j\u0173 plutel\u0117 b\u016bt\u0173 tra\u0161ki ir \u012fdarai tolygiai i\u0161kept\u0173. \u0160is priedas puikiai papildo j\u016bs\u0173 kepimo ant groteli\u0173 galimybes, suteikdamas daugiau k\u016brybi\u0161kumo ir \u012fvairov\u0117s gaminant vis\u0173 r\u016b\u0161i\u0173 maist\u0105.<\/p>\n<p class=\"\" data-start=\"750\" data-end=\"881\">\"Kamado Joe\" priedai skirti visiems, kurie vertina tobul\u0105 maisto ruo\u0161im\u0105 ir nori prapl\u0117sti kepimo ant groteli\u0173 galimybes.<\/p>","protected":false},"excerpt":{"rendered":"<p data-start=\"56\" data-end=\"347\"><span style=\"color: #ff0000;\"><strong>Hetkel saadaval ainult j\u00e4reltellimisega &#8211; eeldatav tarne Aprill &#8211; Mai 2026.\u00a0<\/strong><\/span><\/p>\n<p class=\"\" data-start=\"56\" data-end=\"347\">\"Kamado Joe DoJoe Classic\" - tai speciali pic\u0173 kepimo sistema, sukurta tam, kad j\u016bs\u0173 \"Kamado Joe\" kepsnin\u0117 puikiai tikt\u0173 picoms kepti. \u0160i sistema padeda pasiekti tobul\u0105 kar\u0161t\u012f ir oro cirkuliacij\u0105 kepant pic\u0105, u\u017etikrinant puiki\u0105 tra\u0161ki\u0105 plutel\u0119 ir tolygiai i\u0161keptus priedus.<\/p>\n<p class=\"\" data-start=\"349\" data-end=\"607\">Su \"DoJoe Classic\" \"Kamado Joe\" kepsnin\u0117 tampa \u012fprasta pic\u0173 kepimo krosnimi, tod\u0117l namuose galite kepti autenti\u0161kas picerijos stiliaus picas. Naudodami \u0161i\u0105 sistem\u0105 galite greitai i\u0161kepti picas, i\u0161laikydami tradicin\u0117s malkin\u0117s ar akmenin\u0117s krosnies skon\u012f ir tekst\u016br\u0105.<\/p>\n<p class=\"\" data-start=\"609\" data-end=\"618\"><strong>Funkcijos:<\/strong><\/p>\n<p class=\"\" data-start=\"621\" data-end=\"666\">Auk\u0161tos temperat\u016bros palaikymas ir vienodas kar\u0161tis.<\/p>\n<p class=\"\" data-start=\"669\" data-end=\"703\">Tvirta ir ilgaam\u017e\u0117 konstrukcija.<\/p>\n<p class=\"\" data-start=\"706\" data-end=\"756\">Lengva montuoti ir naudoti \"Kamado Joe\" kepsnin\u0117se.<\/p>\n<p class=\"\" data-start=\"759\" data-end=\"831\">N\u0117 viena pica niekada neb\u016bna per tir\u0161ta arba jos pagrindas neb\u016bna per mink\u0161tas.<\/p>\n<p class=\"\" data-start=\"833\" data-end=\"933\">Puikus \u012frankis visiems pic\u0173 m\u0117g\u0117jams, norintiems savo kieme gaminti restorano kokyb\u0117s picas!<\/p>\n<p data-start=\"833\" data-end=\"933\">\"DoJoe Classic\" yra suderinamas su <a href=\"https:\/\/tammetorubbq.ee\/lt\/?s=kamado+joe+classic&amp;post_type=product&amp;dgwt_wcas=1\"><strong>\"Kamado Joe\" su angli\u0173 kepsnin\u0117mis<\/strong><\/a>.<\/p>\n<p data-start=\"833\" data-end=\"933\"><img loading=\"lazy\" decoding=\"async\" class=\"alignnone wp-image-647\" src=\"http:\/\/tammetorubbq.ee\/wp-content\/uploads\/2023\/11\/kamadojoe-300x40.png\" alt=\"Kamadojoe logotipas\" width=\"180\" height=\"24\" srcset=\"https:\/\/tammetorubbq.ee\/wp-content\/uploads\/2023\/11\/kamadojoe-300x40.png 300w, https:\/\/tammetorubbq.ee\/wp-content\/uploads\/2023\/11\/kamadojoe-768x104.png 768w, https:\/\/tammetorubbq.ee\/wp-content\/uploads\/2023\/11\/kamadojoe-18x2.png 18w, https:\/\/tammetorubbq.ee\/wp-content\/uploads\/2023\/11\/kamadojoe-600x81.png 600w, https:\/\/tammetorubbq.ee\/wp-content\/uploads\/2023\/11\/kamadojoe-64x9.png 64w, https:\/\/tammetorubbq.ee\/wp-content\/uploads\/2023\/11\/kamadojoe.png 1024w\" sizes=\"auto, (max-width: 180px) 100vw, 180px\" \/><\/p>\n<p><a href=\"https:\/\/tammetorubbq.ee\/lt\/sumoketi-veliau\/\"><strong>PIRKITE DABAR, MOK\u0116KITE V\u0116LIAU<\/strong><\/a>\u00a0- be pal\u016bkan\u0173!<\/p>\n<p><img loading=\"lazy\" decoding=\"async\" class=\"alignnone wp-image-2646\" src=\"http:\/\/tammetorubbq.ee\/wp-content\/uploads\/2023\/12\/inbank-wordmark.png\" alt=\"\" width=\"167\" height=\"75\" srcset=\"https:\/\/tammetorubbq.ee\/wp-content\/uploads\/2023\/12\/inbank-wordmark.png 300w, https:\/\/tammetorubbq.ee\/wp-content\/uploads\/2023\/12\/inbank-wordmark-18x8.png 18w, https:\/\/tammetorubbq.ee\/wp-content\/uploads\/2023\/12\/inbank-wordmark-64x29.png 64w\" sizes=\"auto, (max-width: 167px) 100vw, 167px\" \/><\/p>\n<p>Taip pat si\u016blome galimyb\u0119 sumok\u0117ti v\u0117liau - viena, dviem arba trimis lygiomis dalimis be joki\u0173 pal\u016bkan\u0173 ar papildom\u0173 mokes\u010di\u0173.<\/p>\n<p>M\u016bs\u0173 pirkini\u0173 krep\u0161elyje rasite \u012fvairi\u0173 mok\u0117jimo b\u016bd\u0173 pasirinkim\u0105.<\/p>\n<h5><strong>\"Kamado Joe\" yra oficialus \"Kamado Joe\" atstovas Estijoje!<\/strong><\/h5>\n<p data-start=\"833\" data-end=\"933\">","protected":false},"featured_media":2858,"comment_status":"open","ping_status":"closed","template":"","meta":{"_uf_show_specific_survey":0,"_uf_disable_surveys":false},"pwb-brand":[69],"product_brand":[],"product_cat":[131,88],"product_tag":[322,136,126,325,323,133],"class_list":{"0":"post-2851","1":"product","2":"type-product","3":"status-publish","4":"has-post-thumbnail","6":"pwb-brand-kamado-joe","7":"product_cat-pizzaahjud","8":"product_cat-grillide-lisatarvikud","9":"product_tag-dojoe","10":"product_tag-grillide-lisatarvikud","11":"product_tag-kamado-joe","12":"product_tag-kamado-joe-classic","13":"product_tag-kamado-joe-lisatarvikud","14":"product_tag-pizzaahi","16":"first","17":"instock","18":"taxable","19":"shipping-taxable","20":"purchasable","21":"product-type-simple"},"brands":[{"id":69,"name":"Kamado Joe","slug":"kamado-joe"}],"_links":{"self":[{"href":"https:\/\/tammetorubbq.ee\/lt\/wp-json\/wp\/v2\/product\/2851","targetHints":{"allow":["GET"]}}],"collection":[{"href":"https:\/\/tammetorubbq.ee\/lt\/wp-json\/wp\/v2\/product"}],"about":[{"href":"https:\/\/tammetorubbq.ee\/lt\/wp-json\/wp\/v2\/types\/product"}],"replies":[{"embeddable":true,"href":"https:\/\/tammetorubbq.ee\/lt\/wp-json\/wp\/v2\/comments?post=2851"}],"wp:featuredmedia":[{"embeddable":true,"href":"https:\/\/tammetorubbq.ee\/lt\/wp-json\/wp\/v2\/media\/2858"}],"wp:attachment":[{"href":"https:\/\/tammetorubbq.ee\/lt\/wp-json\/wp\/v2\/media?parent=2851"}],"wp:term":[{"taxonomy":"pwb-brand","embeddable":true,"href":"https:\/\/tammetorubbq.ee\/lt\/wp-json\/wp\/v2\/pwb-brand?post=2851"},{"taxonomy":"product_brand","embeddable":true,"href":"https:\/\/tammetorubbq.ee\/lt\/wp-json\/wp\/v2\/product_brand?post=2851"},{"taxonomy":"product_cat","embeddable":true,"href":"https:\/\/tammetorubbq.ee\/lt\/wp-json\/wp\/v2\/product_cat?post=2851"},{"taxonomy":"product_tag","embeddable":true,"href":"https:\/\/tammetorubbq.ee\/lt\/wp-json\/wp\/v2\/product_tag?post=2851"}],"curies":[{"name":"wp","href":"https:\/\/api.w.org\/{rel}","templated":true}]}}