{"id":2927,"date":"2025-04-08T14:58:49","date_gmt":"2025-04-08T11:58:49","guid":{"rendered":"https:\/\/tammetorubbq.ee\/?post_type=product&#038;p=2927"},"modified":"2026-04-30T02:00:15","modified_gmt":"2026-04-29T23:00:15","slug":"meat-church-holy-cow-rub-340g-2-2-2","status":"publish","type":"product","link":"https:\/\/tammetorubbq.ee\/lt\/toode\/meat-church-holy-cow-rub-340g-2-2\/","title":{"rendered":"Meat Church Holy Cow Rub 340g"},"content":{"rendered":"<p><strong>Sudedamosios dalys:<\/strong> Sool, v\u00fcrtsid, kuivatatud k\u00fc\u00fcslauk ja v\u00fcrtsiekstraktid.<\/p>\n<p>Be glitimo.<\/p>\n<p>Be mononatrio glutamato.<\/p>","protected":false},"excerpt":{"rendered":"<p>\"Meat Church Holy Cow\" \u012ftrinti Teksaso stiliaus BBQ prieskoniai yra tikras skonio poj\u016btis i\u0161 Vieni\u0161osios \u017evaig\u017ed\u0117s valstijos!<\/p>\n<p>Jei lank\u0117t\u0117s \"Franklin\", \"Cruz\", \"Blacks\" ar \"Smitty's\", suprasite, k\u0105 tai rei\u0161kia.<\/p>\n<p>Stiprus Rub skonis puikiai tinka \u0161onkauliukams, trigalviams ir kepsniams, ta\u010diau j\u012f galite naudoti bet kokiems kitiems m\u0117gstamiems ikrams.<\/p>\n<p>Be to, \"Holy Cow\" yra populiarus vi\u0161tienos ir m\u0117saini\u0173 pasirinkimas tarp daugelio barbekiu m\u0117g\u0117j\u0173.<\/p>\n<p><img loading=\"lazy\" decoding=\"async\" class=\"wp-image-1702\" src=\"http:\/\/tammetorubbq.ee\/wp-content\/uploads\/2024\/02\/Meat-Church-logo-scaled-300x300.webp\" alt=\"M\u0117sos ba\u017eny\u010dios logotipas\" width=\"200\" height=\"200\" srcset=\"https:\/\/tammetorubbq.ee\/wp-content\/uploads\/2024\/02\/Meat-Church-logo-scaled-300x300.webp 300w, https:\/\/tammetorubbq.ee\/wp-content\/uploads\/2024\/02\/Meat-Church-logo-scaled-1024x1024.webp 1024w, https:\/\/tammetorubbq.ee\/wp-content\/uploads\/2024\/02\/Meat-Church-logo-scaled-150x150.webp 150w, https:\/\/tammetorubbq.ee\/wp-content\/uploads\/2024\/02\/Meat-Church-logo-scaled-768x768.webp 768w, https:\/\/tammetorubbq.ee\/wp-content\/uploads\/2024\/02\/Meat-Church-logo-scaled-1536x1536.webp 1536w, https:\/\/tammetorubbq.ee\/wp-content\/uploads\/2024\/02\/Meat-Church-logo-scaled-2048x2048.webp 2048w, https:\/\/tammetorubbq.ee\/wp-content\/uploads\/2024\/02\/Meat-Church-logo-scaled-12x12.webp 12w, https:\/\/tammetorubbq.ee\/wp-content\/uploads\/2024\/02\/Meat-Church-logo-scaled-600x600.webp 600w, https:\/\/tammetorubbq.ee\/wp-content\/uploads\/2024\/02\/Meat-Church-logo-scaled-64x64.webp 64w\" sizes=\"auto, (max-width: 200px) 100vw, 200px\" \/><\/p>","protected":false},"featured_media":2928,"comment_status":"open","ping_status":"closed","template":"","meta":{"_uf_show_specific_survey":0,"_uf_disable_surveys":false},"pwb-brand":[96],"product_brand":[],"product_cat":[21],"product_tag":[138,118,123,139,119],"class_list":{"0":"post-2927","1":"product","2":"type-product","3":"status-publish","4":"has-post-thumbnail","6":"pwb-brand-meat-church","7":"product_cat-maitseainesegud","8":"product_tag-burger","9":"product_tag-kanaliha","10":"product_tag-steik","11":"product_tag-ulukiliha","12":"product_tag-veiseliha","14":"first","15":"instock","16":"taxable","17":"shipping-taxable","18":"purchasable","19":"product-type-simple"},"brands":[{"id":96,"name":"M\u0117sos ba\u017eny\u010dia","slug":"meat-church"}],"_links":{"self":[{"href":"https:\/\/tammetorubbq.ee\/lt\/wp-json\/wp\/v2\/product\/2927","targetHints":{"allow":["GET"]}}],"collection":[{"href":"https:\/\/tammetorubbq.ee\/lt\/wp-json\/wp\/v2\/product"}],"about":[{"href":"https:\/\/tammetorubbq.ee\/lt\/wp-json\/wp\/v2\/types\/product"}],"replies":[{"embeddable":true,"href":"https:\/\/tammetorubbq.ee\/lt\/wp-json\/wp\/v2\/comments?post=2927"}],"wp:featuredmedia":[{"embeddable":true,"href":"https:\/\/tammetorubbq.ee\/lt\/wp-json\/wp\/v2\/media\/2928"}],"wp:attachment":[{"href":"https:\/\/tammetorubbq.ee\/lt\/wp-json\/wp\/v2\/media?parent=2927"}],"wp:term":[{"taxonomy":"pwb-brand","embeddable":true,"href":"https:\/\/tammetorubbq.ee\/lt\/wp-json\/wp\/v2\/pwb-brand?post=2927"},{"taxonomy":"product_brand","embeddable":true,"href":"https:\/\/tammetorubbq.ee\/lt\/wp-json\/wp\/v2\/product_brand?post=2927"},{"taxonomy":"product_cat","embeddable":true,"href":"https:\/\/tammetorubbq.ee\/lt\/wp-json\/wp\/v2\/product_cat?post=2927"},{"taxonomy":"product_tag","embeddable":true,"href":"https:\/\/tammetorubbq.ee\/lt\/wp-json\/wp\/v2\/product_tag?post=2927"}],"curies":[{"name":"wp","href":"https:\/\/api.w.org\/{rel}","templated":true}]}}