{"id":2946,"date":"2025-04-11T16:32:00","date_gmt":"2025-04-11T13:32:00","guid":{"rendered":"https:\/\/tammetorubbq.ee\/?post_type=product&#038;p=2946"},"modified":"2026-05-02T15:00:08","modified_gmt":"2026-05-02T12:00:08","slug":"kaltiniai-katai-su-kokanuga-205cm","status":"publish","type":"product","link":"https:\/\/tammetorubbq.ee\/lt\/toode\/sepistatud-katai-kokanuga-205cm\/","title":{"rendered":"Forged KATAI kokanuga 20,5cm"},"content":{"rendered":"<p class=\"\" data-start=\"136\" data-end=\"378\"><strong data-start=\"136\" data-end=\"147\">Gamintojas:<\/strong> Autenti\u0161kas gyvenimo stilius<br data-start=\"172\" data-end=\"175\" \/><strong data-start=\"175\" data-end=\"192\">Kilm\u0117s \u0161alis:<\/strong> Nyderlandai<br data-start=\"200\" data-end=\"203\" \/><strong data-start=\"203\" data-end=\"217\">Produkto kodas:<\/strong> KatKoksmes<br data-start=\"228\" data-end=\"231\" \/><strong data-start=\"231\" data-end=\"243\" data-is-only-node=\"\">Caredus:<\/strong> 60 HRC (pagal Rokvelo skal\u0119)<br data-start=\"275\" data-end=\"278\" \/><strong data-start=\"278\" data-end=\"294\">Gele\u017et\u0117s ilgis:<\/strong> 20,5 cm<br data-start=\"302\" data-end=\"305\" \/><strong data-start=\"305\" data-end=\"321\">Gr\u016bdo storis:<\/strong> 2,5 mm<br data-start=\"328\" data-end=\"331\" \/><strong data-start=\"331\" data-end=\"347\">Nukreipimo kampas:<\/strong> 18\u00b0<br data-start=\"351\" data-end=\"354\" \/><strong data-start=\"354\" data-end=\"367\">Garantija:<\/strong> 2 metai<\/p>\n<p class=\"\" data-start=\"380\" data-end=\"428\"><strong>Pastaba: peilio negalima plauti indaplov\u0117je.<\/strong><\/p>\n<p class=\"\" data-start=\"430\" data-end=\"545\"><strong data-start=\"430\" data-end=\"447\">Papildoma garantija:<\/strong> <em data-start=\"448\" data-end=\"474\">Autenti\u0161kas gyvenimo stilius<\/em> suteikia 10 met\u0173 garantij\u0105 peilio med\u017eiagoms ir gamybai.<\/p>","protected":false},"excerpt":{"rendered":"<p class=\"\" data-start=\"134\" data-end=\"190\"><strong data-start=\"134\" data-end=\"190\">Kaltiniai KATAI indai - unikalumas kiekvienoje detal\u0117je<\/strong><\/p>\n<p class=\"\" data-start=\"192\" data-end=\"605\">KATAI virtuv\u0117s ind\u0173 asortiment\u0105 \u012fkv\u0117p\u0117 banguojan\u010dios formos, eleganti\u0161kai \u012faustos \u012f gele\u017et\u0117s ir rankenos dizain\u0105. Kiekviena gele\u017et\u0117 yra visi\u0161kai rankomis nukalta i\u0161 penki\u0173 sluoksni\u0173 japoni\u0161ko VG10 plieno, tod\u0117l pasi\u017eymi i\u0161skirtiniu patvarumu ir pjovimo briaun\u0173 tikslumu. Be tradicinio plaktuko a\u0161men\u0173, peiliai papildomai apdirbti smulkiu plaktuku, kuris suteikia peiliui subtili\u0105 tekst\u016br\u0105 ir unikal\u0173 vizualin\u012f charakter\u012f.<\/p>\n<p class=\"\" data-start=\"607\" data-end=\"915\">Rankena pagaminta i\u0161 nat\u016bralios \u0161akn\u0173 medienos, u\u017epildyta derva, presuota ir kruop\u0161\u010diai suformuota. Kiekvien\u0105 kart\u0105 rezultatas yra ypatingas - kiekvienas peilis skiriasi savo apdaila, dyd\u017eiu, spalva ir med\u017eio ra\u0161t\u0173 ra\u0161tu.<\/p>\n<p class=\"\" data-start=\"607\" data-end=\"915\">Tai ne tik \u012frankis - tai meistri\u0161kumo ir dizaino simbioz\u0117.<\/p>\n<p data-start=\"607\" data-end=\"915\"><strong>Daugiausiai apdovanojim\u0173 peln\u0119s KATAI kolekcijos peilis!<\/strong> 2020 m. jis peln\u0117 presti\u017ein\u012f RED DOT apdovanojim\u0105 maisto gaminimo \u012franki\u0173 kategorijoje! D\u0117l \"RED DOT\" apdovanojim\u0173 var\u017e\u0117si 6 500 gamini\u0173 i\u0161 daugiau nei 60 \u0161ali\u0173. Nepriklausoma \u017eiuri, kuri renkasi jau 65 metus, i\u0161renka nugal\u0117tojus atsi\u017evelgdama \u012f j\u0173 vizualin\u012f patrauklum\u0105, funkcionalum\u0105, original\u0173 dizain\u0105, inovacijas, naudojamas med\u017eiagas ir gamybos meistri\u0161kum\u0105.<\/p>\n<p data-start=\"607\" data-end=\"915\">Taip pat \u017er: <a href=\"https:\/\/tammetorubbq.ee\/lt\/produktas\/kaltines-odos-streles-antgalis-kokanoa-205-cm\/\">Kaltos odos puodelis kokanoale peiliui - 20,5 cm<\/a><\/p>\n<p><img loading=\"lazy\" decoding=\"async\" class=\"wp-image-2962\" src=\"http:\/\/tammetorubbq.ee\/wp-content\/uploads\/2025\/04\/Forged-KATAI-logo-211x300.png\" alt=\"Kaltinis KATAI logotipas\" width=\"102\" height=\"145\" srcset=\"https:\/\/tammetorubbq.ee\/wp-content\/uploads\/2025\/04\/Forged-KATAI-logo-211x300.png 211w, https:\/\/tammetorubbq.ee\/wp-content\/uploads\/2025\/04\/Forged-KATAI-logo-8x12.png 8w, https:\/\/tammetorubbq.ee\/wp-content\/uploads\/2025\/04\/Forged-KATAI-logo-64x91.png 64w, https:\/\/tammetorubbq.ee\/wp-content\/uploads\/2025\/04\/Forged-KATAI-logo.png 229w\" sizes=\"auto, (max-width: 102px) 100vw, 102px\" \/><\/p>","protected":false},"featured_media":5532,"comment_status":"open","ping_status":"closed","template":"","meta":{"_uf_show_specific_survey":0,"_uf_disable_surveys":false},"pwb-brand":[156],"product_brand":[],"product_cat":[27],"product_tag":[157,315],"class_list":{"0":"post-2946","1":"product","2":"type-product","3":"status-publish","4":"has-post-thumbnail","6":"pwb-brand-forged","7":"product_cat-noad","8":"product_tag-forged","9":"product_tag-kokanuga","11":"first","12":"instock","13":"taxable","14":"shipping-taxable","15":"purchasable","16":"product-type-simple"},"brands":[{"id":156,"name":"Kaltiniai","slug":"kaltiniai"}],"_links":{"self":[{"href":"https:\/\/tammetorubbq.ee\/lt\/wp-json\/wp\/v2\/product\/2946","targetHints":{"allow":["GET"]}}],"collection":[{"href":"https:\/\/tammetorubbq.ee\/lt\/wp-json\/wp\/v2\/product"}],"about":[{"href":"https:\/\/tammetorubbq.ee\/lt\/wp-json\/wp\/v2\/types\/product"}],"replies":[{"embeddable":true,"href":"https:\/\/tammetorubbq.ee\/lt\/wp-json\/wp\/v2\/comments?post=2946"}],"wp:featuredmedia":[{"embeddable":true,"href":"https:\/\/tammetorubbq.ee\/lt\/wp-json\/wp\/v2\/media\/5532"}],"wp:attachment":[{"href":"https:\/\/tammetorubbq.ee\/lt\/wp-json\/wp\/v2\/media?parent=2946"}],"wp:term":[{"taxonomy":"pwb-brand","embeddable":true,"href":"https:\/\/tammetorubbq.ee\/lt\/wp-json\/wp\/v2\/pwb-brand?post=2946"},{"taxonomy":"product_brand","embeddable":true,"href":"https:\/\/tammetorubbq.ee\/lt\/wp-json\/wp\/v2\/product_brand?post=2946"},{"taxonomy":"product_cat","embeddable":true,"href":"https:\/\/tammetorubbq.ee\/lt\/wp-json\/wp\/v2\/product_cat?post=2946"},{"taxonomy":"product_tag","embeddable":true,"href":"https:\/\/tammetorubbq.ee\/lt\/wp-json\/wp\/v2\/product_tag?post=2946"}],"curies":[{"name":"wp","href":"https:\/\/api.w.org\/{rel}","templated":true}]}}