{"id":2964,"date":"2025-04-11T17:20:22","date_gmt":"2025-04-11T14:20:22","guid":{"rendered":"https:\/\/tammetorubbq.ee\/?post_type=product&#038;p=2964"},"modified":"2026-04-15T04:00:02","modified_gmt":"2026-04-15T01:00:02","slug":"kaltines-odos-streles-antgalis-kokanoa-205-cm","status":"publish","type":"product","link":"https:\/\/tammetorubbq.ee\/lt\/produktas\/kaltines-odos-streles-antgalis-kokanoa-205-cm\/","title":{"rendered":"Kaltos odos puodelis kokanoale peiliui - 20,5 cm"},"content":{"rendered":"<p><strong data-start=\"618\" data-end=\"629\">Gamintojas:<\/strong> Autenti\u0161kas gyvenimo stilius<br data-start=\"654\" data-end=\"657\" \/><strong data-start=\"657\" data-end=\"674\">Kilm\u0117s \u0161alis:<\/strong> Nyderlandai<br data-start=\"682\" data-end=\"685\" \/><strong data-start=\"685\" data-end=\"698\">Med\u017eiaga:<\/strong> nat\u016brali oda<br data-start=\"709\" data-end=\"712\" \/><strong data-start=\"712\" data-end=\"721\">Spalva:<\/strong> tamsiai ruda su juodomis detal\u0117mis<\/p>","protected":false},"excerpt":{"rendered":"<p class=\"\" data-start=\"170\" data-end=\"365\">Odinis vokas <em data-start=\"184\" data-end=\"205\">Odos padirbtas vir\u0117jas<\/em> sukurta specialiai universaliems STYLE DE VIE indams.<\/p>\n<p class=\"\" data-start=\"367\" data-end=\"616\">I\u0161 auk\u0161tos kokyb\u0117s odos pagamintas peilio laikiklis u\u017etikrina saug\u0173 laikym\u0105 ir patog\u0173 transportavim\u0105.<\/p>\n<p class=\"\" data-start=\"367\" data-end=\"616\">Eleganti\u0161kas dizainas sujungia patvarum\u0105 ir stili\u0173, puikiai tinka kasdieniam naudojimui tiek nam\u0173 virtuv\u0117je, tiek profesionalioje aplinkoje.<\/p>\n<p><img loading=\"lazy\" decoding=\"async\" class=\"wp-image-2962\" src=\"http:\/\/tammetorubbq.ee\/wp-content\/uploads\/2025\/04\/Forged-KATAI-logo-211x300.png\" alt=\"Kaltinis KATAI logotipas\" width=\"99\" height=\"141\" srcset=\"https:\/\/tammetorubbq.ee\/wp-content\/uploads\/2025\/04\/Forged-KATAI-logo-211x300.png 211w, https:\/\/tammetorubbq.ee\/wp-content\/uploads\/2025\/04\/Forged-KATAI-logo-8x12.png 8w, https:\/\/tammetorubbq.ee\/wp-content\/uploads\/2025\/04\/Forged-KATAI-logo-64x91.png 64w, https:\/\/tammetorubbq.ee\/wp-content\/uploads\/2025\/04\/Forged-KATAI-logo.png 229w\" sizes=\"auto, (max-width: 99px) 100vw, 99px\" \/><\/p>","protected":false},"featured_media":2965,"comment_status":"open","ping_status":"closed","template":"","meta":{"_uf_show_specific_survey":0,"_uf_disable_surveys":false},"pwb-brand":[156],"product_brand":[],"product_cat":[27],"product_tag":[157,155],"class_list":{"0":"post-2964","1":"product","2":"type-product","3":"status-publish","4":"has-post-thumbnail","6":"pwb-brand-forged","7":"product_cat-noad","8":"product_tag-forged","9":"product_tag-noad","11":"first","12":"instock","13":"taxable","14":"shipping-taxable","15":"purchasable","16":"product-type-simple"},"brands":[{"id":156,"name":"Kaltiniai","slug":"kaltiniai"}],"_links":{"self":[{"href":"https:\/\/tammetorubbq.ee\/lt\/wp-json\/wp\/v2\/product\/2964","targetHints":{"allow":["GET"]}}],"collection":[{"href":"https:\/\/tammetorubbq.ee\/lt\/wp-json\/wp\/v2\/product"}],"about":[{"href":"https:\/\/tammetorubbq.ee\/lt\/wp-json\/wp\/v2\/types\/product"}],"replies":[{"embeddable":true,"href":"https:\/\/tammetorubbq.ee\/lt\/wp-json\/wp\/v2\/comments?post=2964"}],"wp:featuredmedia":[{"embeddable":true,"href":"https:\/\/tammetorubbq.ee\/lt\/wp-json\/wp\/v2\/media\/2965"}],"wp:attachment":[{"href":"https:\/\/tammetorubbq.ee\/lt\/wp-json\/wp\/v2\/media?parent=2964"}],"wp:term":[{"taxonomy":"pwb-brand","embeddable":true,"href":"https:\/\/tammetorubbq.ee\/lt\/wp-json\/wp\/v2\/pwb-brand?post=2964"},{"taxonomy":"product_brand","embeddable":true,"href":"https:\/\/tammetorubbq.ee\/lt\/wp-json\/wp\/v2\/product_brand?post=2964"},{"taxonomy":"product_cat","embeddable":true,"href":"https:\/\/tammetorubbq.ee\/lt\/wp-json\/wp\/v2\/product_cat?post=2964"},{"taxonomy":"product_tag","embeddable":true,"href":"https:\/\/tammetorubbq.ee\/lt\/wp-json\/wp\/v2\/product_tag?post=2964"}],"curies":[{"name":"wp","href":"https:\/\/api.w.org\/{rel}","templated":true}]}}