{"id":2975,"date":"2025-04-14T20:40:57","date_gmt":"2025-04-14T17:40:57","guid":{"rendered":"https:\/\/tammetorubbq.ee\/?post_type=product&#038;p=2975"},"modified":"2026-04-17T05:00:33","modified_gmt":"2026-04-17T02:00:33","slug":"mesos-baznycios-sventasis-vudu-itrinti-396g","status":"publish","type":"product","link":"https:\/\/tammetorubbq.ee\/lt\/produktas\/mesos-baznycios-sventasis-vudu-itrinti-396g\/","title":{"rendered":"Meat Church Holy Voodoo Rub 396g"},"content":{"rendered":"<p>Sud\u0117tis: druska, cukrus, rudasis cukrus, prieskoniai (\u012fskaitant paprik\u0105), d\u017eiovintas \u010desnakas, d\u017eiovintas jalapeno, natrio glutamatas, d\u017eiovintas svog\u016bnas ir raps\u0173 aliejus.<\/p>\n<p>Be glitimo.<\/p>","protected":false},"excerpt":{"rendered":"<p class=\"\" data-start=\"0\" data-end=\"260\">Koge piet\u0173 regiono skoni\u0173 galia <strong data-start=\"26\" data-end=\"53\">M\u0117sos ba\u017eny\u010dia \u0160ventasis Vudu<\/strong> prieskoniai!<\/p>\n<p class=\"\" data-start=\"0\" data-end=\"260\">\u0160iame BBQ prieskoni\u0173 mi\u0161inyje, \u012fkv\u0117ptame tradicin\u0117s Cajun virtuv\u0117s, derinami sodr\u016bs pikanti\u0161ki prieskoniai ir \u0161velnus jalapeno a\u0161trumas, tod\u0117l jis yra universalus vis\u0173 r\u016b\u0161i\u0173 patiekalams.<\/p>\n<p class=\"\" data-start=\"262\" data-end=\"427\">Puikiai tinka pauk\u0161tienai, kiaulienos \u0161onkauliukams, dar\u017eov\u0117ms ir daugeliui kit\u0173 patiekal\u0173, nes \"Holy Voodoo\" smulki tekst\u016bra u\u017etikrina tolyg\u0173 padengim\u0105 ir gil\u0173 skon\u012f kiekviename k\u0105snyje.<\/p>\n<p class=\"\" data-start=\"429\" data-end=\"700\">Nesvarbu, ar r\u016bkysite kalakut\u0105, kepsite vi\u0161tien\u0105, ar ant groteli\u0173 kepsite dar\u017eoves, \u0161is mi\u0161inys be glitimo bet kuriam patiekalui suteiks a\u0161trumo ir autenti\u0161ko pietieti\u0161ko skonio.<br data-start=\"581\" data-end=\"584\" \/>\"Holy Voodoo\" idealiai tinka visiems, kurie vertina tikr\u0105 pietieti\u0161k\u0105 BBQ patirt\u012f.<\/p>\n<ul>\n<li>Tikras \"Cajun\" stiliaus skonis.<\/li>\n<li>Puikiai tinka pauk\u0161tienai, kiaulienos \u0161onkauliukams, dar\u017eov\u0117ms ir kt.<\/li>\n<li>Ypa\u010d tinka ant kepsni\u0173 ir r\u016bkytos kalakutienos.<\/li>\n<\/ul>\n<p><img loading=\"lazy\" decoding=\"async\" class=\"wp-image-1702\" src=\"https:\/\/tammetorubbq.ee\/wp-content\/uploads\/2024\/02\/Meat-Church-logo-scaled-300x300.webp\" alt=\"M\u0117sos ba\u017eny\u010dios logotipas\" width=\"206\" height=\"206\" srcset=\"https:\/\/tammetorubbq.ee\/wp-content\/uploads\/2024\/02\/Meat-Church-logo-scaled-300x300.webp 300w, https:\/\/tammetorubbq.ee\/wp-content\/uploads\/2024\/02\/Meat-Church-logo-scaled-1024x1024.webp 1024w, https:\/\/tammetorubbq.ee\/wp-content\/uploads\/2024\/02\/Meat-Church-logo-scaled-150x150.webp 150w, https:\/\/tammetorubbq.ee\/wp-content\/uploads\/2024\/02\/Meat-Church-logo-scaled-768x768.webp 768w, https:\/\/tammetorubbq.ee\/wp-content\/uploads\/2024\/02\/Meat-Church-logo-scaled-1536x1536.webp 1536w, https:\/\/tammetorubbq.ee\/wp-content\/uploads\/2024\/02\/Meat-Church-logo-scaled-2048x2048.webp 2048w, https:\/\/tammetorubbq.ee\/wp-content\/uploads\/2024\/02\/Meat-Church-logo-scaled-12x12.webp 12w, https:\/\/tammetorubbq.ee\/wp-content\/uploads\/2024\/02\/Meat-Church-logo-scaled-600x600.webp 600w, https:\/\/tammetorubbq.ee\/wp-content\/uploads\/2024\/02\/Meat-Church-logo-scaled-64x64.webp 64w\" sizes=\"auto, (max-width: 206px) 100vw, 206px\" \/><\/p>","protected":false},"featured_media":2976,"comment_status":"open","ping_status":"closed","template":"","meta":{"_uf_show_specific_survey":0,"_uf_disable_surveys":false},"pwb-brand":[96],"product_brand":[382],"product_cat":[21],"product_tag":[118,120,114],"class_list":{"0":"post-2975","1":"product","2":"type-product","3":"status-publish","4":"has-post-thumbnail","6":"pwb-brand-meat-church","7":"product_brand-meat-church","8":"product_cat-maitseainesegud","9":"product_tag-kanaliha","10":"product_tag-mereannid","11":"product_tag-sealiha","13":"first","14":"outofstock","15":"taxable","16":"shipping-taxable","17":"purchasable","18":"product-type-simple"},"brands":[{"id":96,"name":"M\u0117sos ba\u017eny\u010dia","slug":"meat-church"}],"_links":{"self":[{"href":"https:\/\/tammetorubbq.ee\/lt\/wp-json\/wp\/v2\/product\/2975","targetHints":{"allow":["GET"]}}],"collection":[{"href":"https:\/\/tammetorubbq.ee\/lt\/wp-json\/wp\/v2\/product"}],"about":[{"href":"https:\/\/tammetorubbq.ee\/lt\/wp-json\/wp\/v2\/types\/product"}],"replies":[{"embeddable":true,"href":"https:\/\/tammetorubbq.ee\/lt\/wp-json\/wp\/v2\/comments?post=2975"}],"wp:featuredmedia":[{"embeddable":true,"href":"https:\/\/tammetorubbq.ee\/lt\/wp-json\/wp\/v2\/media\/2976"}],"wp:attachment":[{"href":"https:\/\/tammetorubbq.ee\/lt\/wp-json\/wp\/v2\/media?parent=2975"}],"wp:term":[{"taxonomy":"pwb-brand","embeddable":true,"href":"https:\/\/tammetorubbq.ee\/lt\/wp-json\/wp\/v2\/pwb-brand?post=2975"},{"taxonomy":"product_brand","embeddable":true,"href":"https:\/\/tammetorubbq.ee\/lt\/wp-json\/wp\/v2\/product_brand?post=2975"},{"taxonomy":"product_cat","embeddable":true,"href":"https:\/\/tammetorubbq.ee\/lt\/wp-json\/wp\/v2\/product_cat?post=2975"},{"taxonomy":"product_tag","embeddable":true,"href":"https:\/\/tammetorubbq.ee\/lt\/wp-json\/wp\/v2\/product_tag?post=2975"}],"curies":[{"name":"wp","href":"https:\/\/api.w.org\/{rel}","templated":true}]}}