{"id":2980,"date":"2025-04-14T21:04:11","date_gmt":"2025-04-14T18:04:11","guid":{"rendered":"https:\/\/tammetorubbq.ee\/?post_type=product&#038;p=2980"},"modified":"2026-05-12T15:00:06","modified_gmt":"2026-05-12T12:00:06","slug":"killer-hogs-karstas-padazas-bbq-pasta-360g","status":"publish","type":"product","link":"https:\/\/tammetorubbq.ee\/lt\/toode\/killer-hogs-hot-sauce-bbq-kaste-360g\/","title":{"rendered":"Killer Hogs Hot Sauce BBQ pada\u017eas 360g"},"content":{"rendered":"<p><strong>Sudedamosios dalys<\/strong>: fermentuot\u0173 pipir\u0173 pasta, actas, \u010desnakas, druska, celiulioz\u0117s derva, raudonasis da\u017eiklis 40.<\/p>\n<p>&nbsp;<\/p>\n<p><strong>Malcolm Reed i\u0161 Killer Hogs komentaras...<\/strong><\/p>\n<p class=\"\" data-start=\"0\" data-end=\"130\"><strong data-start=\"0\" data-end=\"31\">VAR\u017dYB\u0172 KLAS\u0116S KAR\u0160TAS PADA\u017dAS<\/strong> - \u0160\u012f pada\u017e\u0105 suk\u016br\u0117 ir naudoja m\u016bs\u0173 apdovanojimus peln\u0119s <em data-start=\"83\" data-end=\"113\">Killer Hogs BBQ \u010dempionatas<\/em> komanda.<\/p>\n<p class=\"\" data-start=\"132\" data-end=\"358\"><strong data-start=\"132\" data-end=\"163\">PRIPA\u017dINTAS IR PUIKIAI \u012eVERTINTAS<\/strong> - \u0160\u012f pada\u017e\u0105 gaminame daugiau nei 10 met\u0173, i\u0161siunt\u0117me de\u0161imtis t\u016bkstan\u010di\u0173 buteli\u0173 \u012f visas JAV ir prad\u017eiuginome tiek profesionalius BBQ meistrus, tiek m\u0117g\u0117jus vir\u0117jus, tiek nam\u0173 barbekiu entuziastus.<\/p>\n<p class=\"\" data-start=\"360\" data-end=\"590\"><strong data-start=\"360\" data-end=\"398\">GERAI APGALVOTAS STABILUS REZULTATAS.<\/strong> - \u0160\u012f a\u0161tr\u0173 pada\u017e\u0105 suk\u016br\u0117me specialiai tam, kad jums nereik\u0117t\u0173 jaudintis d\u0117l a\u0161trumo balanso - galite b\u016bti tikri, kad kiekvien\u0105 kart\u0105 jis bus nuolat stiprus ir skanus.<\/p>\n<p class=\"\" data-start=\"804\" data-end=\"936\">","protected":false},"excerpt":{"rendered":"<p class=\"\" data-start=\"153\" data-end=\"199\"><strong data-start=\"153\" data-end=\"199\">\"Killer Hogs\" \u010desnakinis pipir\u0173 a\u0161trus pada\u017eas.<\/strong><\/p>\n<p class=\"\" data-start=\"201\" data-end=\"296\">Malcolmas Reedas \u017eino, kaip Piet\u0173 \u0161alyse suteikti skonio, o \u0161is pada\u017eas prideda tik reikiam\u0105 kiek\u012f a\u0161trumo!<\/p>\n<p class=\"\" data-start=\"298\" data-end=\"561\">Puikus pasirinkimas, jei norite bet kok\u012f patiekal\u0105 pagardinti a\u0161triais prieskoniais. Pada\u017eas gaminamas i\u0161 prinokusi\u0173 raudon\u0173j\u0173 paprik\u0173, pridedant r\u016bg\u0161taus acto ir \u0161velnaus \u010desnako prieskonio - tai vienas skaniausi\u0173 a\u0161tri\u0173 pada\u017e\u0173, kok\u012f tik kada nors paragausite.<\/p>\n<p class=\"\" data-start=\"563\" data-end=\"674\">Ne pernelyg ugningas - kaip tik tinkamas kasdieniam m\u0117gavimuisi. \"Killer Hogs\" j\u012f vadina tiesiog \"valgomuoju pada\u017eu\".<\/p>\n<p><strong>Pastaba<\/strong>: \u0161io produkto galiojimo laikas nesibaigia, ta\u010diau ma\u017edaug po dvej\u0173 met\u0173 jo veiksmingumas gali \u0161iek tiek suma\u017e\u0117ti.<\/p>\n<p><img loading=\"lazy\" decoding=\"async\" class=\"wp-image-2335\" src=\"http:\/\/tammetorubbq.ee\/wp-content\/uploads\/2024\/12\/Killer-Hogs-logo-300x300.webp\" alt=\"Kiaul\u0117s \u017eudik\u0117s logotipas\" width=\"129\" height=\"129\" srcset=\"https:\/\/tammetorubbq.ee\/wp-content\/uploads\/2024\/12\/Killer-Hogs-logo-300x300.webp 300w, https:\/\/tammetorubbq.ee\/wp-content\/uploads\/2024\/12\/Killer-Hogs-logo-150x150.webp 150w, https:\/\/tammetorubbq.ee\/wp-content\/uploads\/2024\/12\/Killer-Hogs-logo-768x768.webp 768w, https:\/\/tammetorubbq.ee\/wp-content\/uploads\/2024\/12\/Killer-Hogs-logo-12x12.webp 12w, https:\/\/tammetorubbq.ee\/wp-content\/uploads\/2024\/12\/Killer-Hogs-logo-600x600.webp 600w, https:\/\/tammetorubbq.ee\/wp-content\/uploads\/2024\/12\/Killer-Hogs-logo-64x64.webp 64w, https:\/\/tammetorubbq.ee\/wp-content\/uploads\/2024\/12\/Killer-Hogs-logo.webp 800w\" sizes=\"auto, (max-width: 129px) 100vw, 129px\" \/><\/p>","protected":false},"featured_media":2982,"comment_status":"open","ping_status":"closed","template":"","meta":{"_uf_show_specific_survey":0,"_uf_disable_surveys":false},"pwb-brand":[103],"product_brand":[],"product_cat":[22],"product_tag":[118,159,158,114,122],"class_list":{"0":"post-2980","1":"product","2":"type-product","3":"status-publish","4":"has-post-thumbnail","6":"pwb-brand-killer-hogs-bbq","7":"product_cat-kastmed-ja-marinaadid","8":"product_tag-kanaliha","9":"product_tag-kanatiivad","10":"product_tag-killer-hogs","11":"product_tag-sealiha","12":"product_tag-searibi","14":"first","15":"outofstock","16":"taxable","17":"shipping-taxable","18":"purchasable","19":"product-type-simple"},"brands":[{"id":103,"name":"Killer Hogs BBQ","slug":"killer-hogs-bbq"}],"_links":{"self":[{"href":"https:\/\/tammetorubbq.ee\/lt\/wp-json\/wp\/v2\/product\/2980","targetHints":{"allow":["GET"]}}],"collection":[{"href":"https:\/\/tammetorubbq.ee\/lt\/wp-json\/wp\/v2\/product"}],"about":[{"href":"https:\/\/tammetorubbq.ee\/lt\/wp-json\/wp\/v2\/types\/product"}],"replies":[{"embeddable":true,"href":"https:\/\/tammetorubbq.ee\/lt\/wp-json\/wp\/v2\/comments?post=2980"}],"wp:featuredmedia":[{"embeddable":true,"href":"https:\/\/tammetorubbq.ee\/lt\/wp-json\/wp\/v2\/media\/2982"}],"wp:attachment":[{"href":"https:\/\/tammetorubbq.ee\/lt\/wp-json\/wp\/v2\/media?parent=2980"}],"wp:term":[{"taxonomy":"pwb-brand","embeddable":true,"href":"https:\/\/tammetorubbq.ee\/lt\/wp-json\/wp\/v2\/pwb-brand?post=2980"},{"taxonomy":"product_brand","embeddable":true,"href":"https:\/\/tammetorubbq.ee\/lt\/wp-json\/wp\/v2\/product_brand?post=2980"},{"taxonomy":"product_cat","embeddable":true,"href":"https:\/\/tammetorubbq.ee\/lt\/wp-json\/wp\/v2\/product_cat?post=2980"},{"taxonomy":"product_tag","embeddable":true,"href":"https:\/\/tammetorubbq.ee\/lt\/wp-json\/wp\/v2\/product_tag?post=2980"}],"curies":[{"name":"wp","href":"https:\/\/api.w.org\/{rel}","templated":true}]}}