{"id":2993,"date":"2025-04-14T21:32:08","date_gmt":"2025-04-14T18:32:08","guid":{"rendered":"https:\/\/tammetorubbq.ee\/?post_type=product&#038;p=2993"},"modified":"2026-04-14T18:00:06","modified_gmt":"2026-04-14T15:00:06","slug":"plowboys-tarheel-tang-bbq-padazas-512g","status":"publish","type":"product","link":"https:\/\/tammetorubbq.ee\/lt\/produktas\/plowboys-tarheel-tang-bbq-padazas-512g\/","title":{"rendered":"Plowboys Tarheel Tang BBQ pada\u017eas 512g"},"content":{"rendered":"<p>Sud\u0117tis: vanduo, kukur\u016bz\u0173 sirupas, obuoli\u0173 sidro actas, distiliuotas actas, pomidor\u0173 pasta, didel\u0117s fruktoz\u0117s kukur\u016bz\u0173 sirupas, druska, habanero pipirai (raudonieji habanero pipirai ir druska), prieskoniai (\u012fskaitant aitri\u0105sias paprikas ir garsty\u010dias), d\u017eiovinti svog\u016bnai.<\/p>","protected":false},"excerpt":{"rendered":"<p class=\"\" data-start=\"0\" data-end=\"54\"><strong data-start=\"0\" data-end=\"54\">\"Plowboys Tarheel Tang\" - Karolinos stiliaus BBQ pada\u017eas!<\/strong><\/p>\n<p class=\"\" data-start=\"56\" data-end=\"252\">\"Plowboys BBQ\" suk\u016br\u0117 \u0161\u012f ypating\u0105 Karolinos stiliaus pada\u017e\u0105, kuriame saldumas derinamas su maloniu acto prieskoniu, o pabaigoje atsiranda lengvas d\u016bmo prieskonis.<\/p>\n<p class=\"\" data-start=\"254\" data-end=\"395\">\"Tarheel Tang\" puikiai tinka prie kiaulienos ir vi\u0161tienos patiekal\u0173 - tai tarsi Karolinos BBQ, tik be kelioni\u0173 ir papro\u010di\u0173!<\/p>\n<p class=\"\" data-start=\"397\" data-end=\"633\">Jei m\u0117gstate sald\u017eiar\u016bg\u0161t\u012f skon\u012f su \u0161iek tiek d\u016bmo poskoniu, \u0161is pada\u017eas jums gali tapti toks pat reikalingas kaip ir pats kepsnys.<\/p>\n<p class=\"\" data-start=\"397\" data-end=\"633\">Ar tikrai galite tam atsispirti? Mes jumis nepasitikime, jei nebandote!<\/p>\n<p data-start=\"397\" data-end=\"633\">","protected":false},"featured_media":3014,"comment_status":"open","ping_status":"closed","template":"","meta":{"_uf_show_specific_survey":0,"_uf_disable_surveys":false},"pwb-brand":[79],"product_brand":[],"product_cat":[22],"product_tag":[118,114],"class_list":{"0":"post-2993","1":"product","2":"type-product","3":"status-publish","4":"has-post-thumbnail","6":"pwb-brand-plowboys","7":"product_cat-kastmed-ja-marinaadid","8":"product_tag-kanaliha","9":"product_tag-sealiha","11":"first","12":"instock","13":"taxable","14":"shipping-taxable","15":"purchasable","16":"product-type-simple"},"brands":[{"id":79,"name":"Plowboy's","slug":"plowboys"}],"_links":{"self":[{"href":"https:\/\/tammetorubbq.ee\/lt\/wp-json\/wp\/v2\/product\/2993","targetHints":{"allow":["GET"]}}],"collection":[{"href":"https:\/\/tammetorubbq.ee\/lt\/wp-json\/wp\/v2\/product"}],"about":[{"href":"https:\/\/tammetorubbq.ee\/lt\/wp-json\/wp\/v2\/types\/product"}],"replies":[{"embeddable":true,"href":"https:\/\/tammetorubbq.ee\/lt\/wp-json\/wp\/v2\/comments?post=2993"}],"wp:featuredmedia":[{"embeddable":true,"href":"https:\/\/tammetorubbq.ee\/lt\/wp-json\/wp\/v2\/media\/3014"}],"wp:attachment":[{"href":"https:\/\/tammetorubbq.ee\/lt\/wp-json\/wp\/v2\/media?parent=2993"}],"wp:term":[{"taxonomy":"pwb-brand","embeddable":true,"href":"https:\/\/tammetorubbq.ee\/lt\/wp-json\/wp\/v2\/pwb-brand?post=2993"},{"taxonomy":"product_brand","embeddable":true,"href":"https:\/\/tammetorubbq.ee\/lt\/wp-json\/wp\/v2\/product_brand?post=2993"},{"taxonomy":"product_cat","embeddable":true,"href":"https:\/\/tammetorubbq.ee\/lt\/wp-json\/wp\/v2\/product_cat?post=2993"},{"taxonomy":"product_tag","embeddable":true,"href":"https:\/\/tammetorubbq.ee\/lt\/wp-json\/wp\/v2\/product_tag?post=2993"}],"curies":[{"name":"wp","href":"https:\/\/api.w.org\/{rel}","templated":true}]}}