{"id":2996,"date":"2025-04-14T21:52:50","date_gmt":"2025-04-14T18:52:50","guid":{"rendered":"https:\/\/tammetorubbq.ee\/?post_type=product&#038;p=2996"},"modified":"2026-04-15T03:00:08","modified_gmt":"2026-04-15T00:00:08","slug":"ao-omg-kiaulienos-injekcija-kiauliu-taukai-500g","status":"publish","type":"product","link":"https:\/\/tammetorubbq.ee\/lt\/produktas\/ao-omg-kiaulienos-injekcija-kiauliu-taukai-500g\/","title":{"rendered":"A&amp;O OMG kiaulienos injekcija (injekcinis tirpalas) 500g"},"content":{"rendered":"<p class=\"\" data-start=\"0\" data-end=\"58\">Sudedamosios dalys: kukur\u016bz\u0173 krakmolas, maltodekstrinas, druska, stabilizatoriai (difosfatai E450), aromato ir skonio stipriklis E621, nat\u016brali kvapioji med\u017eiaga, ry\u017ei\u0173 miltai, hidrolizuoti augaliniai baltymai, prieskoni\u0173 ekstraktas, \u017eoleli\u0173 ekstraktas.<\/p>","protected":false},"excerpt":{"rendered":"<p>Angus&amp;Oink OMG Pork Injection (injekcinis tirpalas).<\/p>\n<p class=\"\" data-start=\"0\" data-end=\"96\">Paruo\u0161ta siekiant sustiprinti m\u0117sos skon\u012f ir i\u0161saugoti jos sultingum\u0105 ilgai verdant.<\/p>\n<p class=\"\" data-start=\"98\" data-end=\"225\">Puikus pasirinkimas var\u017eyb\u0173 kepsnin\u0117ms ir rimtam kepimui ant groteli\u0173, kai kiekvienas papildomas ta\u0161kas suteikia papildomo skonio ir sultingo k\u0105snio!<\/p>\n<p data-start=\"98\" data-end=\"225\">Mai\u0161ydami galite naudoti sultis, kurios dera su kiauliena, pavyzd\u017eiui, obuoli\u0173 sultis, taip pat labai tinka persik\u0173 sultys.<\/p>\n<p data-start=\"98\" data-end=\"225\"><strong>Jei norite, kad teis\u0117jai (arba j\u016bs\u0173 draugai) u\u017egniau\u017et\u0173 kvap\u0105 nuo pirmojo k\u0105snio, jums reikia \u0161io patiekalo!<\/strong><\/p>\n<p data-start=\"98\" data-end=\"225\"><img loading=\"lazy\" decoding=\"async\" class=\"alignnone wp-image-279\" src=\"http:\/\/tammetorubbq.ee\/wp-content\/uploads\/2023\/11\/Angus-Oink.png\" alt=\"\" width=\"132\" height=\"132\" srcset=\"https:\/\/tammetorubbq.ee\/wp-content\/uploads\/2023\/11\/Angus-Oink.png 225w, https:\/\/tammetorubbq.ee\/wp-content\/uploads\/2023\/11\/Angus-Oink-150x150.png 150w, https:\/\/tammetorubbq.ee\/wp-content\/uploads\/2023\/11\/Angus-Oink-12x12.png 12w, https:\/\/tammetorubbq.ee\/wp-content\/uploads\/2023\/11\/Angus-Oink-64x64.png 64w\" sizes=\"auto, (max-width: 132px) 100vw, 132px\" \/><\/p>","protected":false},"featured_media":2997,"comment_status":"open","ping_status":"closed","template":"","meta":{"_uf_show_specific_survey":0,"_uf_disable_surveys":false},"pwb-brand":[105],"product_brand":[],"product_cat":[22],"product_tag":[114],"class_list":{"0":"post-2996","1":"product","2":"type-product","3":"status-publish","4":"has-post-thumbnail","6":"pwb-brand-angus-oink","7":"product_cat-kastmed-ja-marinaadid","8":"product_tag-sealiha","10":"first","11":"outofstock","12":"taxable","13":"shipping-taxable","14":"purchasable","15":"product-type-simple"},"brands":[{"id":105,"name":"Angus &amp; Oink","slug":"angus-oink"}],"_links":{"self":[{"href":"https:\/\/tammetorubbq.ee\/lt\/wp-json\/wp\/v2\/product\/2996","targetHints":{"allow":["GET"]}}],"collection":[{"href":"https:\/\/tammetorubbq.ee\/lt\/wp-json\/wp\/v2\/product"}],"about":[{"href":"https:\/\/tammetorubbq.ee\/lt\/wp-json\/wp\/v2\/types\/product"}],"replies":[{"embeddable":true,"href":"https:\/\/tammetorubbq.ee\/lt\/wp-json\/wp\/v2\/comments?post=2996"}],"wp:featuredmedia":[{"embeddable":true,"href":"https:\/\/tammetorubbq.ee\/lt\/wp-json\/wp\/v2\/media\/2997"}],"wp:attachment":[{"href":"https:\/\/tammetorubbq.ee\/lt\/wp-json\/wp\/v2\/media?parent=2996"}],"wp:term":[{"taxonomy":"pwb-brand","embeddable":true,"href":"https:\/\/tammetorubbq.ee\/lt\/wp-json\/wp\/v2\/pwb-brand?post=2996"},{"taxonomy":"product_brand","embeddable":true,"href":"https:\/\/tammetorubbq.ee\/lt\/wp-json\/wp\/v2\/product_brand?post=2996"},{"taxonomy":"product_cat","embeddable":true,"href":"https:\/\/tammetorubbq.ee\/lt\/wp-json\/wp\/v2\/product_cat?post=2996"},{"taxonomy":"product_tag","embeddable":true,"href":"https:\/\/tammetorubbq.ee\/lt\/wp-json\/wp\/v2\/product_tag?post=2996"}],"curies":[{"name":"wp","href":"https:\/\/api.w.org\/{rel}","templated":true}]}}