{"id":3001,"date":"2025-04-14T22:09:55","date_gmt":"2025-04-14T19:09:55","guid":{"rendered":"https:\/\/tammetorubbq.ee\/?post_type=product&#038;p=3001"},"modified":"2026-04-17T04:02:06","modified_gmt":"2026-04-17T01:02:06","slug":"jds-originalus-karstas-medus-su-jalapeno-medumi-350g","status":"publish","type":"product","link":"https:\/\/tammetorubbq.ee\/lt\/produktas\/jds-originalus-karstas-medus-su-jalapeno-medumi-350g\/","title":{"rendered":"JD`s Original HOT Honey jalapeno mesi 260g"},"content":{"rendered":"<p class=\"\" data-start=\"0\" data-end=\"107\">Sudedamosios dalys: medus, raudonieji jalapeno pipirai (sud\u0117tyje yra druskos, acto r\u016bg\u0161ties), brend\u017eio actas, nat\u016brali kvapioji med\u017eiaga.<\/p>\n<p class=\"\" data-start=\"109\" data-end=\"146\">Tipin\u0117 maistin\u0117 vert\u0117 100 g:<\/p>\n<ul data-start=\"147\" data-end=\"306\" data-is-last-node=\"\" data-is-only-node=\"\">\n<li class=\"\" data-start=\"147\" data-end=\"178\">\n<p class=\"\" data-start=\"149\" data-end=\"178\">Energin\u0117 vert\u0117: 290 kcal \/ 1217 kJ<\/p>\n<\/li>\n<li class=\"\" data-start=\"179\" data-end=\"237\">\n<p class=\"\" data-start=\"181\" data-end=\"237\">Riebalai: 0,0 g<br data-start=\"192\" data-end=\"195\" \/>- i\u0161 j\u0173 so\u010di\u0173j\u0173 riebal\u0173 r\u016bg\u0161\u010di\u0173: 0,0 g<\/p>\n<\/li>\n<li class=\"\" data-start=\"238\" data-end=\"290\">\n<p class=\"\" data-start=\"240\" data-end=\"290\">Angliavandeniai: 78,2 g<br data-start=\"259\" data-end=\"262\" \/>- i\u0161 j\u0173 cukr\u0173: 77,8 g<\/p>\n<\/li>\n<li class=\"\" data-start=\"291\" data-end=\"306\">\n<p class=\"\" data-start=\"293\" data-end=\"306\">Baltymai: 0,4 g<\/p>\n<\/li>\n<\/ul>","protected":false},"excerpt":{"rendered":"<p class=\"\" data-start=\"0\" data-end=\"116\"><strong>\"JD's Hot Honey\" - naujas aitri\u0173j\u0173 paprik\u0173 medus<\/strong>, derinant sald\u0173 ir g\u0117l\u0117t\u0105 medaus skon\u012f su a\u0161tria raudonojo jalapeno \u017eievele - tai tarsi \u0161okis, kuris prasideda sald\u017eiai, bet greitai perkelia jus \u012f kar\u0161tus takelius!<\/p>\n<p class=\"\" data-start=\"118\" data-end=\"296\">Puikus naujas pada\u017eas, kuriuo galima ap\u0161lakstyti, pamirkyti ar m\u0117gautis su picomis, \u017euvimi, vi\u0161tiena, keptomis dar\u017eov\u0117mis, ledais, vafliais ar kuo tik j\u016bs\u0173 fantazija sugalvos!<\/p>\n<p data-start=\"118\" data-end=\"296\"><img loading=\"lazy\" decoding=\"async\" class=\"alignnone wp-image-3002\" src=\"http:\/\/tammetorubbq.ee\/wp-content\/uploads\/2025\/04\/JDs-logo.avif\" alt=\"\" width=\"113\" height=\"99\" srcset=\"https:\/\/tammetorubbq.ee\/wp-content\/uploads\/2025\/04\/JDs-logo.avif 120w, https:\/\/tammetorubbq.ee\/wp-content\/uploads\/2025\/04\/JDs-logo-14x12.avif 14w, https:\/\/tammetorubbq.ee\/wp-content\/uploads\/2025\/04\/JDs-logo-64x56.avif 64w\" sizes=\"auto, (max-width: 113px) 100vw, 113px\" \/><\/p>","protected":false},"featured_media":4752,"comment_status":"open","ping_status":"closed","template":"","meta":{"_uf_show_specific_survey":0,"_uf_disable_surveys":false},"pwb-brand":[160],"product_brand":[],"product_cat":[22],"product_tag":[138,192,162,118,159,161],"class_list":{"0":"post-3001","1":"product","2":"type-product","3":"status-publish","4":"has-post-thumbnail","6":"pwb-brand-jds","7":"product_cat-kastmed-ja-marinaadid","8":"product_tag-burger","9":"product_tag-jds","10":"product_tag-kala-vahvel","11":"product_tag-kanaliha","12":"product_tag-kanatiivad","13":"product_tag-pizza","15":"first","16":"instock","17":"taxable","18":"shipping-taxable","19":"purchasable","20":"product-type-simple"},"brands":[{"id":160,"name":"JD`s","slug":"jds"}],"_links":{"self":[{"href":"https:\/\/tammetorubbq.ee\/lt\/wp-json\/wp\/v2\/product\/3001","targetHints":{"allow":["GET"]}}],"collection":[{"href":"https:\/\/tammetorubbq.ee\/lt\/wp-json\/wp\/v2\/product"}],"about":[{"href":"https:\/\/tammetorubbq.ee\/lt\/wp-json\/wp\/v2\/types\/product"}],"replies":[{"embeddable":true,"href":"https:\/\/tammetorubbq.ee\/lt\/wp-json\/wp\/v2\/comments?post=3001"}],"wp:featuredmedia":[{"embeddable":true,"href":"https:\/\/tammetorubbq.ee\/lt\/wp-json\/wp\/v2\/media\/4752"}],"wp:attachment":[{"href":"https:\/\/tammetorubbq.ee\/lt\/wp-json\/wp\/v2\/media?parent=3001"}],"wp:term":[{"taxonomy":"pwb-brand","embeddable":true,"href":"https:\/\/tammetorubbq.ee\/lt\/wp-json\/wp\/v2\/pwb-brand?post=3001"},{"taxonomy":"product_brand","embeddable":true,"href":"https:\/\/tammetorubbq.ee\/lt\/wp-json\/wp\/v2\/product_brand?post=3001"},{"taxonomy":"product_cat","embeddable":true,"href":"https:\/\/tammetorubbq.ee\/lt\/wp-json\/wp\/v2\/product_cat?post=3001"},{"taxonomy":"product_tag","embeddable":true,"href":"https:\/\/tammetorubbq.ee\/lt\/wp-json\/wp\/v2\/product_tag?post=3001"}],"curies":[{"name":"wp","href":"https:\/\/api.w.org\/{rel}","templated":true}]}}