{"id":3070,"date":"2025-04-28T21:49:38","date_gmt":"2025-04-28T18:49:38","guid":{"rendered":"https:\/\/tammetorubbq.ee\/?post_type=product&#038;p=3070"},"modified":"2026-04-17T05:00:27","modified_gmt":"2026-04-17T02:00:27","slug":"heath-riles-paprastas-citrusiniu-vaisiu-itrinti-340g","status":"publish","type":"product","link":"https:\/\/tammetorubbq.ee\/lt\/produktas\/heath-riles-paprastas-citrusiniu-vaisiu-itrinti-340g\/","title":{"rendered":"\"Heath Riles\" paprastas citrusini\u0173 vaisi\u0173 \u012ftrinimas 340g"},"content":{"rendered":"<p>Sudedamosios dalys: druska, cukrus, natrio glutamatas, prieskoniai, d\u017eiovinti \u010desnakai, citrin\u0173 r\u016bg\u0161tis, kristalizuotos citrinos (citrin\u0173 aliejus, citrin\u0173 sultys), citrin\u0173 \u017eieveli\u0173 milteliai, rafinuotas soj\u0173 aliejus, ciber\u017eol\u0117s ekstraktas, nat\u016brali kvapioji med\u017eiaga ir ma\u017eiau nei 2% trikalcio fosfato, kad nesulipt\u0173.<\/p>","protected":false},"excerpt":{"rendered":"<p><strong data-start=\"63\" data-end=\"96\">Heath Riles Paprastas citrusini\u0173 vaisi\u0173 \u012ftrinimas<\/strong> tai gaivus ir a\u0161trus prieskoni\u0173 mi\u0161inys, kuris patiekalams suteikia \u0161vari\u0173 citrusini\u0173 vaisi\u0173 nat\u0173. \u0160is gerai subalansuotas mi\u0161inys puikiai tinka vi\u0161tienai, \u017euviai, \u0161onkauliukams, krevet\u0117ms ir dar\u017eov\u0117ms, suteikdamas ry\u0161k\u0173 ir sulting\u0105 skon\u012f. Idealiai tinka kepti ant groteli\u0173, kepti orkait\u0117je ar lengvai pagardinti.<\/p>\n<p><strong data-start=\"402\" data-end=\"414\">\ud83d\udca1 Profesional\u0173 patarimas:<\/strong> i\u0161bandykite ant \u017euvies - nesigail\u0117site!<\/p>\n<p><img loading=\"lazy\" decoding=\"async\" class=\"alignnone wp-image-5481\" src=\"https:\/\/tammetorubbq.ee\/wp-content\/uploads\/2024\/02\/Heath-Riles-Logo-SQ-300x300.png\" alt=\"\" width=\"204\" height=\"204\" srcset=\"https:\/\/tammetorubbq.ee\/wp-content\/uploads\/2024\/02\/Heath-Riles-Logo-SQ-300x300.png 300w, https:\/\/tammetorubbq.ee\/wp-content\/uploads\/2024\/02\/Heath-Riles-Logo-SQ-150x150.png 150w, https:\/\/tammetorubbq.ee\/wp-content\/uploads\/2024\/02\/Heath-Riles-Logo-SQ-768x768.png 768w, https:\/\/tammetorubbq.ee\/wp-content\/uploads\/2024\/02\/Heath-Riles-Logo-SQ-12x12.png 12w, https:\/\/tammetorubbq.ee\/wp-content\/uploads\/2024\/02\/Heath-Riles-Logo-SQ-600x600.png 600w, https:\/\/tammetorubbq.ee\/wp-content\/uploads\/2024\/02\/Heath-Riles-Logo-SQ-64x64.png 64w, https:\/\/tammetorubbq.ee\/wp-content\/uploads\/2024\/02\/Heath-Riles-Logo-SQ.png 1000w\" sizes=\"auto, (max-width: 204px) 100vw, 204px\" \/><\/p>","protected":false},"featured_media":3071,"comment_status":"open","ping_status":"closed","template":"","meta":{"_uf_show_specific_survey":0,"_uf_disable_surveys":false},"pwb-brand":[84],"product_brand":[],"product_cat":[21],"product_tag":[347,163,118,121,170,120],"class_list":{"0":"post-3070","1":"product","2":"type-product","3":"status-publish","4":"has-post-thumbnail","6":"pwb-brand-heath-riles","7":"product_cat-maitseainesegud","8":"product_tag-heath-riles","9":"product_tag-kala","10":"product_tag-kanaliha","11":"product_tag-koogiviljad","12":"product_tag-krevetid","13":"product_tag-mereannid","15":"first","16":"instock","17":"taxable","18":"shipping-taxable","19":"purchasable","20":"product-type-simple"},"brands":[{"id":84,"name":"Heath Riles","slug":"heath-riles"}],"_links":{"self":[{"href":"https:\/\/tammetorubbq.ee\/lt\/wp-json\/wp\/v2\/product\/3070","targetHints":{"allow":["GET"]}}],"collection":[{"href":"https:\/\/tammetorubbq.ee\/lt\/wp-json\/wp\/v2\/product"}],"about":[{"href":"https:\/\/tammetorubbq.ee\/lt\/wp-json\/wp\/v2\/types\/product"}],"replies":[{"embeddable":true,"href":"https:\/\/tammetorubbq.ee\/lt\/wp-json\/wp\/v2\/comments?post=3070"}],"wp:featuredmedia":[{"embeddable":true,"href":"https:\/\/tammetorubbq.ee\/lt\/wp-json\/wp\/v2\/media\/3071"}],"wp:attachment":[{"href":"https:\/\/tammetorubbq.ee\/lt\/wp-json\/wp\/v2\/media?parent=3070"}],"wp:term":[{"taxonomy":"pwb-brand","embeddable":true,"href":"https:\/\/tammetorubbq.ee\/lt\/wp-json\/wp\/v2\/pwb-brand?post=3070"},{"taxonomy":"product_brand","embeddable":true,"href":"https:\/\/tammetorubbq.ee\/lt\/wp-json\/wp\/v2\/product_brand?post=3070"},{"taxonomy":"product_cat","embeddable":true,"href":"https:\/\/tammetorubbq.ee\/lt\/wp-json\/wp\/v2\/product_cat?post=3070"},{"taxonomy":"product_tag","embeddable":true,"href":"https:\/\/tammetorubbq.ee\/lt\/wp-json\/wp\/v2\/product_tag?post=3070"}],"curies":[{"name":"wp","href":"https:\/\/api.w.org\/{rel}","templated":true}]}}