{"id":3084,"date":"2025-04-28T22:21:24","date_gmt":"2025-04-28T19:21:24","guid":{"rendered":"https:\/\/tammetorubbq.ee\/?post_type=product&#038;p=3084"},"modified":"2026-04-14T22:00:44","modified_gmt":"2026-04-14T19:00:44","slug":"tuffy-stone-saldus-itrinimas-340g","status":"publish","type":"product","link":"https:\/\/tammetorubbq.ee\/lt\/produktas\/tuffy-stone-saldus-itrinimas-340g\/","title":{"rendered":"\"Tuffy Stone Sweet Rub\" 340g"},"content":{"rendered":"<p><strong data-start=\"88\" data-end=\"104\">Sudedamosios dalys: <\/strong>cukrus, druska, rudasis cukrus, paprika, \u010desnak\u0173 milteliai, svog\u016bn\u0173 milteliai, prieskoniai, juodieji pipirai, salier\u0173 milteliai, nat\u016bral\u016bs prieskoniai, silicio dioksidas (kad nesulipt\u0173).<\/p>","protected":false},"excerpt":{"rendered":"<p class=\"\" data-start=\"91\" data-end=\"363\"><strong data-start=\"91\" data-end=\"116\">\"Tuffy Stone Sweet Rub<\/strong> tai gerai subalansuotas mi\u0161inys, pasi\u017eymintis turtingu skoniu, kuriame dera \u0161velnus saldumas, lengvas s\u016brumas ir subtilus a\u0161trumas. \u0160\u012f trintuv\u0105 specialiai suk\u016br\u0117 BBQ meistrai, kad jis atskleist\u0173 nat\u016bral\u0173 m\u0117sos skon\u012f ir jo neu\u017ego\u017et\u0173.<\/p>\n<p class=\"\" data-start=\"365\" data-end=\"630\">\"Tuffy Stone Sweet Rub\" puikiai tinka kiaulienai, vi\u0161tienai, \u0161onkauliukams ir net dar\u017eov\u0117ms pagardinti, sukurdamas nuostabi\u0105 karamelin\u0119 plutel\u0119 ir gil\u0173, burnoje tirpstant\u012f skon\u012f. Nesvarbu, ar naudojate kepsnin\u0119, r\u016bkykl\u0105, ar kepsite orkait\u0117je, \u0161is \u012ftrintas produktas pad\u0117s pasiekti puik\u0173 rezultat\u0105.<\/p>\n<p class=\"\" data-start=\"632\" data-end=\"769\"><strong data-start=\"632\" data-end=\"644\">\ud83d\udca1 Profesional\u0173 patarimas:<\/strong> J\u012f naudokite \u0161onkauliukams ar supjaustytai kiaulienai, kad puikiai subalansuotum\u0117te saldum\u0105 ir pikanti\u0161kum\u0105, ir kiekvienas k\u0105snis b\u016bt\u0173 puikus.<\/p>\n<p><img loading=\"lazy\" decoding=\"async\" class=\"wp-image-2029\" src=\"http:\/\/tammetorubbq.ee\/wp-content\/uploads\/2024\/11\/Tuffy-Stone-Logo-300x300.webp\" alt=\"&quot;Tuffy Stone&quot; logotipas\" width=\"170\" height=\"170\" srcset=\"https:\/\/tammetorubbq.ee\/wp-content\/uploads\/2024\/11\/Tuffy-Stone-Logo-300x300.webp 300w, https:\/\/tammetorubbq.ee\/wp-content\/uploads\/2024\/11\/Tuffy-Stone-Logo-150x150.webp 150w, https:\/\/tammetorubbq.ee\/wp-content\/uploads\/2024\/11\/Tuffy-Stone-Logo-768x768.webp 768w, https:\/\/tammetorubbq.ee\/wp-content\/uploads\/2024\/11\/Tuffy-Stone-Logo-12x12.webp 12w, https:\/\/tammetorubbq.ee\/wp-content\/uploads\/2024\/11\/Tuffy-Stone-Logo-600x600.webp 600w, https:\/\/tammetorubbq.ee\/wp-content\/uploads\/2024\/11\/Tuffy-Stone-Logo-64x64.webp 64w, https:\/\/tammetorubbq.ee\/wp-content\/uploads\/2024\/11\/Tuffy-Stone-Logo.webp 1000w\" sizes=\"auto, (max-width: 170px) 100vw, 170px\" \/><\/p>","protected":false},"featured_media":3085,"comment_status":"open","ping_status":"closed","template":"","meta":{"_uf_show_specific_survey":0,"_uf_disable_surveys":false},"pwb-brand":[171],"product_brand":[],"product_cat":[21],"product_tag":[118,121,166,114,122],"class_list":{"0":"post-3084","1":"product","2":"type-product","3":"status-publish","4":"has-post-thumbnail","6":"pwb-brand-tuffy-stone","7":"product_cat-maitseainesegud","8":"product_tag-kanaliha","9":"product_tag-koogiviljad","10":"product_tag-rebitudliha","11":"product_tag-sealiha","12":"product_tag-searibi","14":"first","15":"instock","16":"taxable","17":"shipping-taxable","18":"purchasable","19":"product-type-simple"},"brands":[{"id":171,"name":"Tuffy Stone","slug":"tuffy-stone"}],"_links":{"self":[{"href":"https:\/\/tammetorubbq.ee\/lt\/wp-json\/wp\/v2\/product\/3084","targetHints":{"allow":["GET"]}}],"collection":[{"href":"https:\/\/tammetorubbq.ee\/lt\/wp-json\/wp\/v2\/product"}],"about":[{"href":"https:\/\/tammetorubbq.ee\/lt\/wp-json\/wp\/v2\/types\/product"}],"replies":[{"embeddable":true,"href":"https:\/\/tammetorubbq.ee\/lt\/wp-json\/wp\/v2\/comments?post=3084"}],"wp:featuredmedia":[{"embeddable":true,"href":"https:\/\/tammetorubbq.ee\/lt\/wp-json\/wp\/v2\/media\/3085"}],"wp:attachment":[{"href":"https:\/\/tammetorubbq.ee\/lt\/wp-json\/wp\/v2\/media?parent=3084"}],"wp:term":[{"taxonomy":"pwb-brand","embeddable":true,"href":"https:\/\/tammetorubbq.ee\/lt\/wp-json\/wp\/v2\/pwb-brand?post=3084"},{"taxonomy":"product_brand","embeddable":true,"href":"https:\/\/tammetorubbq.ee\/lt\/wp-json\/wp\/v2\/product_brand?post=3084"},{"taxonomy":"product_cat","embeddable":true,"href":"https:\/\/tammetorubbq.ee\/lt\/wp-json\/wp\/v2\/product_cat?post=3084"},{"taxonomy":"product_tag","embeddable":true,"href":"https:\/\/tammetorubbq.ee\/lt\/wp-json\/wp\/v2\/product_tag?post=3084"}],"curies":[{"name":"wp","href":"https:\/\/api.w.org\/{rel}","templated":true}]}}