{"id":3088,"date":"2025-04-28T22:39:58","date_gmt":"2025-04-28T19:39:58","guid":{"rendered":"https:\/\/tammetorubbq.ee\/?post_type=product&#038;p=3088"},"modified":"2026-04-17T02:00:08","modified_gmt":"2026-04-16T23:00:08","slug":"napoleon-premium-14%e2%80%b3-dujinis-grilis","status":"publish","type":"product","link":"https:\/\/tammetorubbq.ee\/lt\/produktas\/napoleon-premium-14%e2%80%b3-dujinis-grilis\/","title":{"rendered":"\"Napoleon Premium\" 14\u2033 ne\u0161iojamasis med\u017eio angli\u0173 grilis"},"content":{"rendered":"<p><strong data-start=\"74\" data-end=\"85\">Matmenys<\/strong>: (V \u00d7 D \u00d7 \u0160): 45,7 \u00d7 35,6 \u00d7 35,6 cm<br data-start=\"121\" data-end=\"124\" \/><strong data-start=\"124\" data-end=\"138\">Grillipind<\/strong>: ~ 920 cm\u00b2<br data-start=\"148\" data-end=\"151\" \/><strong data-start=\"151\" data-end=\"163\" data-is-only-node=\"\">Med\u017eiaga i\u0161<\/strong>: Emaliuotas plienas<\/p>\n<p class=\"\" data-start=\"86\" data-end=\"117\"><strong data-start=\"86\" data-end=\"117\">Kod\u0117l verta rinktis \"Napoleon\" kepsnin\u0119?<\/strong><\/p>\n<p class=\"\" data-start=\"119\" data-end=\"387\">\"Napoleon\" yra Kanados \u0161eimos valdomas prek\u0117s \u017eenklas, gars\u0117jantis savo kokybe ir naujov\u0117mis. Jau de\u0161imtme\u010dius \"Napoleon\" daugiausia d\u0117mesio skiria pa\u017eangiausi\u0173 kepimo ant groteli\u0173 ir lauko virtuv\u0117s sprendim\u0173 k\u016brimui ir tiekia gaminius, kuriais pasitiki vir\u0117jai visame pasaulyje.<\/p>\n<p class=\"\" data-start=\"389\" data-end=\"770\">Kiekviena \"Napoleon\" kepsnin\u0117 suprojektuota taip, kad u\u017etikrint\u0173 tiksli\u0105 kaitros kontrol\u0119, patvari\u0105 konstrukcij\u0105 ir paprast\u0105 naudojim\u0105. \u0160io prek\u0117s \u017eenklo gaminiuose modernus dizainas derinamas su prakti\u0161kais sprendimais: ner\u016bdijan\u010dio plieno degikliai, ketaus grotel\u0117s, <strong data-start=\"632\" data-end=\"657\">JETFIRE\u2122 u\u017edegimo sistema<\/strong>, <strong data-start=\"659\" data-end=\"686\">ACCU-PROBE\u2122 termometras<\/strong> ir i\u0161man\u016bs laikymo sprendimai - viskas, ko reikia norint sukurti tobul\u0105 kepimo ant groteli\u0173 patirt\u012f.<\/p>\n<p class=\"\" data-start=\"772\" data-end=\"1031\">\"Napoleon\" gamini\u0173 asortimentas patenkina visus poreikius - nuo kompakti\u0161k\u0173 ne\u0161iojam\u0173j\u0173 modeli\u0173 iki pilnai funkcionuojan\u010di\u0173 lauko virtuvi\u0173. Jei vertinate patikimum\u0105, funkcionalum\u0105 ir universalum\u0105, \"Napoleon\" kepsnin\u0117s yra patikimas sprendimas i\u0161tisus metus.<\/p>","protected":false},"excerpt":{"rendered":"<p class=\"\" data-start=\"104\" data-end=\"460\"><strong data-start=\"104\" data-end=\"150\">\"Napoleon Premium\" 14\u2033 ne\u0161iojamasis med\u017eio angli\u0173 grilis<\/strong> tai idealus sprendimas, jei ie\u0161kote kokybi\u0161kos ir kompakti\u0161kos kepsnin\u0117s ma\u017eesniam sodui, balkonui arba \u017eygiams ir i\u0161kyloms. D\u0117l suapvalinto disko formos korpuso ir integruotos rankenos kepsnin\u0119 lengva ne\u0161iotis. U\u017edaromas dangtis i\u0161laiko \u0161ilum\u0105, tod\u0117l kepimo procesas tiksliai kontroliuojamas.<\/p>\n<p class=\"\" data-start=\"462\" data-end=\"704\">Keptuv\u0117je yra reguliuojamos oro angos, kuriomis galima tiksliai valdyti r\u016bkym\u0105 ir kepim\u0105, kad b\u016bt\u0173 pasiektas norimas skonis ir apskrudimas. Chromuotas grilio groteles lengva valyti ir jos u\u017etikrina neprilygstam\u0105 kepimo kokyb\u0119.<\/p>\n<p class=\"\" data-start=\"706\" data-end=\"1172\"><strong data-start=\"706\" data-end=\"752\">Apgalvoti sprendimai naudotoj\u0173 patogumui:<\/strong><br data-start=\"752\" data-end=\"755\" \/>- <strong data-start=\"757\" data-end=\"777\">Kompakti\u0161kas dizainas<\/strong> - idealiai tinka ne\u0161iojimui<br data-start=\"805\" data-end=\"808\" \/>- <strong data-start=\"810\" data-end=\"829\">U\u017erakinamas dangtis<\/strong> su integruota rankena<br data-start=\"860\" data-end=\"863\" \/>- <strong data-start=\"865\" data-end=\"890\">Chromuotos grotel\u0117s<\/strong> - lengva prie\u017ei\u016bra ir \u012fdegio rezultatai<br data-start=\"930\" data-end=\"933\" \/>- <strong data-start=\"935\" data-end=\"958\">Dviej\u0173 dali\u0173 anglies krep\u0161ys<\/strong> - Tinka tiek tiesioginiam, tiek netiesioginiam kepimui<br data-start=\"1005\" data-end=\"1008\" \/>- <strong data-start=\"1010\" data-end=\"1036\">Reguliuojamos oro angos<\/strong> - tiksli temperat\u016bros kontrol\u0117<br data-start=\"1065\" data-end=\"1068\" \/>- <strong data-start=\"1070\" data-end=\"1096\">Aliuminio u\u017epakalin\u0117 plok\u0161tel\u0117<\/strong> - lengva valyti<br data-start=\"1115\" data-end=\"1118\" \/>- <strong data-start=\"1120\" data-end=\"1147\">R\u016bdims atspari apdaila<\/strong> - ma\u017eesni prie\u017ei\u016bros poreikiai<\/p>\n<p><img loading=\"lazy\" decoding=\"async\" class=\"wp-image-2098\" src=\"http:\/\/tammetorubbq.ee\/wp-content\/uploads\/2024\/11\/napoleon-gas-grills-logo-vector-1-300x124.png\" alt=\"&quot;Napoleon&quot; dujin\u0117s kepsnin\u0117s logotipas vektorius\" width=\"167\" height=\"69\" srcset=\"https:\/\/tammetorubbq.ee\/wp-content\/uploads\/2024\/11\/napoleon-gas-grills-logo-vector-1-300x124.png 300w, https:\/\/tammetorubbq.ee\/wp-content\/uploads\/2024\/11\/napoleon-gas-grills-logo-vector-1-768x317.png 768w, https:\/\/tammetorubbq.ee\/wp-content\/uploads\/2024\/11\/napoleon-gas-grills-logo-vector-1-18x7.png 18w, https:\/\/tammetorubbq.ee\/wp-content\/uploads\/2024\/11\/napoleon-gas-grills-logo-vector-1-600x248.png 600w, https:\/\/tammetorubbq.ee\/wp-content\/uploads\/2024\/11\/napoleon-gas-grills-logo-vector-1-64x26.png 64w, https:\/\/tammetorubbq.ee\/wp-content\/uploads\/2024\/11\/napoleon-gas-grills-logo-vector-1.png 847w\" sizes=\"auto, (max-width: 167px) 100vw, 167px\" \/><\/p>","protected":false},"featured_media":3089,"comment_status":"open","ping_status":"closed","template":"","meta":{"_uf_show_specific_survey":0,"_uf_disable_surveys":false},"pwb-brand":[101],"product_brand":[],"product_cat":[169],"product_tag":[317,78],"class_list":{"0":"post-3088","1":"product","2":"type-product","3":"status-publish","4":"has-post-thumbnail","6":"pwb-brand-napoleon","7":"product_cat-soegrillid","8":"product_tag-napoleon-soegrill","9":"product_tag-soegrill","11":"first","12":"instock","13":"taxable","14":"shipping-taxable","15":"purchasable","16":"product-type-simple"},"brands":[{"id":101,"name":"Napoleonas","slug":"napoleonas"}],"_links":{"self":[{"href":"https:\/\/tammetorubbq.ee\/lt\/wp-json\/wp\/v2\/product\/3088","targetHints":{"allow":["GET"]}}],"collection":[{"href":"https:\/\/tammetorubbq.ee\/lt\/wp-json\/wp\/v2\/product"}],"about":[{"href":"https:\/\/tammetorubbq.ee\/lt\/wp-json\/wp\/v2\/types\/product"}],"replies":[{"embeddable":true,"href":"https:\/\/tammetorubbq.ee\/lt\/wp-json\/wp\/v2\/comments?post=3088"}],"wp:featuredmedia":[{"embeddable":true,"href":"https:\/\/tammetorubbq.ee\/lt\/wp-json\/wp\/v2\/media\/3089"}],"wp:attachment":[{"href":"https:\/\/tammetorubbq.ee\/lt\/wp-json\/wp\/v2\/media?parent=3088"}],"wp:term":[{"taxonomy":"pwb-brand","embeddable":true,"href":"https:\/\/tammetorubbq.ee\/lt\/wp-json\/wp\/v2\/pwb-brand?post=3088"},{"taxonomy":"product_brand","embeddable":true,"href":"https:\/\/tammetorubbq.ee\/lt\/wp-json\/wp\/v2\/product_brand?post=3088"},{"taxonomy":"product_cat","embeddable":true,"href":"https:\/\/tammetorubbq.ee\/lt\/wp-json\/wp\/v2\/product_cat?post=3088"},{"taxonomy":"product_tag","embeddable":true,"href":"https:\/\/tammetorubbq.ee\/lt\/wp-json\/wp\/v2\/product_tag?post=3088"}],"curies":[{"name":"wp","href":"https:\/\/api.w.org\/{rel}","templated":true}]}}