{"id":3091,"date":"2025-04-28T22:46:08","date_gmt":"2025-04-28T19:46:08","guid":{"rendered":"https:\/\/tammetorubbq.ee\/?post_type=product&#038;p=3091"},"modified":"2026-04-14T22:00:11","modified_gmt":"2026-04-14T19:00:11","slug":"napoleon-premium-18%e2%80%b3-47-cm-skersmens-grilis","status":"publish","type":"product","link":"https:\/\/tammetorubbq.ee\/lt\/produktas\/napoleon-premium-18%e2%80%b3-47-cm-skersmens-grilis\/","title":{"rendered":"\"Napoleon Premium\" 18\u2033 (47 cm) med\u017eio angli\u0173 kepsnin\u0117"},"content":{"rendered":"<p><strong data-start=\"989\" data-end=\"1001\">Matmenys:<\/strong>\u00a0(V \u00d7 D \u00d7 \u0160): 97,8 \u00d7 62,2 \u00d7 53,3 cm<br data-start=\"1036\" data-end=\"1039\" \/><strong data-start=\"1039\" data-end=\"1054\">Grillipindas:<\/strong>\u00a0~1548 cm\u00b2<br data-start=\"1074\" data-end=\"1077\" \/><strong data-start=\"1118\" data-end=\"1131\">Med\u017eiaga:<\/strong>\u00a0emaliuotas plienas, ner\u016bdijan\u010dio plieno dalys<\/p>\n<h3 class=\"\" data-start=\"285\" data-end=\"318\">Kod\u0117l verta rinktis \"Napoleon\" kepsnines?<\/h3>\n<p class=\"\" data-start=\"320\" data-end=\"703\">Jei ie\u0161kote <strong data-start=\"330\" data-end=\"353\">kokybi\u0161ka kepsnin\u0117<\/strong>, kurioje suderintas patikimumas, inovacijos ir ilgaam\u017ei\u0161kumas, jums bus <strong data-start=\"421\" data-end=\"441\">\"Napoleon\" kepsnin\u0117s<\/strong> tvirtas pasirinkimas. <strong data-start=\"456\" data-end=\"468\">Napoleonas<\/strong> yra Kanados \u0161eimai priklausanti \u012fmon\u0117, kuri jau daugiau nei 40 met\u0173 kuria pasaulinio lygio... <strong data-start=\"535\" data-end=\"568\">kepsnin\u0117s ir lauko maisto ruo\u0161imo sprendimai<\/strong>. Tvirta konstrukcija, tiksli \u0161ilumos kontrol\u0117 ir apgalvotos detal\u0117s daro \"Napoleon\" vienu i\u0161 labiausiai pripa\u017eint\u0173 preki\u0173 \u017eenkl\u0173 kepsnini\u0173 pasaulyje.<\/p>\n<p class=\"\" data-start=\"705\" data-end=\"1078\">Bet kuris <strong data-start=\"709\" data-end=\"727\">\"Napoleon\" grilis<\/strong> - Nesvarbu, ar tai b\u016bt\u0173 angli\u0173, duj\u0173, ar granuli\u0173 kepsnin\u0117, ji si\u016blo modern\u0173 dizain\u0105 ir prakti\u0161kus sprendimus:<br data-start=\"819\" data-end=\"822\" \/>- <strong data-start=\"824\" data-end=\"857\">Ner\u016bdijan\u010dio plieno degikliai<\/strong><br data-start=\"857\" data-end=\"860\" \/>- <strong data-start=\"862\" data-end=\"885\">Ketaus kepsnin\u0117s<\/strong><br data-start=\"885\" data-end=\"888\" \/>- <strong data-start=\"890\" data-end=\"915\">JETFIRE\u2122 u\u017edegimo sistema<\/strong> greitam ir paprastam u\u017edegimui<br data-start=\"947\" data-end=\"950\" data-is-only-node=\"\" \/>- <strong data-start=\"952\" data-end=\"979\">ACCU-PROBE\u2122 termometras<\/strong> tiksliam temperat\u016bros reguliavimui<br data-start=\"1011\" data-end=\"1014\" \/>- <strong data-start=\"1016\" data-end=\"1042\">I\u0161manieji saugojimo sprendimai<\/strong> u\u017etikrinti optimal\u0173 erdv\u0117s panaudojim\u0105.<\/p>\n<p class=\"\" data-start=\"1080\" data-end=\"1257\"><strong data-start=\"1080\" data-end=\"1112\">\"Napoleon\" kepsnini\u0173 asortimentas<\/strong> nuo kompakti\u0161k\u0173 ne\u0161iojam\u0173j\u0173 modeli\u0173 iki visapusi\u0161k\u0173 sprendim\u0173. <strong data-start=\"1184\" data-end=\"1201\">\u012f virtuves<\/strong>, tinka ir miesto butams, ir didel\u0117ms terasoms.<\/p>\n<p class=\"\" data-start=\"1259\" data-end=\"1398\">Jei norite <strong data-start=\"1270\" data-end=\"1311\">kepsni\u0173 kepimo universalumas i\u0161tisus metus<\/strong>vertinant patikimum\u0105 ir naudojimo paprastum\u0105, yra. <strong data-start=\"1367\" data-end=\"1397\">Geriausias Napoleono kepsnys<\/strong>.<\/p>","protected":false},"excerpt":{"rendered":"<p class=\"\" data-start=\"88\" data-end=\"421\"><strong data-start=\"88\" data-end=\"129\">\"Napoleon Premium\" 18\u2033 (47 cm) med\u017eio angli\u0173 kepsnin\u0117<\/strong> si\u016bloma klasikin\u0117 kepsni\u0173 kepimo patirtis su moderniu prieskoniu. \u0160i tvirta ir funkcionali kepsnin\u0117 skirta vertinantiems tikslum\u0105, kokyb\u0119 ir paprast\u0105 naudojim\u0105. 47 cm skersmens (~1650 cm\u00b2) kepsnin\u0117 puikiai tinka tiek ma\u017eesniems susib\u016brimams, tiek didesn\u0117ms kepsnin\u0117ms.<\/p>\n<p class=\"\" data-start=\"423\" data-end=\"784\">Lengvas, bet tvirtas emaliuoto plieno korpusas u\u017etikrina ilg\u0105 tarnavimo laik\u0105 ir lengv\u0105 prie\u017ei\u016br\u0105. Reguliuojamos oro angos leid\u017eia tiksliai kontroliuoti kar\u0161t\u012f ir d\u016bm\u0173 kiek\u012f, kad kiekvienas patiekalas b\u016bt\u0173 tobulas. Dviej\u0173 dali\u0173 med\u017eio angli\u0173 krep\u0161ys leid\u017eia be vargo perjungti tiesiogin\u012f ir netiesiogin\u012f kepim\u0105, o aliuminin\u0117 pelen\u0173 d\u0117tuv\u0117 leid\u017eia greitai ir lengvai i\u0161valyti.<\/p>\n<p class=\"\" data-start=\"786\" data-end=\"1171\"><strong data-start=\"786\" data-end=\"811\">Sud\u0117tingos funkcijos:<\/strong><br data-start=\"811\" data-end=\"814\" \/>- Kompakti\u0161ka ir tvirta konstrukcija<br data-start=\"841\" data-end=\"844\" \/>- Emaliuotas plienas - atsparus r\u016bdims ir kar\u0161\u010diui<br data-start=\"887\" data-end=\"890\" \/>- Reguliuojamos oro angos, kad b\u016bt\u0173 galima tiksliai reguliuoti temperat\u016br\u0105<br data-start=\"946\" data-end=\"949\" \/>- U\u017erakinamas dangtis su integruota rankena<br data-start=\"992\" data-end=\"995\" \/>- Chromuotos grotel\u0117s - lengvai pri\u017ei\u016brimos ir patvarios<br data-start=\"1051\" data-end=\"1054\" \/>- Dviej\u0173 dali\u0173 med\u017eio angli\u0173 krep\u0161ys tiesioginiam ir netiesioginiam kepimui<br data-start=\"1110\" data-end=\"1113\" \/>- Nuimama aliuminio u\u017epakalin\u0117 plok\u0161tel\u0117, kad b\u016bt\u0173 patogu valyti<\/p>\n<p data-start=\"786\" data-end=\"1171\"><img decoding=\"async\" class=\"emoji\" role=\"img\" draggable=\"false\" src=\"https:\/\/s.w.org\/images\/core\/emoji\/17.0.2\/svg\/27a1.svg\" alt=\"\u27a1\ufe0f\" \/>\u00a0<strong><a href=\"https:\/\/tammetorubbq.ee\/lt\/produktas\/napoleon-jalgadega-soegrilli-ilmastikukindel-grillikate\/\">Ilmastikukindel grillikate<\/a><\/strong>\u00a0\u00a0<img decoding=\"async\" class=\"emoji\" role=\"img\" draggable=\"false\" src=\"https:\/\/s.w.org\/images\/core\/emoji\/17.0.2\/svg\/2b05.svg\" alt=\"\u2b05\ufe0f\" \/><\/p>\n<p><img loading=\"lazy\" decoding=\"async\" class=\"wp-image-2098\" src=\"http:\/\/tammetorubbq.ee\/wp-content\/uploads\/2024\/11\/napoleon-gas-grills-logo-vector-1-300x124.png\" alt=\"&quot;Napoleon&quot; dujin\u0117s kepsnin\u0117s logotipas vektorius\" width=\"179\" height=\"74\" srcset=\"https:\/\/tammetorubbq.ee\/wp-content\/uploads\/2024\/11\/napoleon-gas-grills-logo-vector-1-300x124.png 300w, https:\/\/tammetorubbq.ee\/wp-content\/uploads\/2024\/11\/napoleon-gas-grills-logo-vector-1-768x317.png 768w, https:\/\/tammetorubbq.ee\/wp-content\/uploads\/2024\/11\/napoleon-gas-grills-logo-vector-1-18x7.png 18w, https:\/\/tammetorubbq.ee\/wp-content\/uploads\/2024\/11\/napoleon-gas-grills-logo-vector-1-600x248.png 600w, https:\/\/tammetorubbq.ee\/wp-content\/uploads\/2024\/11\/napoleon-gas-grills-logo-vector-1-64x26.png 64w, https:\/\/tammetorubbq.ee\/wp-content\/uploads\/2024\/11\/napoleon-gas-grills-logo-vector-1.png 847w\" sizes=\"auto, (max-width: 179px) 100vw, 179px\" \/><\/p>","protected":false},"featured_media":3099,"comment_status":"open","ping_status":"closed","template":"","meta":{"_uf_show_specific_survey":0,"_uf_disable_surveys":false},"pwb-brand":[101],"product_brand":[],"product_cat":[169],"product_tag":[317,78],"class_list":{"0":"post-3091","1":"product","2":"type-product","3":"status-publish","4":"has-post-thumbnail","6":"pwb-brand-napoleon","7":"product_cat-soegrillid","8":"product_tag-napoleon-soegrill","9":"product_tag-soegrill","11":"first","12":"instock","13":"taxable","14":"shipping-taxable","15":"purchasable","16":"product-type-simple"},"brands":[{"id":101,"name":"Napoleonas","slug":"napoleonas"}],"_links":{"self":[{"href":"https:\/\/tammetorubbq.ee\/lt\/wp-json\/wp\/v2\/product\/3091","targetHints":{"allow":["GET"]}}],"collection":[{"href":"https:\/\/tammetorubbq.ee\/lt\/wp-json\/wp\/v2\/product"}],"about":[{"href":"https:\/\/tammetorubbq.ee\/lt\/wp-json\/wp\/v2\/types\/product"}],"replies":[{"embeddable":true,"href":"https:\/\/tammetorubbq.ee\/lt\/wp-json\/wp\/v2\/comments?post=3091"}],"wp:featuredmedia":[{"embeddable":true,"href":"https:\/\/tammetorubbq.ee\/lt\/wp-json\/wp\/v2\/media\/3099"}],"wp:attachment":[{"href":"https:\/\/tammetorubbq.ee\/lt\/wp-json\/wp\/v2\/media?parent=3091"}],"wp:term":[{"taxonomy":"pwb-brand","embeddable":true,"href":"https:\/\/tammetorubbq.ee\/lt\/wp-json\/wp\/v2\/pwb-brand?post=3091"},{"taxonomy":"product_brand","embeddable":true,"href":"https:\/\/tammetorubbq.ee\/lt\/wp-json\/wp\/v2\/product_brand?post=3091"},{"taxonomy":"product_cat","embeddable":true,"href":"https:\/\/tammetorubbq.ee\/lt\/wp-json\/wp\/v2\/product_cat?post=3091"},{"taxonomy":"product_tag","embeddable":true,"href":"https:\/\/tammetorubbq.ee\/lt\/wp-json\/wp\/v2\/product_tag?post=3091"}],"curies":[{"name":"wp","href":"https:\/\/api.w.org\/{rel}","templated":true}]}}