{"id":3094,"date":"2025-04-28T22:53:36","date_gmt":"2025-04-28T19:53:36","guid":{"rendered":"https:\/\/tammetorubbq.ee\/?post_type=product&#038;p=3094"},"modified":"2026-04-14T22:01:06","modified_gmt":"2026-04-14T19:01:06","slug":"napoleon-pro-18%e2%80%b3-47-cm-skersmens-grilis","status":"publish","type":"product","link":"https:\/\/tammetorubbq.ee\/lt\/produktas\/napoleon-pro-18%e2%80%b3-47-cm-skersmens-grilis\/","title":{"rendered":"\"Napoleon PRO\" 18\u2033 (47 cm) med\u017eio angli\u0173 kepsnin\u0117"},"content":{"rendered":"<p><strong data-start=\"1194\" data-end=\"1206\">Matmenys:<\/strong>\u00a0(V \u00d7 D \u00d7 \u0160): 100,3 \u00d7 63,5 \u00d7 53,3 cm<br data-start=\"1242\" data-end=\"1245\" \/><strong data-start=\"1245\" data-end=\"1260\">Grillipindas:<\/strong>\u00a0~2353 cm\u00b2<br data-start=\"1280\" data-end=\"1283\" \/><strong data-start=\"1325\" data-end=\"1338\">Med\u017eiaga:<\/strong>\u00a0Porcelianu dengtas plienas, ketaus grotel\u0117s<\/p>\n<h3 class=\"\" data-start=\"93\" data-end=\"124\">Kod\u0117l verta rinktis \"Napoleon\" kepsnin\u0119?<\/h3>\n<p class=\"\" data-start=\"126\" data-end=\"367\"><strong data-start=\"126\" data-end=\"146\">\"Napoleon\" kepsnin\u0117s<\/strong> yra patikimumo, kokyb\u0117s ir naujovi\u0173 simbolis. Jau kelis de\u0161imtme\u010dius \u0161i \u0161eimai priklausanti Kanados bendrov\u0117 daugiausia d\u0117mesio skiria... <strong data-start=\"264\" data-end=\"314\">kokybi\u0161kos kepsnin\u0117s ir lauko kepimo sprendimai<\/strong> ir peln\u0117 pripa\u017einim\u0105 visame pasaulyje.<\/p>\n<p class=\"\" data-start=\"369\" data-end=\"688\">Bet kuris <strong data-start=\"373\" data-end=\"391\">\"Napoleon\" grilis<\/strong> pasi\u016blymai:<br data-start=\"398\" data-end=\"401\" \/>- Tikslus \u0161ilumos valdymas<br data-start=\"427\" data-end=\"430\" \/>- Tvirta ir ilgaam\u017e\u0117 konstrukcija<br data-start=\"471\" data-end=\"474\" \/>- Sud\u0117tingas naudojimo paprastumas<br data-start=\"503\" data-end=\"506\" \/>- Modernus dizainas ir prakti\u0161ki sprendimai, pavyzd\u017eiui, ner\u016bdijan\u010dio plieno degikliai, ketaus grotel\u0117s, <strong data-start=\"607\" data-end=\"632\">JETFIRE\u2122 u\u017edegimo sistema<\/strong>, <strong data-start=\"634\" data-end=\"661\">ACCU-PROBE\u2122 termometras<\/strong> ir i\u0161mani\u0173j\u0173 saugojimo sprendim\u0173.<\/p>\n<p class=\"\" data-start=\"690\" data-end=\"970\"><strong data-start=\"690\" data-end=\"718\">Platus \"Napoleon\" gamini\u0173 asortimentas<\/strong> patenkina visus poreikius - nuo kompakti\u0161k\u0173 ne\u0161iojam\u0173j\u0173 modeli\u0173 iki pilnai pritaikyt\u0173 lauko virtuvi\u0173. Nesvarbu, ar tai b\u016bt\u0173 angli\u0173, duj\u0173, ar granuli\u0173 kepsnin\u0117. <strong data-start=\"873\" data-end=\"885\">Napoleonas<\/strong> suderina patikimum\u0105 ir universalum\u0105, tod\u0117l galite m\u0117gautis <strong data-start=\"943\" data-end=\"969\">kepimas ant groteli\u0173 i\u0161tisus metus<\/strong>.<\/p>\n<p class=\"\" data-start=\"972\" data-end=\"1064\">Jei ie\u0161kote <strong data-start=\"982\" data-end=\"1000\">geriausias kepsnys<\/strong> sode, terasoje ar \u017eygyje. <strong data-start=\"1038\" data-end=\"1063\">Napoleonas - patikimas pasirinkimas<\/strong>!<\/p>\n<p><iframe loading=\"lazy\" title=\"Napoleon PRO Charcoal Kettle Grill\" width=\"500\" height=\"281\" src=\"https:\/\/www.youtube.com\/embed\/4SvNiWkkqC8?feature=oembed\" frameborder=\"0\" allow=\"accelerometer; autoplay; clipboard-write; encrypted-media; gyroscope; picture-in-picture; web-share\" referrerpolicy=\"strict-origin-when-cross-origin\" allowfullscreen><\/iframe><\/p>","protected":false},"excerpt":{"rendered":"<p class=\"\" data-start=\"162\" data-end=\"462\"><strong data-start=\"162\" data-end=\"191\">\"Napoleon PRO\" 18\u2033 med\u017eio angli\u0173 kepsnin\u0117<\/strong> Klasikinis kepimas ant \u017earij\u0173 perkeliamas \u012f nauj\u0105 lygmen\u012f, derinant nesenstan\u010dius kepimo b\u016bdus su moderniais ir i\u0161maniais sprendimais. Patvarus porcelianu emaliuotas plieninis korpusas, i\u0161imamas pelen\u0173 indas ir dangtis su paauk\u0161tintu d\u016bm\u0173 krep\u0161eliu u\u017etikrina geresn\u0119 temperat\u016bros kontrol\u0119 ir ilgesn\u012f tarnavimo laik\u0105.<\/p>\n<p class=\"\" data-start=\"464\" data-end=\"723\"><strong data-start=\"464\" data-end=\"500\">Ketaus kepsnin\u0117s su vyriais<\/strong> kepimo metu galima lengvai prid\u0117ti angli\u0173 ir kepti tiek tiesiogiai, tiek netiesiogiai. Integruotos termometro skylut\u0117s leid\u017eia steb\u0117ti m\u0117sos vidaus temperat\u016br\u0105 neatidarant dang\u010dio ir u\u017etikrina tikslesnius rezultatus.<\/p>\n<p class=\"\" data-start=\"725\" data-end=\"1281\"><strong data-start=\"725\" data-end=\"749\">Pagrindin\u0117s savyb\u0117s:<\/strong><br data-start=\"749\" data-end=\"752\" \/>- Patvarus porcelianu emaliuotas plieninis korpusas ir dangtis su d\u016bm\u0173 krep\u0161eliu<br data-start=\"819\" data-end=\"822\" \/>- Atlenkiamos ketaus grotel\u0117s - patogu prid\u0117ti ir keisti kepimo b\u016bd\u0105<br data-start=\"904\" data-end=\"907\" \/>- Integruotos angos termometrams - neatidarant dang\u010dio galima patikrinti m\u0117sos vidaus temperat\u016br\u0105.<br data-start=\"994\" data-end=\"997\" \/>- <strong data-start=\"999\" data-end=\"1026\">\"Vortex Heat Management\u2122<\/strong> - tolygesn\u0117 \u0161iluma ir geresnis degal\u0173 naudojimo efektyvumas.<br data-start=\"1067\" data-end=\"1070\" \/>- Ner\u016bdijan\u010dio plieno pak\u0117limo \u017eiedas, skirtas rotacin\u0117s kepsnin\u0117s rinkiniams<br data-start=\"1138\" data-end=\"1141\" \/>- Durys, kuriomis u\u017edengiamos stryp\u0173 angos - geresn\u0117 temperat\u016bros kontrol\u0117 ir komfortas<br data-start=\"1209\" data-end=\"1212\" \/>- Tvirtas r\u0117mas ir dideli oro s\u0105lygoms atspar\u016bs ratai, kad b\u016bt\u0173 lengva jud\u0117ti<\/p>\n<p class=\"\" data-start=\"1283\" data-end=\"1427\"><strong data-start=\"1283\" data-end=\"1312\">\"Napoleon PRO\" 18\u2033 med\u017eio angli\u0173 kepsnin\u0117<\/strong> idealiai tinka tiems, kurie nori m\u0117gautis klasikiniu med\u017eio anglies skoniu ir \u0161iuolaikiniu patikimumu bei patogumu.<\/p>\n<p data-start=\"1283\" data-end=\"1427\"><img decoding=\"async\" class=\"emoji\" role=\"img\" draggable=\"false\" src=\"https:\/\/s.w.org\/images\/core\/emoji\/17.0.2\/svg\/27a1.svg\" alt=\"\u27a1\ufe0f\" \/>\u00a0<strong><a href=\"https:\/\/tammetorubbq.ee\/lt\/produktas\/napoleon-jalgadega-soegrilli-ilmastikukindel-grillikate\/\">Ilmastikukindel grillikate<\/a><\/strong>\u00a0\u00a0<img decoding=\"async\" class=\"emoji\" role=\"img\" draggable=\"false\" src=\"https:\/\/s.w.org\/images\/core\/emoji\/17.0.2\/svg\/2b05.svg\" alt=\"\u2b05\ufe0f\" \/><\/p>\n<p><img loading=\"lazy\" decoding=\"async\" class=\"wp-image-2098\" src=\"http:\/\/www.tammetorubbq.ee\/wp-content\/uploads\/2024\/11\/napoleon-gas-grills-logo-vector-1-300x124.png\" alt=\"&quot;Napoleon&quot; dujin\u0117s kepsnin\u0117s logotipas vektorius\" width=\"179\" height=\"74\" srcset=\"https:\/\/tammetorubbq.ee\/wp-content\/uploads\/2024\/11\/napoleon-gas-grills-logo-vector-1-300x124.png 300w, https:\/\/tammetorubbq.ee\/wp-content\/uploads\/2024\/11\/napoleon-gas-grills-logo-vector-1-768x317.png 768w, https:\/\/tammetorubbq.ee\/wp-content\/uploads\/2024\/11\/napoleon-gas-grills-logo-vector-1-18x7.png 18w, https:\/\/tammetorubbq.ee\/wp-content\/uploads\/2024\/11\/napoleon-gas-grills-logo-vector-1-600x248.png 600w, https:\/\/tammetorubbq.ee\/wp-content\/uploads\/2024\/11\/napoleon-gas-grills-logo-vector-1-64x26.png 64w, https:\/\/tammetorubbq.ee\/wp-content\/uploads\/2024\/11\/napoleon-gas-grills-logo-vector-1.png 847w\" sizes=\"auto, (max-width: 179px) 100vw, 179px\" \/><\/p>","protected":false},"featured_media":3095,"comment_status":"open","ping_status":"closed","template":"","meta":{"_uf_show_specific_survey":0,"_uf_disable_surveys":false},"pwb-brand":[101],"product_brand":[],"product_cat":[169],"product_tag":[317,78],"class_list":{"0":"post-3094","1":"product","2":"type-product","3":"status-publish","4":"has-post-thumbnail","6":"pwb-brand-napoleon","7":"product_cat-soegrillid","8":"product_tag-napoleon-soegrill","9":"product_tag-soegrill","11":"first","12":"instock","13":"taxable","14":"shipping-taxable","15":"purchasable","16":"product-type-simple"},"brands":[{"id":101,"name":"Napoleonas","slug":"napoleonas"}],"_links":{"self":[{"href":"https:\/\/tammetorubbq.ee\/lt\/wp-json\/wp\/v2\/product\/3094","targetHints":{"allow":["GET"]}}],"collection":[{"href":"https:\/\/tammetorubbq.ee\/lt\/wp-json\/wp\/v2\/product"}],"about":[{"href":"https:\/\/tammetorubbq.ee\/lt\/wp-json\/wp\/v2\/types\/product"}],"replies":[{"embeddable":true,"href":"https:\/\/tammetorubbq.ee\/lt\/wp-json\/wp\/v2\/comments?post=3094"}],"wp:featuredmedia":[{"embeddable":true,"href":"https:\/\/tammetorubbq.ee\/lt\/wp-json\/wp\/v2\/media\/3095"}],"wp:attachment":[{"href":"https:\/\/tammetorubbq.ee\/lt\/wp-json\/wp\/v2\/media?parent=3094"}],"wp:term":[{"taxonomy":"pwb-brand","embeddable":true,"href":"https:\/\/tammetorubbq.ee\/lt\/wp-json\/wp\/v2\/pwb-brand?post=3094"},{"taxonomy":"product_brand","embeddable":true,"href":"https:\/\/tammetorubbq.ee\/lt\/wp-json\/wp\/v2\/product_brand?post=3094"},{"taxonomy":"product_cat","embeddable":true,"href":"https:\/\/tammetorubbq.ee\/lt\/wp-json\/wp\/v2\/product_cat?post=3094"},{"taxonomy":"product_tag","embeddable":true,"href":"https:\/\/tammetorubbq.ee\/lt\/wp-json\/wp\/v2\/product_tag?post=3094"}],"curies":[{"name":"wp","href":"https:\/\/api.w.org\/{rel}","templated":true}]}}