{"id":3103,"date":"2025-04-28T23:18:54","date_gmt":"2025-04-28T20:18:54","guid":{"rendered":"https:\/\/tammetorubbq.ee\/?post_type=product&#038;p=3103"},"modified":"2026-04-15T03:00:25","modified_gmt":"2026-04-15T00:00:25","slug":"napoleon-premium-kepsnys-su-soju-pupelemis-5kg","status":"publish","type":"product","link":"https:\/\/tammetorubbq.ee\/lt\/produktas\/napoleon-premium-kepsnys-su-soju-pupelemis-5kg\/","title":{"rendered":"\"Napoleon Premium\" briketai 5 kg"},"content":{"rendered":"<h3 class=\"\" data-start=\"121\" data-end=\"194\">\"Napoleon\" med\u017eio anglys ir briketai - visame pasaulyje \u017einoma kokyb\u0117<\/h3>\n<p class=\"\" data-start=\"196\" data-end=\"489\"><strong data-start=\"196\" data-end=\"208\">Napoleonas<\/strong> yra tarptautiniu mastu pripa\u017eintas prek\u0117s \u017eenklas, kurio gaminiai gars\u0117ja patikimumu, naujov\u0117mis ir kokybe. Nuo 1976 m. \"Napoleon\" suk\u016br\u0117 \u012fvairiapus\u012f \u0161ildytuv\u0173 ir kepsnini\u0173 asortiment\u0105, \u012fskaitant auk\u0161tos kokyb\u0117s <strong data-start=\"458\" data-end=\"472\">kepsnin\u0117s anglys<\/strong> ir <strong data-start=\"476\" data-end=\"488\">briketai<\/strong>.<\/p>\n<p class=\"\" data-start=\"491\" data-end=\"816\">\"Napoleon\" med\u017eio anglys, kepsnin\u0117s briketai ir kokos\u0173 briketai skirti reikliems kep\u0117jams, kurie i\u0161 angli\u0173 tikisi ne tik \u0161ilumos. Visi \"Napoleon\" produktai gaminami i\u0161 100% nat\u016brali\u0173 \u017ealiav\u0173, pavyzd\u017eiui, kietmed\u017eio ir kokoso rie\u0161ut\u0173 keval\u0173. Jos pasi\u017eymi tolygiu degimu, ilgaam\u017ei\u0161kumu ir nedideliu d\u016bm\u0173 bei pelen\u0173 kiekiu.<\/p>\n<ul data-start=\"818\" data-end=\"1213\">\n<li class=\"\" data-start=\"818\" data-end=\"942\">\n<p class=\"\" data-start=\"820\" data-end=\"942\"><strong data-start=\"820\" data-end=\"834\">Grilio anglys<\/strong> - klasikinis pasirinkimas greitam ir kar\u0161tam kepimui ant groteli\u0173. Didelis gabalas u\u017etikrina stipr\u0173 ir stabil\u0173 degim\u0105.<\/p>\n<\/li>\n<li class=\"\" data-start=\"943\" data-end=\"1065\">\n<p class=\"\" data-start=\"945\" data-end=\"1065\"><strong data-start=\"945\" data-end=\"962\">Grilio briketai<\/strong> - presuotos kietmed\u017eio dro\u017el\u0117s, kurios ilgiau dega ir tinka ilgesniam kepimui ant groteli\u0173, kai kaitra nedidel\u0117.<\/p>\n<\/li>\n<li class=\"\" data-start=\"1066\" data-end=\"1213\">\n<p class=\"\" data-start=\"1068\" data-end=\"1213\"><strong data-start=\"1068\" data-end=\"1086\">Kokos\u0173 briketai<\/strong> - tvari \u012fprast\u0173 briket\u0173 alternatyva. Labai ilgai dega ir ned\u016bsta, idealiai tinka kepti \u017eemoje temperat\u016broje.<\/p>\n<\/li>\n<\/ul>","protected":false},"excerpt":{"rendered":"<p class=\"\" data-start=\"814\" data-end=\"977\"><strong data-start=\"814\" data-end=\"843\">\"Napoleon Premium\" briketai<\/strong> tai puikus pasirinkimas tiems, kurie nori pasiekti geriausi\u0173 kepsnin\u0117s rezultat\u0173, o j\u0173 kepsnin\u0117 pasi\u017eymi nat\u016braliu med\u017eio anglies (kietmed\u017eio) skoniu ir stabiliu kar\u0161\u010diu. Puikiai tinka tiek trumpam, tiek ilgam kepimui ant groteli\u0173.<\/p>\n<p class=\"\" data-start=\"205\" data-end=\"545\"><strong data-start=\"205\" data-end=\"242\">\"Napoleon Premium\" kepsnin\u0117s briketai<\/strong> gaminami i\u0161 auk\u0161tos kokyb\u0117s grynos nat\u016bralios med\u017eio anglies, be chemini\u0173 pried\u0173 ir u\u017epild\u0173. D\u0117l didelio tankio ir vienodo dyd\u017eio \u0161ie briketai dega ilgiau, u\u017etikrina stabil\u0173 ir tolyg\u0173 kar\u0161t\u012f ir puikiai tinka tiek tiesioginiam, tiek netiesioginiam kepimui ir r\u016bkymui.<\/p>\n<p class=\"\" data-start=\"547\" data-end=\"812\"><strong data-start=\"547\" data-end=\"560\">Funkcijos:<\/strong><br data-start=\"560\" data-end=\"563\" \/>- Pagaminta i\u0161 nat\u016bralios med\u017eio anglies - \u0161vari ir be chemini\u0173 med\u017eiag\u0173<br data-start=\"620\" data-end=\"623\" \/>- Ilgas degimo laikas ir tolygus \u0161ilumos paskirstymas<br data-start=\"658\" data-end=\"661\" \/>- Ma\u017eiau pelen\u0173 - lengviau valyti<br data-start=\"693\" data-end=\"696\" \/>- Tinka ir angli\u0173 kepsnin\u0117ms, ir d\u016bmin\u0117ms krosnel\u0117ms<br data-start=\"743\" data-end=\"746\" \/>- Idealiai tinka kepti \u017eemai ir l\u0117tai arba auk\u0161tai ir greitai<\/p>\n<p data-start=\"547\" data-end=\"812\"><strong>Patikimas pasirinkimas, jei ie\u0161kote nat\u016bralios ir stiprios kaitros savo kepsninei!<\/strong><\/p>\n<p><img loading=\"lazy\" decoding=\"async\" class=\"wp-image-2098\" src=\"http:\/\/tammetorubbq.ee\/wp-content\/uploads\/2024\/11\/napoleon-gas-grills-logo-vector-1-300x124.png\" alt=\"&quot;Napoleon&quot; dujin\u0117s kepsnin\u0117s logotipas vektorius\" width=\"167\" height=\"69\" srcset=\"https:\/\/tammetorubbq.ee\/wp-content\/uploads\/2024\/11\/napoleon-gas-grills-logo-vector-1-300x124.png 300w, https:\/\/tammetorubbq.ee\/wp-content\/uploads\/2024\/11\/napoleon-gas-grills-logo-vector-1-768x317.png 768w, https:\/\/tammetorubbq.ee\/wp-content\/uploads\/2024\/11\/napoleon-gas-grills-logo-vector-1-18x7.png 18w, https:\/\/tammetorubbq.ee\/wp-content\/uploads\/2024\/11\/napoleon-gas-grills-logo-vector-1-600x248.png 600w, https:\/\/tammetorubbq.ee\/wp-content\/uploads\/2024\/11\/napoleon-gas-grills-logo-vector-1-64x26.png 64w, https:\/\/tammetorubbq.ee\/wp-content\/uploads\/2024\/11\/napoleon-gas-grills-logo-vector-1.png 847w\" sizes=\"auto, (max-width: 167px) 100vw, 167px\" \/><\/p>","protected":false},"featured_media":3104,"comment_status":"open","ping_status":"closed","template":"","meta":{"_uf_show_specific_survey":0,"_uf_disable_surveys":false},"pwb-brand":[101],"product_brand":[],"product_cat":[58],"product_tag":[172,130],"class_list":{"0":"post-3103","1":"product","2":"type-product","3":"status-publish","4":"has-post-thumbnail","6":"pwb-brand-napoleon","7":"product_cat-grillssusi","8":"product_tag-grillsoebrikett","9":"product_tag-grillsusi","11":"first","12":"instock","13":"taxable","14":"shipping-taxable","15":"purchasable","16":"product-type-simple"},"brands":[{"id":101,"name":"Napoleonas","slug":"napoleonas"}],"_links":{"self":[{"href":"https:\/\/tammetorubbq.ee\/lt\/wp-json\/wp\/v2\/product\/3103","targetHints":{"allow":["GET"]}}],"collection":[{"href":"https:\/\/tammetorubbq.ee\/lt\/wp-json\/wp\/v2\/product"}],"about":[{"href":"https:\/\/tammetorubbq.ee\/lt\/wp-json\/wp\/v2\/types\/product"}],"replies":[{"embeddable":true,"href":"https:\/\/tammetorubbq.ee\/lt\/wp-json\/wp\/v2\/comments?post=3103"}],"wp:featuredmedia":[{"embeddable":true,"href":"https:\/\/tammetorubbq.ee\/lt\/wp-json\/wp\/v2\/media\/3104"}],"wp:attachment":[{"href":"https:\/\/tammetorubbq.ee\/lt\/wp-json\/wp\/v2\/media?parent=3103"}],"wp:term":[{"taxonomy":"pwb-brand","embeddable":true,"href":"https:\/\/tammetorubbq.ee\/lt\/wp-json\/wp\/v2\/pwb-brand?post=3103"},{"taxonomy":"product_brand","embeddable":true,"href":"https:\/\/tammetorubbq.ee\/lt\/wp-json\/wp\/v2\/product_brand?post=3103"},{"taxonomy":"product_cat","embeddable":true,"href":"https:\/\/tammetorubbq.ee\/lt\/wp-json\/wp\/v2\/product_cat?post=3103"},{"taxonomy":"product_tag","embeddable":true,"href":"https:\/\/tammetorubbq.ee\/lt\/wp-json\/wp\/v2\/product_tag?post=3103"}],"curies":[{"name":"wp","href":"https:\/\/api.w.org\/{rel}","templated":true}]}}