{"id":3105,"date":"2025-04-28T23:46:57","date_gmt":"2025-04-28T20:46:57","guid":{"rendered":"https:\/\/tammetorubbq.ee\/?post_type=product&#038;p=3105"},"modified":"2026-04-15T03:00:19","modified_gmt":"2026-04-15T00:00:19","slug":"bbq-strypu-rinkinys-6vnt","status":"publish","type":"product","link":"https:\/\/tammetorubbq.ee\/lt\/produktas\/bbq-strypu-rinkinys-6vnt\/","title":{"rendered":"BBQ ie\u0161m\u0173 rinkinys 6vnt."},"content":{"rendered":"<p class=\"\" data-start=\"164\" data-end=\"199\"><strong data-start=\"164\" data-end=\"199\">Kod\u0117l verta rinktis U formos strypus?<\/strong><\/p>\n<p class=\"\" data-start=\"201\" data-end=\"573\">\"U\" formos pjaustymo lazdel\u0117s u\u017etikrina tikr\u0105 kepimo ant groteli\u0173 patogum\u0105: maistas nesisuka ant lazdel\u0117s, o kepa tolygiai ir vienoje pus\u0117je. D\u0117l plok\u0161\u010dios konstrukcijos galite lengvai pasukti maist\u0105 ir kaskart pasiekti puik\u0173 rezultat\u0105. Be to, U formos lazdel\u0117s yra tvirtos ir stabilios - puikus pasirinkimas sunkesniems m\u0117sos gabalams ar tankioms dar\u017eovi\u0173 lazdel\u0117ms. <strong>Kepkite ant groteli\u0173 kaip profesionalas!<\/strong><\/p>","protected":false},"excerpt":{"rendered":"<p class=\"\" data-start=\"208\" data-end=\"518\"><strong data-start=\"208\" data-end=\"243\">BBQ ie\u0161m\u0173 rinkinys<\/strong> yra b\u016btinas kiekvienam tikram \u0161achmat\u0173 m\u0117g\u0117jui. \u0160ie tvirti U formos strypai idealiai tinka m\u0117sai, dar\u017eov\u0117ms ir j\u016bros g\u0117ryb\u0117ms kepti ant tiesiogin\u0117s liepsnos.<br data-start=\"407\" data-end=\"410\" \/>U formos konstrukcija neleid\u017eia maistui suktis ant strypo, o \u012fjungti kepsnin\u0119 paprasta ir patogu.<\/p>\n<p class=\"\" data-start=\"520\" data-end=\"714\">Strypai pagaminti i\u0161 <strong data-start=\"542\" data-end=\"581\">auk\u0161tos kokyb\u0117s ner\u016bdijantis plienas<\/strong>u\u017etikrinant j\u0173 ilgaam\u017ei\u0161kum\u0105 ir atsparum\u0105 r\u016bdims. Be to, strypai yra <strong data-start=\"647\" data-end=\"676\">galima plauti indaplov\u0117je<\/strong>, tod\u0117l valyti ypa\u010d lengva.<\/p>\n<p class=\"\" data-start=\"716\" data-end=\"838\"><strong data-start=\"716\" data-end=\"738\">Rinkin\u012f sudaro:<\/strong><br data-start=\"738\" data-end=\"741\" \/>- 6 U formos kepsnin\u0117s<br data-start=\"769\" data-end=\"772\" \/>- Eleganti\u0161kas aksominis krep\u0161ys, kad b\u016bt\u0173 patogu laikyti ir ne\u0161iotis.<\/p>\n<p class=\"\" data-start=\"840\" data-end=\"877\"><strong data-start=\"840\" data-end=\"851\">Matmenys:<\/strong><br data-start=\"851\" data-end=\"854\" \/>- Lazdos ilgis: 30,5 cm<\/p>\n<p class=\"\" data-start=\"879\" data-end=\"968\"><strong data-start=\"879\" data-end=\"900\">Puikiai tinka:<\/strong> \u0161a\u0161lyk\u0173 ie\u0161mams, kebabams, dar\u017eov\u0117ms ir \u012fvairiems sotams.<\/p>\n<p data-start=\"140\" data-end=\"154\"><strong>\ud83d\udca1 Profesional\u0173 patarimas: <\/strong>Prie\u0161 d\u0117dami maist\u0105 ant ie\u0161meli\u0173, lengvai patepkite juos aliejumi - tai pad\u0117s i\u0161vengti maisto prilipimo ir ypa\u010d palengvins i\u0161kept\u0173 m\u0117sos gabal\u0117li\u0173 i\u0161\u0117mim\u0105.<\/p>\n<p data-start=\"140\" data-end=\"154\"><strong>Kepkite ant groteli\u0173 kaip profesionalas!<\/strong><\/p>","protected":false},"featured_media":3108,"comment_status":"open","ping_status":"closed","template":"","meta":{"_uf_show_specific_survey":0,"_uf_disable_surveys":false},"pwb-brand":[],"product_brand":[],"product_cat":[30,20],"product_tag":[134,361],"class_list":{"0":"post-3105","1":"product","2":"type-product","3":"status-publish","4":"has-post-thumbnail","6":"product_cat-grillimise-tarvikud","7":"product_cat-kampaania","8":"product_tag-grillimise-tarvikud","9":"product_tag-grillvardad","11":"first","12":"instock","13":"sale","14":"taxable","15":"shipping-taxable","16":"purchasable","17":"product-type-simple"},"brands":[],"_links":{"self":[{"href":"https:\/\/tammetorubbq.ee\/lt\/wp-json\/wp\/v2\/product\/3105","targetHints":{"allow":["GET"]}}],"collection":[{"href":"https:\/\/tammetorubbq.ee\/lt\/wp-json\/wp\/v2\/product"}],"about":[{"href":"https:\/\/tammetorubbq.ee\/lt\/wp-json\/wp\/v2\/types\/product"}],"replies":[{"embeddable":true,"href":"https:\/\/tammetorubbq.ee\/lt\/wp-json\/wp\/v2\/comments?post=3105"}],"wp:featuredmedia":[{"embeddable":true,"href":"https:\/\/tammetorubbq.ee\/lt\/wp-json\/wp\/v2\/media\/3108"}],"wp:attachment":[{"href":"https:\/\/tammetorubbq.ee\/lt\/wp-json\/wp\/v2\/media?parent=3105"}],"wp:term":[{"taxonomy":"pwb-brand","embeddable":true,"href":"https:\/\/tammetorubbq.ee\/lt\/wp-json\/wp\/v2\/pwb-brand?post=3105"},{"taxonomy":"product_brand","embeddable":true,"href":"https:\/\/tammetorubbq.ee\/lt\/wp-json\/wp\/v2\/product_brand?post=3105"},{"taxonomy":"product_cat","embeddable":true,"href":"https:\/\/tammetorubbq.ee\/lt\/wp-json\/wp\/v2\/product_cat?post=3105"},{"taxonomy":"product_tag","embeddable":true,"href":"https:\/\/tammetorubbq.ee\/lt\/wp-json\/wp\/v2\/product_tag?post=3105"}],"curies":[{"name":"wp","href":"https:\/\/api.w.org\/{rel}","templated":true}]}}