{"id":3183,"date":"2025-05-21T11:41:17","date_gmt":"2025-05-21T08:41:17","guid":{"rendered":"https:\/\/tammetorubbq.ee\/?post_type=product&#038;p=3183"},"modified":"2026-04-15T05:00:05","modified_gmt":"2026-04-15T02:00:05","slug":"turnpike-kokosu-cili-itrinti-235g","status":"publish","type":"product","link":"https:\/\/tammetorubbq.ee\/lt\/produktas\/turnpike-kokosu-cili-itrinti-235g\/","title":{"rendered":"\"Turnpike\" kokos\u0173 aitri\u0173j\u0173 paprik\u0173 \u012ftrinti 235g"},"content":{"rendered":"<p><strong data-start=\"0\" data-end=\"31\" data-is-only-node=\"\">Sudedamosios dalys: <\/strong>Maltodekstrinas, cukrus, druska, karis, prieskoniai (kalendra, kmynai, ciber\u017eol\u0117, baltieji pipirai, imbieras, paprika, o\u017erag\u0117, aitriosios paprikos milteliai), druska, dar\u017eov\u0117s (\u010desnak\u0173 milteliai, svog\u016bn\u0173 milteliai), aitriosios paprikos, imbieras, kalendra, kokosai, kokos\u0173 pieno milteliai (pieno baltymai, kokos\u0173 pienas), \u010desnakai, nat\u016brali kvapioji med\u017eiaga.<\/p>","protected":false},"excerpt":{"rendered":"<p class=\"\" data-start=\"42\" data-end=\"108\"><strong data-start=\"42\" data-end=\"106\">Kokos\u0173 \u010dili prieskoniai - azijieti\u0161kas atogr\u0105\u017e\u0173 skan\u0117stas<\/strong><\/p>\n<p class=\"\" data-start=\"110\" data-end=\"381\">Atraskite Azijos \u012fkv\u0117pt\u0105 virtuv\u0119 <strong data-start=\"143\" data-end=\"175\">Kokos\u0173 aitri\u0173j\u0173 paprik\u0173 prieskoni\u0173 mi\u0161inys<\/strong>, kuriame dera tropinis kokos\u0173 saldumas ir \u0161velnus aitri\u0173j\u0173 paprik\u0173 a\u0161trumas. \u0160is gardus mi\u0161inys puikiai tinka <strong data-start=\"291\" data-end=\"314\">kiauliena ir vi\u0161tiena<\/strong> prieskoniams - sausam marinatui arba tiesiog kaip pagardas.<\/p>\n<p class=\"\" data-start=\"383\" data-end=\"557\">Norite ko nors kito kepsninei?<br data-start=\"418\" data-end=\"421\" \/><strong data-start=\"421\" data-end=\"471\">Sumai\u0161ykite prieskoni\u0173 mi\u0161in\u012f su kokos\u0173 pienu arba sultiniu<\/strong> ir paruo\u0161kite skan\u0173 <strong data-start=\"497\" data-end=\"512\">kario kastos<\/strong> - idealiai tinka ir m\u0117sai, ir dar\u017eov\u0117ms!<\/p>\n<p class=\"\" data-start=\"559\" data-end=\"728\"><strong data-start=\"559\" data-end=\"581\">Naudojimo rekomendacijos:<\/strong><br data-start=\"581\" data-end=\"584\" \/>\u2714\ufe0f Kiaulienos ir vi\u0161tienos prieskoniai<br data-start=\"618\" data-end=\"621\" \/>\u2714\ufe0f Sausi marinatai<br data-start=\"639\" data-end=\"642\" \/>\u2714\ufe0f Ant groteli\u0173 keptiems patiekalams<br data-start=\"660\" data-end=\"663\" \/>\u2714\ufe0f Nor\u0117dami pasigaminti kario pada\u017e\u0105 (su kokos\u0173 pienu arba sultiniu)<\/p>\n<p class=\"\" data-start=\"730\" data-end=\"818\"><strong data-start=\"730\" data-end=\"818\">Suteikite savo virtuvei egzoti\u0161k\u0173 skoni\u0173 - i\u0161bandykite kokos\u0173 aitri\u0173j\u0173 paprik\u0173 prieskonius jau \u0161iandien!<\/strong><\/p>\n<p data-start=\"730\" data-end=\"818\"><strong data-start=\"93\" data-end=\"108\">\ud83d\udca1 Profesional\u0173 patarimas: <\/strong>Sumai\u0161ykite 2 valgomuosius \u0161auk\u0161tus <strong data-start=\"133\" data-end=\"165\">Kokos\u0173 aitri\u0173j\u0173 paprik\u0173 prieskoni\u0173 mi\u0161inys<\/strong> 200 ml <strong data-start=\"173\" data-end=\"190\">su kokos\u0173 pienu<\/strong> ir leiskite pada\u017eui virti ant silpnos ugnies 5-10 minu\u010di\u0173 - gausite greit\u0105 ir skan\u0173 pada\u017e\u0105. <strong data-start=\"276\" data-end=\"285\" data-is-only-node=\"\">karri<\/strong>, kuris puikiai tinka su vi\u0161tiena, krevet\u0117mis ir dar\u017eov\u0117mis. Patiekite su ry\u017eiais arba makaronais!<\/p>\n<p><img loading=\"lazy\" decoding=\"async\" class=\"wp-image-2719\" src=\"http:\/\/tammetorubbq.ee\/wp-content\/uploads\/2025\/04\/Turnpike-BBQ-logo-300x300.webp\" alt=\"&quot;Turnpike BBQ&quot; logotipas\" width=\"174\" height=\"174\" srcset=\"https:\/\/tammetorubbq.ee\/wp-content\/uploads\/2025\/04\/Turnpike-BBQ-logo-300x300.webp 300w, https:\/\/tammetorubbq.ee\/wp-content\/uploads\/2025\/04\/Turnpike-BBQ-logo-150x150.webp 150w, https:\/\/tammetorubbq.ee\/wp-content\/uploads\/2025\/04\/Turnpike-BBQ-logo-12x12.webp 12w, https:\/\/tammetorubbq.ee\/wp-content\/uploads\/2025\/04\/Turnpike-BBQ-logo-600x600.webp 600w, https:\/\/tammetorubbq.ee\/wp-content\/uploads\/2025\/04\/Turnpike-BBQ-logo-64x64.webp 64w, https:\/\/tammetorubbq.ee\/wp-content\/uploads\/2025\/04\/Turnpike-BBQ-logo.webp 720w\" sizes=\"auto, (max-width: 174px) 100vw, 174px\" \/><\/p>","protected":false},"featured_media":3184,"comment_status":"open","ping_status":"closed","template":"","meta":{"_uf_show_specific_survey":0,"_uf_disable_surveys":false},"pwb-brand":[117],"product_brand":[],"product_cat":[21,20],"product_tag":[118,175,114],"class_list":{"0":"post-3183","1":"product","2":"type-product","3":"status-publish","4":"has-post-thumbnail","6":"pwb-brand-turnpike-bbq","7":"product_cat-maitseainesegud","8":"product_cat-kampaania","9":"product_tag-kanaliha","10":"product_tag-sealih","11":"product_tag-sealiha","13":"first","14":"instock","15":"sale","16":"taxable","17":"shipping-taxable","18":"purchasable","19":"product-type-simple"},"brands":[{"id":117,"name":"\"Turnpike BBQ","slug":"turnpike-bbq"}],"_links":{"self":[{"href":"https:\/\/tammetorubbq.ee\/lt\/wp-json\/wp\/v2\/product\/3183","targetHints":{"allow":["GET"]}}],"collection":[{"href":"https:\/\/tammetorubbq.ee\/lt\/wp-json\/wp\/v2\/product"}],"about":[{"href":"https:\/\/tammetorubbq.ee\/lt\/wp-json\/wp\/v2\/types\/product"}],"replies":[{"embeddable":true,"href":"https:\/\/tammetorubbq.ee\/lt\/wp-json\/wp\/v2\/comments?post=3183"}],"wp:featuredmedia":[{"embeddable":true,"href":"https:\/\/tammetorubbq.ee\/lt\/wp-json\/wp\/v2\/media\/3184"}],"wp:attachment":[{"href":"https:\/\/tammetorubbq.ee\/lt\/wp-json\/wp\/v2\/media?parent=3183"}],"wp:term":[{"taxonomy":"pwb-brand","embeddable":true,"href":"https:\/\/tammetorubbq.ee\/lt\/wp-json\/wp\/v2\/pwb-brand?post=3183"},{"taxonomy":"product_brand","embeddable":true,"href":"https:\/\/tammetorubbq.ee\/lt\/wp-json\/wp\/v2\/product_brand?post=3183"},{"taxonomy":"product_cat","embeddable":true,"href":"https:\/\/tammetorubbq.ee\/lt\/wp-json\/wp\/v2\/product_cat?post=3183"},{"taxonomy":"product_tag","embeddable":true,"href":"https:\/\/tammetorubbq.ee\/lt\/wp-json\/wp\/v2\/product_tag?post=3183"}],"curies":[{"name":"wp","href":"https:\/\/api.w.org\/{rel}","templated":true}]}}