{"id":3189,"date":"2025-05-21T14:57:40","date_gmt":"2025-05-21T11:57:40","guid":{"rendered":"https:\/\/tammetorubbq.ee\/?post_type=product&#038;p=3189"},"modified":"2026-04-15T03:00:23","modified_gmt":"2026-04-15T00:00:23","slug":"turnpike-bbq-ridiculous-chicken-rub-235g","status":"publish","type":"product","link":"https:\/\/tammetorubbq.ee\/lt\/produktas\/turnpike-bbq-ridiculous-chicken-rub-235g\/","title":{"rendered":"Turnpike BBQ Ridiculous Chicken Rub 235g"},"content":{"rendered":"<p><strong>Sudedamosios dalys:<\/strong> druska, ry\u017ei\u0173 miltai, \u017eolel\u0117s\/prieskoniai (paprika, kalendra, baltieji pipirai, ciber\u017eol\u0117, kmynai, imbieras, pankolis, garsty\u010di\u0173 s\u0117klos, aitriosios paprikos), kvietiniai miltai, prieskoniai, E621, da\u017eiklis, E160C, gali b\u016bti pieno ir glitimo p\u0117dsak\u0173.<\/p>\n<p><strong><a href=\"https:\/\/tammetorubbq.ee\/lt\/produktas\/turnpike-bbq-ridiculous-chicken-rub-700g\/\">Taip pat galima \u012fsigyti 700 g pakuotes<\/a><\/strong><\/p>","protected":false},"excerpt":{"rendered":"<p class=\"\" data-start=\"70\" data-end=\"154\"><strong data-start=\"70\" data-end=\"152\">\"Turnpike Smokers Ridiculous Chicken BBQ Rub\" - puikus vi\u0161tienos skonis<\/strong><\/p>\n<p class=\"\" data-start=\"156\" data-end=\"401\">Atraskite tikr\u0105j\u012f vi\u0161tienos potencial\u0105 su \u0161iuo unikaliu BBQ prieskoni\u0173 mi\u0161iniu! <strong data-start=\"231\" data-end=\"261\">Juokinga vi\u0161tienos BBQ rub<\/strong> sukurtas specialiai geriausiems skoniams atskleisti. <strong data-start=\"325\" data-end=\"362\">vi\u0161tienos sparneliuose, kojose, kojose, p\u0117dose<\/strong> ir visuose kituose pauk\u0161tienos patiekaluose.<\/p>\n<p class=\"\" data-start=\"403\" data-end=\"541\">Kepant orkait\u0117je, kepsnin\u0117je ar keptuv\u0117je, \u0161is mi\u0161inys suteikia m\u0117sai sodr\u0173, d\u016bmo ir \u0161iek tiek sald\u0173 BBQ skon\u012f, nuo kurio lie\u017euvis rausta.<\/p>\n<p class=\"\" data-start=\"543\" data-end=\"671\"><strong data-start=\"543\" data-end=\"564\">Puikiai tinka:<\/strong><br data-start=\"564\" data-end=\"567\" \/>\u2714\ufe0f Kanar\u0173 salos<br data-start=\"583\" data-end=\"586\" \/>\u2714\ufe0f P\u0117doms ir koj\u0173 pir\u0161tams<br data-start=\"612\" data-end=\"615\" \/>\u2714\ufe0f Sveikam kepsni\u0173 kepimui<br data-start=\"637\" data-end=\"640\" \/>\u2714\ufe0f Vi\u0161tienos fil\u0117 ir ie\u0161meliai<\/p>\n<p class=\"\" data-start=\"673\" data-end=\"910\"><strong data-start=\"673\" data-end=\"688\">\ud83d\udca1 Profesional\u0173 patarimas: <\/strong>Pirmiausia vi\u0161tien\u0105 lengvai patepkite alyvuogi\u0173 aliejumi, tada tolygiai \u012ftrinkite prieskoni\u0173 mi\u0161iniu ir palikite pastov\u0117ti bent 30 minu\u010di\u0173 (arba per nakt\u012f) - taip visi skoniai \u012fsigers \u012f m\u0117s\u0105 ir ji bus ypa\u010d sultinga ir aromatinga!<\/p>\n<p class=\"\" data-start=\"912\" data-end=\"1044\"><strong data-start=\"912\" data-end=\"1044\">Pakelkite savo nam\u0173 BBQ \u012f auk\u0161tesn\u012f lyg\u012f - i\u0161bandykite \"Ridiculous Chicken BBQ Rub\" ir paruo\u0161kite restorano kokyb\u0117s patiekalus!<\/strong><\/p>\n<p><img loading=\"lazy\" decoding=\"async\" class=\"wp-image-2719\" src=\"http:\/\/tammetorubbq.ee\/wp-content\/uploads\/2025\/04\/Turnpike-BBQ-logo-300x300.webp\" alt=\"&quot;Turnpike BBQ&quot; logotipas\" width=\"136\" height=\"136\" srcset=\"https:\/\/tammetorubbq.ee\/wp-content\/uploads\/2025\/04\/Turnpike-BBQ-logo-300x300.webp 300w, https:\/\/tammetorubbq.ee\/wp-content\/uploads\/2025\/04\/Turnpike-BBQ-logo-150x150.webp 150w, https:\/\/tammetorubbq.ee\/wp-content\/uploads\/2025\/04\/Turnpike-BBQ-logo-12x12.webp 12w, https:\/\/tammetorubbq.ee\/wp-content\/uploads\/2025\/04\/Turnpike-BBQ-logo-600x600.webp 600w, https:\/\/tammetorubbq.ee\/wp-content\/uploads\/2025\/04\/Turnpike-BBQ-logo-64x64.webp 64w, https:\/\/tammetorubbq.ee\/wp-content\/uploads\/2025\/04\/Turnpike-BBQ-logo.webp 720w\" sizes=\"auto, (max-width: 136px) 100vw, 136px\" \/><\/p>","protected":false},"featured_media":3190,"comment_status":"open","ping_status":"closed","template":"","meta":{"_uf_show_specific_survey":0,"_uf_disable_surveys":false},"pwb-brand":[117],"product_brand":[],"product_cat":[21],"product_tag":[159],"class_list":{"0":"post-3189","1":"product","2":"type-product","3":"status-publish","4":"has-post-thumbnail","6":"pwb-brand-turnpike-bbq","7":"product_cat-maitseainesegud","8":"product_tag-kanatiivad","10":"first","11":"instock","12":"taxable","13":"shipping-taxable","14":"purchasable","15":"product-type-simple"},"brands":[{"id":117,"name":"\"Turnpike BBQ","slug":"turnpike-bbq"}],"_links":{"self":[{"href":"https:\/\/tammetorubbq.ee\/lt\/wp-json\/wp\/v2\/product\/3189","targetHints":{"allow":["GET"]}}],"collection":[{"href":"https:\/\/tammetorubbq.ee\/lt\/wp-json\/wp\/v2\/product"}],"about":[{"href":"https:\/\/tammetorubbq.ee\/lt\/wp-json\/wp\/v2\/types\/product"}],"replies":[{"embeddable":true,"href":"https:\/\/tammetorubbq.ee\/lt\/wp-json\/wp\/v2\/comments?post=3189"}],"wp:featuredmedia":[{"embeddable":true,"href":"https:\/\/tammetorubbq.ee\/lt\/wp-json\/wp\/v2\/media\/3190"}],"wp:attachment":[{"href":"https:\/\/tammetorubbq.ee\/lt\/wp-json\/wp\/v2\/media?parent=3189"}],"wp:term":[{"taxonomy":"pwb-brand","embeddable":true,"href":"https:\/\/tammetorubbq.ee\/lt\/wp-json\/wp\/v2\/pwb-brand?post=3189"},{"taxonomy":"product_brand","embeddable":true,"href":"https:\/\/tammetorubbq.ee\/lt\/wp-json\/wp\/v2\/product_brand?post=3189"},{"taxonomy":"product_cat","embeddable":true,"href":"https:\/\/tammetorubbq.ee\/lt\/wp-json\/wp\/v2\/product_cat?post=3189"},{"taxonomy":"product_tag","embeddable":true,"href":"https:\/\/tammetorubbq.ee\/lt\/wp-json\/wp\/v2\/product_tag?post=3189"}],"curies":[{"name":"wp","href":"https:\/\/api.w.org\/{rel}","templated":true}]}}