{"id":3194,"date":"2025-05-21T15:45:16","date_gmt":"2025-05-21T12:45:16","guid":{"rendered":"https:\/\/tammetorubbq.ee\/?post_type=product&#038;p=3194"},"modified":"2026-04-14T22:00:41","modified_gmt":"2026-04-14T19:00:41","slug":"dumu-blokas-is-ounmedzio-25kg","status":"publish","type":"product","link":"https:\/\/tammetorubbq.ee\/lt\/produktas\/dumu-blokas-is-ounmedzio-25kg\/","title":{"rendered":"Turnpike BBQ suitsuklots \u2013 \u00f5unapuust 2,5kg"},"content":{"rendered":"<p><strong>Pakuot\u0117<\/strong>: 2,5 kg, 8 litrai<\/p>","protected":false},"excerpt":{"rendered":"<p class=\"\" data-start=\"60\" data-end=\"120\"><strong data-start=\"60\" data-end=\"118\">Obel\u0173 med\u017eio d\u016bm\u0173 skiedros - \u0161velnus ir saldus d\u016bm\u0173 skonis!<\/strong><\/p>\n<p class=\"\" data-start=\"122\" data-end=\"373\"><strong data-start=\"122\" data-end=\"139\">Obel\u0173 d\u016bmai<\/strong> duoda m\u0117sos <strong data-start=\"153\" data-end=\"186\">\u0161velnaus ir \u0161iek tiek saldaus skonio<\/strong>, kuris ypa\u010d tinka <strong data-start=\"210\" data-end=\"240\">kiauliena, \u017euvis ir pauk\u0161tiena<\/strong> r\u016bkymui. \u0160is d\u016bmas niekada neb\u016bna pernelyg intensyvus - tik tinkamai subalansuotas, kad i\u0161ry\u0161k\u0117t\u0173 nat\u016bralus \u017ealiav\u0173 skonis.<\/p>\n<p class=\"\" data-start=\"375\" data-end=\"538\">Nors <strong data-start=\"381\" data-end=\"431\">obuoli\u0173 medienos d\u016bm\u0173 aromatas l\u0117tai skverbiasi \u012f m\u0117s\u0105.<\/strong>, kantryb\u0117 atsiperka - ilgiau r\u016bkydami pajusite tikrai gil\u0173 ir subtil\u0173 skonio poj\u016bt\u012f.<\/p>\n<p class=\"\" data-start=\"540\" data-end=\"685\"><strong data-start=\"540\" data-end=\"559\">Produkto savyb\u0117s:<\/strong><br data-start=\"559\" data-end=\"562\" \/>\u2714\ufe0f Greitai gamina d\u016bmus<br data-start=\"587\" data-end=\"590\" \/>\u2714\ufe0f Degina palyginti ilgai<br data-start=\"615\" data-end=\"618\" \/>\u2714\ufe0f Nereikia da\u017enai papildyti - idealus variantas <strong data-start=\"658\" data-end=\"685\">ilgesniam r\u016bkymui<\/strong><\/p>\n<p class=\"\" data-start=\"687\" data-end=\"822\"><strong data-start=\"687\" data-end=\"710\">Tinka:<\/strong><br data-start=\"710\" data-end=\"713\" \/>- K\u016brenama anglimis arba briketais<br data-start=\"738\" data-end=\"741\" \/>- Idealiai tinka naudoti, kai reikia \u012fpilti kuro \u012f ugn\u012f<strong>\u00a0<a href=\"https:\/\/tammetorubbq.ee\/lt\/kategorija\/kepsnines\/keramines-groteles\/\">Kamado Joe<\/a><\/strong>-s arba\u00a0<strong><a href=\"https:\/\/tammetorubbq.ee\/lt\/kategorija\/kepsnines\/bbq-dumu-krosneles\/\">BBQ krosnel\u0117<\/a><\/strong>.<\/p>\n<p><img loading=\"lazy\" decoding=\"async\" class=\"wp-image-2719\" src=\"http:\/\/tammetorubbq.ee\/wp-content\/uploads\/2025\/04\/Turnpike-BBQ-logo-300x300.webp\" alt=\"&quot;Turnpike BBQ&quot; logotipas\" width=\"137\" height=\"137\" srcset=\"https:\/\/tammetorubbq.ee\/wp-content\/uploads\/2025\/04\/Turnpike-BBQ-logo-300x300.webp 300w, https:\/\/tammetorubbq.ee\/wp-content\/uploads\/2025\/04\/Turnpike-BBQ-logo-150x150.webp 150w, https:\/\/tammetorubbq.ee\/wp-content\/uploads\/2025\/04\/Turnpike-BBQ-logo-12x12.webp 12w, https:\/\/tammetorubbq.ee\/wp-content\/uploads\/2025\/04\/Turnpike-BBQ-logo-600x600.webp 600w, https:\/\/tammetorubbq.ee\/wp-content\/uploads\/2025\/04\/Turnpike-BBQ-logo-64x64.webp 64w, https:\/\/tammetorubbq.ee\/wp-content\/uploads\/2025\/04\/Turnpike-BBQ-logo.webp 720w\" sizes=\"auto, (max-width: 137px) 100vw, 137px\" \/><\/p>\n<p>&nbsp;<\/p>","protected":false},"featured_media":3195,"comment_status":"open","ping_status":"closed","template":"","meta":{"_uf_show_specific_survey":0,"_uf_disable_surveys":false},"pwb-brand":[117],"product_brand":[391],"product_cat":[59],"product_tag":[163,118,114,124],"class_list":{"0":"post-3194","1":"product","2":"type-product","3":"status-publish","4":"has-post-thumbnail","6":"pwb-brand-turnpike-bbq","7":"product_brand-turnpike-bbq","8":"product_cat-suitsuklotsid","9":"product_tag-kala","10":"product_tag-kanaliha","11":"product_tag-sealiha","12":"product_tag-suitsuklots","14":"first","15":"instock","16":"taxable","17":"shipping-taxable","18":"purchasable","19":"product-type-simple"},"brands":[{"id":117,"name":"\"Turnpike BBQ","slug":"turnpike-bbq"}],"_links":{"self":[{"href":"https:\/\/tammetorubbq.ee\/lt\/wp-json\/wp\/v2\/product\/3194","targetHints":{"allow":["GET"]}}],"collection":[{"href":"https:\/\/tammetorubbq.ee\/lt\/wp-json\/wp\/v2\/product"}],"about":[{"href":"https:\/\/tammetorubbq.ee\/lt\/wp-json\/wp\/v2\/types\/product"}],"replies":[{"embeddable":true,"href":"https:\/\/tammetorubbq.ee\/lt\/wp-json\/wp\/v2\/comments?post=3194"}],"wp:featuredmedia":[{"embeddable":true,"href":"https:\/\/tammetorubbq.ee\/lt\/wp-json\/wp\/v2\/media\/3195"}],"wp:attachment":[{"href":"https:\/\/tammetorubbq.ee\/lt\/wp-json\/wp\/v2\/media?parent=3194"}],"wp:term":[{"taxonomy":"pwb-brand","embeddable":true,"href":"https:\/\/tammetorubbq.ee\/lt\/wp-json\/wp\/v2\/pwb-brand?post=3194"},{"taxonomy":"product_brand","embeddable":true,"href":"https:\/\/tammetorubbq.ee\/lt\/wp-json\/wp\/v2\/product_brand?post=3194"},{"taxonomy":"product_cat","embeddable":true,"href":"https:\/\/tammetorubbq.ee\/lt\/wp-json\/wp\/v2\/product_cat?post=3194"},{"taxonomy":"product_tag","embeddable":true,"href":"https:\/\/tammetorubbq.ee\/lt\/wp-json\/wp\/v2\/product_tag?post=3194"}],"curies":[{"name":"wp","href":"https:\/\/api.w.org\/{rel}","templated":true}]}}