{"id":3196,"date":"2025-05-21T16:07:35","date_gmt":"2025-05-21T13:07:35","guid":{"rendered":"https:\/\/tammetorubbq.ee\/?post_type=product&#038;p=3196"},"modified":"2026-04-15T03:00:06","modified_gmt":"2026-04-15T00:00:06","slug":"barbekiu-posukis","status":"publish","type":"product","link":"https:\/\/tammetorubbq.ee\/lt\/produktas\/barbekiu-posukis\/","title":{"rendered":"Turnpike grilltangid"},"content":{"rendered":"<p><strong data-start=\"607\" data-end=\"629\">Techniniai duomenys:<\/strong><br data-start=\"629\" data-end=\"632\" \/>- Med\u017eiaga: ner\u016bdijantis plienas S\/S430<br data-start=\"667\" data-end=\"670\" \/>- Rankenos med\u017eiaga: tikmedis<br data-start=\"700\" data-end=\"703\" \/>- Matmenys: 42 \u00d7 5 \u00d7 4 cm<\/p>","protected":false},"excerpt":{"rendered":"<p class=\"\" data-start=\"79\" data-end=\"170\"><strong data-start=\"79\" data-end=\"168\">Ner\u016bdijan\u010dio plieno kepimo ant groteli\u0173 \u017enypl\u0117s su tikmed\u017eio rankenomis - patvarios, stilingos ir patogios<\/strong><\/p>\n<p class=\"\" data-start=\"172\" data-end=\"520\">Reikia <strong data-start=\"177\" data-end=\"214\">ner\u016bdijan\u010dio plieno grilio grotel\u0117s<\/strong> tai idealus \u012frankis m\u0117sai ir dar\u017eov\u0117ms ant kepsnin\u0117s apsukti ir perkelti. Pagaminta i\u0161 <strong data-start=\"309\" data-end=\"348\">auk\u0161tos kokyb\u0117s ner\u016bdijantis plienas<\/strong>, kuri u\u017etikrina ilgaam\u017ei\u0161kum\u0105 ir ilgaam\u017ei\u0161kum\u0105, ir turi <strong data-start=\"409\" data-end=\"445\">su tvirta tikmed\u017eio rankena<\/strong>, kuris tvirtai laikosi rankoje ir gerai atlaiko kar\u0161t\u012f bei oro s\u0105lygas.<\/p>\n<p class=\"\" data-start=\"522\" data-end=\"742\">Tangidai <strong data-start=\"530\" data-end=\"559\">patvari konstrukcija<\/strong> leid\u017eia saugiai suimti ir pakelti maist\u0105, jo nesulau\u017eant ir nenukrentant. Eleganti\u0161ka tikmed\u017eio rankena ne tik suteikia funkcionalumo, bet ir vizualin\u0117s vert\u0117s j\u016bs\u0173 kepsnin\u0117s \u012frankiams.<\/p>\n<p class=\"\" data-start=\"744\" data-end=\"1043\"><strong data-start=\"744\" data-end=\"763\">Produkto savyb\u0117s:<\/strong><br data-start=\"763\" data-end=\"766\" \/>\u2714\ufe0f Ner\u016bdijantis plienas - tvirtas ir atsparus r\u016bdims<br data-start=\"809\" data-end=\"812\" \/>\u2714\ufe0f Patvari tikmed\u017eio rankena - stilinga ir atspari kar\u0161\u010diui<br data-start=\"871\" data-end=\"874\" \/>\u2714\ufe0f Prakti\u0161kas u\u017erakto mechanizmas - repl\u0117s gali b\u016bti u\u017erakintos, kad jas b\u016bt\u0173 galima laikyti.<br data-start=\"941\" data-end=\"944\" \/>\u2714\ufe0f Odin\u0117 kilpa - patogu pakabinti<br data-start=\"978\" data-end=\"981\" \/>\u2714\ufe0f <strong>Ilgis 42 cm<\/strong> (16,5\u2033) - i\u0161laiko rankas saugiu atstumu nuo kar\u0161\u010dio<\/p>\n<p class=\"\" data-start=\"1045\" data-end=\"1141\"><strong data-start=\"1045\" data-end=\"1141\">Puikus kiekvieno grilio meistro pagalbininkas - funkcionalumas ir stilius viename \u012frankyje!<\/strong><\/p>\n<p class=\"\" data-start=\"0\" data-end=\"331\"><strong data-start=\"0\" data-end=\"15\">\ud83d\udca1 Profesional\u0173 patarimas: <\/strong>Po kiekvieno naudojimo repl\u0117s nedelsiant i\u0161valykite \u0161iltu vandeniu su \u0161velniu plovikliu ir kruop\u0161\u010diai i\u0161d\u017eiovinkite - taip i\u0161saugosite savo <strong data-start=\"136\" data-end=\"163\">ner\u016bdijan\u010dio plieno blizgesys<\/strong> ir <strong data-start=\"167\" data-end=\"194\">tikmed\u017eio ilgaam\u017ei\u0161kumas<\/strong> ateinan\u010dius metus. Tiko medienos prie\u017ei\u016brai retkar\u010diais patrinkite ranken\u0105 nedideliu kiekiu vandens. <strong data-start=\"267\" data-end=\"281\">kepimo aliejus<\/strong>kad mediena b\u016bt\u0173 atspari dr\u0117gmei ir ne\u012ftr\u016bkt\u0173.<\/p>\n<p class=\"\" data-start=\"333\" data-end=\"463\">Strypai taip pat puikiai tinka <strong data-start=\"365\" data-end=\"405\">ant groteli\u0173 kepti \u0161paragai arba kukur\u016bzai<\/strong> d\u0117l ilgo koto ir tvirto sukibimo - galima sukti!<\/p>\n<p><img loading=\"lazy\" decoding=\"async\" class=\"wp-image-2719\" src=\"http:\/\/tammetorubbq.ee\/wp-content\/uploads\/2025\/04\/Turnpike-BBQ-logo-300x300.webp\" alt=\"&quot;Turnpike BBQ&quot; logotipas\" width=\"135\" height=\"135\" srcset=\"https:\/\/tammetorubbq.ee\/wp-content\/uploads\/2025\/04\/Turnpike-BBQ-logo-300x300.webp 300w, https:\/\/tammetorubbq.ee\/wp-content\/uploads\/2025\/04\/Turnpike-BBQ-logo-150x150.webp 150w, https:\/\/tammetorubbq.ee\/wp-content\/uploads\/2025\/04\/Turnpike-BBQ-logo-12x12.webp 12w, https:\/\/tammetorubbq.ee\/wp-content\/uploads\/2025\/04\/Turnpike-BBQ-logo-600x600.webp 600w, https:\/\/tammetorubbq.ee\/wp-content\/uploads\/2025\/04\/Turnpike-BBQ-logo-64x64.webp 64w, https:\/\/tammetorubbq.ee\/wp-content\/uploads\/2025\/04\/Turnpike-BBQ-logo.webp 720w\" sizes=\"auto, (max-width: 135px) 100vw, 135px\" \/><\/p>","protected":false},"featured_media":3197,"comment_status":"open","ping_status":"closed","template":"","meta":{"_uf_show_specific_survey":0,"_uf_disable_surveys":false},"pwb-brand":[117],"product_brand":[],"product_cat":[30,20],"product_tag":[134,355],"class_list":{"0":"post-3196","1":"product","2":"type-product","3":"status-publish","4":"has-post-thumbnail","6":"pwb-brand-turnpike-bbq","7":"product_cat-grillimise-tarvikud","8":"product_cat-kampaania","9":"product_tag-grillimise-tarvikud","10":"product_tag-grilltangid","12":"first","13":"instock","14":"sale","15":"taxable","16":"shipping-taxable","17":"purchasable","18":"product-type-simple"},"brands":[{"id":117,"name":"\"Turnpike BBQ","slug":"turnpike-bbq"}],"_links":{"self":[{"href":"https:\/\/tammetorubbq.ee\/lt\/wp-json\/wp\/v2\/product\/3196","targetHints":{"allow":["GET"]}}],"collection":[{"href":"https:\/\/tammetorubbq.ee\/lt\/wp-json\/wp\/v2\/product"}],"about":[{"href":"https:\/\/tammetorubbq.ee\/lt\/wp-json\/wp\/v2\/types\/product"}],"replies":[{"embeddable":true,"href":"https:\/\/tammetorubbq.ee\/lt\/wp-json\/wp\/v2\/comments?post=3196"}],"wp:featuredmedia":[{"embeddable":true,"href":"https:\/\/tammetorubbq.ee\/lt\/wp-json\/wp\/v2\/media\/3197"}],"wp:attachment":[{"href":"https:\/\/tammetorubbq.ee\/lt\/wp-json\/wp\/v2\/media?parent=3196"}],"wp:term":[{"taxonomy":"pwb-brand","embeddable":true,"href":"https:\/\/tammetorubbq.ee\/lt\/wp-json\/wp\/v2\/pwb-brand?post=3196"},{"taxonomy":"product_brand","embeddable":true,"href":"https:\/\/tammetorubbq.ee\/lt\/wp-json\/wp\/v2\/product_brand?post=3196"},{"taxonomy":"product_cat","embeddable":true,"href":"https:\/\/tammetorubbq.ee\/lt\/wp-json\/wp\/v2\/product_cat?post=3196"},{"taxonomy":"product_tag","embeddable":true,"href":"https:\/\/tammetorubbq.ee\/lt\/wp-json\/wp\/v2\/product_tag?post=3196"}],"curies":[{"name":"wp","href":"https:\/\/api.w.org\/{rel}","templated":true}]}}