{"id":3198,"date":"2025-05-21T16:16:15","date_gmt":"2025-05-21T13:16:15","guid":{"rendered":"https:\/\/tammetorubbq.ee\/?post_type=product&#038;p=3198"},"modified":"2026-04-14T22:00:40","modified_gmt":"2026-04-14T19:00:40","slug":"turnpike-bbq-karsciui-atsparios-grilio-pirstines","status":"publish","type":"product","link":"https:\/\/tammetorubbq.ee\/lt\/produktas\/turnpike-bbq-karsciui-atsparios-grilio-pirstines\/","title":{"rendered":"\"Turnpike BBQ\" kar\u0161\u010diui atsparios grilio pir\u0161tin\u0117s"},"content":{"rendered":"<ul>\n<li class=\"\" data-start=\"157\" data-end=\"236\">\n<p class=\"\" data-start=\"159\" data-end=\"236\"><strong>Med\u017eiaga:<\/strong> poliesterio ir medviln\u0117s audinys su silikono ir medviln\u0117s pamu\u0161alu<\/p>\n<\/li>\n<li class=\"\" data-start=\"237\" data-end=\"292\">\n<p class=\"\" data-start=\"239\" data-end=\"292\"><strong>Matmenys:<\/strong> 31 \u00d7 16 \u00d7 1,5 cm (ilgis \u00d7 plotis \u00d7 storis)<\/p>\n<\/li>\n<\/ul>","protected":false},"excerpt":{"rendered":"<p class=\"\" data-start=\"60\" data-end=\"135\"><strong data-start=\"60\" data-end=\"133\">\"Turnpike BBQ\" kar\u0161\u010diui atsparios pir\u0161tin\u0117s - saugumas ir patogumas kepant ant groteli\u0173<\/strong><\/p>\n<p class=\"\" data-start=\"137\" data-end=\"418\">\"Turnpike BBQ\" pir\u0161tin\u0117s specialiai sukurtos taip, kad atlaikyt\u0173 auk\u0161t\u0105 temperat\u016br\u0105. Pagamintos <strong data-start=\"232\" data-end=\"259\">vandeniui atspari med\u017eiaga<\/strong>, kuri apsaugo rankas nuo kar\u0161\u010dio ir dr\u0117gm\u0117s. Pir\u0161tin\u0117s turi <strong data-start=\"316\" data-end=\"360\">abiejose pus\u0117se - silikonu dengtas pavir\u0161ius<\/strong>, kad kepant ant groteli\u0173 b\u016bt\u0173 galima tvirtai suimti ir geriau kontroliuoti.<\/p>\n<p class=\"\" data-start=\"420\" data-end=\"524\">Be to, \u0161ios pir\u0161tin\u0117s tinka ir <strong data-start=\"451\" data-end=\"483\">de\u0161iniarankiams ir kairiarankiams<\/strong>tod\u0117l j\u012f patogu ir paprasta naudoti.<\/p>\n<p class=\"\" data-start=\"526\" data-end=\"725\"><strong data-start=\"526\" data-end=\"548\">Pagrindin\u0117s savyb\u0117s:<\/strong><br data-start=\"548\" data-end=\"551\" \/>\u2714\ufe0f Vandeniui ir kar\u0161\u010diui atspari med\u017eiaga<br data-start=\"588\" data-end=\"591\" \/>\u2714\ufe0f Silikono ra\u0161tai abiejose pus\u0117se - puikus sukibimas<br data-start=\"644\" data-end=\"647\" \/>\u2714\ufe0f Tinka naudoti kaire ir de\u0161ine ranka<br data-start=\"684\" data-end=\"687\" \/>\u2714\ufe0f Idealiai tinka naudoti grilyje ir orkait\u0117je<\/p>\n<p data-start=\"526\" data-end=\"725\"><strong>Komplektis kaks kinnast!<\/strong><\/p>\n<p data-start=\"526\" data-end=\"725\"><strong data-start=\"732\" data-end=\"747\">\ud83d\udca1 Profesional\u0173 patarimas: <\/strong>Naudokite pir\u0161tines kartu su kepimo \u017enypl\u0117mis, kad maksimaliai kontroliuotum\u0117te ir u\u017etikrintum\u0117te saugum\u0105, kai tvarkote kar\u0161t\u0105 maist\u0105!<\/p>\n<p><img loading=\"lazy\" decoding=\"async\" class=\"wp-image-2719\" src=\"http:\/\/tammetorubbq.ee\/wp-content\/uploads\/2025\/04\/Turnpike-BBQ-logo-300x300.webp\" alt=\"&quot;Turnpike BBQ&quot; logotipas\" width=\"128\" height=\"128\" srcset=\"https:\/\/tammetorubbq.ee\/wp-content\/uploads\/2025\/04\/Turnpike-BBQ-logo-300x300.webp 300w, https:\/\/tammetorubbq.ee\/wp-content\/uploads\/2025\/04\/Turnpike-BBQ-logo-150x150.webp 150w, https:\/\/tammetorubbq.ee\/wp-content\/uploads\/2025\/04\/Turnpike-BBQ-logo-12x12.webp 12w, https:\/\/tammetorubbq.ee\/wp-content\/uploads\/2025\/04\/Turnpike-BBQ-logo-600x600.webp 600w, https:\/\/tammetorubbq.ee\/wp-content\/uploads\/2025\/04\/Turnpike-BBQ-logo-64x64.webp 64w, https:\/\/tammetorubbq.ee\/wp-content\/uploads\/2025\/04\/Turnpike-BBQ-logo.webp 720w\" sizes=\"auto, (max-width: 128px) 100vw, 128px\" \/><\/p>","protected":false},"featured_media":3199,"comment_status":"open","ping_status":"closed","template":"","meta":{"_uf_show_specific_survey":0,"_uf_disable_surveys":false},"pwb-brand":[117],"product_brand":[],"product_cat":[30,20],"product_tag":[134,359],"class_list":{"0":"post-3198","1":"product","2":"type-product","3":"status-publish","4":"has-post-thumbnail","6":"pwb-brand-turnpike-bbq","7":"product_cat-grillimise-tarvikud","8":"product_cat-kampaania","9":"product_tag-grillimise-tarvikud","10":"product_tag-grillkindad","12":"first","13":"outofstock","14":"sale","15":"taxable","16":"shipping-taxable","17":"purchasable","18":"product-type-simple"},"brands":[{"id":117,"name":"\"Turnpike BBQ","slug":"turnpike-bbq"}],"_links":{"self":[{"href":"https:\/\/tammetorubbq.ee\/lt\/wp-json\/wp\/v2\/product\/3198","targetHints":{"allow":["GET"]}}],"collection":[{"href":"https:\/\/tammetorubbq.ee\/lt\/wp-json\/wp\/v2\/product"}],"about":[{"href":"https:\/\/tammetorubbq.ee\/lt\/wp-json\/wp\/v2\/types\/product"}],"replies":[{"embeddable":true,"href":"https:\/\/tammetorubbq.ee\/lt\/wp-json\/wp\/v2\/comments?post=3198"}],"wp:featuredmedia":[{"embeddable":true,"href":"https:\/\/tammetorubbq.ee\/lt\/wp-json\/wp\/v2\/media\/3199"}],"wp:attachment":[{"href":"https:\/\/tammetorubbq.ee\/lt\/wp-json\/wp\/v2\/media?parent=3198"}],"wp:term":[{"taxonomy":"pwb-brand","embeddable":true,"href":"https:\/\/tammetorubbq.ee\/lt\/wp-json\/wp\/v2\/pwb-brand?post=3198"},{"taxonomy":"product_brand","embeddable":true,"href":"https:\/\/tammetorubbq.ee\/lt\/wp-json\/wp\/v2\/product_brand?post=3198"},{"taxonomy":"product_cat","embeddable":true,"href":"https:\/\/tammetorubbq.ee\/lt\/wp-json\/wp\/v2\/product_cat?post=3198"},{"taxonomy":"product_tag","embeddable":true,"href":"https:\/\/tammetorubbq.ee\/lt\/wp-json\/wp\/v2\/product_tag?post=3198"}],"curies":[{"name":"wp","href":"https:\/\/api.w.org\/{rel}","templated":true}]}}