{"id":3219,"date":"2025-05-26T16:47:20","date_gmt":"2025-05-26T13:47:20","guid":{"rendered":"https:\/\/tammetorubbq.ee\/?post_type=product&#038;p=3219"},"modified":"2026-04-15T03:00:01","modified_gmt":"2026-04-15T00:00:01","slug":"didelis-penis-ranca-be-sudu-trinti-227g","status":"publish","type":"product","link":"https:\/\/tammetorubbq.ee\/lt\/produktas\/didelis-penis-ranca-be-sudu-trinti-227g\/","title":{"rendered":"Big Cock Ranch No Shit Rub 227g"},"content":{"rendered":"<p><strong>Sudedamosios dalys:<\/strong> svog\u016bn\u0173 granul\u0117s, \u010desnakai, baziliko granul\u0117s, paprika, petra\u017eol\u0117s,\u00a0<strong>salierai <\/strong>granuli\u0173, raudon\u0173j\u0173 granuli\u0173, kalcio stearato.<\/p>","protected":false},"excerpt":{"rendered":"<p><span class=\"relative -mx-px my-[-0.2rem] rounded px-px py-[0.2rem] transition-colors duration-100 ease-in-out\"><strong data-start=\"0\" data-end=\"30\" data-is-only-node=\"\">Big Cock Ranch No Shit Rub<\/strong> on universaalne maitseainesegu, mis on loodud selleks, et rikastada veise-, sea- ja kanaliha, k\u00f6\u00f6giviljade ning munade maitset.<\/span> <span class=\"relative -mx-px my-[-0.2rem] rounded px-px py-[0.2rem] transition-colors duration-100 ease-in-out\">See <strong>soolavaba<\/strong> segu on ideaalne neile, kes soovivad piirata naatriumitarbimist, ilma et peaksid ohverdama maitseelamust.<\/span> <span class=\"relative -mx-px my-[-0.2rem] rounded px-px py-[0.2rem] transition-colors duration-100 ease-in-out\">T\u00e4nu hoolikalt valitud \u00fcrtidele ja v\u00fcrtsidele, nagu granuleeritud sibul, k\u00fc\u00fcslauk, basiilik, paprika, petersell, seller ja pune, pakub see segu rikkalikku ja tasakaalustatud maitset.<\/span><\/p>\n<p><strong>Big Cock Ranch No Shit<\/strong> rub on suurep\u00e4rane valik neile, kes otsivad maitserikast, kuid tervislikku maitseainet oma toitudele. Olgu see siis grillil, ahjus v\u00f5i pannil \u2013 see segu toob esile parima teie roogades.<\/p>\n<p data-start=\"764\" data-end=\"779\">\ud83d\udca1 <strong>Pro tip:<\/strong> <span class=\"relative -mx-px my-[-0.2rem] rounded px-px py-[0.2rem] transition-colors duration-100 ease-in-out\">Kasutage <strong data-start=\"9\" data-end=\"24\">No Shit Rub<\/strong>-i mitte ainult kuivmarinaadina, vaid segage seda ka oliivi\u00f5liga, et luua maitsev m\u00e4rg marinaad.<\/span> <span class=\"relative -mx-px my-[-0.2rem] rounded px-px py-[0.2rem] transition-colors duration-100 ease-in-out\">See aitab maitsel paremini imenduda ja annab grillitud toitudele kauni karamellise kooriku.<\/span><\/p>\n<p data-start=\"764\" data-end=\"779\"><img loading=\"lazy\" decoding=\"async\" class=\"alignnone wp-image-3225\" src=\"http:\/\/tammetorubbq.ee\/wp-content\/uploads\/2025\/05\/big-cock-ranch-logo-300x250.webp\" alt=\"\" width=\"139\" height=\"116\" srcset=\"https:\/\/tammetorubbq.ee\/wp-content\/uploads\/2025\/05\/big-cock-ranch-logo-300x250.webp 300w, https:\/\/tammetorubbq.ee\/wp-content\/uploads\/2025\/05\/big-cock-ranch-logo-14x12.webp 14w, https:\/\/tammetorubbq.ee\/wp-content\/uploads\/2025\/05\/big-cock-ranch-logo-64x53.webp 64w, https:\/\/tammetorubbq.ee\/wp-content\/uploads\/2025\/05\/big-cock-ranch-logo.webp 600w\" sizes=\"auto, (max-width: 139px) 100vw, 139px\" \/><\/p>\n<p data-start=\"764\" data-end=\"779\">\n","protected":false},"featured_media":3222,"comment_status":"open","ping_status":"closed","template":"","meta":{"_uf_show_specific_survey":0,"_uf_disable_surveys":false},"pwb-brand":[85],"product_brand":[],"product_cat":[21],"product_tag":[118,121,114,122,123,119,165],"class_list":{"0":"post-3219","1":"product","2":"type-product","3":"status-publish","4":"has-post-thumbnail","6":"pwb-brand-big-cock-ranch","7":"product_cat-maitseainesegud","8":"product_tag-kanaliha","9":"product_tag-koogiviljad","10":"product_tag-sealiha","11":"product_tag-searibi","12":"product_tag-steik","13":"product_tag-veiseliha","14":"product_tag-veiseribi","16":"first","17":"instock","18":"taxable","19":"shipping-taxable","20":"purchasable","21":"product-type-simple"},"brands":[{"id":85,"name":"Didelio gaid\u017eio ran\u010dos","slug":"big-cock-ranch"}],"_links":{"self":[{"href":"https:\/\/tammetorubbq.ee\/lt\/wp-json\/wp\/v2\/product\/3219","targetHints":{"allow":["GET"]}}],"collection":[{"href":"https:\/\/tammetorubbq.ee\/lt\/wp-json\/wp\/v2\/product"}],"about":[{"href":"https:\/\/tammetorubbq.ee\/lt\/wp-json\/wp\/v2\/types\/product"}],"replies":[{"embeddable":true,"href":"https:\/\/tammetorubbq.ee\/lt\/wp-json\/wp\/v2\/comments?post=3219"}],"wp:featuredmedia":[{"embeddable":true,"href":"https:\/\/tammetorubbq.ee\/lt\/wp-json\/wp\/v2\/media\/3222"}],"wp:attachment":[{"href":"https:\/\/tammetorubbq.ee\/lt\/wp-json\/wp\/v2\/media?parent=3219"}],"wp:term":[{"taxonomy":"pwb-brand","embeddable":true,"href":"https:\/\/tammetorubbq.ee\/lt\/wp-json\/wp\/v2\/pwb-brand?post=3219"},{"taxonomy":"product_brand","embeddable":true,"href":"https:\/\/tammetorubbq.ee\/lt\/wp-json\/wp\/v2\/product_brand?post=3219"},{"taxonomy":"product_cat","embeddable":true,"href":"https:\/\/tammetorubbq.ee\/lt\/wp-json\/wp\/v2\/product_cat?post=3219"},{"taxonomy":"product_tag","embeddable":true,"href":"https:\/\/tammetorubbq.ee\/lt\/wp-json\/wp\/v2\/product_tag?post=3219"}],"curies":[{"name":"wp","href":"https:\/\/api.w.org\/{rel}","templated":true}]}}