{"id":3239,"date":"2025-05-26T20:25:15","date_gmt":"2025-05-26T17:25:15","guid":{"rendered":"https:\/\/tammetorubbq.ee\/?post_type=product&#038;p=3239"},"modified":"2026-04-15T04:00:12","modified_gmt":"2026-04-15T01:00:12","slug":"blues-hog-tennessee-red-bbq-padazas-538g","status":"publish","type":"product","link":"https:\/\/tammetorubbq.ee\/lt\/produktas\/blues-hog-tennessee-red-bbq-padazas-538g\/","title":{"rendered":"Blues Hog Tennessee Red BBQ pada\u017eas 542g"},"content":{"rendered":"<p><strong>Sudedamosios dalys:<\/strong> baltasis cukrus, obuoli\u0173 sidro actas, pomidor\u0173 koncentratas i\u0161 prinokusi\u0173 raudon\u0173j\u0173 pomidor\u0173, distiliuotas actas, kukur\u016bz\u0173 fruktoz\u0117s sirupas, druska, prieskoniai, svog\u016bn\u0173 milteliai, nat\u016bral\u016bs prieskoniai, druska, prieskoniai.<\/p>","protected":false},"excerpt":{"rendered":"<div class=\"bde-div-308-119 bde-div\">\n<div class=\"bde-wooproductprice-308-108 bde-wooproductprice breakdance-woocommerce\"><\/div>\n<\/div>\n<div class=\"bde-rich-text-308-117 bde-rich-text bde-wooproductexcerpt breakdance-woocommerce breakdance-rich-text-styles\">\n<p data-start=\"46\" data-end=\"335\"><strong>\"Blues Hog Tennessee Red BBQ\" pada\u017eas<\/strong> yra \u017einomas d\u0117l <strong>acto ir pipir\u0173 pada\u017eas<\/strong>, kuriame juntamas stiprus pietieti\u0161kas BBQ skonis. J\u012f paruo\u0161\u0117 apdovanojimus peln\u0119s kepsni\u0173 meistras Billas Arnoldas, priklausantis \"Blues Hog Cookers\" komandai. Pada\u017eas populiarus BBQ restoranuose ir var\u017eybose visoje JAV.<\/p>\n<p data-start=\"337\" data-end=\"711\"><strong>Skonio profilis<\/strong>\"Tennessee Red\" yra plonas ir r\u016bg\u0161tus pada\u017eas, kurio pagrindinis skonis - obuoli\u0173 actas. Saldumo suteikia ke\u010dupas ir cukrus. Skon\u012f papildo juodieji pipirai, kajeno pipirai ir smulkinti raudon\u0173j\u0173 pipir\u0173 gr\u016bdeliai, kurie suteikia pikanti\u0161kumo. Nors dominuoja actas, pada\u017eas yra subalansuoto ir daugiasluoksnio skonio, puikiai tinkantis \u012fvairiems patiekalams.<\/p>\n<p data-start=\"713\" data-end=\"855\"><em>Jei ie\u0161kote autenti\u0161ko pietieti\u0161ko BBQ skonio, \"Blues Hog Tennessee Red BBQ\" pada\u017eas yra puikus pasirinkimas daugeliui patiekal\u0173 pagardinti.<\/em><\/p>\n<p data-start=\"857\" data-end=\"1061\">\"Blues Hog\" pada\u017eai, \u012fskaitant \"Tennessee Red\", yra peln\u0119 daugyb\u0119 apdovanojim\u0173 ir juos renkasi daugiau nei 90% JAV BBQ komand\u0173. D\u0117l savo kokyb\u0117s ir skonio jie tapo itin vertinamu BBQ entuziast\u0173 produktu.<\/p>\n<p data-start=\"1063\" data-end=\"1433\">\ud83d\udca1 <strong data-start=\"1066\" data-end=\"1079\">Patarimas:<\/strong> Jei norite, kad ant groteli\u0173 kepama m\u0117sa \u012fgaut\u0173 dar stipresn\u012f skon\u012f, naudokite \"Blues Hog Tennessee Red BBQ\" pada\u017e\u0105 ir kaip marinat\u0105, ir kaip glaz\u016br\u0105. Palikite m\u0117s\u0105 marinate kelias valandas ar net per nakt\u012f, kad skonis \u012fsigert\u0173. Kepimo pabaigoje m\u0117s\u0105 aptepkite pada\u017eu, kad gaut\u0173si a\u0161trus ir blizgus glajus - rezultatas bus sultingas ir aromatingas patiekalas.<\/p>\n<p><img loading=\"lazy\" decoding=\"async\" class=\"alignnone wp-image-2299\" src=\"http:\/\/tammetorubbq.ee\/wp-content\/uploads\/2024\/12\/Blues-Hog-Logo-300x287.png\" alt=\"\" width=\"153\" height=\"146\" srcset=\"https:\/\/tammetorubbq.ee\/wp-content\/uploads\/2024\/12\/Blues-Hog-Logo-300x287.png 300w, https:\/\/tammetorubbq.ee\/wp-content\/uploads\/2024\/12\/Blues-Hog-Logo-768x734.png 768w, https:\/\/tammetorubbq.ee\/wp-content\/uploads\/2024\/12\/Blues-Hog-Logo-13x12.png 13w, https:\/\/tammetorubbq.ee\/wp-content\/uploads\/2024\/12\/Blues-Hog-Logo-600x573.png 600w, https:\/\/tammetorubbq.ee\/wp-content\/uploads\/2024\/12\/Blues-Hog-Logo-64x61.png 64w, https:\/\/tammetorubbq.ee\/wp-content\/uploads\/2024\/12\/Blues-Hog-Logo.png 944w\" sizes=\"auto, (max-width: 153px) 100vw, 153px\" \/><\/p>\n<\/div>","protected":false},"featured_media":3240,"comment_status":"open","ping_status":"closed","template":"","meta":{"_uf_show_specific_survey":0,"_uf_disable_surveys":false},"pwb-brand":[74],"product_brand":[],"product_cat":[22],"product_tag":[118,159,166,114,122,119,165],"class_list":{"0":"post-3239","1":"product","2":"type-product","3":"status-publish","4":"has-post-thumbnail","6":"pwb-brand-blues-hog","7":"product_cat-kastmed-ja-marinaadid","8":"product_tag-kanaliha","9":"product_tag-kanatiivad","10":"product_tag-rebitudliha","11":"product_tag-sealiha","12":"product_tag-searibi","13":"product_tag-veiseliha","14":"product_tag-veiseribi","16":"first","17":"outofstock","18":"taxable","19":"shipping-taxable","20":"purchasable","21":"product-type-simple"},"brands":[{"id":74,"name":"M\u0117lynoji kiaul\u0117","slug":"blues-hog"}],"_links":{"self":[{"href":"https:\/\/tammetorubbq.ee\/lt\/wp-json\/wp\/v2\/product\/3239","targetHints":{"allow":["GET"]}}],"collection":[{"href":"https:\/\/tammetorubbq.ee\/lt\/wp-json\/wp\/v2\/product"}],"about":[{"href":"https:\/\/tammetorubbq.ee\/lt\/wp-json\/wp\/v2\/types\/product"}],"replies":[{"embeddable":true,"href":"https:\/\/tammetorubbq.ee\/lt\/wp-json\/wp\/v2\/comments?post=3239"}],"wp:featuredmedia":[{"embeddable":true,"href":"https:\/\/tammetorubbq.ee\/lt\/wp-json\/wp\/v2\/media\/3240"}],"wp:attachment":[{"href":"https:\/\/tammetorubbq.ee\/lt\/wp-json\/wp\/v2\/media?parent=3239"}],"wp:term":[{"taxonomy":"pwb-brand","embeddable":true,"href":"https:\/\/tammetorubbq.ee\/lt\/wp-json\/wp\/v2\/pwb-brand?post=3239"},{"taxonomy":"product_brand","embeddable":true,"href":"https:\/\/tammetorubbq.ee\/lt\/wp-json\/wp\/v2\/product_brand?post=3239"},{"taxonomy":"product_cat","embeddable":true,"href":"https:\/\/tammetorubbq.ee\/lt\/wp-json\/wp\/v2\/product_cat?post=3239"},{"taxonomy":"product_tag","embeddable":true,"href":"https:\/\/tammetorubbq.ee\/lt\/wp-json\/wp\/v2\/product_tag?post=3239"}],"curies":[{"name":"wp","href":"https:\/\/api.w.org\/{rel}","templated":true}]}}